{"id":14545,"date":"2020-01-25T22:07:08","date_gmt":"2020-01-25T22:07:08","guid":{"rendered":"https:\/\/www.seltron.si\/\/?page_id=14545"},"modified":"2025-08-01T07:29:38","modified_gmt":"2025-08-01T07:29:38","slug":"installation-von-anwendungen","status":"publish","type":"page","link":"https:\/\/www.seltron.si\/de\/seltron-varcno-ogrevanje-in-hlajenje\/oddaljeno-upravljanje-ogrevanja\/namestitev-aplikacij\/","title":{"rendered":"Installieren der App"},"content":{"rendered":"<div data-elementor-type=\"wp-page\" data-elementor-id=\"14545\" class=\"elementor elementor-14545\" data-elementor-post-type=\"page\">\n\t\t\t\t\t\t<section data-particle_enable=\"false\" data-particle-mobile-disabled=\"false\" class=\"elementor-section elementor-top-section elementor-element elementor-element-4a7ff2f9 elementor-section-full_width elementor-section-height-min-height elementor-section-items-bottom elementor-section-content-middle elementor-hidden-desktop elementor-hidden-tablet elementor-section-height-default elementor-invisible\" data-id=\"4a7ff2f9\" data-element_type=\"section\" data-e-type=\"section\" data-settings=\"{&quot;background_background&quot;:&quot;classic&quot;,&quot;animation&quot;:&quot;fadeInLeft&quot;}\">\n\t\t\t\t\t\t<div class=\"elementor-container elementor-column-gap-no\">\n\t\t\t\t\t<div class=\"elementor-column elementor-col-100 elementor-top-column elementor-element elementor-element-7177e4a3\" data-id=\"7177e4a3\" data-element_type=\"column\" data-e-type=\"column\">\n\t\t\t<div class=\"elementor-widget-wrap elementor-element-populated\">\n\t\t\t\t\t\t<div class=\"elementor-element elementor-element-52e8357 elementor-widget elementor-widget-heading\" data-id=\"52e8357\" data-element_type=\"widget\" data-e-type=\"widget\" data-widget_type=\"heading.default\">\n\t\t\t\t<div class=\"elementor-widget-container\">\n\t\t\t\t\t<h1 class=\"elementor-heading-title elementor-size-default\">SeltronHome App Installationspaket<\/h1>\t\t\t\t<\/div>\n\t\t\t\t<\/div>\n\t\t\t\t<div class=\"elementor-element elementor-element-a5502a1 elementor-widget elementor-widget-heading\" data-id=\"a5502a1\" data-element_type=\"widget\" data-e-type=\"widget\" data-widget_type=\"heading.default\">\n\t\t\t\t<div class=\"elementor-widget-container\">\n\t\t\t\t\t<h2 class=\"elementor-heading-title elementor-size-default\">Controller, Kommunikationsschnittstelle und Internetanschluss<\/h2>\t\t\t\t<\/div>\n\t\t\t\t<\/div>\n\t\t\t\t\t<\/div>\n\t\t<\/div>\n\t\t\t\t\t<\/div>\n\t\t<\/section>\n\t\t\t\t<section data-particle_enable=\"false\" data-particle-mobile-disabled=\"false\" class=\"elementor-section elementor-top-section elementor-element elementor-element-16cfb8d1 elementor-section-boxed elementor-section-height-default elementor-section-height-default\" data-id=\"16cfb8d1\" data-element_type=\"section\" data-e-type=\"section\">\n\t\t\t\t\t\t<div class=\"elementor-container elementor-column-gap-no\">\n\t\t\t\t\t<div class=\"elementor-column elementor-col-100 elementor-top-column elementor-element elementor-element-763f286a\" data-id=\"763f286a\" data-element_type=\"column\" data-e-type=\"column\">\n\t\t\t<div class=\"elementor-widget-wrap elementor-element-populated\">\n\t\t\t\t\t\t<div class=\"elementor-element elementor-element-11c386f4 elementor-align-left elementor-hidden-mobile elementor-widget elementor-widget-global elementor-global-83323 elementor-widget-breadcrumbs\" data-id=\"11c386f4\" data-element_type=\"widget\" data-e-type=\"widget\" data-widget_type=\"breadcrumbs.default\">\n\t\t\t\t<div class=\"elementor-widget-container\">\n\t\t\t\t\t<nav aria-label=\"Semmelbr\u00f6sel\" class=\"rank-math-breadcrumb\"><p><span class=\"last\">Startseite<\/span><\/p><\/nav>\t\t\t\t<\/div>\n\t\t\t\t<\/div>\n\t\t\t\t\t<\/div>\n\t\t<\/div>\n\t\t\t\t\t<\/div>\n\t\t<\/section>\n\t\t\t\t<section data-particle_enable=\"false\" data-particle-mobile-disabled=\"false\" class=\"elementor-section elementor-top-section elementor-element elementor-element-d988826 elementor-section-full_width elementor-section-height-min-height elementor-section-items-bottom elementor-hidden-phone ct-section-stretched elementor-section-height-default\" data-id=\"d988826\" data-element_type=\"section\" data-e-type=\"section\" data-settings=\"{&quot;background_background&quot;:&quot;classic&quot;}\">\n\t\t\t\t\t\t<div class=\"elementor-container elementor-column-gap-no\">\n\t\t\t\t\t<div class=\"elementor-column elementor-col-100 elementor-top-column elementor-element elementor-element-3406fda\" data-id=\"3406fda\" data-element_type=\"column\" data-e-type=\"column\">\n\t\t\t<div class=\"elementor-widget-wrap elementor-element-populated\">\n\t\t\t\t\t\t<div class=\"elementor-element elementor-element-d663b0d elementor-widget elementor-widget-heading\" data-id=\"d663b0d\" data-element_type=\"widget\" data-e-type=\"widget\" data-widget_type=\"heading.default\">\n\t\t\t\t<div class=\"elementor-widget-container\">\n\t\t\t\t\t<h1 class=\"elementor-heading-title elementor-size-default\">Installationspaket<\/h1>\t\t\t\t<\/div>\n\t\t\t\t<\/div>\n\t\t\t\t<div class=\"elementor-element elementor-element-061dcf5 elementor-widget elementor-widget-heading\" data-id=\"061dcf5\" data-element_type=\"widget\" data-e-type=\"widget\" data-widget_type=\"heading.default\">\n\t\t\t\t<div class=\"elementor-widget-container\">\n\t\t\t\t\t<h2 class=\"elementor-heading-title elementor-size-default\">Controller, Kommunikationsschnittstelle und Internetanschluss<\/h2>\t\t\t\t<\/div>\n\t\t\t\t<\/div>\n\t\t\t\t\t<\/div>\n\t\t<\/div>\n\t\t\t\t\t<\/div>\n\t\t<\/section>\n\t\t\t\t<section data-particle_enable=\"false\" data-particle-mobile-disabled=\"false\" class=\"elementor-section elementor-inner-section elementor-element elementor-element-2d9fe447 elementor-section-boxed elementor-section-height-default elementor-section-height-default\" data-id=\"2d9fe447\" data-element_type=\"section\" data-e-type=\"section\" data-settings=\"{&quot;background_background&quot;:&quot;classic&quot;}\">\n\t\t\t\t\t\t<div class=\"elementor-container elementor-column-gap-no\">\n\t\t\t\t\t<div class=\"elementor-column elementor-col-33 elementor-inner-column elementor-element elementor-element-32dd90b6\" data-id=\"32dd90b6\" data-element_type=\"column\" data-e-type=\"column\" data-settings=\"{&quot;background_background&quot;:&quot;classic&quot;}\">\n\t\t\t<div class=\"elementor-widget-wrap elementor-element-populated\">\n\t\t\t\t\t\t<div class=\"elementor-element elementor-element-219a281c elementor-widget-mobile__width-inherit elementor-widget elementor-widget-ucaddon_remote_tabs\" data-id=\"219a281c\" data-element_type=\"widget\" data-e-type=\"widget\" data-widget_type=\"ucaddon_remote_tabs.default\">\n\t\t\t\t<div class=\"elementor-widget-container\">\n\t\t\t\t\t\n<!-- start Remote Tabs -->\n<style>\/* widget: Remote Tabs *\/\n\n#uc_remote_tabs_elementor_219a281c\n{\n  display:flex;\n  flex-wrap: wrap;\n}\n\n#uc_remote_tabs_elementor_219a281c .ue-item\n{\n  transition:0.3s;\n  display:flex;\n  position:relative;\n}\n\n#uc_remote_tabs_elementor_219a281c .ue-item:hover\n{\n  cursor:pointer;\n}\n\n\n#uc_remote_tabs_elementor_219a281c .ue-item-icon\n{\n  display:inline-flex;\n  align-items:center;\n  justify-content:center;\n  flex-grow:0;\n  flex-shrink:0;\n}\n\n.ue-remote-tabs .ue-item-title\n{\n  font-size:18px;\n}\n\n#uc_remote_tabs_elementor_219a281c .ue-item-icon\n{\n  line-height:1em;\n}\n\n#uc_remote_tabs_elementor_219a281c .ue-item-icon svg\n{\n  height:1em;\n  width:1em;\n}\n\n#uc_remote_tabs_elementor_219a281c .ue-item .ue-item-label\n{\n  position:absolute;\n  display:flex;\n  justify-content:center;\n  align-items:center;\n  transition:0.3s;\n}\n\n#uc_remote_tabs_elementor_219a281c .ue-item-image \n{\n  display:inline-flex;\n  flex-grow:0;\n  flex-shrink:0;\n  overflow:hidden;\n}\n\n#uc_remote_tabs_elementor_219a281c .ue-item-image img\n{\n  width:100%;\n}\n\n#uc_remote_tabs_elementor_219a281c .ue-item-element-gap\n{\n  flex-grow:0;\n  flex-shrink:0;\n}\n\n<\/style>\n\n<div id=\"uc_remote_tabs_elementor_219a281c\" class=\"ue-remote-tabs\"  data-parentid='auto'>\n  \n\t\n<div id=\"uc_remote_tabs_elementor_219a281c_item1\" class=\"ue-item  elementor-repeater-item-92fa2f0 ue-item-active\">\n    \n      <div>\n  <div class=\"ue-item-title\">Installieren der Clausius- und Kelvin-Apps<\/div>    <\/div>\n  \n  <\/div>\n\n\n<div id=\"uc_remote_tabs_elementor_219a281c_item2\" class=\"ue-item  elementor-repeater-item-cbe3faf\">\n    \n      <div>\n  <div class=\"ue-item-title\">Reglerfamilien, die eine Fernsteuerung der Heizung erm\u00f6glichen<\/div>    <\/div>\n  \n  <\/div>\n\n\n<div id=\"uc_remote_tabs_elementor_219a281c_item3\" class=\"ue-item  elementor-repeater-item-fca67f4\">\n    \n      <div>\n  <div class=\"ue-item-title\">F\u00fcr die Fernsteuerung der Heizung ben\u00f6tigen wir eine GWD-Kommunikationsschnittstelle<\/div>    <\/div>\n  \n  <\/div>\n\n\n<div id=\"uc_remote_tabs_elementor_219a281c_item4\" class=\"ue-item  elementor-repeater-item-884f317\">\n    \n      <div>\n  <div class=\"ue-item-title\">Datenschutz<\/div>    <\/div>\n  \n  <\/div>\n\n<\/div>\n<!-- end Remote Tabs -->\t\t\t\t<\/div>\n\t\t\t\t<\/div>\n\t\t\t\t\t<\/div>\n\t\t<\/div>\n\t\t\t\t<div class=\"elementor-column elementor-col-33 elementor-inner-column elementor-element elementor-element-78e9f134\" data-id=\"78e9f134\" data-element_type=\"column\" data-e-type=\"column\" data-settings=\"{&quot;background_background&quot;:&quot;classic&quot;}\">\n\t\t\t<div class=\"elementor-widget-wrap elementor-element-populated\">\n\t\t\t\t\t\t<div class=\"elementor-element elementor-element-208ec0f9 elementor-widget elementor-widget-ucaddon_arrow_navigation\" data-id=\"208ec0f9\" data-element_type=\"widget\" data-e-type=\"widget\" data-widget_type=\"ucaddon_arrow_navigation.default\">\n\t\t\t\t<div class=\"elementor-widget-container\">\n\t\t\t\t\t\n<!-- start Remote Arrows -->\n\t\t<link id='font-awesome-css' href='https:\/\/www.seltron.si\/wp-content\/plugins\/unlimited-elements-for-elementor-premium\/assets_libraries\/font-awesome6\/fontawesome-all.min.css' type='text\/css' rel='stylesheet' >\n\t\t<link id='font-awesome-4-shim-css' href='https:\/\/www.seltron.si\/wp-content\/plugins\/unlimited-elements-for-elementor-premium\/assets_libraries\/font-awesome6\/fontawesome-v4-shims.min.css' type='text\/css' rel='stylesheet' >\n\n<style>\/* widget: Remote Arrows *\/\n\n.ue-remote-carousel-navigation-wrapper\n{\n  display:flex;\n}\n\n.ue-remote-carousel-navigation-wrapper .ue-remote-arrow\n{\n  border:none;\n  border-color:transparent;\n}\n\n.ue-remote-carousel-navigation-wrapper .ue-remote-arrow:hover\n{\n  background-color:transparent;\n \n}\n\n\n#uc_arrow_navigation_elementor_208ec0f9\n{\n  display:inline-flex;\n}\n\n#uc_arrow_navigation_elementor_208ec0f9 .ue-remote-arrow\n{\n  flex-grow:0;\n  flex-shrink:0;\n  transition:0.3s;\n  display:inline-flex;\n  align-items:center;\n  justify-content:center;\n  line-height:1em;\n  cursor:pointer;\n}\n\n\n#uc_arrow_navigation_elementor_208ec0f9 .ue-remote-arrow .ue-carousel-nav-icon\n{\n  transition:0.3s;\n  line-height:1em;\n}\n\n#uc_arrow_navigation_elementor_208ec0f9 .ue-remote-arrow .ue-carousel-nav-icon svg\n{\n  transition:0.3s;\n  height:1em;\n  width:1em;\n}\n\n\n#uc_arrow_navigation_elementor_208ec0f9 .ue-carousel-nav-label\n{\n  transition:0.3s;\n}\n\n<\/style>\n\n<div class=\"ue-remote-carousel-navigation-wrapper\">\n<div id=\"uc_arrow_navigation_elementor_208ec0f9\" class=\"ue-remote-carousel-navigation\"  data-parentid='auto'>\n  \n  \n  \n\t<div class=\"ue-remote-arrow ue-carousel-prev\">\n    <div class=\"ue-carousel-nav-icon\"><i class='fas fa-chevron-up'><\/i><\/div>\n    \t\n  <\/div>   \n\t\n\n  \n \n\n  <div class=\"ue-remote-arrow ue-carousel-next\">\n        <div class=\"ue-carousel-nav-icon\"><i class='fas fa-chevron-down'><\/i><\/div>\n  <\/div>\n  \n  \n<\/div>\n<\/div>\n<!-- end Remote Arrows -->\t\t\t\t<\/div>\n\t\t\t\t<\/div>\n\t\t\t\t\t<\/div>\n\t\t<\/div>\n\t\t\t\t<div class=\"elementor-column elementor-col-33 elementor-inner-column elementor-element elementor-element-97a4d0a\" data-id=\"97a4d0a\" data-element_type=\"column\" data-e-type=\"column\" data-settings=\"{&quot;background_background&quot;:&quot;classic&quot;}\">\n\t\t\t<div class=\"elementor-widget-wrap elementor-element-populated\">\n\t\t\t\t\t\t<div class=\"elementor-element elementor-element-2713313d elementor-widget elementor-widget-ucaddon_content_carousel_new\" data-id=\"2713313d\" data-element_type=\"widget\" data-e-type=\"widget\" data-widget_type=\"ucaddon_content_carousel_new.default\">\n\t\t\t\t<div class=\"elementor-widget-container\">\n\t\t\t\t\t\n<!-- start Content Carousel -->\n\t\t<link id='owl-carousel-css' href='https:\/\/www.seltron.si\/wp-content\/plugins\/unlimited-elements-for-elementor-premium\/assets_libraries\/owl-carousel-new\/assets\/owl.carousel.css' type='text\/css' rel='stylesheet' >\n\n<style>\/* widget: Content Carousel *\/\n\n#uc_content_carousel_new_elementor_2713313d{\n  position:relative;\n  min-height:1px;\n}\n\n\n\n#uc_content_carousel_new_elementor_2713313d .owl-nav .owl-prev{\n    position:absolute;\n    display:inline-block;\n    text-align:center;\n}\n#uc_content_carousel_new_elementor_2713313d .owl-nav .owl-next{\n  position:absolute;\n  display:inline-block;\n  text-align:center;\n}\n\n\n#uc_content_carousel_new_elementor_2713313d .owl-dots {\noverflow:hidden;\ntext-align:center;\n}\n\n#uc_content_carousel_new_elementor_2713313d .owl-dot {\nborder-radius:50%;\ndisplay:inline-block;\n}\n\n.uc_post_title{\n  font-size:21px;\n}\n\n\n\n\n#uc_content_carousel_new_elementor_2713313d .uc_image_carousel_container_holder{\n  overflow:hidden;\n}\n\n#uc_content_carousel_new_elementor_2713313d .uc_more_btn{\n  \n    display:inline-block;\n  text-decoration:none;\n  text-align:center;\n  transition:0.3s;\n}\n\n\n\n#uc_content_carousel_new_elementor_2713313d .uc_date{\n  color:gray;\n  padding-top:10px;\n  text-style:italic;\n}\n\n\n\n\n\n\n\n\n<\/style>\n\n<div class=\"uc_overlay_image_carousel\" >\n   <div class=\"uc_carousel owl-carousel owl-theme  uc-remote-parent\" id=\"uc_content_carousel_new_elementor_2713313d\"  data-remoteid='auto' data-widgetname='Content Carousel'>\n   \t\t<div class=\"uc_image_carousel_container_holder\">\n    <div class=\"uc_image_carousel_placeholder\">\n    <div style=\"background-image:url(https:\/\/www.seltron.si\/wp-content\/uploads\/2020\/01\/SeltronHome2.png);background-position:center; background-repeat:no-repeat;\" class=\"carousel-image\"><\/div>\n  <\/div>\n  \n    <div class=\"uc_image_carousel_content content-padding\">\n    \n                    <div class=\"ue-text\" >Die Installation der Clausius- oder Kelvin-Apps, einer der Seltron-Heizungsregler und eine GWD-Kommunikationsschnittstelle, um den Regler \u00fcber Wi-Fi mit dem Internet zu verbinden, sind notwendige Komponenten f\u00fcr die Heizungsfernsteuerung. Die CLAUSIUS Mobile App kann kostenlos auf Ihr Handy geladen werden. Es gibt eine Version f\u00fcr mobile Ger\u00e4te mit Android oder iOS und f\u00fcr alle Computer mit einem modernen Internetbrowser. Wir empfehlen Ihnen, Ihre Heizungsanlage zus\u00e4tzlich mit einem Raumger\u00e4t RCD2 auszustatten, das R\u00fcckmeldung \u00fcber die Raumtemperatur gibt. Qualitativ hochwertige Eingangsdaten sind die Grundlage f\u00fcr die hervorragende Leistung des Heizungsreglers und das \u00e4u\u00dferst pr\u00e4zise Erreichen der gew\u00fcnschten Temperatur.<\/div>                \n      <\/div>\n  <\/div>\n<div class=\"uc_image_carousel_container_holder\">\n    <div class=\"uc_image_carousel_placeholder\">\n    <div style=\"background-image:url(https:\/\/www.seltron.si\/wp-content\/uploads\/2022\/04\/Seltron-Smart-okolje.jpg);background-position:center; background-repeat:no-repeat;\" class=\"carousel-image\"><\/div>\n  <\/div>\n  \n    <div class=\"uc_image_carousel_content content-padding\">\n    \n                    <div class=\"ue-text\" >WDC Heizungsregler mit Software 3.1.0 oder h\u00f6her. WXD Heizungsregler mit Software 1.0.0 oder h\u00f6her. KXD Kesselregler mit Software 1.0.0 oder h\u00f6her. KPD Kesselregler mit Software 1.3.0 oder h\u00f6her. SGC Differenzialregler mit Software 3.1.0 oder h\u00f6her.<\/div>                \n      <\/div>\n  <\/div>\n<div class=\"uc_image_carousel_container_holder\">\n    <div class=\"uc_image_carousel_placeholder\">\n    <div style=\"background-image:url(https:\/\/www.seltron.si\/wp-content\/uploads\/2020\/01\/SeltronHome5.png);background-position:center; background-repeat:no-repeat;\" class=\"carousel-image\"><\/div>\n  <\/div>\n  \n    <div class=\"uc_image_carousel_content content-padding\">\n    \n                    <div class=\"ue-text\" >Die GWD-Kommunikationsschnittstelle erm\u00f6glicht es Besitzern von Seltron-Reglern, SeltronHome-Anwendungen f\u00fcr die Heizungsfernsteuerung zu nutzen. Die GWD3-Version ist f\u00fcr die Internetverbindung von zwei Seltron-Reglern ausgelegt. Die Heizungsregler werden \u00fcber eine Kabelverbindung mit dem GWD verbunden, w\u00e4hrend das GWD \u00fcber das heimische WiFi-Netzwerk eine Verbindung zum Internet herstellt.<\/div>                \n      <\/div>\n  <\/div>\n<div class=\"uc_image_carousel_container_holder\">\n    <div class=\"uc_image_carousel_placeholder\">\n    <div style=\"background-image:url(https:\/\/www.seltron.si\/wp-content\/uploads\/2020\/01\/SeltronHome.png);background-position:center; background-repeat:no-repeat;\" class=\"carousel-image\"><\/div>\n  <\/div>\n  \n    <div class=\"uc_image_carousel_content content-padding\">\n    \n                    <div class=\"ue-text\" >Die Daten\u00fcbertragung zwischen der Anwendung, der Cloud und der GWD-Kommunikationsschnittstelle erfolgt \u00fcber eine sichere HTTPS-Verbindung, die durch ein SSL-Zertifikat mit 256-Bit-Verschl\u00fcsselung gesch\u00fctzt ist. Wir kontrollieren fehlgeschlagene Anmeldungen bei den Anwendungen CLAUSIUS und KELVIN. Nach zehn fehlgeschlagenen Anmeldungen wird eine Sperre ausgel\u00f6st, die nur von einem Administrator aufgehoben werden kann. Wir sch\u00fctzen personenbezogene Daten durch Sicherung der R\u00e4umlichkeiten und der Systemsoftware. Wir sch\u00fctzen die Software, mit der personenbezogene Daten verarbeitet werden. Wir verwenden Verschl\u00fcsselung, um den unbefugten Zugriff auf personenbezogene Daten zu verhindern, wenn diese \u00fcber Telekommunikationsnetze \u00fcbertragen werden. Wir stellen wirksame Mittel zur Sperrung, Vernichtung und L\u00f6schung personenbezogener Daten in \u00dcbereinstimmung mit den gesetzlichen Bestimmungen und den Anforderungen der Nutzer bereit.<\/div>                \n      <\/div>\n  <\/div>\n\n   <\/div>\t\n<\/div>\n<!-- end Content Carousel -->\t\t\t\t<\/div>\n\t\t\t\t<\/div>\n\t\t\t\t\t<\/div>\n\t\t<\/div>\n\t\t\t\t\t<\/div>\n\t\t<\/section>\n\t\t\t\t<\/div>","protected":false},"excerpt":{"rendered":"<p>Paket za namestitev aplikacij SeltronHome Regulator, komunikacijski vmesnik in internetna povezava Domov Paket za namestitev Regulator, komunikacijski vmesnik in internetna povezava Namestitev Aplikacij Clausius in Kelvin Dru\u017eine regulatorjev, ki omogo\u010dajo oddaljen nadzor ogrevanja Za oddaljen nadzor ogrevanja potrebujemo komunikacijski vmesnik GWD Varovanje podatkov Namestitev Aplikacij Clausius ali Kelvin, eden izmed Seltron regulatorjev ogrevanja ter komunikacijski [&hellip;]<\/p>\n","protected":false},"author":2,"featured_media":0,"parent":14431,"menu_order":0,"comment_status":"closed","ping_status":"closed","template":"elementor_header_footer","meta":{"_acf_changed":false,"footnotes":""},"class_list":["post-14545","page","type-page","status-publish","hentry"],"blocksy_meta":{"styles_descriptor":{"styles":{"desktop":"","tablet":"","mobile":""},"google_fonts":[],"version":6}},"acf":[],"_links":{"self":[{"href":"https:\/\/www.seltron.si\/de\/wp-json\/wp\/v2\/pages\/14545","targetHints":{"allow":["GET"]}}],"collection":[{"href":"https:\/\/www.seltron.si\/de\/wp-json\/wp\/v2\/pages"}],"about":[{"href":"https:\/\/www.seltron.si\/de\/wp-json\/wp\/v2\/types\/page"}],"author":[{"embeddable":true,"href":"https:\/\/www.seltron.si\/de\/wp-json\/wp\/v2\/users\/2"}],"replies":[{"embeddable":true,"href":"https:\/\/www.seltron.si\/de\/wp-json\/wp\/v2\/comments?post=14545"}],"version-history":[{"count":3,"href":"https:\/\/www.seltron.si\/de\/wp-json\/wp\/v2\/pages\/14545\/revisions"}],"predecessor-version":[{"id":100813,"href":"https:\/\/www.seltron.si\/de\/wp-json\/wp\/v2\/pages\/14545\/revisions\/100813"}],"up":[{"embeddable":true,"href":"https:\/\/www.seltron.si\/de\/wp-json\/wp\/v2\/pages\/14431"}],"wp:attachment":[{"href":"https:\/\/www.seltron.si\/de\/wp-json\/wp\/v2\/media?parent=14545"}],"curies":[{"name":"wp","href":"https:\/\/api.w.org\/{rel}","templated":true}]}}