{"id":4639,"date":"2019-11-22T09:12:56","date_gmt":"2019-11-22T09:12:56","guid":{"rendered":"https:\/\/www.seltron.si\/\/?page_id=4639"},"modified":"2025-02-17T13:40:59","modified_gmt":"2025-02-17T13:40:59","slug":"eine-direkte-anfrage","status":"publish","type":"page","link":"https:\/\/www.seltron.si\/de\/splosno-povprasevanje\/","title":{"rendered":"Allgemeines Anfrageformular"},"content":{"rendered":"<div class=\"wpforms-container wpforms-lead-forms-container\" id=\"wpforms-97852\"><form id=\"wpforms-form-97852\" class=\"wpforms-validate wpforms-form wpforms-ajax-form\" data-formid=\"97852\" method=\"post\" enctype=\"multipart\/form-data\" action=\"\/de\/wp-json\/wp\/v2\/pages\/4639?wpforms_form_id=97852\" data-token=\"77fd56880c208bf2385d98933211fddf\" data-token-time=\"1777326159\"><noscript class=\"wpforms-error-noscript\">Bitte aktiviere JavaScript in deinem Browser, um dieses Formular fertigzustellen.<\/noscript><div class=\"wpforms-lead-forms-title\">\n\tLead Form Test<\/div>\n<div class=\"wpforms-page-indicator progress\" data-indicator=\"progress\" data-indicator-color=\"#00a8a5\" data-scroll=\"0\"><span class=\"wpforms-page-indicator-page-title\" ><\/span><span class=\"wpforms-page-indicator-page-title-sep\" style=\"display:none;\"> - <\/span><span class=\"wpforms-page-indicator-steps\">Step <span class=\"wpforms-page-indicator-steps-current\">1<\/span> of 5<\/span><div class=\"wpforms-page-indicator-page-progress-wrap\"><div class=\"wpforms-page-indicator-page-progress\" style=\"width:20%;background-color:#00a8a5\"><\/div><\/div><\/div><div class=\"wpforms-field-container\"><div class=\"wpforms-page wpforms-page-1 \" data-page=\"1\"><div id=\"wpforms-97852-field_7-container\" class=\"wpforms-field wpforms-field-pagebreak\" data-field-id=\"7\"><\/div><div id=\"wpforms-97852-field_23-container\" class=\"wpforms-field wpforms-field-html\" data-field-id=\"23\"><div id=\"wpforms-97852-field_23\"><h2 class=\"zbiranje-podatkov\">\u017dELITE NASVET ALI PONUDBO?<\/h2>\r\n<span class=\"obrazlaga\">Tukaj lahko zastavite vpra\u0161anja o izdelkih za ogrevanje in hlajenje ali oddate povpra\u0161evanje za va\u0161 projekt. \u010ce imate \u017ee pripravljene tehni\u010dne dokumente, na\u010drte ali dodatne informacije o va\u0161em projektu, jih boste lahko dodali v kasnej\u0161ih korakih.<\/span><\/div><\/div><div id=\"wpforms-97852-field_22-container\" class=\"wpforms-field wpforms-field-textarea\" data-field-id=\"22\"><label class=\"wpforms-field-label\" for=\"wpforms-97852-field_22\">Prosimo, opi\u0161ite, kaj vas zanima <span class=\"wpforms-required-label\">*<\/span><\/label><textarea id=\"wpforms-97852-field_22\" class=\"wpforms-field-large wpforms-field-required\" name=\"wpforms[fields][22]\" required><\/textarea><\/div><div id=\"wpforms-97852-field_6-container\" class=\"wpforms-field wpforms-field-pagebreak\" data-field-id=\"6\"><div class=\"wpforms-clear wpforms-pagebreak-left\"><button class=\"wpforms-page-button wpforms-page-next\" data-action=\"next\" data-page=\"1\" data-formid=\"97852\" disabled>Naprej<\/button><div class=\"wpforms-lead-forms-progress\">\n\t<div role='progressbar'\n\t\t class=\"wpforms-lead-forms-progress-bar\"\n\t\t style=\"width: 16.67%;\"\n\t\t aria-valuenow=\"1\"\n\t\t aria-valuemin=\"1\"\n\t\t aria-valuemax=\"6\"\n\t\t ><\/div>\n<\/div>\n<\/div><\/div><\/div><div class=\"wpforms-page wpforms-page-2  \" data-page=\"2\" style=\"display:none;\"><div id=\"wpforms-97852-field_15-container\" class=\"wpforms-field wpforms-field-html\" data-field-id=\"15\"><div id=\"wpforms-97852-field_15\"><h2 class=\"zbiranje-podatkov\">KONTAKTNI PODATKI<\/h2>\r\n<span class=\"obrazlaga\">Va\u0161i kontaktni podatki nam pomagajo vzpostaviti stik z vami in vas obvestiti o podrobnostih va\u0161ega povpra\u0161evanja.<\/span><\/div><\/div><div id=\"wpforms-97852-field_35-container\" class=\"wpforms-field wpforms-field-text\" data-field-id=\"35\"><label class=\"wpforms-field-label\" for=\"wpforms-97852-field_35\">Ime in priimek <span class=\"wpforms-required-label\">*<\/span><\/label><input type=\"text\" id=\"wpforms-97852-field_35\" class=\"wpforms-field-large wpforms-field-required\" name=\"wpforms[fields][35]\" required><\/div><div id=\"wpforms-97852-field_1-container\" class=\"wpforms-field wpforms-field-email\" data-field-id=\"1\"><label class=\"wpforms-field-label\" for=\"wpforms-97852-field_1\">Email <span class=\"wpforms-required-label\">*<\/span><\/label><input type=\"email\" id=\"wpforms-97852-field_1\" class=\"wpforms-field-large wpforms-field-required\" name=\"wpforms[fields][1]\" spellcheck=\"false\" required><\/div><div id=\"wpforms-97852-field_16-container\" class=\"wpforms-field wpforms-field-phone\" data-field-id=\"16\"><label class=\"wpforms-field-label\" for=\"wpforms-97852-field_16\">Telefon<\/label><input type=\"tel\" id=\"wpforms-97852-field_16\" class=\"wpforms-field-large wpforms-smart-phone-field\" data-rule-smart-phone-field=\"true\" name=\"wpforms[fields][16]\" aria-label=\"Telefon\" ><\/div><div id=\"wpforms-97852-field_9-container\" class=\"wpforms-field wpforms-field-pagebreak\" data-field-id=\"9\"><div class=\"wpforms-clear wpforms-pagebreak-left\"><button class=\"wpforms-page-button wpforms-page-next\" data-action=\"next\" data-page=\"2\" data-formid=\"97852\" disabled>Naprej<\/button><div class=\"wpforms-lead-forms-progress\">\n\t<div role='progressbar'\n\t\t class=\"wpforms-lead-forms-progress-bar\"\n\t\t style=\"width: 16.67%;\"\n\t\t aria-valuenow=\"1\"\n\t\t aria-valuemin=\"1\"\n\t\t aria-valuemax=\"6\"\n\t\t ><\/div>\n<\/div>\n<\/div><\/div><\/div><div class=\"wpforms-page wpforms-page-3  \" data-page=\"3\" style=\"display:none;\">\t\t<div id=\"wpforms-97852-field_2-container\"\n\t\t\tclass=\"wpforms-field wpforms-field-text\"\n\t\t\tdata-field-type=\"text\"\n\t\t\tdata-field-id=\"2\"\n\t\t\t>\n\t\t\t<label class=\"wpforms-field-label\" for=\"wpforms-97852-field_2\" >Ulica in Telefon<\/label>\n\t\t\t<input type=\"text\" id=\"wpforms-97852-field_2\" class=\"wpforms-field-medium\" name=\"wpforms[fields][2]\" >\n\t\t<\/div>\n\t\t<div id=\"wpforms-97852-field_21-container\" class=\"wpforms-field wpforms-field-html\" data-field-id=\"21\"><div id=\"wpforms-97852-field_21\"><h2 class=\"zbiranje-podatkov\">KONTAKTNI PODATKI<\/h2>\r\n<span class=\"obrazlaga\">Te podatke potrebujemo, da vam lahko priporo\u010dimo monterja iz va\u0161ega kraja. Izbira lokalnega monterja omogo\u010da hitrej\u0161o in bolj prilagojeno storitev v va\u0161em kraju.<\/span><\/div><\/div><div id=\"wpforms-97852-field_19-container\" class=\"wpforms-field wpforms-field-text\" data-field-id=\"19\"><label class=\"wpforms-field-label\" for=\"wpforms-97852-field_19\">Ulica in hi\u0161na \u0161tevilka <span class=\"wpforms-required-label\">*<\/span><\/label><input type=\"text\" id=\"wpforms-97852-field_19\" class=\"wpforms-field-large wpforms-field-required\" name=\"wpforms[fields][19]\" required><\/div><div id=\"wpforms-97852-field_20-container\" class=\"wpforms-field wpforms-field-text\" data-field-id=\"20\"><label class=\"wpforms-field-label\" for=\"wpforms-97852-field_20\">Po\u0161tna \u0161tevilka in kraj <span class=\"wpforms-required-label\">*<\/span><\/label><input type=\"text\" id=\"wpforms-97852-field_20\" class=\"wpforms-field-large wpforms-field-required\" name=\"wpforms[fields][20]\" required><\/div><div id=\"wpforms-97852-field_25-container\" class=\"wpforms-field wpforms-field-pagebreak\" data-field-id=\"25\"><div class=\"wpforms-clear wpforms-pagebreak-left\"><button class=\"wpforms-page-button wpforms-page-next\" data-action=\"next\" data-page=\"3\" data-formid=\"97852\" disabled>Naprej<\/button><div class=\"wpforms-lead-forms-progress\">\n\t<div role='progressbar'\n\t\t class=\"wpforms-lead-forms-progress-bar\"\n\t\t style=\"width: 16.67%;\"\n\t\t aria-valuenow=\"1\"\n\t\t aria-valuemin=\"1\"\n\t\t aria-valuemax=\"6\"\n\t\t ><\/div>\n<\/div>\n<\/div><\/div><\/div><div class=\"wpforms-page wpforms-page-4  \" data-page=\"4\" style=\"display:none;\"><div id=\"wpforms-97852-field_26-container\" class=\"wpforms-field wpforms-field-html\" data-field-id=\"26\"><div id=\"wpforms-97852-field_26\"><h2 class=\"zbiranje-podatkov\">DODAJANJE TEHNI\u010cNIH DOKUMENTOV IN INFORMACIJ O PROJEKTU<\/h2>\r\n<span class=\"obrazlaga\">\u010ce imate \u017ee pripravljene tehni\u010dne dokumente, na\u010drte ali dodatne informacije o va\u0161em projektu, jih lahko dodate.<\/span><\/div><\/div><div id=\"wpforms-97852-field_24-container\" class=\"wpforms-field wpforms-field-file-upload\" data-field-id=\"24\"><label class=\"wpforms-field-label\" for=\"wpforms-97852-field_24\">Nalaganje datotek<\/label><div\n\t\tclass=\"wpforms-uploader \"\n\t\tdata-field-id=\"24\"\n\t\tdata-form-id=\"97852\"\n\t\tdata-input-name=\"wpforms_97852_24\"\n\t\tdata-extensions=\"png,gif,jpg,doc,xls,ppt,pdf,wav,mp3,mp4,mpg,mov,wmv\"\n\t\tdata-max-size=\"20971520\"\n\t\tdata-max-file-number=\"3\"\n\t\tdata-post-max-size=\"67108864\"\n\t\tdata-max-parallel-uploads=\"4\"\n\t\tdata-parallel-uploads=\"true\"\n\t\tdata-file-chunk-size=\"2097152\">\n\t<div class=\"dz-message\">\n\t\t<svg  viewBox=\"0 0 640 640\" focusable=\"false\" data-icon=\"inbox\" width=\"50px\" height=\"50px\" fill=\"currentColor\" aria-hidden=\"true\">\n\t\t\t<path d=\"M352 173.3L352 384C352 401.7 337.7 416 320 416C302.3 416 288 401.7 288 384L288 173.3L246.6 214.7C234.1 227.2 213.8 227.2 201.3 214.7C188.8 202.2 188.8 181.9 201.3 169.4L297.3 73.4C309.8 60.9 330.1 60.9 342.6 73.4L438.6 169.4C451.1 181.9 451.1 202.2 438.6 214.7C426.1 227.2 405.8 227.2 393.3 214.7L352 173.3zM320 464C364.2 464 400 428.2 400 384L480 384C515.3 384 544 412.7 544 448L544 480C544 515.3 515.3 544 480 544L160 544C124.7 544 96 515.3 96 480L96 448C96 412.7 124.7 384 160 384L240 384C240 428.2 275.8 464 320 464zM464 488C477.3 488 488 477.3 488 464C488 450.7 477.3 440 464 440C450.7 440 440 450.7 440 464C440 477.3 450.7 488 464 488z\"\/>\n\t\t<\/svg>\n\n\t\t<span class=\"modern-title\">\n\t\t\t\t\t\t\tDrag &amp; Drop Files, \t\t\t\t<span>Choose Files to Upload<\/span>\n\t\t\t\t\t<\/span>\n\n\t\t\t\t\t<span class=\"modern-hint\">Du kannst bis zu 3 Dateien hochladen.<\/span>\n\t\t\t<\/div>\n<\/div>\n\n<input\n\t\ttype=\"text\"\n\t\tautocomplete=\"off\"\n\t\treadonly\n\t\tclass=\"dropzone-input\"\n\t\tstyle=\"position:absolute!important;clip:rect(0,0,0,0)!important;height:1px!important;width:1px!important;border:0!important;overflow:hidden!important;padding:0!important;margin:0!important;\"\n\t\tid=\"wpforms-97852-field_24\"\n\t\tname=\"wpforms_97852_24\" \t\tvalue=\"\">\n<div class=\"wpforms-field-description\">.png, .gif, .jpg, .doc, .xls, .ppt, .pdf, .wav, .mp3, .mp4, .mpg, .mov, .wmv<\/div><\/div><div id=\"wpforms-97852-field_27-container\" class=\"wpforms-field wpforms-field-pagebreak\" data-field-id=\"27\"><div class=\"wpforms-clear wpforms-pagebreak-left\"><button class=\"wpforms-page-button wpforms-page-next\" data-action=\"next\" data-page=\"4\" data-formid=\"97852\" disabled>Naprej<\/button><div class=\"wpforms-lead-forms-progress\">\n\t<div role='progressbar'\n\t\t class=\"wpforms-lead-forms-progress-bar\"\n\t\t style=\"width: 16.67%;\"\n\t\t aria-valuenow=\"1\"\n\t\t aria-valuemin=\"1\"\n\t\t aria-valuemax=\"6\"\n\t\t ><\/div>\n<\/div>\n<\/div><\/div><\/div><div class=\"wpforms-page wpforms-page-5 last \" data-page=\"5\" style=\"display:none;\"><div id=\"wpforms-97852-field_28-container\" class=\"wpforms-field wpforms-field-html\" data-field-id=\"28\"><div id=\"wpforms-97852-field_28\"><h2 class=\"zbiranje-podatkov\">SOGLASJE IN PRIJAVA<\/h2><\/div><\/div><div id=\"wpforms-97852-field_33-container\" class=\"wpforms-field wpforms-field-checkbox wpforms-list-inline\" data-field-id=\"33\"><label class=\"wpforms-field-label\">Soglasje za obdelavo osebnih podatkov <span class=\"wpforms-required-label\">*<\/span><\/label><ul id=\"wpforms-97852-field_33\" class=\"wpforms-field-required\"><li class=\"choice-1 depth-1\"><input type=\"checkbox\" id=\"wpforms-97852-field_33_1\" class=\"wpforms-screen-reader-element\" name=\"wpforms[fields][33][]\" value=\"S klikom na okence boste podali soglasje za namene obdelave va\u0161ih osebnih podatkov, ki so navedeni na povezavi: &lt;a target=&quot;_blank&quot; href=&quot;https:\/\/www.seltron.si\/politika-zasebnosti\/&quot;&gt;Politika zasebnosti&lt;\/a&gt;\" required ><label class=\"wpforms-field-label-inline\" for=\"wpforms-97852-field_33_1\">S klikom na okence boste podali soglasje za namene obdelave va\u0161ih osebnih podatkov, ki so navedeni na povezavi: <a target=\"_blank\" href=\"https:\/\/www.seltron.si\/politika-zasebnosti\/\">Politika zasebnosti<\/a><\/label><\/li><\/ul><\/div><div id=\"wpforms-97852-field_34-container\" class=\"wpforms-field wpforms-field-checkbox wpforms-list-inline\" data-field-id=\"34\"><label class=\"wpforms-field-label\">Prijava na obvestila o novostih in akcijah<\/label><ul id=\"wpforms-97852-field_34\"><li class=\"choice-1 depth-1\"><input type=\"checkbox\" id=\"wpforms-97852-field_34_1\" class=\"wpforms-screen-reader-element\" name=\"wpforms[fields][34][]\" value=\"Strinjam se, da podjetje Seltron d.o.o. uporabi moj elektronski naslov in telefonsko \u0161tevilko za obve\u0161\u010danje o novostih, storitvah in prodajnih akcijah. Privolitev lahko kadarkoli prekli\u010dete.\"  ><label class=\"wpforms-field-label-inline\" for=\"wpforms-97852-field_34_1\">Strinjam se, da podjetje Seltron d.o.o. uporabi moj elektronski naslov in telefonsko \u0161tevilko za obve\u0161\u010danje o novostih, storitvah in prodajnih akcijah. Privolitev lahko kadarkoli prekli\u010dete.<\/label><\/li><\/ul><\/div><div id=\"wpforms-97852-field_8-container\" class=\"wpforms-field wpforms-field-pagebreak\" data-field-id=\"8\"><div class=\"wpforms-clear wpforms-pagebreak-left\"><\/div><\/div><\/div><script>\n\t\t\t\t( function() {\n\t\t\t\t\tconst style = document.createElement( 'style' );\n\t\t\t\t\tstyle.appendChild( document.createTextNode( '#wpforms-97852-field_2-container { position: absolute !important; overflow: hidden !important; display: inline !important; height: 1px !important; width: 1px !important; z-index: -1000 !important; padding: 0 !important; } #wpforms-97852-field_2-container input { visibility: hidden; } #wpforms-conversational-form-page #wpforms-97852-field_2-container label { counter-increment: none; }' ) );\n\t\t\t\t\tdocument.head.appendChild( style );\n\t\t\t\t\tdocument.currentScript?.remove();\n\t\t\t\t} )();\n\t\t\t<\/script><\/div><!-- .wpforms-field-container --><div class=\"wpforms-recaptcha-container wpforms-is-recaptcha wpforms-is-recaptcha-type-v3\" style=\"display:none;\"><input type=\"hidden\" name=\"wpforms[recaptcha]\" value=\"\"><\/div><div class=\"wpforms-submit-container\" style=\"display:none;\"><input type=\"hidden\" name=\"wpforms[id]\" value=\"97852\"><input type=\"hidden\" name=\"page_title\" value=\"\"><input type=\"hidden\" name=\"page_url\" value=\"https:\/\/www.seltron.si\/de\/wp-json\/wp\/v2\/pages\/4639\"><input type=\"hidden\" name=\"url_referer\" value=\"\"><button type=\"submit\" name=\"wpforms[submit]\" id=\"wpforms-submit-97852\" class=\"wpforms-submit\" data-alt-text=\"Po\u0161iljanje...\" data-submit-text=\"Po\u0161lji povpra\u0161evanje\" aria-live=\"assertive\" value=\"wpforms-submit\">Po\u0161lji povpra\u0161evanje<\/button><img decoding=\"async\" src=\"https:\/\/www.seltron.si\/wp-content\/plugins\/wpforms\/assets\/images\/submit-spin.svg\" class=\"wpforms-submit-spinner\" style=\"display: none;\" width=\"26\" height=\"26\" alt=\"Wird geladen\"><div class=\"wpforms-lead-forms-progress\">\n\t<div role='progressbar'\n\t\t class=\"wpforms-lead-forms-progress-bar\"\n\t\t style=\"width: 16.67%;\"\n\t\t aria-valuenow=\"1\"\n\t\t aria-valuemin=\"1\"\n\t\t aria-valuemax=\"6\"\n\t\t ><\/div>\n<\/div>\n<\/div><\/form><\/div>  <!-- .wpforms-container --><style id=\"wpforms-lead-forms-inline-styles\">#wpforms-97852, #wpforms-locked-97852 {\n\t\t\t\t--wpforms-lead-forms-accent-color: 0, 168, 165;\n\t\t\t\t--wpforms-lead-forms-box-shadow: none;\n\t\t\t\t--wpforms-lead-forms-border-radius: 0;\n\t\t\t\t--wpforms-lead-forms-container-background: transparent;\n\t\t\t\t--wpforms-lead-forms-container-background-color: #ffffff;\n\t\t\t\t--wpforms-lead-forms-field-border-color: #cccccc;\n\t\t\t\t--wpforms-lead-forms-primary-text-color: #444444;\n\t\t\t\t--wpforms-lead-forms-secondary-text-color: 119, 119, 119;\n\t\t\t}<\/style>\n","protected":false},"excerpt":{"rendered":"","protected":false},"author":2,"featured_media":0,"parent":0,"menu_order":0,"comment_status":"closed","ping_status":"closed","template":"","meta":{"_acf_changed":false,"footnotes":""},"class_list":["post-4639","page","type-page","status-publish","hentry"],"blocksy_meta":{"styles_descriptor":{"styles":{"desktop":"","tablet":"","mobile":""},"google_fonts":[],"version":6}},"acf":[],"_links":{"self":[{"href":"https:\/\/www.seltron.si\/de\/wp-json\/wp\/v2\/pages\/4639","targetHints":{"allow":["GET"]}}],"collection":[{"href":"https:\/\/www.seltron.si\/de\/wp-json\/wp\/v2\/pages"}],"about":[{"href":"https:\/\/www.seltron.si\/de\/wp-json\/wp\/v2\/types\/page"}],"author":[{"embeddable":true,"href":"https:\/\/www.seltron.si\/de\/wp-json\/wp\/v2\/users\/2"}],"replies":[{"embeddable":true,"href":"https:\/\/www.seltron.si\/de\/wp-json\/wp\/v2\/comments?post=4639"}],"version-history":[{"count":2,"href":"https:\/\/www.seltron.si\/de\/wp-json\/wp\/v2\/pages\/4639\/revisions"}],"predecessor-version":[{"id":98117,"href":"https:\/\/www.seltron.si\/de\/wp-json\/wp\/v2\/pages\/4639\/revisions\/98117"}],"wp:attachment":[{"href":"https:\/\/www.seltron.si\/de\/wp-json\/wp\/v2\/media?parent=4639"}],"curies":[{"name":"wp","href":"https:\/\/api.w.org\/{rel}","templated":true}]}}