{"id":5127,"date":"2019-11-27T11:09:06","date_gmt":"2019-11-27T11:09:06","guid":{"rendered":"https:\/\/www.seltron.si\/\/?page_id=5127"},"modified":"2025-08-01T08:10:50","modified_gmt":"2025-08-01T08:10:50","slug":"gas-brennwertkessel","status":"publish","type":"page","link":"https:\/\/www.seltron.si\/de\/pec-na-plin-kondenzacijski-plinski-kotel\/kondenzacijski-plinski-kotli\/","title":{"rendered":"Gas-Brennwertkessel"},"content":{"rendered":"<div data-elementor-type=\"wp-page\" data-elementor-id=\"5127\" class=\"elementor elementor-5127\" data-elementor-post-type=\"page\">\n\t\t\t\t\t\t<section data-particle_enable=\"false\" data-particle-mobile-disabled=\"false\" class=\"elementor-section elementor-top-section elementor-element elementor-element-c7ea476 elementor-section-boxed elementor-section-height-default elementor-section-height-default\" data-id=\"c7ea476\" data-element_type=\"section\" data-e-type=\"section\">\n\t\t\t\t\t\t<div class=\"elementor-container elementor-column-gap-no\">\n\t\t\t\t\t<div class=\"elementor-column elementor-col-100 elementor-top-column elementor-element elementor-element-e5ea0a0\" data-id=\"e5ea0a0\" data-element_type=\"column\" data-e-type=\"column\">\n\t\t\t<div class=\"elementor-widget-wrap elementor-element-populated\">\n\t\t\t\t\t\t<div class=\"elementor-element elementor-element-26ca010 elementor-align-left elementor-hidden-mobile elementor-widget elementor-widget-global elementor-global-83323 elementor-widget-breadcrumbs\" data-id=\"26ca010\" data-element_type=\"widget\" data-e-type=\"widget\" data-widget_type=\"breadcrumbs.default\">\n\t\t\t\t<div class=\"elementor-widget-container\">\n\t\t\t\t\t<nav aria-label=\"Semmelbr\u00f6sel\" class=\"rank-math-breadcrumb\"><p><span class=\"last\">Startseite<\/span><\/p><\/nav>\t\t\t\t<\/div>\n\t\t\t\t<\/div>\n\t\t\t\t\t<\/div>\n\t\t<\/div>\n\t\t\t\t\t<\/div>\n\t\t<\/section>\n\t\t\t\t<section data-particle_enable=\"false\" data-particle-mobile-disabled=\"false\" class=\"elementor-section elementor-top-section elementor-element elementor-element-14f0cafa elementor-section-full_width elementor-section-height-min-height elementor-section-items-bottom elementor-section-content-middle elementor-section-height-default\" data-id=\"14f0cafa\" data-element_type=\"section\" data-e-type=\"section\" data-settings=\"{&quot;background_background&quot;:&quot;classic&quot;,&quot;animation&quot;:&quot;none&quot;}\">\n\t\t\t\t\t\t<div class=\"elementor-container elementor-column-gap-no\">\n\t\t\t\t\t<div class=\"elementor-column elementor-col-100 elementor-top-column elementor-element elementor-element-2eab783\" data-id=\"2eab783\" data-element_type=\"column\" data-e-type=\"column\">\n\t\t\t<div class=\"elementor-widget-wrap\">\n\t\t\t\t\t\t\t<\/div>\n\t\t<\/div>\n\t\t\t\t\t<\/div>\n\t\t<\/section>\n\t\t\t\t<section data-particle_enable=\"false\" data-particle-mobile-disabled=\"false\" class=\"elementor-section elementor-top-section elementor-element elementor-element-d46593e ct-section-stretched elementor-section-boxed elementor-section-height-default elementor-section-height-default\" data-id=\"d46593e\" data-element_type=\"section\" data-e-type=\"section\" data-settings=\"{&quot;background_background&quot;:&quot;classic&quot;}\">\n\t\t\t\t\t\t<div class=\"elementor-container elementor-column-gap-default\">\n\t\t\t\t\t<div class=\"elementor-column elementor-col-50 elementor-top-column elementor-element elementor-element-2fdc5ce\" data-id=\"2fdc5ce\" data-element_type=\"column\" data-e-type=\"column\" data-settings=\"{&quot;background_background&quot;:&quot;classic&quot;,&quot;animation&quot;:&quot;none&quot;}\">\n\t\t\t<div class=\"elementor-widget-wrap elementor-element-populated\">\n\t\t\t\t\t\t<div class=\"elementor-element elementor-element-0b7840f elementor-widget elementor-widget-heading\" data-id=\"0b7840f\" data-element_type=\"widget\" data-e-type=\"widget\" data-widget_type=\"heading.default\">\n\t\t\t\t<div class=\"elementor-widget-container\">\n\t\t\t\t\t<h1 class=\"elementor-heading-title elementor-size-default\">Gas-Brennwertkessel<\/h1>\t\t\t\t<\/div>\n\t\t\t\t<\/div>\n\t\t\t\t<div class=\"elementor-element elementor-element-0681c04 elementor-widget elementor-widget-heading\" data-id=\"0681c04\" data-element_type=\"widget\" data-e-type=\"widget\" data-widget_type=\"heading.default\">\n\t\t\t\t<div class=\"elementor-widget-container\">\n\t\t\t\t\t<h3 class=\"elementor-heading-title elementor-size-default\"> Warum sind sie so wirksam?<\/h3>\t\t\t\t<\/div>\n\t\t\t\t<\/div>\n\t\t\t\t<div class=\"elementor-element elementor-element-46c642c elementor-widget-divider--view-line elementor-invisible elementor-widget elementor-widget-divider\" data-id=\"46c642c\" data-element_type=\"widget\" data-e-type=\"widget\" data-settings=\"{&quot;_animation&quot;:&quot;fadeInUp&quot;}\" data-widget_type=\"divider.default\">\n\t\t\t\t<div class=\"elementor-widget-container\">\n\t\t\t\t\t\t\t<div class=\"elementor-divider\">\n\t\t\t<span class=\"elementor-divider-separator\">\n\t\t\t\t\t\t<\/span>\n\t\t<\/div>\n\t\t\t\t\t\t<\/div>\n\t\t\t\t<\/div>\n\t\t\t\t<div class=\"elementor-element elementor-element-de00312 elementor-widget elementor-widget-image\" data-id=\"de00312\" data-element_type=\"widget\" data-e-type=\"widget\" data-widget_type=\"image.default\">\n\t\t\t\t<div class=\"elementor-widget-container\">\n\t\t\t\t\t\t\t\t\t\t\t\t\t\t\t<img fetchpriority=\"high\" decoding=\"async\" width=\"1920\" height=\"1186\" src=\"https:\/\/www.seltron.si\/wp-content\/uploads\/2020\/03\/Plinski-kondenzacijski-kotel.png\" class=\"attachment-full size-full wp-image-21146\" alt=\"Gas-Brennwertkessel\" srcset=\"https:\/\/www.seltron.si\/wp-content\/uploads\/2020\/03\/Plinski-kondenzacijski-kotel.png 1920w, https:\/\/www.seltron.si\/wp-content\/uploads\/2020\/03\/Plinski-kondenzacijski-kotel-500x309.png 500w, https:\/\/www.seltron.si\/wp-content\/uploads\/2020\/03\/Plinski-kondenzacijski-kotel-800x494.png 800w\" sizes=\"(max-width: 1920px) 100vw, 1920px\" \/>\t\t\t\t\t\t\t\t\t\t\t\t\t\t\t<\/div>\n\t\t\t\t<\/div>\n\t\t\t\t<div class=\"elementor-element elementor-element-198f0d0 elementor-widget__width-initial elementor-widget elementor-widget-text-editor\" data-id=\"198f0d0\" data-element_type=\"widget\" data-e-type=\"widget\" data-widget_type=\"text-editor.default\">\n\t\t\t\t<div class=\"elementor-widget-container\">\n\t\t\t\t\t\t\t\t\t<p>Energiebrennstoffe enthalten unterschiedliche Mengen an Wasser, das bei der Verbrennung in Dampf umgewandelt wird. In einem durchschnittlichen Wohnhaus mit einem herk\u00f6mmlichen Heizkessel str\u00f6men pro Jahr etwa 3000 Liter Wasser als Wasserdampf durch den Schornstein. Um diese Menge an Wasser bis zur Verdampfung zu erhitzen, ist eine enorme Energiemenge erforderlich. <strong>Der Vorteil von Gas-Brennwertkesseln<\/strong> ist, dass sie auch die W\u00e4rme des bei der Verbrennung entstehenden Wasserdampfs zur W\u00e4rmeerzeugung nutzen. Dies erh\u00f6ht ihren Wirkungsgrad erheblich.<\/p><p>Wenn wir uns die Energie des Wasserdampfes zunutze machen, \u00fcberschreiten wir die magischen 100 % an Energieeffizienz, dank der Zustimmung der Hersteller in der Vergangenheit, als dies technisch noch nicht m\u00f6glich war.<\/p>\t\t\t\t\t\t\t\t<\/div>\n\t\t\t\t<\/div>\n\t\t\t\t\t<\/div>\n\t\t<\/div>\n\t\t\t\t<div class=\"elementor-column elementor-col-50 elementor-top-column elementor-element elementor-element-fc09405\" data-id=\"fc09405\" data-element_type=\"column\" data-e-type=\"column\" data-settings=\"{&quot;animation&quot;:&quot;none&quot;,&quot;background_background&quot;:&quot;classic&quot;}\">\n\t\t\t<div class=\"elementor-widget-wrap elementor-element-populated\">\n\t\t\t\t\t\t<div class=\"elementor-element elementor-element-d5ffad3 elementor-widget elementor-widget-heading\" data-id=\"d5ffad3\" data-element_type=\"widget\" data-e-type=\"widget\" data-widget_type=\"heading.default\">\n\t\t\t\t<div class=\"elementor-widget-container\">\n\t\t\t\t\t<h2 class=\"elementor-heading-title elementor-size-default\">Unterschiede in der Effizienz<\/h2>\t\t\t\t<\/div>\n\t\t\t\t<\/div>\n\t\t\t\t<div class=\"elementor-element elementor-element-1d350a0 elementor-widget elementor-widget-heading\" data-id=\"1d350a0\" data-element_type=\"widget\" data-e-type=\"widget\" data-widget_type=\"heading.default\">\n\t\t\t\t<div class=\"elementor-widget-container\">\n\t\t\t\t\t<h3 class=\"elementor-heading-title elementor-size-default\">zwischen Gas-Brennwertkesseln und konventionellen Gasheizkesseln.<\/h3>\t\t\t\t<\/div>\n\t\t\t\t<\/div>\n\t\t\t\t<div class=\"elementor-element elementor-element-ddb22c6 elementor-widget-divider--view-line elementor-invisible elementor-widget elementor-widget-divider\" data-id=\"ddb22c6\" data-element_type=\"widget\" data-e-type=\"widget\" data-settings=\"{&quot;_animation&quot;:&quot;fadeInUp&quot;}\" data-widget_type=\"divider.default\">\n\t\t\t\t<div class=\"elementor-widget-container\">\n\t\t\t\t\t\t\t<div class=\"elementor-divider\">\n\t\t\t<span class=\"elementor-divider-separator\">\n\t\t\t\t\t\t<\/span>\n\t\t<\/div>\n\t\t\t\t\t\t<\/div>\n\t\t\t\t<\/div>\n\t\t\t\t<div class=\"elementor-element elementor-element-158d077 elementor-widget elementor-widget-image\" data-id=\"158d077\" data-element_type=\"widget\" data-e-type=\"widget\" data-widget_type=\"image.default\">\n\t\t\t\t<div class=\"elementor-widget-container\">\n\t\t\t\t\t\t\t\t\t\t\t\t\t\t\t<img decoding=\"async\" width=\"819\" height=\"551\" src=\"https:\/\/www.seltron.si\/wp-content\/uploads\/2022\/06\/Daikin-plinski-kotel.jpg\" class=\"attachment-full size-full wp-image-83240\" alt=\"\" srcset=\"https:\/\/www.seltron.si\/wp-content\/uploads\/2022\/06\/Daikin-plinski-kotel.jpg.webp 819w, https:\/\/www.seltron.si\/wp-content\/uploads\/2022\/06\/Daikin-plinski-kotel-500x336.jpg.webp 500w, https:\/\/www.seltron.si\/wp-content\/uploads\/2022\/06\/Daikin-plinski-kotel-800x538.jpg.webp 800w, https:\/\/www.seltron.si\/wp-content\/uploads\/2022\/06\/Daikin-plinski-kotel-300x202.jpg.webp 300w, https:\/\/www.seltron.si\/wp-content\/uploads\/2022\/06\/Daikin-plinski-kotel-768x517.jpg.webp 768w\" sizes=\"(max-width: 819px) 100vw, 819px\" \/>\t\t\t\t\t\t\t\t\t\t\t\t\t\t\t<\/div>\n\t\t\t\t<\/div>\n\t\t\t\t<div class=\"elementor-element elementor-element-401b586 elementor-invisible elementor-widget elementor-widget-spacer\" data-id=\"401b586\" data-element_type=\"widget\" data-e-type=\"widget\" data-settings=\"{&quot;_animation&quot;:&quot;rotateInUpLeft&quot;}\" data-widget_type=\"spacer.default\">\n\t\t\t\t<div class=\"elementor-widget-container\">\n\t\t\t\t\t\t\t<div class=\"elementor-spacer\">\n\t\t\t<div class=\"elementor-spacer-inner\"><\/div>\n\t\t<\/div>\n\t\t\t\t\t\t<\/div>\n\t\t\t\t<\/div>\n\t\t\t\t<div class=\"elementor-element elementor-element-63e0498 elementor-widget elementor-widget-text-editor\" data-id=\"63e0498\" data-element_type=\"widget\" data-e-type=\"widget\" data-widget_type=\"text-editor.default\">\n\t\t\t\t<div class=\"elementor-widget-container\">\n\t\t\t\t\t\t\t\t\t<p>Im Vergleich zu herk\u00f6mmlichen Heizkesseln, die einen maximalen Wirkungsgrad von 92-95 % erreichen, k\u00f6nnen Gas-Brennwertkessel durch die Nutzung der Energie des Wasserdampfes einen Wirkungsgrad von bis zu 110 % erreichen.<\/p>\t\t\t\t\t\t\t\t<\/div>\n\t\t\t\t<\/div>\n\t\t\t\t<div class=\"elementor-element elementor-element-ed7087f elementor-align-center elementor-widget elementor-widget-button\" data-id=\"ed7087f\" data-element_type=\"widget\" data-e-type=\"widget\" data-widget_type=\"button.default\">\n\t\t\t\t<div class=\"elementor-widget-container\">\n\t\t\t\t\t\t\t\t\t<div class=\"elementor-button-wrapper\">\n\t\t\t\t\t<a class=\"elementor-button elementor-button-link elementor-size-md\" href=\"https:\/\/www.seltron.si\/de\/vom-neuen-heizkessel-zum-alten-heizkessel\/\">\n\t\t\t\t\t\t<span class=\"elementor-button-content-wrapper\">\n\t\t\t\t\t\t<span class=\"elementor-button-icon\">\n\t\t\t\t<i aria-hidden=\"true\" class=\"far fa-money-bill-alt\"><\/i>\t\t\t<\/span>\n\t\t\t\t\t\t\t\t\t<span class=\"elementor-button-text\">Finanzielle Einsparungen<\/span>\n\t\t\t\t\t<\/span>\n\t\t\t\t\t<\/a>\n\t\t\t\t<\/div>\n\t\t\t\t\t\t\t\t<\/div>\n\t\t\t\t<\/div>\n\t\t\t\t\t<\/div>\n\t\t<\/div>\n\t\t\t\t\t<\/div>\n\t\t<\/section>\n\t\t\t\t<section data-particle_enable=\"false\" data-particle-mobile-disabled=\"false\" class=\"elementor-section elementor-top-section elementor-element elementor-element-3264bca9 ct-section-stretched animated-slow elementor-section-boxed elementor-section-height-default elementor-section-height-default\" data-id=\"3264bca9\" data-element_type=\"section\" data-e-type=\"section\" data-settings=\"{&quot;background_background&quot;:&quot;classic&quot;,&quot;animation&quot;:&quot;none&quot;,&quot;animation_delay&quot;:100}\">\n\t\t\t\t\t\t\t<div class=\"elementor-background-overlay\"><\/div>\n\t\t\t\t\t\t\t<div class=\"elementor-container elementor-column-gap-default\">\n\t\t\t\t\t<div class=\"elementor-column elementor-col-100 elementor-top-column elementor-element elementor-element-4e6be05b\" data-id=\"4e6be05b\" data-element_type=\"column\" data-e-type=\"column\">\n\t\t\t<div class=\"elementor-widget-wrap elementor-element-populated\">\n\t\t\t\t\t\t<div class=\"elementor-element elementor-element-18bed9ad elementor-widget elementor-widget-heading\" data-id=\"18bed9ad\" data-element_type=\"widget\" data-e-type=\"widget\" data-widget_type=\"heading.default\">\n\t\t\t\t<div class=\"elementor-widget-container\">\n\t\t\t\t\t<h2 class=\"elementor-heading-title elementor-size-default\">Auswahl von Gas-Brennwertkesseln<\/h2>\t\t\t\t<\/div>\n\t\t\t\t<\/div>\n\t\t\t\t<div class=\"elementor-element elementor-element-379f9f24 elementor-widget elementor-widget-eael-post-list\" data-id=\"379f9f24\" data-element_type=\"widget\" data-e-type=\"widget\" data-widget_type=\"eael-post-list.default\">\n\t\t\t\t<div class=\"elementor-widget-container\">\n\t\t\t\t\t<div class=\"eael-post-list-container default layout-default\"><div class=\"eael-post-list-header\"><\/div><div class=\"eael-post-list-wrap\"><div class=\"eael-post-list-posts-wrap eael-post-appender eael-post-appender-379f9f24\"><div class=\"eael-post-list-post\"><div class=\"eael-post-list-thumbnail\"><a href=\"https:\/\/www.seltron.si\/de\/katalog-izdelkov\/ogrevanje\/plinski-kotli\/plinski-kondenzacijski-kotli\/plinski-kondenzacijski-kotel-altherma-3-c-gas\/\">\n                            <img decoding=\"async\" src=\"https:\/\/www.seltron.si\/wp-content\/uploads\/2020\/01\/plinski_kondenzacijski_kotel_daikin_altherma_3_c_gas.jpg\" alt=\"Daikin Altherma 3 C Gas-Brennwertkessel\">\n                        <\/a><\/div><div class=\"eael-post-list-content\"><h2 class=\"eael-post-list-title\"><a href=\"https:\/\/www.seltron.si\/de\/katalog-izdelkov\/ogrevanje\/plinski-kotli\/plinski-kondenzacijski-kotli\/plinski-kondenzacijski-kotel-altherma-3-c-gas\/\" >Altherma 3 C Gas-Brennwertkessel<\/a><\/h2><p>Sie suchen nach einer wirtschaftlichen und dennoch bew\u00e4hrten L\u00f6sung f\u00fcr Ihr Heizsystem? Wenn...<\/p><a href=\"https:\/\/www.seltron.si\/de\/katalog-izdelkov\/ogrevanje\/plinski-kotli\/plinski-kondenzacijski-kotli\/plinski-kondenzacijski-kotel-altherma-3-c-gas\/\" class=\"eael-post-elements-readmore-btn\" >Pro Produkt<\/a><\/div><\/div><\/div><\/div>\n\t\t<\/div><div data-nonce=\"298d257e29\" class=\"post-list-pagination\" data-widget-id=\"379f9f24\" data-widget=\"379f9f24\" data-page-id=\"5127\" data-class=\"Essential_Addons_Elementor\\Pro\\Elements\\Post_List\" data-args=\"orderby=date&amp;order=desc&amp;ignore_sticky_posts=1&amp;post_status=publish&amp;posts_per_page=6&amp;offset=0&amp;post_type=product&amp;tax_query%5B0%5D%5Btaxonomy%5D=product_cat&amp;tax_query%5B0%5D%5Bfield%5D=term_id&amp;tax_query%5B0%5D%5Bterms%5D%5B0%5D=136&amp;tax_query%5Brelation%5D=AND\" data-settings=\"eael_post_list_post_feature_image=yes&amp;eael_post_list_post_meta=&amp;eael_post_list_post_title=yes&amp;eael_post_list_post_excerpt=yes&amp;eael_post_list_post_excerpt_length=12&amp;eael_post_list_featured_area=&amp;eael_post_list_pagination=navigation&amp;eael_post_list_layout_type=default&amp;eael_post_list_post_cat=&amp;eael_post_list_title_tag=h2&amp;eael_show_read_more_button=yes&amp;eael_post_list_read_more_text=Na+izdelek&amp;eael_post_list_excerpt_expanison_indicator=...&amp;eael_post_featured_image_size=large\" data-page=\"1\" data-scroll-on-pagination=\"0\" data-scroll-offset=\"100\" data-template=\"{&quot;dir&quot;:&quot;pro&quot;,&quot;file_name&quot;:&quot;default.php&quot;,&quot;name&quot;:&quot;Post-List&quot;}\">\n            <button class=\"btn btn-prev-post\" id=\"post-nav-prev-379f9f24\" disabled=\"true\" aria-label=\"vorherige\"><i aria-hidden=\"true\" class=\"fas fa-angle-left\"><\/i><\/button><button class=\"btn btn-next-post\" id=\"post-nav-next-379f9f24\" aria-label=\"n\u00e4chste\"><i aria-hidden=\"true\" class=\"fas fa-angle-right\"><\/i><\/button>\n        <\/div>\t\t\t\t<\/div>\n\t\t\t\t<\/div>\n\t\t\t\t\t<\/div>\n\t\t<\/div>\n\t\t\t\t\t<\/div>\n\t\t<\/section>\n\t\t\t\t<section data-particle_enable=\"false\" data-particle-mobile-disabled=\"false\" class=\"elementor-section elementor-top-section elementor-element elementor-element-90f076d ct-section-stretched elementor-section-full_width animated-slow elementor-section-height-min-height elementor-section-content-middle elementor-section-height-default elementor-section-items-middle elementor-invisible\" data-id=\"90f076d\" data-element_type=\"section\" data-e-type=\"section\" data-settings=\"{&quot;background_background&quot;:&quot;classic&quot;,&quot;animation&quot;:&quot;fadeInDown&quot;,&quot;animation_delay&quot;:100}\">\n\t\t\t\t\t\t<div class=\"elementor-container elementor-column-gap-no\">\n\t\t\t\t\t<div class=\"elementor-column elementor-col-100 elementor-top-column elementor-element elementor-element-1a2d6921\" data-id=\"1a2d6921\" data-element_type=\"column\" data-e-type=\"column\">\n\t\t\t<div class=\"elementor-widget-wrap elementor-element-populated\">\n\t\t\t\t\t\t<div class=\"elementor-element elementor-element-500162e5 content-align-cta-center elementor-widget elementor-widget-eael-cta-box\" data-id=\"500162e5\" data-element_type=\"widget\" data-e-type=\"widget\" data-widget_type=\"eael-cta-box.default\">\n\t\t\t\t<div class=\"elementor-widget-container\">\n\t\t\t\t\t\t\t<div class=\"eael-call-to-action cta-basic bg-lite cta-preset-1\">\n        <h4 class=\"sub-title\">Wir machen Ihnen einen kostenlosen Kostenvoranschlag f\u00fcr Ihr Heiz- oder K\u00fchlsystem.<\/h4><h2 class=\"title eael-cta-heading\">Angebot anfordern<\/h2><p><a href=\"https:\/\/www.seltron.si\/wp-content\/uploads\/2020\/05\/aplikacija_Kelvin_Page_01_Image_0001.jpg\"><img decoding=\"async\" class=\"alignnone  wp-image-26667\" src=\"https:\/\/www.seltron.si\/wp-content\/uploads\/2020\/05\/aplikacija_Kelvin_Page_01_Image_0001-300x158.jpg\" alt=\"Kelvin-App\" width=\"448\" height=\"236\" srcset=\"https:\/\/www.seltron.si\/wp-content\/uploads\/2020\/05\/aplikacija_Kelvin_Page_01_Image_0001-300x158.jpg 300w, https:\/\/www.seltron.si\/wp-content\/uploads\/2020\/05\/aplikacija_Kelvin_Page_01_Image_0001-500x264.jpg 500w, https:\/\/www.seltron.si\/wp-content\/uploads\/2020\/05\/aplikacija_Kelvin_Page_01_Image_0001-800x422.jpg 800w, https:\/\/www.seltron.si\/wp-content\/uploads\/2020\/05\/aplikacija_Kelvin_Page_01_Image_0001-1030x543.jpg 1030w, https:\/\/www.seltron.si\/wp-content\/uploads\/2020\/05\/aplikacija_Kelvin_Page_01_Image_0001-768x405.jpg 768w, https:\/\/www.seltron.si\/wp-content\/uploads\/2020\/05\/aplikacija_Kelvin_Page_01_Image_0001-1536x810.jpg 1536w, https:\/\/www.seltron.si\/wp-content\/uploads\/2020\/05\/aplikacija_Kelvin_Page_01_Image_0001.jpg 2026w\" sizes=\"(max-width: 448px) 100vw, 448px\" \/><\/a><\/p><a href=\"https:\/\/www.seltron.si\/de\/eine-direkte-anfrage\/\" class=\"cta-button cta-preset-1\">Senden Sie uns eine Anfrage<\/a><a href=\"https:\/\/www.seltron.si\/de\/produktkategorie\/heizung\/\" class=\"cta-button cta-secondary-button effect-2\">Produktkatalog<\/a>\t<\/div>\n\t\t\t\t\t\t\t\t<\/div>\n\t\t\t\t<\/div>\n\t\t\t\t\t<\/div>\n\t\t<\/div>\n\t\t\t\t\t<\/div>\n\t\t<\/section>\n\t\t\t\t<\/div>","protected":false},"excerpt":{"rendered":"<p>Domov Plinski kondenzacijski kotli Zakaj so tako u\u010dinkoviti? V energentih je razli\u010dna vsebnost vode, ki se v procesu gorenja spreminja v paro. Pri povpre\u010dni stanovanjski hi\u0161i, s klasi\u010dnim ogrevalnim kotlom, gre v obliki vodne pare skozi dimnik na leto pribli\u017eno 3000 litrov vode. Da segrejemo to koli\u010dino vode do uparjanja, potrebujemo ogromno energije. Prednost kondenzacijskih [&hellip;]<\/p>\n","protected":false},"author":2,"featured_media":0,"parent":5125,"menu_order":2,"comment_status":"closed","ping_status":"closed","template":"elementor_header_footer","meta":{"_acf_changed":false,"footnotes":""},"class_list":["post-5127","page","type-page","status-publish","hentry"],"blocksy_meta":{"styles_descriptor":{"styles":{"desktop":"","tablet":"","mobile":""},"google_fonts":[],"version":6}},"acf":[],"_links":{"self":[{"href":"https:\/\/www.seltron.si\/de\/wp-json\/wp\/v2\/pages\/5127","targetHints":{"allow":["GET"]}}],"collection":[{"href":"https:\/\/www.seltron.si\/de\/wp-json\/wp\/v2\/pages"}],"about":[{"href":"https:\/\/www.seltron.si\/de\/wp-json\/wp\/v2\/types\/page"}],"author":[{"embeddable":true,"href":"https:\/\/www.seltron.si\/de\/wp-json\/wp\/v2\/users\/2"}],"replies":[{"embeddable":true,"href":"https:\/\/www.seltron.si\/de\/wp-json\/wp\/v2\/comments?post=5127"}],"version-history":[{"count":3,"href":"https:\/\/www.seltron.si\/de\/wp-json\/wp\/v2\/pages\/5127\/revisions"}],"predecessor-version":[{"id":100878,"href":"https:\/\/www.seltron.si\/de\/wp-json\/wp\/v2\/pages\/5127\/revisions\/100878"}],"up":[{"embeddable":true,"href":"https:\/\/www.seltron.si\/de\/wp-json\/wp\/v2\/pages\/5125"}],"wp:attachment":[{"href":"https:\/\/www.seltron.si\/de\/wp-json\/wp\/v2\/media?parent=5127"}],"curies":[{"name":"wp","href":"https:\/\/api.w.org\/{rel}","templated":true}]}}