{"id":5298,"date":"2019-11-28T18:23:05","date_gmt":"2019-11-28T18:23:05","guid":{"rendered":"https:\/\/www.seltron.si\/\/?page_id=5298"},"modified":"2025-08-01T08:10:25","modified_gmt":"2025-08-01T08:10:25","slug":"gas-brennwertkessel-und-warmepumpe","status":"publish","type":"page","link":"https:\/\/www.seltron.si\/de\/pec-na-plin-kondenzacijski-plinski-kotel\/kondenzacijski-plinski-kotel-in-toplotna-crpalka\/","title":{"rendered":"Gas-Brennwertkessel mit W\u00e4rmepumpe"},"content":{"rendered":"<div data-elementor-type=\"wp-page\" data-elementor-id=\"5298\" class=\"elementor elementor-5298\" data-elementor-post-type=\"page\">\n\t\t\t\t\t\t<section data-particle_enable=\"false\" data-particle-mobile-disabled=\"false\" class=\"elementor-section elementor-top-section elementor-element elementor-element-2d62d7dd elementor-section-boxed elementor-section-height-default elementor-section-height-default\" data-id=\"2d62d7dd\" data-element_type=\"section\" data-e-type=\"section\">\n\t\t\t\t\t\t<div class=\"elementor-container elementor-column-gap-no\">\n\t\t\t\t\t<div class=\"elementor-column elementor-col-100 elementor-top-column elementor-element elementor-element-45634a34\" data-id=\"45634a34\" data-element_type=\"column\" data-e-type=\"column\">\n\t\t\t<div class=\"elementor-widget-wrap elementor-element-populated\">\n\t\t\t\t\t\t<div class=\"elementor-element elementor-element-7c10aee elementor-align-left elementor-hidden-mobile elementor-widget elementor-widget-global elementor-global-83323 elementor-widget-breadcrumbs\" data-id=\"7c10aee\" data-element_type=\"widget\" data-e-type=\"widget\" data-widget_type=\"breadcrumbs.default\">\n\t\t\t\t<div class=\"elementor-widget-container\">\n\t\t\t\t\t<nav aria-label=\"Semmelbr\u00f6sel\" class=\"rank-math-breadcrumb\"><p><span class=\"last\">Startseite<\/span><\/p><\/nav>\t\t\t\t<\/div>\n\t\t\t\t<\/div>\n\t\t\t\t\t<\/div>\n\t\t<\/div>\n\t\t\t\t\t<\/div>\n\t\t<\/section>\n\t\t\t\t<section data-particle_enable=\"false\" data-particle-mobile-disabled=\"false\" class=\"elementor-section elementor-top-section elementor-element elementor-element-5af81c7 elementor-section-full_width elementor-section-height-min-height elementor-section-items-bottom ct-section-stretched elementor-section-height-default elementor-invisible\" data-id=\"5af81c7\" data-element_type=\"section\" data-e-type=\"section\" data-settings=\"{&quot;background_background&quot;:&quot;classic&quot;,&quot;animation&quot;:&quot;fadeInUp&quot;}\">\n\t\t\t\t\t\t<div class=\"elementor-container elementor-column-gap-no\">\n\t\t\t\t\t<div class=\"elementor-column elementor-col-100 elementor-top-column elementor-element elementor-element-e0a57c4 elementor-invisible\" data-id=\"e0a57c4\" data-element_type=\"column\" data-e-type=\"column\" data-settings=\"{&quot;animation&quot;:&quot;fadeInUp&quot;,&quot;background_background&quot;:&quot;classic&quot;}\">\n\t\t\t<div class=\"elementor-widget-wrap\">\n\t\t\t\t\t\t\t<\/div>\n\t\t<\/div>\n\t\t\t\t\t<\/div>\n\t\t<\/section>\n\t\t\t\t<section data-particle_enable=\"false\" data-particle-mobile-disabled=\"false\" class=\"elementor-section elementor-top-section elementor-element elementor-element-712a208 ct-section-stretched elementor-section-full_width elementor-section-height-default elementor-section-height-default\" data-id=\"712a208\" data-element_type=\"section\" data-e-type=\"section\" data-settings=\"{&quot;background_background&quot;:&quot;classic&quot;}\">\n\t\t\t\t\t\t<div class=\"elementor-container elementor-column-gap-no\">\n\t\t\t\t\t<div class=\"elementor-column elementor-col-100 elementor-top-column elementor-element elementor-element-9a457b2\" data-id=\"9a457b2\" data-element_type=\"column\" data-e-type=\"column\" data-settings=\"{&quot;background_background&quot;:&quot;classic&quot;}\">\n\t\t\t<div class=\"elementor-widget-wrap elementor-element-populated\">\n\t\t\t\t\t\t<section data-particle_enable=\"false\" data-particle-mobile-disabled=\"false\" class=\"elementor-section elementor-inner-section elementor-element elementor-element-8280dec elementor-section-boxed elementor-section-height-default elementor-section-height-default\" data-id=\"8280dec\" data-element_type=\"section\" data-e-type=\"section\" data-settings=\"{&quot;background_background&quot;:&quot;classic&quot;}\">\n\t\t\t\t\t\t<div class=\"elementor-container elementor-column-gap-no\">\n\t\t\t\t\t<div class=\"elementor-column elementor-col-50 elementor-inner-column elementor-element elementor-element-7c4fc37\" data-id=\"7c4fc37\" data-element_type=\"column\" data-e-type=\"column\" data-settings=\"{&quot;background_background&quot;:&quot;classic&quot;}\">\n\t\t\t<div class=\"elementor-widget-wrap elementor-element-populated\">\n\t\t\t\t\t\t<div class=\"elementor-element elementor-element-09899ac elementor-widget elementor-widget-heading\" data-id=\"09899ac\" data-element_type=\"widget\" data-e-type=\"widget\" data-widget_type=\"heading.default\">\n\t\t\t\t<div class=\"elementor-widget-container\">\n\t\t\t\t\t<h1 class=\"elementor-heading-title elementor-size-default\">Gas-Brennwertkessel und W\u00e4rmepumpe<\/h1>\t\t\t\t<\/div>\n\t\t\t\t<\/div>\n\t\t\t\t<div class=\"elementor-element elementor-element-a77245f elementor-widget elementor-widget-heading\" data-id=\"a77245f\" data-element_type=\"widget\" data-e-type=\"widget\" data-widget_type=\"heading.default\">\n\t\t\t\t<div class=\"elementor-widget-container\">\n\t\t\t\t\t<h3 class=\"elementor-heading-title elementor-size-default\">Daikin Altherma Hybrid-Gasanlagen<\/h3>\t\t\t\t<\/div>\n\t\t\t\t<\/div>\n\t\t\t\t<div class=\"elementor-element elementor-element-539fb49 elementor-widget-divider--view-line elementor-widget elementor-widget-divider\" data-id=\"539fb49\" data-element_type=\"widget\" data-e-type=\"widget\" data-widget_type=\"divider.default\">\n\t\t\t\t<div class=\"elementor-widget-container\">\n\t\t\t\t\t\t\t<div class=\"elementor-divider\">\n\t\t\t<span class=\"elementor-divider-separator\">\n\t\t\t\t\t\t<\/span>\n\t\t<\/div>\n\t\t\t\t\t\t<\/div>\n\t\t\t\t<\/div>\n\t\t\t\t<div class=\"elementor-element elementor-element-c002a2b elementor-widget elementor-widget-text-editor\" data-id=\"c002a2b\" data-element_type=\"widget\" data-e-type=\"widget\" data-widget_type=\"text-editor.default\">\n\t\t\t\t<div class=\"elementor-widget-container\">\n\t\t\t\t\t\t\t\t\t<p>Hybrid allein<strong>\u00a0Auswahl w\u00e4hrend des Betriebs<\/strong> nur W\u00e4rmepumpe, nur Gas-Brennwertkessel oder eine Kombination aus beidem. Sind die Umgebungstemperaturen so, dass die W\u00e4rmepumpe wirtschaftlich betrieben werden kann, ist das Geb\u00e4ude mit der W\u00e4rmepumpe zu beheizen. Bei extrem niedrigen Temperaturen, die f\u00fcr den Betrieb der W\u00e4rmepumpe ung\u00fcnstig sind, ist ein Gas-Brennwertkessel zu verwenden. Ben\u00f6tigt die W\u00e4rmepumpe etwas zus\u00e4tzliche Unterst\u00fctzung, um die erforderlichen Temperaturen zu erreichen, sind beide Heizquellen zu betreiben.<\/p>\t\t\t\t\t\t\t\t<\/div>\n\t\t\t\t<\/div>\n\t\t\t\t\t<\/div>\n\t\t<\/div>\n\t\t\t\t<div class=\"elementor-column elementor-col-50 elementor-inner-column elementor-element elementor-element-4232183\" data-id=\"4232183\" data-element_type=\"column\" data-e-type=\"column\" data-settings=\"{&quot;background_background&quot;:&quot;classic&quot;}\">\n\t\t\t<div class=\"elementor-widget-wrap elementor-element-populated\">\n\t\t\t\t\t\t<div class=\"elementor-element elementor-element-5d5047f elementor-widget elementor-widget-video\" data-id=\"5d5047f\" data-element_type=\"widget\" data-e-type=\"widget\" data-settings=\"{&quot;youtube_url&quot;:&quot;https:\\\/\\\/www.youtube.com\\\/watch?v=-ajDdbF5Cis&quot;,&quot;loop&quot;:&quot;yes&quot;,&quot;video_type&quot;:&quot;youtube&quot;}\" data-widget_type=\"video.default\">\n\t\t\t\t<div class=\"elementor-widget-container\">\n\t\t\t\t\t\t\t<div class=\"elementor-wrapper elementor-open-inline\">\n\t\t\t<div class=\"elementor-video\"><\/div>\t\t<\/div>\n\t\t\t\t\t\t<\/div>\n\t\t\t\t<\/div>\n\t\t\t\t\t<\/div>\n\t\t<\/div>\n\t\t\t\t\t<\/div>\n\t\t<\/section>\n\t\t\t\t<section data-particle_enable=\"false\" data-particle-mobile-disabled=\"false\" class=\"elementor-section elementor-inner-section elementor-element elementor-element-10f4bb7 elementor-section-boxed elementor-section-height-default elementor-section-height-default\" data-id=\"10f4bb7\" data-element_type=\"section\" data-e-type=\"section\" data-settings=\"{&quot;background_background&quot;:&quot;classic&quot;}\">\n\t\t\t\t\t\t<div class=\"elementor-container elementor-column-gap-no\">\n\t\t\t\t\t<div class=\"elementor-column elementor-col-50 elementor-inner-column elementor-element elementor-element-dd4b2d9\" data-id=\"dd4b2d9\" data-element_type=\"column\" data-e-type=\"column\" data-settings=\"{&quot;background_background&quot;:&quot;classic&quot;}\">\n\t\t\t<div class=\"elementor-widget-wrap elementor-element-populated\">\n\t\t\t\t\t\t<div class=\"elementor-element elementor-element-b4f81a2 elementor-widget elementor-widget-heading\" data-id=\"b4f81a2\" data-element_type=\"widget\" data-e-type=\"widget\" data-widget_type=\"heading.default\">\n\t\t\t\t<div class=\"elementor-widget-container\">\n\t\t\t\t\t<h2 class=\"elementor-heading-title elementor-size-default\">Zwei verschmolzen zu einem<\/h2>\t\t\t\t<\/div>\n\t\t\t\t<\/div>\n\t\t\t\t<div class=\"elementor-element elementor-element-dc83c81 elementor-widget elementor-widget-heading\" data-id=\"dc83c81\" data-element_type=\"widget\" data-e-type=\"widget\" data-widget_type=\"heading.default\">\n\t\t\t\t<div class=\"elementor-widget-container\">\n\t\t\t\t\t<h3 class=\"elementor-heading-title elementor-size-default\">Gas-Brennwertkessel und W\u00e4rmepumpe im unschlagbaren Doppelpack<\/h3>\t\t\t\t<\/div>\n\t\t\t\t<\/div>\n\t\t\t\t<div class=\"elementor-element elementor-element-634e1ec elementor-widget-divider--view-line elementor-widget elementor-widget-divider\" data-id=\"634e1ec\" data-element_type=\"widget\" data-e-type=\"widget\" data-widget_type=\"divider.default\">\n\t\t\t\t<div class=\"elementor-widget-container\">\n\t\t\t\t\t\t\t<div class=\"elementor-divider\">\n\t\t\t<span class=\"elementor-divider-separator\">\n\t\t\t\t\t\t<\/span>\n\t\t<\/div>\n\t\t\t\t\t\t<\/div>\n\t\t\t\t<\/div>\n\t\t\t\t<div class=\"elementor-element elementor-element-8305aca elementor-widget elementor-widget-text-editor\" data-id=\"8305aca\" data-element_type=\"widget\" data-e-type=\"widget\" data-widget_type=\"text-editor.default\">\n\t\t\t\t<div class=\"elementor-widget-container\">\n\t\t\t\t\t\t\t\t\t<p>Die Kombination eines Gas-Brennwertkessels und einer W\u00e4rmepumpe in einem Hybrid-Wandger\u00e4t ist <strong>eine hervorragende L\u00f6sung<\/strong>also<strong> auf dem Gebiet der W\u00e4rmepumpen<\/strong>als <strong>im Bereich der Gasheizkessel<\/strong>. Es eignet sich sowohl f\u00fcr Neubauten als auch f\u00fcr Renovierungen und kann f\u00fcr Niedertemperatur-Fu\u00dfbodenheizungen, Wandheizungen, Hochtemperatur-Radiatorheizungen oder eine Kombination aus diesen eingesetzt werden. <span style=\"text-decoration: underline; color: #00ccff;\"><a style=\"color: #00ccff; text-decoration: underline;\" href=\"https:\/\/www.seltron.si\/de\/produkt\/daikin-altherma-hybrid-warmepumpe\/\" target=\"_blank\" rel=\"noopener\">Daikin Altherma Hybrid<\/a><\/span> kombiniert zwei W\u00e4rmequellen (Gas- und Luftw\u00e4rme) und w\u00e4hlt in Abh\u00e4ngigkeit von der Au\u00dfentemperatur und dem W\u00e4rmebedarf des Geb\u00e4udes immer die wirtschaftlichste und effizienteste aus. Ein vorhandener Gasofen kann problemlos und ohne zus\u00e4tzliche Kosten durch eine Hybrid-W\u00e4rmepumpe ersetzt werden, ohne dass besondere Anpassungen an der Installation vorgenommen werden m\u00fcssen, da beide Versionen die gleichen Abmessungen haben. Lesen Sie mehr <a href=\"https:\/\/www.daikin.si\/sl_sl\/druzine-izdelkov\/tehnologija-hibridne-toplotne-crpalke.html\" target=\"_blank\" rel=\"noopener\"><span style=\"text-decoration: underline;\"><span style=\"color: #00ccff; text-decoration: underline;\">Daikin-Website.<\/span><\/span><\/a><\/p>\t\t\t\t\t\t\t\t<\/div>\n\t\t\t\t<\/div>\n\t\t\t\t\t<\/div>\n\t\t<\/div>\n\t\t\t\t<div class=\"elementor-column elementor-col-50 elementor-inner-column elementor-element elementor-element-16e8c5b\" data-id=\"16e8c5b\" data-element_type=\"column\" data-e-type=\"column\" data-settings=\"{&quot;background_background&quot;:&quot;classic&quot;}\">\n\t\t\t<div class=\"elementor-widget-wrap elementor-element-populated\">\n\t\t\t\t\t\t<div class=\"elementor-element elementor-element-b15fb40 elementor-widget elementor-widget-image\" data-id=\"b15fb40\" data-element_type=\"widget\" data-e-type=\"widget\" data-widget_type=\"image.default\">\n\t\t\t\t<div class=\"elementor-widget-container\">\n\t\t\t\t\t\t\t\t\t\t\t\t\t\t\t<img fetchpriority=\"high\" decoding=\"async\" width=\"1024\" height=\"1024\" src=\"https:\/\/www.seltron.si\/wp-content\/uploads\/2019\/11\/hibrid2.png\" class=\"attachment-large size-large wp-image-12925\" alt=\"\" srcset=\"https:\/\/www.seltron.si\/wp-content\/uploads\/2019\/11\/hibrid2.png.webp 1024w, https:\/\/www.seltron.si\/wp-content\/uploads\/2019\/11\/hibrid2-500x500.png.webp 500w, https:\/\/www.seltron.si\/wp-content\/uploads\/2019\/11\/hibrid2-100x100.png.webp 100w, https:\/\/www.seltron.si\/wp-content\/uploads\/2019\/11\/hibrid2-800x800.png.webp 800w, https:\/\/www.seltron.si\/wp-content\/uploads\/2019\/11\/hibrid2-300x300.png.webp 300w, https:\/\/www.seltron.si\/wp-content\/uploads\/2019\/11\/hibrid2-80x80.png.webp 80w, https:\/\/www.seltron.si\/wp-content\/uploads\/2019\/11\/hibrid2-768x768.png.webp 768w\" sizes=\"(max-width: 1024px) 100vw, 1024px\" \/>\t\t\t\t\t\t\t\t\t\t\t\t\t\t\t<\/div>\n\t\t\t\t<\/div>\n\t\t\t\t\t<\/div>\n\t\t<\/div>\n\t\t\t\t\t<\/div>\n\t\t<\/section>\n\t\t\t\t\t<\/div>\n\t\t<\/div>\n\t\t\t\t\t<\/div>\n\t\t<\/section>\n\t\t\t\t<section data-particle_enable=\"false\" data-particle-mobile-disabled=\"false\" class=\"elementor-section elementor-top-section elementor-element elementor-element-35aa7218 ct-section-stretched elementor-section-boxed elementor-section-height-default elementor-section-height-default\" data-id=\"35aa7218\" data-element_type=\"section\" data-e-type=\"section\" data-settings=\"{&quot;background_background&quot;:&quot;classic&quot;}\">\n\t\t\t\t\t\t<div class=\"elementor-container elementor-column-gap-default\">\n\t\t\t\t\t<div class=\"elementor-column elementor-col-50 elementor-top-column elementor-element elementor-element-43544cbf\" data-id=\"43544cbf\" data-element_type=\"column\" data-e-type=\"column\">\n\t\t\t<div class=\"elementor-widget-wrap elementor-element-populated\">\n\t\t\t\t\t\t<div class=\"elementor-element elementor-element-26113189 elementor-widget elementor-widget-heading\" data-id=\"26113189\" data-element_type=\"widget\" data-e-type=\"widget\" data-widget_type=\"heading.default\">\n\t\t\t\t<div class=\"elementor-widget-container\">\n\t\t\t\t\t<h3 class=\"elementor-heading-title elementor-size-default\">Sie k\u00f6nnen einen Zuschuss aus dem ECO-Fonds f\u00fcr Ihre Investition in einen Gas-Brennwertkessel erhalten<\/h3>\t\t\t\t<\/div>\n\t\t\t\t<\/div>\n\t\t\t\t<div class=\"elementor-element elementor-element-5c0db79d elementor-widget-divider--view-line elementor-widget elementor-widget-divider\" data-id=\"5c0db79d\" data-element_type=\"widget\" data-e-type=\"widget\" data-widget_type=\"divider.default\">\n\t\t\t\t<div class=\"elementor-widget-container\">\n\t\t\t\t\t\t\t<div class=\"elementor-divider\">\n\t\t\t<span class=\"elementor-divider-separator\">\n\t\t\t\t\t\t<\/span>\n\t\t<\/div>\n\t\t\t\t\t\t<\/div>\n\t\t\t\t<\/div>\n\t\t\t\t<div class=\"elementor-element elementor-element-3044645 elementor-widget elementor-widget-text-editor\" data-id=\"3044645\" data-element_type=\"widget\" data-e-type=\"widget\" data-widget_type=\"text-editor.default\">\n\t\t\t\t<div class=\"elementor-widget-container\">\n\t\t\t\t\t\t\t\t\t<p>Die W\u00e4rmepumpenheizung ist eine der erneuerbaren Energiequellen, f\u00fcr die die Regierung Zusch\u00fcsse und g\u00fcnstige Darlehen gew\u00e4hrt. Die Installation einer W\u00e4rmepumpe f\u00fcr die zentrale Raumheizung ist f\u00f6rderf\u00e4hig f\u00fcr <strong>Zusch\u00fcsse<\/strong><a href=\"https:\/\/www.ekosklad.si\/prebivalstvo\/pridobite-spodbudo\/seznam-spodbud\/toplotne-crpalke\/toplotne-crpalke-subvencija-2\" target=\"_blank\" rel=\"noopener\"><span style=\"text-decoration: underline;\"><span style=\"color: #00ccff; text-decoration: underline;\"> ECO-Fonds<\/span><\/span><\/a> bis zu 50 % der beihilfef\u00e4higen Investitionskosten<\/p>\t\t\t\t\t\t\t\t<\/div>\n\t\t\t\t<\/div>\n\t\t\t\t\t<\/div>\n\t\t<\/div>\n\t\t\t\t<div class=\"elementor-column elementor-col-50 elementor-top-column elementor-element elementor-element-4ff08c81\" data-id=\"4ff08c81\" data-element_type=\"column\" data-e-type=\"column\">\n\t\t\t<div class=\"elementor-widget-wrap elementor-element-populated\">\n\t\t\t\t\t\t<div class=\"elementor-element elementor-element-77ad6df0 elementor-widget elementor-widget-image\" data-id=\"77ad6df0\" data-element_type=\"widget\" data-e-type=\"widget\" data-widget_type=\"image.default\">\n\t\t\t\t<div class=\"elementor-widget-container\">\n\t\t\t\t\t\t\t\t\t\t\t\t\t\t\t<img decoding=\"async\" width=\"225\" height=\"225\" src=\"https:\/\/www.seltron.si\/wp-content\/uploads\/2020\/03\/Eko-sklad.jpg\" class=\"attachment-large size-large wp-image-25442\" alt=\"\" srcset=\"https:\/\/www.seltron.si\/wp-content\/uploads\/2020\/03\/Eko-sklad.jpg.webp 225w, https:\/\/www.seltron.si\/wp-content\/uploads\/2020\/03\/Eko-sklad-100x100.jpg.webp 100w, https:\/\/www.seltron.si\/wp-content\/uploads\/2020\/03\/Eko-sklad-80x80.jpg.webp 80w\" sizes=\"(max-width: 225px) 100vw, 225px\" \/>\t\t\t\t\t\t\t\t\t\t\t\t\t\t\t<\/div>\n\t\t\t\t<\/div>\n\t\t\t\t\t<\/div>\n\t\t<\/div>\n\t\t\t\t\t<\/div>\n\t\t<\/section>\n\t\t\t\t<section data-particle_enable=\"false\" data-particle-mobile-disabled=\"false\" class=\"elementor-section elementor-top-section elementor-element elementor-element-c045a65 ct-section-stretched animated-slow elementor-section-boxed elementor-section-height-default elementor-section-height-default\" data-id=\"c045a65\" data-element_type=\"section\" data-e-type=\"section\" data-settings=\"{&quot;background_background&quot;:&quot;classic&quot;,&quot;animation&quot;:&quot;none&quot;,&quot;animation_delay&quot;:100}\">\n\t\t\t\t\t\t\t<div class=\"elementor-background-overlay\"><\/div>\n\t\t\t\t\t\t\t<div class=\"elementor-container elementor-column-gap-default\">\n\t\t\t\t\t<div class=\"elementor-column elementor-col-100 elementor-top-column elementor-element elementor-element-4d11c9ab\" data-id=\"4d11c9ab\" data-element_type=\"column\" data-e-type=\"column\">\n\t\t\t<div class=\"elementor-widget-wrap elementor-element-populated\">\n\t\t\t\t\t\t<div class=\"elementor-element elementor-element-7eb71979 elementor-widget elementor-widget-heading\" data-id=\"7eb71979\" data-element_type=\"widget\" data-e-type=\"widget\" data-widget_type=\"heading.default\">\n\t\t\t\t<div class=\"elementor-widget-container\">\n\t\t\t\t\t<h2 class=\"elementor-heading-title elementor-size-default\">Auswahl an Gasheizkesseln<\/h2>\t\t\t\t<\/div>\n\t\t\t\t<\/div>\n\t\t\t\t<div class=\"elementor-element elementor-element-b186fea elementor-widget elementor-widget-eael-post-list\" data-id=\"b186fea\" data-element_type=\"widget\" data-e-type=\"widget\" data-widget_type=\"eael-post-list.default\">\n\t\t\t\t<div class=\"elementor-widget-container\">\n\t\t\t\t\t<div class=\"eael-post-list-container default layout-default\"><div class=\"eael-post-list-header\"><\/div><div class=\"eael-post-list-wrap\"><div class=\"eael-post-list-posts-wrap eael-post-appender eael-post-appender-b186fea\"><div class=\"eael-post-list-post\"><div class=\"eael-post-list-thumbnail\"><a href=\"https:\/\/www.seltron.si\/de\/katalog-izdelkov\/ogrevanje\/plinski-kotli\/plinski-kondenzacijski-kotli\/plinski-kondenzacijski-kotel-altherma-3-c-gas\/\">\n                            <img decoding=\"async\" src=\"https:\/\/www.seltron.si\/wp-content\/uploads\/2020\/01\/plinski_kondenzacijski_kotel_daikin_altherma_3_c_gas.jpg\" alt=\"Daikin Altherma 3 C Gas-Brennwertkessel\">\n                        <\/a><\/div><div class=\"eael-post-list-content\"><h2 class=\"eael-post-list-title\"><a href=\"https:\/\/www.seltron.si\/de\/katalog-izdelkov\/ogrevanje\/plinski-kotli\/plinski-kondenzacijski-kotli\/plinski-kondenzacijski-kotel-altherma-3-c-gas\/\">Altherma 3 C Gas-Brennwertkessel<\/a><\/h2><p>Sie suchen nach einer wirtschaftlichen und dennoch bew\u00e4hrten L\u00f6sung f\u00fcr Ihr Heizsystem? Wenn...<\/p><a href=\"https:\/\/www.seltron.si\/de\/katalog-izdelkov\/ogrevanje\/plinski-kotli\/plinski-kondenzacijski-kotli\/plinski-kondenzacijski-kotel-altherma-3-c-gas\/\" class=\"eael-post-elements-readmore-btn\">Pro Produkt<\/a><\/div><\/div><\/div><\/div>\n\t\t<\/div><div data-nonce=\"298d257e29\" class=\"post-list-pagination\" data-widget-id=\"b186fea\" data-widget=\"b186fea\" data-page-id=\"5298\" data-class=\"Essential_Addons_Elementor\\Pro\\Elements\\Post_List\" data-args=\"orderby=date&amp;order=desc&amp;ignore_sticky_posts=1&amp;post_status=publish&amp;posts_per_page=6&amp;offset=0&amp;post_type=product&amp;tax_query%5B0%5D%5Btaxonomy%5D=product_cat&amp;tax_query%5B0%5D%5Bfield%5D=term_id&amp;tax_query%5B0%5D%5Bterms%5D%5B0%5D=136&amp;tax_query%5Brelation%5D=AND\" data-settings=\"eael_post_list_post_feature_image=yes&amp;eael_post_list_post_meta=&amp;eael_post_list_post_title=yes&amp;eael_post_list_post_excerpt=yes&amp;eael_post_list_post_excerpt_length=12&amp;eael_post_list_featured_area=&amp;eael_post_list_pagination=navigation&amp;eael_post_list_layout_type=default&amp;eael_post_list_post_cat=&amp;eael_post_list_title_tag=h2&amp;eael_show_read_more_button=yes&amp;eael_post_list_read_more_text=Na+izdelek&amp;eael_post_list_excerpt_expanison_indicator=...&amp;eael_post_featured_image_size=large\" data-page=\"1\" data-scroll-on-pagination=\"0\" data-scroll-offset=\"100\" data-template=\"{&quot;dir&quot;:&quot;pro&quot;,&quot;file_name&quot;:&quot;default.php&quot;,&quot;name&quot;:&quot;Post-List&quot;}\">\n            <button class=\"btn btn-prev-post\" id=\"post-nav-prev-b186fea\" disabled=\"true\" aria-label=\"vorherige\"><i aria-hidden=\"true\" class=\"fas fa-angle-left\"><\/i><\/button><button class=\"btn btn-next-post\" id=\"post-nav-next-b186fea\" aria-label=\"n\u00e4chste\"><i aria-hidden=\"true\" class=\"fas fa-angle-right\"><\/i><\/button>\n        <\/div>\t\t\t\t<\/div>\n\t\t\t\t<\/div>\n\t\t\t\t\t<\/div>\n\t\t<\/div>\n\t\t\t\t\t<\/div>\n\t\t<\/section>\n\t\t\t\t<section data-particle_enable=\"false\" data-particle-mobile-disabled=\"false\" class=\"elementor-section elementor-top-section elementor-element elementor-element-60b4d324 ct-section-stretched elementor-section-full_width animated-slow elementor-section-height-min-height elementor-section-content-middle elementor-section-height-default elementor-section-items-middle elementor-invisible\" data-id=\"60b4d324\" data-element_type=\"section\" data-e-type=\"section\" data-settings=\"{&quot;background_background&quot;:&quot;classic&quot;,&quot;animation&quot;:&quot;fadeInDown&quot;,&quot;animation_delay&quot;:100}\">\n\t\t\t\t\t\t<div class=\"elementor-container elementor-column-gap-no\">\n\t\t\t\t\t<div class=\"elementor-column elementor-col-100 elementor-top-column elementor-element elementor-element-26428a9c\" data-id=\"26428a9c\" data-element_type=\"column\" data-e-type=\"column\">\n\t\t\t<div class=\"elementor-widget-wrap elementor-element-populated\">\n\t\t\t\t\t\t<div class=\"elementor-element elementor-element-dff9cec content-align-cta-center elementor-widget elementor-widget-eael-cta-box\" data-id=\"dff9cec\" data-element_type=\"widget\" data-e-type=\"widget\" data-widget_type=\"eael-cta-box.default\">\n\t\t\t\t<div class=\"elementor-widget-container\">\n\t\t\t\t\t\t\t<div class=\"eael-call-to-action cta-basic bg-lite cta-preset-1\">\n        <h4 class=\"sub-title\">Wir machen Ihnen einen kostenlosen Kostenvoranschlag f\u00fcr Ihr Heiz- oder K\u00fchlsystem.<\/h4><h2 class=\"title eael-cta-heading\">Angebot anfordern<\/h2><p><a href=\"https:\/\/www.seltron.si\/wp-content\/uploads\/2020\/05\/aplikacija_Kelvin_Page_01_Image_0001.jpg\"><img decoding=\"async\" class=\"alignnone  wp-image-26667\" src=\"https:\/\/www.seltron.si\/wp-content\/uploads\/2020\/05\/aplikacija_Kelvin_Page_01_Image_0001-300x158.jpg\" alt=\"Kelvin-App\" width=\"448\" height=\"236\" srcset=\"https:\/\/www.seltron.si\/wp-content\/uploads\/2020\/05\/aplikacija_Kelvin_Page_01_Image_0001-300x158.jpg 300w, https:\/\/www.seltron.si\/wp-content\/uploads\/2020\/05\/aplikacija_Kelvin_Page_01_Image_0001-500x264.jpg 500w, https:\/\/www.seltron.si\/wp-content\/uploads\/2020\/05\/aplikacija_Kelvin_Page_01_Image_0001-800x422.jpg 800w, https:\/\/www.seltron.si\/wp-content\/uploads\/2020\/05\/aplikacija_Kelvin_Page_01_Image_0001-1030x543.jpg 1030w, https:\/\/www.seltron.si\/wp-content\/uploads\/2020\/05\/aplikacija_Kelvin_Page_01_Image_0001-768x405.jpg 768w, https:\/\/www.seltron.si\/wp-content\/uploads\/2020\/05\/aplikacija_Kelvin_Page_01_Image_0001-1536x810.jpg 1536w, https:\/\/www.seltron.si\/wp-content\/uploads\/2020\/05\/aplikacija_Kelvin_Page_01_Image_0001.jpg 2026w\" sizes=\"(max-width: 448px) 100vw, 448px\" \/><\/a><\/p><a href=\"https:\/\/www.seltron.si\/de\/eine-direkte-anfrage\/\" class=\"cta-button cta-preset-1\">Senden Sie uns eine Anfrage<\/a><a href=\"https:\/\/www.seltron.si\/de\/produktkategorie\/heizung\/\" class=\"cta-button cta-secondary-button effect-2\">Produktkatalog<\/a>\t<\/div>\n\t\t\t\t\t\t\t\t<\/div>\n\t\t\t\t<\/div>\n\t\t\t\t\t<\/div>\n\t\t<\/div>\n\t\t\t\t\t<\/div>\n\t\t<\/section>\n\t\t\t\t<\/div>","protected":false},"excerpt":{"rendered":"<p>Domov Kondenzacijski plinski kotel in toplotna \u010drpalka Hibridni plinski sistemi Daikin Altherma Hybrid Hibrid sam\u00a0izbira med delovanjem samo toplotne \u010drpalke, samo kondenzacijskega plinskega\u00a0 kotla ali kombinacije obeh. V primeru, da so temperature okolja tak\u0161ne, ki omogo\u010dajo var\u010dno delovanje toplotne \u010drpalke, se objekt ogreva s toplotno \u010drpalko. V pogojih izredno nizkih temperatur, neugodnih za delovanje toplotne [&hellip;]<\/p>\n","protected":false},"author":2,"featured_media":0,"parent":5125,"menu_order":3,"comment_status":"closed","ping_status":"closed","template":"elementor_header_footer","meta":{"_acf_changed":false,"footnotes":""},"class_list":["post-5298","page","type-page","status-publish","hentry"],"blocksy_meta":{"styles_descriptor":{"styles":{"desktop":"","tablet":"","mobile":""},"google_fonts":[],"version":6}},"acf":[],"_links":{"self":[{"href":"https:\/\/www.seltron.si\/de\/wp-json\/wp\/v2\/pages\/5298","targetHints":{"allow":["GET"]}}],"collection":[{"href":"https:\/\/www.seltron.si\/de\/wp-json\/wp\/v2\/pages"}],"about":[{"href":"https:\/\/www.seltron.si\/de\/wp-json\/wp\/v2\/types\/page"}],"author":[{"embeddable":true,"href":"https:\/\/www.seltron.si\/de\/wp-json\/wp\/v2\/users\/2"}],"replies":[{"embeddable":true,"href":"https:\/\/www.seltron.si\/de\/wp-json\/wp\/v2\/comments?post=5298"}],"version-history":[{"count":3,"href":"https:\/\/www.seltron.si\/de\/wp-json\/wp\/v2\/pages\/5298\/revisions"}],"predecessor-version":[{"id":100875,"href":"https:\/\/www.seltron.si\/de\/wp-json\/wp\/v2\/pages\/5298\/revisions\/100875"}],"up":[{"embeddable":true,"href":"https:\/\/www.seltron.si\/de\/wp-json\/wp\/v2\/pages\/5125"}],"wp:attachment":[{"href":"https:\/\/www.seltron.si\/de\/wp-json\/wp\/v2\/media?parent=5298"}],"curies":[{"name":"wp","href":"https:\/\/api.w.org\/{rel}","templated":true}]}}