{"id":71184,"date":"2022-03-25T10:17:16","date_gmt":"2022-03-25T10:17:16","guid":{"rendered":"https:\/\/www.seltron.si\/?page_id=71184"},"modified":"2024-04-23T09:26:31","modified_gmt":"2024-04-23T09:26:31","slug":"blog","status":"publish","type":"page","link":"https:\/\/www.seltron.si\/de\/blog\/","title":{"rendered":"Blog"},"content":{"rendered":"<div class=\"ct-posts-shortcode\" data-prefix=\"blog\"><div class=\"entries\" data-archive=\"default\" data-layout=\"grid\" data-cards=\"boxed\" data-hover=\"zoom-in\"><article class=\"entry-card card-content post-103863 post type-post status-publish format-standard has-post-thumbnail hentry category-ogrevanje-in-klimatizacija category-klimatizacija\" data-reveal=\"bottom:no\"><a class=\"ct-media-container boundless-image has-hover-effect\" href=\"https:\/\/www.seltron.si\/de\/kako-odpraviti-vlago-v-prostoru\/\" aria-label=\"Wie man Feuchtigkeit in einem Raum durch richtige Bel\u00fcftung vermeidet\"><img loading=\"lazy\" decoding=\"async\" width=\"800\" height=\"800\" src=\"https:\/\/www.seltron.si\/wp-content\/uploads\/2026\/05\/kako-odpraviti-vlago-v-prostoru.webp\" class=\"attachment-large size-large wp-post-image\" alt=\"Wie man Feuchtigkeit aus einem Raum entfernt\" srcset=\"https:\/\/www.seltron.si\/wp-content\/uploads\/2026\/05\/kako-odpraviti-vlago-v-prostoru.webp 800w, https:\/\/www.seltron.si\/wp-content\/uploads\/2026\/05\/kako-odpraviti-vlago-v-prostoru-300x300.webp 300w, https:\/\/www.seltron.si\/wp-content\/uploads\/2026\/05\/kako-odpraviti-vlago-v-prostoru-80x80.webp 80w, https:\/\/www.seltron.si\/wp-content\/uploads\/2026\/05\/kako-odpraviti-vlago-v-prostoru-768x768.webp 768w, https:\/\/www.seltron.si\/wp-content\/uploads\/2026\/05\/kako-odpraviti-vlago-v-prostoru-12x12.webp 12w, https:\/\/www.seltron.si\/wp-content\/uploads\/2026\/05\/kako-odpraviti-vlago-v-prostoru-500x500.webp 500w, https:\/\/www.seltron.si\/wp-content\/uploads\/2026\/05\/kako-odpraviti-vlago-v-prostoru-100x100.webp 100w\" sizes=\"auto, (max-width: 800px) 100vw, 800px\" itemprop=\"image\" style=\"aspect-ratio: 1\/1;\" \/><\/a><h2 class=\"entry-title\"><a href=\"https:\/\/www.seltron.si\/de\/kako-odpraviti-vlago-v-prostoru\/\" rel=\"bookmark\">Wie man Feuchtigkeit in einem Raum durch richtige Bel\u00fcftung vermeidet<\/a><\/h2><div class=\"entry-excerpt\"><p>Feuchtigkeit im Raum ist ein h\u00e4ufiges Problem, das die Wohnqualit\u00e4t, das Wohlbefinden und den Zustand des Geb\u00e4udes beeintr\u00e4chtigt. In diesem Artikel erfahren Sie, warum Feuchtigkeit entsteht, wie man sie erkennt, wie richtige Bel\u00fcftung hilft und wann der Einsatz einer L\u00fcftungsanlage sinnvoll ist.<\/p>\n<\/div><a class=\"entry-button wp-element-button ct-button-ghost\" href=\"https:\/\/www.seltron.si\/de\/kako-odpraviti-vlago-v-prostoru\/\">Mehr lesen<svg width=\"17px\" height=\"17px\" viewbox=\"0 0 32 32\" fill=\"currentColor\"><path d=\"M 21.1875 9.28125 L 19.78125 10.71875 L 24.0625 15 L 4 15 L 4 17 L 24.0625 17 L 19.78125 21.28125 L 21.1875 22.71875 L 27.90625 16 Z \"><\/path><\/svg><span class=\"screen-reader-text\">Wie man Feuchtigkeit in einem Raum durch richtige Bel\u00fcftung vermeidet<\/span><\/a><ul class=\"entry-meta\" data-type=\"label:slash\" data-id=\"4-iHzo\" ><li class=\"meta-date\" itemprop=\"datePublished\"><time class=\"ct-meta-element-date\" datetime=\"2026-05-04T10:49:08+00:00\">4. Mai 2026<\/time><\/li><\/ul><\/article><article class=\"entry-card card-content post-101740 post type-post status-publish format-standard has-post-thumbnail hentry category-ogrevanje-in-klimatizacija category-nasveti-ogrevanje-hlajenje category-ogrevanje-s-toplotno-crpalko\" data-reveal=\"bottom:no\"><a class=\"ct-media-container boundless-image has-hover-effect\" href=\"https:\/\/www.seltron.si\/de\/kaj-je-toplotna-crpalka\/\" aria-label=\"Was ist eine W\u00e4rmepumpe?\"><img loading=\"lazy\" decoding=\"async\" width=\"500\" height=\"500\" src=\"https:\/\/www.seltron.si\/wp-content\/uploads\/2025\/12\/kaj-je-toplotna-crpalka-in-kako-deluje.webp\" class=\"attachment-large size-large wp-post-image\" alt=\"Was ist eine W\u00e4rmepumpe?\" srcset=\"https:\/\/www.seltron.si\/wp-content\/uploads\/2025\/12\/kaj-je-toplotna-crpalka-in-kako-deluje.webp 500w, https:\/\/www.seltron.si\/wp-content\/uploads\/2025\/12\/kaj-je-toplotna-crpalka-in-kako-deluje-300x300.webp 300w, https:\/\/www.seltron.si\/wp-content\/uploads\/2025\/12\/kaj-je-toplotna-crpalka-in-kako-deluje-80x80.webp 80w, https:\/\/www.seltron.si\/wp-content\/uploads\/2025\/12\/kaj-je-toplotna-crpalka-in-kako-deluje-12x12.webp 12w, https:\/\/www.seltron.si\/wp-content\/uploads\/2025\/12\/kaj-je-toplotna-crpalka-in-kako-deluje-100x100.webp 100w\" sizes=\"auto, (max-width: 500px) 100vw, 500px\" itemprop=\"image\" style=\"aspect-ratio: 1\/1;\" \/><\/a><h2 class=\"entry-title\"><a href=\"https:\/\/www.seltron.si\/de\/kaj-je-toplotna-crpalka\/\" rel=\"bookmark\">Was ist eine W\u00e4rmepumpe?<\/a><\/h2><div class=\"entry-excerpt\"><p>Erfahren Sie, was eine W\u00e4rmepumpe ist, wie sie funktioniert und warum Sie f\u00fcr 1 kWh Strom ein Vielfaches an W\u00e4rme erhalten k\u00f6nnen. Effizienz, Verbrauch, Kosten und die wichtigsten Kriterien f\u00fcr die Wahl der richtigen W\u00e4rmepumpe f\u00fcr Ihr Haus werden klar erkl\u00e4rt.<\/p>\n<\/div><a class=\"entry-button wp-element-button ct-button-ghost\" href=\"https:\/\/www.seltron.si\/de\/kaj-je-toplotna-crpalka\/\">Mehr lesen<svg width=\"17px\" height=\"17px\" viewbox=\"0 0 32 32\" fill=\"currentColor\"><path d=\"M 21.1875 9.28125 L 19.78125 10.71875 L 24.0625 15 L 4 15 L 4 17 L 24.0625 17 L 19.78125 21.28125 L 21.1875 22.71875 L 27.90625 16 Z \"><\/path><\/svg><span class=\"screen-reader-text\">Was ist eine W\u00e4rmepumpe?<\/span><\/a><ul class=\"entry-meta\" data-type=\"label:slash\" data-id=\"4-iHzo\" ><li class=\"meta-date\" itemprop=\"datePublished\"><time class=\"ct-meta-element-date\" datetime=\"2025-12-08T18:54:48+00:00\">Dezember 8, 2025<\/time><\/li><\/ul><\/article><article class=\"entry-card card-content post-100092 post type-post status-publish format-standard has-post-thumbnail hentry category-ogrevanje-in-klimatizacija category-klimatizacija\" data-reveal=\"bottom:no\"><a class=\"ct-media-container boundless-image has-hover-effect\" href=\"https:\/\/www.seltron.si\/de\/zanesljiva-klima-naprava-daikin-perfera\/\" aria-label=\"Daikin Perfera \u00fcberzeugt im Test der Stiftung Warentest - eine zuverl\u00e4ssige Wahl f\u00fcr den Sommer\"><img loading=\"lazy\" decoding=\"async\" width=\"500\" height=\"500\" src=\"https:\/\/www.seltron.si\/wp-content\/uploads\/2025\/06\/Daikin_Perfera_navdusila_na_testu_Stiftung_Warentest-zanesljiva-izbira-za-poletje-blog.webp\" class=\"attachment-large size-large wp-post-image\" alt=\"Daikin Perfera \u00fcberzeugt im Test der Stiftung Warentest Verl\u00e4ssliche Wahl f\u00fcr den Sommerblog\" srcset=\"https:\/\/www.seltron.si\/wp-content\/uploads\/2025\/06\/Daikin_Perfera_navdusila_na_testu_Stiftung_Warentest-zanesljiva-izbira-za-poletje-blog.webp 500w, https:\/\/www.seltron.si\/wp-content\/uploads\/2025\/06\/Daikin_Perfera_navdusila_na_testu_Stiftung_Warentest-zanesljiva-izbira-za-poletje-blog-300x300.webp 300w, https:\/\/www.seltron.si\/wp-content\/uploads\/2025\/06\/Daikin_Perfera_navdusila_na_testu_Stiftung_Warentest-zanesljiva-izbira-za-poletje-blog-80x80.webp 80w, https:\/\/www.seltron.si\/wp-content\/uploads\/2025\/06\/Daikin_Perfera_navdusila_na_testu_Stiftung_Warentest-zanesljiva-izbira-za-poletje-blog-12x12.webp 12w, https:\/\/www.seltron.si\/wp-content\/uploads\/2025\/06\/Daikin_Perfera_navdusila_na_testu_Stiftung_Warentest-zanesljiva-izbira-za-poletje-blog-100x100.webp 100w\" sizes=\"auto, (max-width: 500px) 100vw, 500px\" itemprop=\"image\" style=\"aspect-ratio: 1\/1;\" \/><\/a><h2 class=\"entry-title\"><a href=\"https:\/\/www.seltron.si\/de\/zanesljiva-klima-naprava-daikin-perfera\/\" rel=\"bookmark\">Daikin Perfera \u00fcberzeugt im Test der Stiftung Warentest - eine zuverl\u00e4ssige Wahl f\u00fcr den Sommer<\/a><\/h2><div class=\"entry-excerpt\"><p>Das Daikin Perfera erhielt im Test der Stiftung Warentest die Note GUT (2,2) und ist damit eines der besten Klimager\u00e4te in seiner Kategorie. Es bietet effiziente K\u00fchlung, leisen Betrieb und Heizung - alles in einem Ger\u00e4t, das f\u00fcr den ganzj\u00e4hrigen Einsatz geeignet ist.<\/p>\n<\/div><a class=\"entry-button wp-element-button ct-button-ghost\" href=\"https:\/\/www.seltron.si\/de\/zanesljiva-klima-naprava-daikin-perfera\/\">Mehr lesen<svg width=\"17px\" height=\"17px\" viewbox=\"0 0 32 32\" fill=\"currentColor\"><path d=\"M 21.1875 9.28125 L 19.78125 10.71875 L 24.0625 15 L 4 15 L 4 17 L 24.0625 17 L 19.78125 21.28125 L 21.1875 22.71875 L 27.90625 16 Z \"><\/path><\/svg><span class=\"screen-reader-text\">Daikin Perfera \u00fcberzeugt im Test der Stiftung Warentest - eine zuverl\u00e4ssige Wahl f\u00fcr den Sommer<\/span><\/a><ul class=\"entry-meta\" data-type=\"label:slash\" data-id=\"4-iHzo\" ><li class=\"meta-date\" itemprop=\"datePublished\"><time class=\"ct-meta-element-date\" datetime=\"2025-06-26T12:34:29+00:00\">Juni 26, 2025<\/time><\/li><\/ul><\/article><article class=\"entry-card card-content post-99511 post type-post status-publish format-standard has-post-thumbnail hentry category-ogrevanje-in-klimatizacija category-klimatizacija\" data-reveal=\"bottom:no\"><a class=\"ct-media-container boundless-image has-hover-effect\" href=\"https:\/\/www.seltron.si\/de\/ciscenje-klime\/\" aria-label=\"Reinigung von Klimaanlagen: warum sie notwendig ist und wie man sie durchf\u00fchrt\"><img loading=\"lazy\" decoding=\"async\" width=\"500\" height=\"500\" src=\"https:\/\/www.seltron.si\/wp-content\/uploads\/2025\/04\/ciscenje-klime-blog.webp\" class=\"attachment-large size-large wp-post-image\" alt=\"Reinigung des Klimager\u00e4ts\" srcset=\"https:\/\/www.seltron.si\/wp-content\/uploads\/2025\/04\/ciscenje-klime-blog.webp 500w, https:\/\/www.seltron.si\/wp-content\/uploads\/2025\/04\/ciscenje-klime-blog-300x300.webp 300w, https:\/\/www.seltron.si\/wp-content\/uploads\/2025\/04\/ciscenje-klime-blog-80x80.webp 80w, https:\/\/www.seltron.si\/wp-content\/uploads\/2025\/04\/ciscenje-klime-blog-12x12.webp 12w, https:\/\/www.seltron.si\/wp-content\/uploads\/2025\/04\/ciscenje-klime-blog-100x100.webp 100w\" sizes=\"auto, (max-width: 500px) 100vw, 500px\" itemprop=\"image\" style=\"aspect-ratio: 1\/1;\" \/><\/a><h2 class=\"entry-title\"><a href=\"https:\/\/www.seltron.si\/de\/ciscenje-klime\/\" rel=\"bookmark\">Reinigung von Klimaanlagen: warum sie notwendig ist und wie man sie durchf\u00fchrt<\/a><\/h2><div class=\"entry-excerpt\"><p>Die regelm\u00e4\u00dfige Reinigung der Klimaanlage ist entscheidend f\u00fcr ihre Effizienz und die Gesundheit des Raums. Finden Sie heraus, warum, wie und wie oft sie zu reinigen ist!<\/p>\n<\/div><a class=\"entry-button wp-element-button ct-button-ghost\" href=\"https:\/\/www.seltron.si\/de\/ciscenje-klime\/\">Mehr lesen<svg width=\"17px\" height=\"17px\" viewbox=\"0 0 32 32\" fill=\"currentColor\"><path d=\"M 21.1875 9.28125 L 19.78125 10.71875 L 24.0625 15 L 4 15 L 4 17 L 24.0625 17 L 19.78125 21.28125 L 21.1875 22.71875 L 27.90625 16 Z \"><\/path><\/svg><span class=\"screen-reader-text\">Reinigung von Klimaanlagen: warum sie notwendig ist und wie man sie durchf\u00fchrt<\/span><\/a><ul class=\"entry-meta\" data-type=\"label:slash\" data-id=\"4-iHzo\" ><li class=\"meta-date\" itemprop=\"datePublished\"><time class=\"ct-meta-element-date\" datetime=\"2025-04-17T09:03:18+00:00\">April 17, 2025<\/time><\/li><\/ul><\/article><article class=\"entry-card card-content post-99113 post type-post status-publish format-standard has-post-thumbnail hentry category-nasveti-ogrevanje-hlajenje category-ogrevanje-s-toplotno-crpalko\" data-reveal=\"bottom:no\"><a class=\"ct-media-container boundless-image has-hover-effect\" href=\"https:\/\/www.seltron.si\/de\/kako-poteka-montaza-toplotne-crpalke\/\" aria-label=\"Wie man eine W\u00e4rmepumpe installiert\"><img loading=\"lazy\" decoding=\"async\" width=\"600\" height=\"600\" src=\"https:\/\/www.seltron.si\/wp-content\/uploads\/2025\/01\/kako-poteka-montaza-toplotne-crpalke\u200b-blog.webp\" class=\"attachment-large size-large wp-post-image\" alt=\"Wie man eine W\u00e4rmepumpe installiert\" srcset=\"https:\/\/www.seltron.si\/wp-content\/uploads\/2025\/01\/kako-poteka-montaza-toplotne-crpalke\u200b-blog.webp 600w, https:\/\/www.seltron.si\/wp-content\/uploads\/2025\/01\/kako-poteka-montaza-toplotne-crpalke\u200b-blog-300x300.webp 300w, https:\/\/www.seltron.si\/wp-content\/uploads\/2025\/01\/kako-poteka-montaza-toplotne-crpalke\u200b-blog-80x80.webp 80w, https:\/\/www.seltron.si\/wp-content\/uploads\/2025\/01\/kako-poteka-montaza-toplotne-crpalke\u200b-blog-12x12.webp 12w, https:\/\/www.seltron.si\/wp-content\/uploads\/2025\/01\/kako-poteka-montaza-toplotne-crpalke\u200b-blog-500x500.webp 500w, https:\/\/www.seltron.si\/wp-content\/uploads\/2025\/01\/kako-poteka-montaza-toplotne-crpalke\u200b-blog-100x100.webp 100w\" sizes=\"auto, (max-width: 600px) 100vw, 600px\" itemprop=\"image\" style=\"aspect-ratio: 1\/1;\" \/><\/a><h2 class=\"entry-title\"><a href=\"https:\/\/www.seltron.si\/de\/kako-poteka-montaza-toplotne-crpalke\/\" rel=\"bookmark\">Wie man eine W\u00e4rmepumpe installiert<\/a><\/h2><div class=\"entry-excerpt\"><p>Ein umfassender Leitfaden f\u00fcr die professionelle Installation von W\u00e4rmepumpen, der die Vorbereitung des Systems, die Umsetzung und die Inbetriebnahme abdeckt, um eine optimale Leistung und langfristige Heizeffizienz f\u00fcr Ihr Haus zu gew\u00e4hrleisten.<\/p>\n<\/div><a class=\"entry-button wp-element-button ct-button-ghost\" href=\"https:\/\/www.seltron.si\/de\/kako-poteka-montaza-toplotne-crpalke\/\">Mehr lesen<svg width=\"17px\" height=\"17px\" viewbox=\"0 0 32 32\" fill=\"currentColor\"><path d=\"M 21.1875 9.28125 L 19.78125 10.71875 L 24.0625 15 L 4 15 L 4 17 L 24.0625 17 L 19.78125 21.28125 L 21.1875 22.71875 L 27.90625 16 Z \"><\/path><\/svg><span class=\"screen-reader-text\">Wie man eine W\u00e4rmepumpe installiert<\/span><\/a><ul class=\"entry-meta\" data-type=\"label:slash\" data-id=\"4-iHzo\" ><li class=\"meta-date\" itemprop=\"datePublished\"><time class=\"ct-meta-element-date\" datetime=\"2025-01-14T11:15:12+00:00\">Januar 14, 2025<\/time><\/li><\/ul><\/article><\/div>\n\t\t<nav class=\"ct-pagination\" data-pagination=\"simple\"  >\n\t\t\t<div class=\"ct-hidden-sm\"><span aria-current=\"page\" class=\"page-numbers current\">1<\/span>\n<a class=\"page-numbers\" href=\"https:\/\/www.seltron.si\/de\/wp-json\/wp\/v2\/pages\/71184\/page\/2\/\">2<\/a>\n<a class=\"page-numbers\" href=\"https:\/\/www.seltron.si\/de\/wp-json\/wp\/v2\/pages\/71184\/page\/3\/\">3<\/a>\n<a class=\"page-numbers\" href=\"https:\/\/www.seltron.si\/de\/wp-json\/wp\/v2\/pages\/71184\/page\/4\/\">4<\/a>\n<span class=\"page-numbers dots\">...<\/span>\n<a class=\"page-numbers\" href=\"https:\/\/www.seltron.si\/de\/wp-json\/wp\/v2\/pages\/71184\/page\/14\/\">14<\/a><\/div><a class=\"next page-numbers\" rel=\"next\" href=\"https:\/\/www.seltron.si\/de\/wp-json\/wp\/v2\/pages\/71184\/page\/2\/\">N\u00e4chste <svg width=\"9px\" height=\"9px\" viewbox=\"0 0 15 15\" fill=\"currentColor\"><path d=\"M4.1,15c0.2,0,0.4-0.1,0.6-0.2L11.4,8c0.3-0.3,0.3-0.8,0-1.1L4.8,0.2C4.5-0.1,4-0.1,3.7,0.2C3.4,0.5,3.4,1,3.7,1.3l6.1,6.1l-6.2,6.2c-0.3,0.3-0.3,0.8,0,1.1C3.7,14.9,3.9,15,4.1,15z\"\/><\/svg><\/a>\n\t\t\t\n\t\t<\/nav><\/div>","protected":false},"excerpt":{"rendered":"","protected":false},"author":2,"featured_media":0,"parent":0,"menu_order":0,"comment_status":"closed","ping_status":"closed","template":"elementor_theme","meta":{"_acf_changed":false,"footnotes":""},"class_list":["post-71184","page","type-page","status-publish","hentry"],"blocksy_meta":{"styles_descriptor":{"styles":{"desktop":"","tablet":"","mobile":""},"google_fonts":[],"version":6}},"acf":[],"_links":{"self":[{"href":"https:\/\/www.seltron.si\/de\/wp-json\/wp\/v2\/pages\/71184","targetHints":{"allow":["GET"]}}],"collection":[{"href":"https:\/\/www.seltron.si\/de\/wp-json\/wp\/v2\/pages"}],"about":[{"href":"https:\/\/www.seltron.si\/de\/wp-json\/wp\/v2\/types\/page"}],"author":[{"embeddable":true,"href":"https:\/\/www.seltron.si\/de\/wp-json\/wp\/v2\/users\/2"}],"replies":[{"embeddable":true,"href":"https:\/\/www.seltron.si\/de\/wp-json\/wp\/v2\/comments?post=71184"}],"version-history":[{"count":0,"href":"https:\/\/www.seltron.si\/de\/wp-json\/wp\/v2\/pages\/71184\/revisions"}],"wp:attachment":[{"href":"https:\/\/www.seltron.si\/de\/wp-json\/wp\/v2\/media?parent=71184"}],"curies":[{"name":"wp","href":"https:\/\/api.w.org\/{rel}","templated":true}]}}