{"id":92541,"date":"2023-06-28T07:43:42","date_gmt":"2023-06-28T07:43:42","guid":{"rendered":"https:\/\/www.seltron.si\/?page_id=92541"},"modified":"2025-08-01T07:57:42","modified_gmt":"2025-08-01T07:57:42","slug":"entwicklungsprojekte","status":"publish","type":"page","link":"https:\/\/www.seltron.si\/de\/razvojni-projekti\/","title":{"rendered":"Entwicklungsprojekte"},"content":{"rendered":"<div data-elementor-type=\"wp-page\" data-elementor-id=\"92541\" class=\"elementor elementor-92541\" data-elementor-post-type=\"page\">\n\t\t\t\t\t\t<section data-particle_enable=\"false\" data-particle-mobile-disabled=\"false\" class=\"elementor-section elementor-top-section elementor-element elementor-element-75a9c5e elementor-section-boxed elementor-section-height-default elementor-section-height-default\" data-id=\"75a9c5e\" data-element_type=\"section\" data-e-type=\"section\">\n\t\t\t\t\t\t<div class=\"elementor-container elementor-column-gap-no\">\n\t\t\t\t\t<div class=\"elementor-column elementor-col-100 elementor-top-column elementor-element elementor-element-c858d33\" data-id=\"c858d33\" data-element_type=\"column\" data-e-type=\"column\">\n\t\t\t<div class=\"elementor-widget-wrap elementor-element-populated\">\n\t\t\t\t\t\t<div class=\"elementor-element elementor-element-d531aed elementor-align-left elementor-hidden-mobile elementor-widget elementor-widget-global elementor-global-83323 elementor-widget-breadcrumbs\" data-id=\"d531aed\" data-element_type=\"widget\" data-e-type=\"widget\" data-widget_type=\"breadcrumbs.default\">\n\t\t\t\t<div class=\"elementor-widget-container\">\n\t\t\t\t\t<nav aria-label=\"Semmelbr\u00f6sel\" class=\"rank-math-breadcrumb\"><p><span class=\"last\">Startseite<\/span><\/p><\/nav>\t\t\t\t<\/div>\n\t\t\t\t<\/div>\n\t\t\t\t\t<\/div>\n\t\t<\/div>\n\t\t\t\t\t<\/div>\n\t\t<\/section>\n\t\t\t\t<section data-particle_enable=\"false\" data-particle-mobile-disabled=\"false\" class=\"elementor-section elementor-top-section elementor-element elementor-element-01f5824 elementor-section-boxed elementor-section-height-default elementor-section-height-default\" data-id=\"01f5824\" data-element_type=\"section\" data-e-type=\"section\">\n\t\t\t\t\t\t<div class=\"elementor-container elementor-column-gap-default\">\n\t\t\t\t\t<div class=\"elementor-column elementor-col-100 elementor-top-column elementor-element elementor-element-f8305e3\" data-id=\"f8305e3\" data-element_type=\"column\" data-e-type=\"column\">\n\t\t\t<div class=\"elementor-widget-wrap elementor-element-populated\">\n\t\t\t\t\t\t<div class=\"elementor-element elementor-element-46c19b7 elementor-widget elementor-widget-ucaddon_post_list\" data-id=\"46c19b7\" data-element_type=\"widget\" data-e-type=\"widget\" data-widget_type=\"ucaddon_post_list.default\">\n\t\t\t\t<div class=\"elementor-widget-container\">\n\t\t\t\t\t\n<!-- start Post List -->\n\t\t<link id='font-awesome-css' href='https:\/\/www.seltron.si\/wp-content\/plugins\/unlimited-elements-for-elementor-premium\/assets_libraries\/font-awesome6\/fontawesome-all.min.css' type='text\/css' rel='stylesheet' >\n\t\t<link id='font-awesome-4-shim-css' href='https:\/\/www.seltron.si\/wp-content\/plugins\/unlimited-elements-for-elementor-premium\/assets_libraries\/font-awesome6\/fontawesome-v4-shims.min.css' type='text\/css' rel='stylesheet' >\n\n<style>\/* widget: Post List *\/\n\n#uc_post_list_elementor_46c19b7\n{\n  display:grid;\n}\n\n\n#uc_post_list_elementor_46c19b7 .uc_post_list_image div\n{\n  background-size:cover;\n  background-position:center;\n}\n\n\n.uc_post_list .uc_post_list_box{\n\tposition: relative;\n\toverflow: hidden;\n\tdisplay: flex;\n}\n\n#uc_post_list_elementor_46c19b7 .uc_post_list_image\n{\n  flex-grow:0;\n  flex-shrink:0;\n}\n\n#uc_post_list_elementor_46c19b7 .uc_post_list_image img\n{\n  width:100%;\n  display:block;\n  \n}\n\n\n.uc_post_list_title a{\n\tcolor: #333333;\n    font-size: 16px;\n}\n.uc_post_list_date{\n\tfont-size: 12px;\n}\n\n#uc_post_list_elementor_46c19b7 .uc_post_list_content\n{\n  display:flex;\n  flex-direction:column;\n  flex:1;\n}\n\n#uc_post_list_elementor_46c19b7 .uc_more_btn{\n\n  text-align:center;\n  text-decoration:none;\n  transition:0.3s;\n}\n\n#uc_post_list_elementor_46c19b7 .button-on-side\n{\n  display:flex;\n  align-items:center;\n}\n\n\n.ue-grid-item-category a\n{\n  display:inline-block;\n  font-size:10px;\n  text-transform:uppercase;\n}\n\n#uc_post_list_elementor_46c19b7 .ue-meta-data\n{\n  \n  display:flex;\n\n  flex-wrap: wrap;\n  line-height:1em;\n}\n\n#uc_post_list_elementor_46c19b7 .ue-grid-item-meta-data\n{\n      display:inline-flex;\n      align-items:center;\n}\n\n.ue-grid-item-meta-data\n{\n  font-size:12px;\n}\n\n#uc_post_list_elementor_46c19b7 .ue-grid-item-meta-data-icon\n{\n  line-height:1em;\n}\n\n#uc_post_list_elementor_46c19b7 .ue-grid-item-meta-data-icon svg\n{\n  width:1em;\n  height:1em;\n}\n\n\n\n#uc_post_list_elementor_46c19b7 .ue-debug-meta\n{\n  padding:10px;\n  border:1px solid red;\n  position:relative;\n  line-height:1.5em;\n  font-size:11px;\n  width:100%;\n}\n\n<\/style>\n\n<div class=\"uc_post_list uc-items-wrapper\" id=\"uc_post_list_elementor_46c19b7\" >    \t\n  <div class=\"uc_post_list_box\">\n    \n  \t\t\n  \n    <div class=\"uc_post_list_content\">\n      <div class=\"uc_post_list_content_inside\">\n        \n                        \n         \n        \n         <div class=\"uc_post_list_title\"><a href=\"https:\/\/www.seltron.si\/de\/razvojni-projekt\/ai-for-heating\/\" title=\"Ai4Heating\">Ai4Heating<\/a><\/div>\t\n         \n        <div class=\"ue-meta-data\">\n                        \n                        \n            \n                        \n                        \n            \n              \n          <\/div>\n         \n                \n         <div class=\"uc_post_content\">Das Projekt Ai4Heating ist eine intelligente Plattform f\u00fcr die Bereitstellung von W\u00e4rmekomfort f\u00fcr den Nutzer bei reduziertem Energieverbrauch. Dieses Projekt wird es uns erm\u00f6glichen, \u00fcber das starre, voreingestellte Heizsystem hinauszugehen, das auf dem Markt bekannt ist....<\/div>\t\n         <div><a href=\"https:\/\/www.seltron.si\/de\/razvojni-projekt\/ai-for-heating\/\" class=\"uc_more_btn\" title=\"\">Mehr ...<\/a><\/div>\t\n      <\/div>\n    <\/div>\n     \n       \n<\/div>\n<div class=\"uc_post_list_box\">\n    \n  \t\t\n  \n    <div class=\"uc_post_list_content\">\n      <div class=\"uc_post_list_content_inside\">\n        \n                        \n         \n        \n         <div class=\"uc_post_list_title\"><a href=\"https:\/\/www.seltron.si\/de\/razvojni-projekt\/projekt-p4d-2\/\" title=\"P4D-Projekt\">P4D-Projekt<\/a><\/div>\t\n         \n        <div class=\"ue-meta-data\">\n                        \n                        \n            \n                        \n                        \n            \n              \n          <\/div>\n         \n                \n         <div class=\"uc_post_content\">Das Projekt Ai4Heating ist eine intelligente Plattform f\u00fcr die Bereitstellung von W\u00e4rmekomfort f\u00fcr den Nutzer bei reduziertem Energieverbrauch. Dieses Projekt wird es uns erm\u00f6glichen, \u00fcber das starre, voreingestellte Heizsystem hinauszugehen, das auf dem Markt bekannt ist....<\/div>\t\n         <div><a href=\"https:\/\/www.seltron.si\/de\/razvojni-projekt\/projekt-p4d-2\/\" class=\"uc_more_btn\" title=\"\">Mehr ...<\/a><\/div>\t\n      <\/div>\n    <\/div>\n     \n       \n<\/div>\n\n<\/div>\n\n\n<!-- end Post List -->\t\t\t\t<\/div>\n\t\t\t\t<\/div>\n\t\t\t\t\t<\/div>\n\t\t<\/div>\n\t\t\t\t\t<\/div>\n\t\t<\/section>\n\t\t\t\t<\/div>","protected":false},"excerpt":{"rendered":"<p>Domov Ai4Heating Projekt Ai4Heating predstavlja inteligentno platformo za zagotavljanje toplotnega udobja uporabnika z zmanj\u0161ano porabo energije. Ta projekt bo omogo\u010dil, da bomo lahko pre\u0161li do sedaj trgu poznan togi prednastavljeni&#8230; Ve\u010d &#8230; Projekt P4D Projekt Ai4Heating predstavlja inteligentno platformo za zagotavljanje toplotnega udobja uporabnika z zmanj\u0161ano porabo energije. Ta projekt bo omogo\u010dil, da bomo lahko [&hellip;]<\/p>\n","protected":false},"author":2,"featured_media":0,"parent":0,"menu_order":0,"comment_status":"closed","ping_status":"closed","template":"","meta":{"_acf_changed":false,"footnotes":""},"class_list":["post-92541","page","type-page","status-publish","hentry"],"blocksy_meta":[],"acf":[],"_links":{"self":[{"href":"https:\/\/www.seltron.si\/de\/wp-json\/wp\/v2\/pages\/92541","targetHints":{"allow":["GET"]}}],"collection":[{"href":"https:\/\/www.seltron.si\/de\/wp-json\/wp\/v2\/pages"}],"about":[{"href":"https:\/\/www.seltron.si\/de\/wp-json\/wp\/v2\/types\/page"}],"author":[{"embeddable":true,"href":"https:\/\/www.seltron.si\/de\/wp-json\/wp\/v2\/users\/2"}],"replies":[{"embeddable":true,"href":"https:\/\/www.seltron.si\/de\/wp-json\/wp\/v2\/comments?post=92541"}],"version-history":[{"count":3,"href":"https:\/\/www.seltron.si\/de\/wp-json\/wp\/v2\/pages\/92541\/revisions"}],"predecessor-version":[{"id":100842,"href":"https:\/\/www.seltron.si\/de\/wp-json\/wp\/v2\/pages\/92541\/revisions\/100842"}],"wp:attachment":[{"href":"https:\/\/www.seltron.si\/de\/wp-json\/wp\/v2\/media?parent=92541"}],"curies":[{"name":"wp","href":"https:\/\/api.w.org\/{rel}","templated":true}]}}