{"id":95207,"date":"2024-01-17T10:04:53","date_gmt":"2024-01-17T10:04:53","guid":{"rendered":"https:\/\/www.seltron.si\/?page_id=95207"},"modified":"2024-02-22T13:03:53","modified_gmt":"2024-02-22T13:03:53","slug":"sonderangebot-daikin-kostenloser-luftreiniger","status":"publish","type":"page","link":"https:\/\/www.seltron.si\/de\/posebna-ponudba-daikin-brezplacni-cistilnik-zraka\/","title":{"rendered":"Daikin-Sonderangebot: kostenloser Luftreiniger"},"content":{"rendered":"<div data-elementor-type=\"wp-page\" data-elementor-id=\"95207\" class=\"elementor elementor-95207\" data-elementor-post-type=\"page\">\n\t\t\t\t\t\t<section data-particle_enable=\"false\" data-particle-mobile-disabled=\"false\" class=\"elementor-section elementor-top-section elementor-element elementor-element-ac2804e elementor-section-height-min-height elementor-section-items-top elementor-section-boxed elementor-section-height-default\" data-id=\"ac2804e\" data-element_type=\"section\" data-e-type=\"section\" data-settings=\"{&quot;background_background&quot;:&quot;classic&quot;}\">\n\t\t\t\t\t\t<div class=\"elementor-container elementor-column-gap-no\">\n\t\t\t\t\t<div class=\"elementor-column elementor-col-100 elementor-top-column elementor-element elementor-element-945ad81\" data-id=\"945ad81\" data-element_type=\"column\" data-e-type=\"column\" data-settings=\"{&quot;background_background&quot;:&quot;classic&quot;}\">\n\t\t\t<div class=\"elementor-widget-wrap\">\n\t\t\t\t\t\t\t<\/div>\n\t\t<\/div>\n\t\t\t\t\t<\/div>\n\t\t<\/section>\n\t\t\t\t<section data-particle_enable=\"false\" data-particle-mobile-disabled=\"false\" class=\"elementor-section elementor-top-section elementor-element elementor-element-af8ce00 elementor-section-boxed elementor-section-height-default elementor-section-height-default\" data-id=\"af8ce00\" data-element_type=\"section\" data-e-type=\"section\">\n\t\t\t\t\t\t<div class=\"elementor-container elementor-column-gap-no\">\n\t\t\t\t\t<div class=\"elementor-column elementor-col-100 elementor-top-column elementor-element elementor-element-a5c0e02\" data-id=\"a5c0e02\" data-element_type=\"column\" data-e-type=\"column\">\n\t\t\t<div class=\"elementor-widget-wrap elementor-element-populated\">\n\t\t\t\t\t\t<div class=\"elementor-element elementor-element-d5a641b elementor-widget elementor-widget-spacer\" data-id=\"d5a641b\" data-element_type=\"widget\" data-e-type=\"widget\" data-widget_type=\"spacer.default\">\n\t\t\t\t<div class=\"elementor-widget-container\">\n\t\t\t\t\t\t\t<div class=\"elementor-spacer\">\n\t\t\t<div class=\"elementor-spacer-inner\"><\/div>\n\t\t<\/div>\n\t\t\t\t\t\t<\/div>\n\t\t\t\t<\/div>\n\t\t\t\t\t<\/div>\n\t\t<\/div>\n\t\t\t\t\t<\/div>\n\t\t<\/section>\n\t\t\t\t<section data-particle_enable=\"false\" data-particle-mobile-disabled=\"false\" class=\"elementor-section elementor-top-section elementor-element elementor-element-1b8dab9 elementor-section-boxed elementor-section-height-default elementor-section-height-default\" data-id=\"1b8dab9\" data-element_type=\"section\" data-e-type=\"section\">\n\t\t\t\t\t\t<div class=\"elementor-container elementor-column-gap-no\">\n\t\t\t\t\t<div class=\"elementor-column elementor-col-33 elementor-top-column elementor-element elementor-element-de2e21c\" data-id=\"de2e21c\" data-element_type=\"column\" data-e-type=\"column\">\n\t\t\t<div class=\"elementor-widget-wrap elementor-element-populated\">\n\t\t\t\t\t\t<div class=\"elementor-element elementor-element-de3f563 elementor-widget elementor-widget-heading\" data-id=\"de3f563\" data-element_type=\"widget\" data-e-type=\"widget\" data-widget_type=\"heading.default\">\n\t\t\t\t<div class=\"elementor-widget-container\">\n\t\t\t\t\t<h2 class=\"elementor-heading-title elementor-size-default\">Nutzen Sie das Sonderangebot von Daikin<\/h2>\t\t\t\t<\/div>\n\t\t\t\t<\/div>\n\t\t\t\t<div class=\"elementor-element elementor-element-41cce6e elementor-widget__width-auto elementor-icon-list--layout-traditional elementor-list-item-link-full_width elementor-widget elementor-widget-icon-list\" data-id=\"41cce6e\" data-element_type=\"widget\" data-e-type=\"widget\" data-widget_type=\"icon-list.default\">\n\t\t\t\t<div class=\"elementor-widget-container\">\n\t\t\t\t\t\t\t<ul class=\"elementor-icon-list-items\">\n\t\t\t\t\t\t\t<li class=\"elementor-icon-list-item\">\n\t\t\t\t\t\t\t\t\t\t\t<span class=\"elementor-icon-list-icon\">\n\t\t\t\t\t\t\t<i aria-hidden=\"true\" class=\"fas fa-check\"><\/i>\t\t\t\t\t\t<\/span>\n\t\t\t\t\t\t\t\t\t\t<span class=\"elementor-icon-list-text\">GRATIS Luftreiniger beim Kauf einer W\u00e4rmepumpe!<\/span>\n\t\t\t\t\t\t\t\t\t<\/li>\n\t\t\t\t\t\t<\/ul>\n\t\t\t\t\t\t<\/div>\n\t\t\t\t<\/div>\n\t\t\t\t<div class=\"elementor-element elementor-element-2128b31 elementor-widget elementor-widget-spacer\" data-id=\"2128b31\" data-element_type=\"widget\" data-e-type=\"widget\" data-widget_type=\"spacer.default\">\n\t\t\t\t<div class=\"elementor-widget-container\">\n\t\t\t\t\t\t\t<div class=\"elementor-spacer\">\n\t\t\t<div class=\"elementor-spacer-inner\"><\/div>\n\t\t<\/div>\n\t\t\t\t\t\t<\/div>\n\t\t\t\t<\/div>\n\t\t\t\t<div class=\"elementor-element elementor-element-9b53292 elementor-widget elementor-widget-spacer\" data-id=\"9b53292\" data-element_type=\"widget\" data-e-type=\"widget\" data-widget_type=\"spacer.default\">\n\t\t\t\t<div class=\"elementor-widget-container\">\n\t\t\t\t\t\t\t<div class=\"elementor-spacer\">\n\t\t\t<div class=\"elementor-spacer-inner\"><\/div>\n\t\t<\/div>\n\t\t\t\t\t\t<\/div>\n\t\t\t\t<\/div>\n\t\t\t\t<div class=\"elementor-element elementor-element-50ba121 elementor-widget elementor-widget-heading\" data-id=\"50ba121\" data-element_type=\"widget\" data-e-type=\"widget\" data-widget_type=\"heading.default\">\n\t\t\t\t<div class=\"elementor-widget-container\">\n\t\t\t\t\t<h2 class=\"elementor-heading-title elementor-size-default\">Warum Daikin w\u00e4hlen?<\/h2>\t\t\t\t<\/div>\n\t\t\t\t<\/div>\n\t\t\t\t<div class=\"elementor-element elementor-element-7187917 elementor-widget elementor-widget-text-editor\" data-id=\"7187917\" data-element_type=\"widget\" data-e-type=\"widget\" data-widget_type=\"text-editor.default\">\n\t\t\t\t<div class=\"elementor-widget-container\">\n\t\t\t\t\t\t\t\t\t<p>Wenn Sie \u00fcber eine Heizungsl\u00f6sung f\u00fcr Ihr Haus nachdenken, hat Daikin ein au\u00dfergew\u00f6hnliches Angebot f\u00fcr Sie: Beim Kauf eines hochwertigen <a style=\"text-decoration: underline;\" href=\"https:\/\/www.seltron.si\/de\/produktkategorie\/heizung\/warmepumpen\/\" target=\"_blank\" rel=\"noopener\">Daikin Altherma W\u00e4rmepumpen<\/a>erhalten Sie kostenlos einen Daikin-Luftreiniger, der f\u00fcr saubere Luft und ein besseres Lebensumfeld f\u00fcr Sie und Ihre Lieben sorgt.\u00a0 <strong><a style=\"text-decoration: underline;\" href=\"#pogoji\">Angebotsbedingungen &gt;<\/a><\/strong><\/p>\t\t\t\t\t\t\t\t<\/div>\n\t\t\t\t<\/div>\n\t\t\t\t<div class=\"elementor-element elementor-element-5f68ddf elementor-widget elementor-widget-heading\" data-id=\"5f68ddf\" data-element_type=\"widget\" data-e-type=\"widget\" data-widget_type=\"heading.default\">\n\t\t\t\t<div class=\"elementor-widget-container\">\n\t\t\t\t\t<h2 class=\"elementor-heading-title elementor-size-default\">Vorteile einer Daikin-W\u00e4rmepumpe<\/h2>\t\t\t\t<\/div>\n\t\t\t\t<\/div>\n\t\t\t\t<div class=\"elementor-element elementor-element-fc42100 elementor-widget elementor-widget-text-editor\" data-id=\"fc42100\" data-element_type=\"widget\" data-e-type=\"widget\" data-widget_type=\"text-editor.default\">\n\t\t\t\t<div class=\"elementor-widget-container\">\n\t\t\t\t\t\t\t\t\t<p><strong>Hohe Effizienz:<\/strong> die Heizkosten zu senken und den Komfort zu allen Jahreszeiten zu erh\u00f6hen.<br \/><strong>Verl\u00e4sslichkeit: <\/strong>Daikin, Ihr Partner f\u00fcr nachhaltiges und komfortables Wohnen.<br \/><strong>Energieeffizienz:<\/strong> Nutzen Sie die Vorteile fortschrittlicher Technologien, um Ihren \u00f6kologischen Fu\u00dfabdruck zu verringern.<\/p>\t\t\t\t\t\t\t\t<\/div>\n\t\t\t\t<\/div>\n\t\t\t\t\t<\/div>\n\t\t<\/div>\n\t\t\t\t<div class=\"elementor-column elementor-col-33 elementor-top-column elementor-element elementor-element-80bc0e8\" data-id=\"80bc0e8\" data-element_type=\"column\" data-e-type=\"column\">\n\t\t\t<div class=\"elementor-widget-wrap\">\n\t\t\t\t\t\t\t<\/div>\n\t\t<\/div>\n\t\t\t\t<div class=\"elementor-column elementor-col-33 elementor-top-column elementor-element elementor-element-0c8e363\" data-id=\"0c8e363\" data-element_type=\"column\" data-e-type=\"column\">\n\t\t\t<div class=\"elementor-widget-wrap elementor-element-populated\">\n\t\t\t\t\t\t<div class=\"elementor-element elementor-element-e5551cd elementor-widget elementor-widget-image\" data-id=\"e5551cd\" data-element_type=\"widget\" data-e-type=\"widget\" data-widget_type=\"image.default\">\n\t\t\t\t<div class=\"elementor-widget-container\">\n\t\t\t\t\t\t\t\t\t\t\t\t\t\t\t<img fetchpriority=\"high\" decoding=\"async\" width=\"800\" height=\"761\" src=\"https:\/\/www.seltron.si\/wp-content\/uploads\/2024\/01\/prednosti-toplotne-crpalke-Daikin.webp\" class=\"attachment-full size-full wp-image-95238\" alt=\"Vorteile einer Daikin-W\u00e4rmepumpe\" srcset=\"https:\/\/www.seltron.si\/wp-content\/uploads\/2024\/01\/prednosti-toplotne-crpalke-Daikin.webp 800w, https:\/\/www.seltron.si\/wp-content\/uploads\/2024\/01\/prednosti-toplotne-crpalke-Daikin-500x476.webp 500w, https:\/\/www.seltron.si\/wp-content\/uploads\/2024\/01\/prednosti-toplotne-crpalke-Daikin-300x285.webp 300w, https:\/\/www.seltron.si\/wp-content\/uploads\/2024\/01\/prednosti-toplotne-crpalke-Daikin-768x731.webp 768w, https:\/\/www.seltron.si\/wp-content\/uploads\/2024\/01\/prednosti-toplotne-crpalke-Daikin-13x12.webp 13w\" sizes=\"(max-width: 800px) 100vw, 800px\" \/>\t\t\t\t\t\t\t\t\t\t\t\t\t\t\t<\/div>\n\t\t\t\t<\/div>\n\t\t\t\t\t<\/div>\n\t\t<\/div>\n\t\t\t\t\t<\/div>\n\t\t<\/section>\n\t\t\t\t<section data-particle_enable=\"false\" data-particle-mobile-disabled=\"false\" class=\"elementor-section elementor-top-section elementor-element elementor-element-945f120 elementor-section-boxed elementor-section-height-default elementor-section-height-default\" data-id=\"945f120\" data-element_type=\"section\" data-e-type=\"section\">\n\t\t\t\t\t\t<div class=\"elementor-container elementor-column-gap-no\">\n\t\t\t\t\t<div class=\"elementor-column elementor-col-100 elementor-top-column elementor-element elementor-element-1c686e4\" data-id=\"1c686e4\" data-element_type=\"column\" data-e-type=\"column\">\n\t\t\t<div class=\"elementor-widget-wrap elementor-element-populated\">\n\t\t\t\t\t\t<div class=\"elementor-element elementor-element-d2f97ab elementor-widget elementor-widget-spacer\" data-id=\"d2f97ab\" data-element_type=\"widget\" data-e-type=\"widget\" data-widget_type=\"spacer.default\">\n\t\t\t\t<div class=\"elementor-widget-container\">\n\t\t\t\t\t\t\t<div class=\"elementor-spacer\">\n\t\t\t<div class=\"elementor-spacer-inner\"><\/div>\n\t\t<\/div>\n\t\t\t\t\t\t<\/div>\n\t\t\t\t<\/div>\n\t\t\t\t\t<\/div>\n\t\t<\/div>\n\t\t\t\t\t<\/div>\n\t\t<\/section>\n\t\t\t\t<section data-particle_enable=\"false\" data-particle-mobile-disabled=\"false\" class=\"elementor-section elementor-top-section elementor-element elementor-element-3761d18 elementor-section-boxed elementor-section-height-default elementor-section-height-default\" data-id=\"3761d18\" data-element_type=\"section\" data-e-type=\"section\">\n\t\t\t\t\t\t<div class=\"elementor-container elementor-column-gap-no\">\n\t\t\t\t\t<div class=\"elementor-column elementor-col-33 elementor-top-column elementor-element elementor-element-b0f81b0\" data-id=\"b0f81b0\" data-element_type=\"column\" data-e-type=\"column\" id=\"pogoji\" data-settings=\"{&quot;background_background&quot;:&quot;classic&quot;}\">\n\t\t\t<div class=\"elementor-widget-wrap elementor-element-populated\">\n\t\t\t\t\t\t<div class=\"elementor-element elementor-element-efd3e7e elementor-widget elementor-widget-heading\" data-id=\"efd3e7e\" data-element_type=\"widget\" data-e-type=\"widget\" data-widget_type=\"heading.default\">\n\t\t\t\t<div class=\"elementor-widget-container\">\n\t\t\t\t\t<h2 class=\"elementor-heading-title elementor-size-default\">Sonderangebot von Daikin<\/h2>\t\t\t\t<\/div>\n\t\t\t\t<\/div>\n\t\t\t\t<div class=\"elementor-element elementor-element-3592f16 elementor-widget elementor-widget-text-editor\" data-id=\"3592f16\" data-element_type=\"widget\" data-e-type=\"widget\" data-widget_type=\"text-editor.default\">\n\t\t\t\t<div class=\"elementor-widget-container\">\n\t\t\t\t\t\t\t\t\t<p>Beim Kauf einer Daikin Altherma W\u00e4rmepumpe erhalten Sie eine kostenlose <a style=\"text-decoration: underline;\" href=\"https:\/\/www.seltron.si\/de\/daikin-luftreiniger\/\" target=\"_blank\" rel=\"noopener\">Daikin MCK55W Luftreiniger.\u00a0<\/a><br \/>Verbessern Sie nicht nur Ihr Heizsystem, sondern auch die Luftqualit\u00e4t in Ihrer Wohnung.<\/p>\t\t\t\t\t\t\t\t<\/div>\n\t\t\t\t<\/div>\n\t\t\t\t<div class=\"elementor-element elementor-element-9b0be88 elementor-widget elementor-widget-heading\" data-id=\"9b0be88\" data-element_type=\"widget\" data-e-type=\"widget\" data-widget_type=\"heading.default\">\n\t\t\t\t<div class=\"elementor-widget-container\">\n\t\t\t\t\t<h2 class=\"elementor-heading-title elementor-size-default\">Bedingungen und Konditionen des Angebots<\/h2>\t\t\t\t<\/div>\n\t\t\t\t<\/div>\n\t\t\t\t<div class=\"elementor-element elementor-element-e04bde9 elementor-widget elementor-widget-text-editor\" data-id=\"e04bde9\" data-element_type=\"widget\" data-e-type=\"widget\" data-widget_type=\"text-editor.default\">\n\t\t\t\t<div class=\"elementor-widget-container\">\n\t\t\t\t\t\t\t\t\t<ul><li>Das Sonderangebot gilt f\u00fcr alle Daikin Altherma-W\u00e4rmepumpen, mit Ausnahme der Daikin Altherma M HW-W\u00e4rmepumpe f\u00fcr die Warmwasserbereitung.<\/li><li>G\u00fcltig f\u00fcr den Kauf von Daikin Altherma W\u00e4rmepumpen <strong>bis zum 28.3.2024.<\/strong><\/li><li>Begrenztes Angebot: g\u00fcltig f\u00fcr die ersten 499 verkauften Einheiten.<\/li><\/ul>\t\t\t\t\t\t\t\t<\/div>\n\t\t\t\t<\/div>\n\t\t\t\t<div class=\"elementor-element elementor-element-4a8eafc elementor-widget elementor-widget-spacer\" data-id=\"4a8eafc\" data-element_type=\"widget\" data-e-type=\"widget\" data-widget_type=\"spacer.default\">\n\t\t\t\t<div class=\"elementor-widget-container\">\n\t\t\t\t\t\t\t<div class=\"elementor-spacer\">\n\t\t\t<div class=\"elementor-spacer-inner\"><\/div>\n\t\t<\/div>\n\t\t\t\t\t\t<\/div>\n\t\t\t\t<\/div>\n\t\t\t\t<div class=\"elementor-element elementor-element-d666e9b content-align-cta-default elementor-widget elementor-widget-eael-cta-box\" data-id=\"d666e9b\" data-element_type=\"widget\" data-e-type=\"widget\" data-widget_type=\"eael-cta-box.default\">\n\t\t\t\t<div class=\"elementor-widget-container\">\n\t\t\t\t\t\t\t<div class=\"eael-call-to-action cta-basic bg-lite cta-preset-1\">\n        <h2 class=\"title eael-cta-heading\">Verpassen Sie nicht die einmalige Gelegenheit, einen kostenlosen Daikin MCK55W Luftreiniger zu erhalten <\/h2><p>Unser Expertenteam ber\u00e4t Sie gerne und hilft Ihnen bei der Auswahl der perfekten Daikin-W\u00e4rmepumpe f\u00fcr Ihr Zuhause. Nutzen Sie die Gelegenheit und bereichern Sie Ihr Zuhause mit Spitzentechnologie von Daikin!<\/p><a href=\"https:\/\/www.seltron.si\/de\/eine-direkte-anfrage\/\" target=\"_blank\" class=\"cta-button cta-preset-1\">Ich bitte um Rat &gt;<\/a>\t<\/div>\n\t\t\t\t\t\t\t\t<\/div>\n\t\t\t\t<\/div>\n\t\t\t\t<div class=\"elementor-element elementor-element-b281a12 elementor-widget elementor-widget-spacer\" data-id=\"b281a12\" data-element_type=\"widget\" data-e-type=\"widget\" data-widget_type=\"spacer.default\">\n\t\t\t\t<div class=\"elementor-widget-container\">\n\t\t\t\t\t\t\t<div class=\"elementor-spacer\">\n\t\t\t<div class=\"elementor-spacer-inner\"><\/div>\n\t\t<\/div>\n\t\t\t\t\t\t<\/div>\n\t\t\t\t<\/div>\n\t\t\t\t<div class=\"elementor-element elementor-element-986ba7d elementor-icon-list--layout-traditional elementor-list-item-link-full_width elementor-widget elementor-widget-icon-list\" data-id=\"986ba7d\" data-element_type=\"widget\" data-e-type=\"widget\" data-widget_type=\"icon-list.default\">\n\t\t\t\t<div class=\"elementor-widget-container\">\n\t\t\t\t\t\t\t<ul class=\"elementor-icon-list-items\">\n\t\t\t\t\t\t\t<li class=\"elementor-icon-list-item\">\n\t\t\t\t\t\t\t\t\t\t\t<a href=\"https:\/\/selizobrazevanja.com\/wp-content\/uploads\/2021\/08\/Cistilniki_zraka_Daikin.pdf\" target=\"_blank\" rel=\"noopener\">\n\n\t\t\t\t\t\t\t\t\t\t\t\t<span class=\"elementor-icon-list-icon\">\n\t\t\t\t\t\t\t<i aria-hidden=\"true\" class=\"fas fa-file-pdf\"><\/i>\t\t\t\t\t\t<\/span>\n\t\t\t\t\t\t\t\t\t\t<span class=\"elementor-icon-list-text\">Weitere Informationen \u00fcber den Daikin MCK55W Luftreiniger<\/span>\n\t\t\t\t\t\t\t\t\t\t\t<\/a>\n\t\t\t\t\t\t\t\t\t<\/li>\n\t\t\t\t\t\t<\/ul>\n\t\t\t\t\t\t<\/div>\n\t\t\t\t<\/div>\n\t\t\t\t\t<\/div>\n\t\t<\/div>\n\t\t\t\t<div class=\"elementor-column elementor-col-33 elementor-top-column elementor-element elementor-element-e1f4488\" data-id=\"e1f4488\" data-element_type=\"column\" data-e-type=\"column\" data-settings=\"{&quot;background_background&quot;:&quot;classic&quot;}\">\n\t\t\t<div class=\"elementor-widget-wrap\">\n\t\t\t\t\t\t\t<\/div>\n\t\t<\/div>\n\t\t\t\t<div class=\"elementor-column elementor-col-33 elementor-top-column elementor-element elementor-element-e5702f1\" data-id=\"e5702f1\" data-element_type=\"column\" data-e-type=\"column\" data-settings=\"{&quot;background_background&quot;:&quot;classic&quot;}\">\n\t\t\t<div class=\"elementor-widget-wrap elementor-element-populated\">\n\t\t\t\t\t\t<div class=\"elementor-element elementor-element-9cbbc13 elementor-widget elementor-widget-image\" data-id=\"9cbbc13\" data-element_type=\"widget\" data-e-type=\"widget\" data-widget_type=\"image.default\">\n\t\t\t\t<div class=\"elementor-widget-container\">\n\t\t\t\t\t\t\t\t\t\t\t\t\t\t\t<img decoding=\"async\" width=\"800\" height=\"900\" src=\"https:\/\/www.seltron.si\/wp-content\/uploads\/2024\/01\/cistilec-zraka-daikin-za-vas-dom.webp\" class=\"attachment-full size-full wp-image-95241\" alt=\"Kostenloser Luftreiniger von Daikin\" srcset=\"https:\/\/www.seltron.si\/wp-content\/uploads\/2024\/01\/cistilec-zraka-daikin-za-vas-dom.webp 800w, https:\/\/www.seltron.si\/wp-content\/uploads\/2024\/01\/cistilec-zraka-daikin-za-vas-dom-500x563.webp 500w, https:\/\/www.seltron.si\/wp-content\/uploads\/2024\/01\/cistilec-zraka-daikin-za-vas-dom-267x300.webp 267w, https:\/\/www.seltron.si\/wp-content\/uploads\/2024\/01\/cistilec-zraka-daikin-za-vas-dom-768x864.webp 768w, https:\/\/www.seltron.si\/wp-content\/uploads\/2024\/01\/cistilec-zraka-daikin-za-vas-dom-11x12.webp 11w\" sizes=\"(max-width: 800px) 100vw, 800px\" \/>\t\t\t\t\t\t\t\t\t\t\t\t\t\t\t<\/div>\n\t\t\t\t<\/div>\n\t\t\t\t<div class=\"elementor-element elementor-element-f8eace0 elementor-widget__width-initial elementor-widget elementor-widget-video\" data-id=\"f8eace0\" data-element_type=\"widget\" data-e-type=\"widget\" data-settings=\"{&quot;video_type&quot;:&quot;hosted&quot;,&quot;controls&quot;:&quot;yes&quot;}\" data-widget_type=\"video.default\">\n\t\t\t\t<div class=\"elementor-widget-container\">\n\t\t\t\t\t\t\t<div class=\"e-hosted-video elementor-wrapper elementor-open-inline\">\n\t\t\t\t\t<video class=\"elementor-video\" src=\"https:\/\/www.seltron.si\/wp-content\/uploads\/2024\/01\/Cistilnik_zraka_Daikin-1.mp4\" controls=\"\" preload=\"metadata\" controlslist=\"nodownload\" poster=\"https:\/\/www.seltron.si\/wp-content\/uploads\/2024\/01\/cistilnik_zraka_Daikin-poster.webp\"><\/video>\n\t\t\t\t<\/div>\n\t\t\t\t\t\t<\/div>\n\t\t\t\t<\/div>\n\t\t\t\t\t<\/div>\n\t\t<\/div>\n\t\t\t\t\t<\/div>\n\t\t<\/section>\n\t\t\t\t<section data-particle_enable=\"false\" data-particle-mobile-disabled=\"false\" class=\"elementor-section elementor-top-section elementor-element elementor-element-3393f1c elementor-section-boxed elementor-section-height-default elementor-section-height-default\" data-id=\"3393f1c\" data-element_type=\"section\" data-e-type=\"section\">\n\t\t\t\t\t\t<div class=\"elementor-container elementor-column-gap-no\">\n\t\t\t\t\t<div class=\"elementor-column elementor-col-100 elementor-top-column elementor-element elementor-element-8f39d92\" data-id=\"8f39d92\" data-element_type=\"column\" data-e-type=\"column\">\n\t\t\t<div class=\"elementor-widget-wrap elementor-element-populated\">\n\t\t\t\t\t\t<div class=\"elementor-element elementor-element-0d22af6 elementor-widget elementor-widget-spacer\" data-id=\"0d22af6\" data-element_type=\"widget\" data-e-type=\"widget\" data-widget_type=\"spacer.default\">\n\t\t\t\t<div class=\"elementor-widget-container\">\n\t\t\t\t\t\t\t<div class=\"elementor-spacer\">\n\t\t\t<div class=\"elementor-spacer-inner\"><\/div>\n\t\t<\/div>\n\t\t\t\t\t\t<\/div>\n\t\t\t\t<\/div>\n\t\t\t\t\t<\/div>\n\t\t<\/div>\n\t\t\t\t\t<\/div>\n\t\t<\/section>\n\t\t\t\t<\/div>","protected":false},"excerpt":{"rendered":"<p>Ujemite posebno Daikin ponudbo BREZPLA\u010cNI \u010distilnik zraka ob nakupu toplotne \u010drpalke! Zakaj Izbrati Daikin? \u010ce razmi\u0161ljate o re\u0161itvi ogrevanja za va\u0161 dom, vam Daikin prina\u0161a izjemno ponudbo: ob nakupu\u00a0 visokokakovostne toplotne \u010drpalke Daikin Altherma, prejmete brezpla\u010den \u010distilnik zraka Daikin, ki bo zagotovil \u010distej\u0161i zrak in bolj\u0161e bivalno okolje za vas in va\u0161e najdra\u017eje.\u00a0 Pogoji ponudbe [&hellip;]<\/p>\n","protected":false},"author":2,"featured_media":0,"parent":0,"menu_order":0,"comment_status":"closed","ping_status":"closed","template":"elementor_header_footer","meta":{"_acf_changed":false,"footnotes":""},"class_list":["post-95207","page","type-page","status-publish","hentry"],"blocksy_meta":[],"acf":[],"_links":{"self":[{"href":"https:\/\/www.seltron.si\/de\/wp-json\/wp\/v2\/pages\/95207","targetHints":{"allow":["GET"]}}],"collection":[{"href":"https:\/\/www.seltron.si\/de\/wp-json\/wp\/v2\/pages"}],"about":[{"href":"https:\/\/www.seltron.si\/de\/wp-json\/wp\/v2\/types\/page"}],"author":[{"embeddable":true,"href":"https:\/\/www.seltron.si\/de\/wp-json\/wp\/v2\/users\/2"}],"replies":[{"embeddable":true,"href":"https:\/\/www.seltron.si\/de\/wp-json\/wp\/v2\/comments?post=95207"}],"version-history":[{"count":0,"href":"https:\/\/www.seltron.si\/de\/wp-json\/wp\/v2\/pages\/95207\/revisions"}],"wp:attachment":[{"href":"https:\/\/www.seltron.si\/de\/wp-json\/wp\/v2\/media?parent=95207"}],"curies":[{"name":"wp","href":"https:\/\/api.w.org\/{rel}","templated":true}]}}