{"id":99277,"date":"2025-02-19T09:43:47","date_gmt":"2025-02-19T09:43:47","guid":{"rendered":"https:\/\/www.seltron.si\/?page_id=99277"},"modified":"2025-03-05T07:34:17","modified_gmt":"2025-03-05T07:34:17","slug":"daikin-sonderangebot","status":"publish","type":"page","link":"https:\/\/www.seltron.si\/de\/akcijska-ponudba-daikin\/","title":{"rendered":"Daikin Sonderangebot"},"content":{"rendered":"\t\t<div data-elementor-type=\"wp-page\" data-elementor-id=\"99277\" class=\"elementor elementor-99277\" data-elementor-post-type=\"page\">\n\t\t\t\t\t\t<section data-particle_enable=\"false\" data-particle-mobile-disabled=\"false\" class=\"elementor-section elementor-top-section elementor-element elementor-element-33030f4 ct-section-stretched elementor-section-boxed elementor-section-height-default elementor-section-height-default\" data-id=\"33030f4\" data-element_type=\"section\" data-e-type=\"section\" data-settings=\"{&quot;background_background&quot;:&quot;classic&quot;}\">\n\t\t\t\t\t\t<div class=\"elementor-container elementor-column-gap-no\">\n\t\t\t\t\t<div class=\"elementor-column elementor-col-100 elementor-top-column elementor-element elementor-element-0c3c9e0\" data-id=\"0c3c9e0\" data-element_type=\"column\" data-e-type=\"column\">\n\t\t\t<div class=\"elementor-widget-wrap elementor-element-populated\">\n\t\t\t\t\t\t<div class=\"elementor-element elementor-element-d1a0bdd elementor-widget elementor-widget-spacer\" data-id=\"d1a0bdd\" data-element_type=\"widget\" data-e-type=\"widget\" data-widget_type=\"spacer.default\">\n\t\t\t\t<div class=\"elementor-widget-container\">\n\t\t\t\t\t\t\t<div class=\"elementor-spacer\">\n\t\t\t<div class=\"elementor-spacer-inner\"><\/div>\n\t\t<\/div>\n\t\t\t\t\t\t<\/div>\n\t\t\t\t<\/div>\n\t\t\t\t<div class=\"elementor-element elementor-element-1f2c72b elementor-widget elementor-widget-heading\" data-id=\"1f2c72b\" data-element_type=\"widget\" data-e-type=\"widget\" data-widget_type=\"heading.default\">\n\t\t\t\t<div class=\"elementor-widget-container\">\n\t\t\t\t\t<h2 class=\"elementor-heading-title elementor-size-default\">Ne zamudite te prilo\u017enosti!\n<\/h2>\t\t\t\t<\/div>\n\t\t\t\t<\/div>\n\t\t\t\t<div class=\"elementor-element elementor-element-e427323 elementor-hidden-mobile elementor-widget elementor-widget-spacer\" data-id=\"e427323\" data-element_type=\"widget\" data-e-type=\"widget\" data-widget_type=\"spacer.default\">\n\t\t\t\t<div class=\"elementor-widget-container\">\n\t\t\t\t\t\t\t<div class=\"elementor-spacer\">\n\t\t\t<div class=\"elementor-spacer-inner\"><\/div>\n\t\t<\/div>\n\t\t\t\t\t\t<\/div>\n\t\t\t\t<\/div>\n\t\t\t\t<section data-particle_enable=\"false\" data-particle-mobile-disabled=\"false\" class=\"elementor-section elementor-inner-section elementor-element elementor-element-faecb27 elementor-section-boxed elementor-section-height-default elementor-section-height-default\" data-id=\"faecb27\" data-element_type=\"section\" data-e-type=\"section\">\n\t\t\t\t\t\t<div class=\"elementor-container elementor-column-gap-no\">\n\t\t\t\t\t<div class=\"elementor-column elementor-col-100 elementor-inner-column elementor-element elementor-element-c91d10b\" data-id=\"c91d10b\" data-element_type=\"column\" data-e-type=\"column\">\n\t\t\t<div class=\"elementor-widget-wrap elementor-element-populated\">\n\t\t\t\t\t\t<div class=\"elementor-element elementor-element-f59c8b7 elementor-widget elementor-widget-image\" data-id=\"f59c8b7\" data-element_type=\"widget\" data-e-type=\"widget\" data-widget_type=\"image.default\">\n\t\t\t\t<div class=\"elementor-widget-container\">\n\t\t\t\t\t\t\t\t\t\t\t\t\t\t\t<img fetchpriority=\"high\" decoding=\"async\" width=\"1200\" height=\"630\" src=\"https:\/\/www.seltron.si\/wp-content\/uploads\/2025\/02\/akcijska-ponudba-daikin-klima-gratis.webp\" class=\"attachment-full size-full wp-image-99272\" alt=\"Akcijska ponudba daikin klima gratis\" srcset=\"https:\/\/www.seltron.si\/wp-content\/uploads\/2025\/02\/akcijska-ponudba-daikin-klima-gratis.webp 1200w, https:\/\/www.seltron.si\/wp-content\/uploads\/2025\/02\/akcijska-ponudba-daikin-klima-gratis-300x158.webp 300w, https:\/\/www.seltron.si\/wp-content\/uploads\/2025\/02\/akcijska-ponudba-daikin-klima-gratis-1030x541.webp 1030w, https:\/\/www.seltron.si\/wp-content\/uploads\/2025\/02\/akcijska-ponudba-daikin-klima-gratis-768x403.webp 768w, https:\/\/www.seltron.si\/wp-content\/uploads\/2025\/02\/akcijska-ponudba-daikin-klima-gratis-18x9.webp 18w, https:\/\/www.seltron.si\/wp-content\/uploads\/2025\/02\/akcijska-ponudba-daikin-klima-gratis-500x263.webp 500w, https:\/\/www.seltron.si\/wp-content\/uploads\/2025\/02\/akcijska-ponudba-daikin-klima-gratis-800x420.webp 800w\" sizes=\"(max-width: 1200px) 100vw, 1200px\" \/>\t\t\t\t\t\t\t\t\t\t\t\t\t\t\t<\/div>\n\t\t\t\t<\/div>\n\t\t\t\t<div class=\"elementor-element elementor-element-8cab807 elementor-widget__width-auto elementor-absolute elementor-widget elementor-widget-heading\" data-id=\"8cab807\" data-element_type=\"widget\" data-e-type=\"widget\" data-settings=\"{&quot;_position&quot;:&quot;absolute&quot;}\" data-widget_type=\"heading.default\">\n\t\t\t\t<div class=\"elementor-widget-container\">\n\t\t\t\t\t<h2 class=\"elementor-heading-title elementor-size-default\"><div style=\"text-align:center\"><span style=\"font-size:30px\">GRATIS<br><\/span>\nklimatska<br>\n<span style=\"font-size:22px\">naprava<\/span><\/div><\/h2>\t\t\t\t<\/div>\n\t\t\t\t<\/div>\n\t\t\t\t\t<\/div>\n\t\t<\/div>\n\t\t\t\t\t<\/div>\n\t\t<\/section>\n\t\t\t\t<div class=\"elementor-element elementor-element-e73a59f elementor-widget elementor-widget-text-editor\" data-id=\"e73a59f\" data-element_type=\"widget\" data-e-type=\"widget\" data-widget_type=\"text-editor.default\">\n\t\t\t\t<div class=\"elementor-widget-container\">\n\t\t\t\t\t\t\t\t\t<p>\u017delite izvedeti ve\u010d o tem, kako lahko pridobite GRATIS klimatsko napravo Daikin ob nakupu izbranih toplotnih \u010drpalk DAIKIN ALTHERMA?<\/p><p><strong>Izpolnite spodnji obrazec<\/strong> in na\u0161 svetovalec vas bo v kratkem kontaktiral ter vam podal vse potrebne informacije.<\/p><p>\u23f3 <strong>Pohitite!<\/strong> Akcijska ponudba je \u010dasovno omejena do 28.3.2025! \u23f3<\/p>\t\t\t\t\t\t\t\t<\/div>\n\t\t\t\t<\/div>\n\t\t\t\t<div class=\"elementor-element elementor-element-c9ae523 elementor-widget elementor-widget-eael-countdown\" data-id=\"c9ae523\" data-element_type=\"widget\" data-e-type=\"widget\" data-widget_type=\"eael-countdown.default\">\n\t\t\t\t<div class=\"elementor-widget-container\">\n\t\t\t\t\t\n\t\t<div class=\"eael-countdown-wrapper\" data-countdown-id=\"c9ae523\" data-expire-type=\"none\" data-countdown-type=\"due_date\">\n\t\t\t<div class=\"eael-countdown-container eael-countdown-label-block eael-countdown-label-block-tablet eael-countdown-label-block-mobile \">\n                                    <ul id=\"eael-countdown-c9ae523\" class=\"eael-countdown-items\" data-date=\"Mar 28 2025 0:00:00 +0\">\n                        <li class=\"eael-countdown-item\"><div class=\"eael-countdown-days\"><span data-days class=\"eael-countdown-digits\">00<\/span><span class=\"eael-countdown-label\">DNI<\/span><\/div><\/li>                        <li class=\"eael-countdown-item\"><div class=\"eael-countdown-hours\"><span data-hours class=\"eael-countdown-digits\">00<\/span><span class=\"eael-countdown-label\">UR<\/span><\/div><\/li>                        <li class=\"eael-countdown-item\"><div class=\"eael-countdown-minutes\"><span data-minutes class=\"eael-countdown-digits\">00<\/span><span class=\"eael-countdown-label\">MIN<\/span><\/div><\/li>                        <li class=\"eael-countdown-item\"><div class=\"eael-countdown-seconds\"><span data-seconds class=\"eael-countdown-digits\">00<\/span><span class=\"eael-countdown-label\">SEK<\/span><\/div><\/li>                    <\/ul>\n                    <div class=\"eael-countdown-expiry-template\" style=\"display: none;\">\n                                            <\/div>\n               \n\t\t\t    <div class=\"clearfix\"><\/div>\n\t\t\t<\/div>\n\t\t<\/div>\n\n\t\t\t\t\t<\/div>\n\t\t\t\t<\/div>\n\t\t\t\t<div class=\"elementor-element elementor-element-cba9642 elementor-widget elementor-widget-spacer\" data-id=\"cba9642\" data-element_type=\"widget\" data-e-type=\"widget\" data-widget_type=\"spacer.default\">\n\t\t\t\t<div class=\"elementor-widget-container\">\n\t\t\t\t\t\t\t<div class=\"elementor-spacer\">\n\t\t\t<div class=\"elementor-spacer-inner\"><\/div>\n\t\t<\/div>\n\t\t\t\t\t\t<\/div>\n\t\t\t\t<\/div>\n\t\t\t\t<div class=\"elementor-element elementor-element-b137cba elementor-widget elementor-widget-heading\" data-id=\"b137cba\" data-element_type=\"widget\" data-e-type=\"widget\" data-widget_type=\"heading.default\">\n\t\t\t\t<div class=\"elementor-widget-container\">\n\t\t\t\t\t<h2 class=\"elementor-heading-title elementor-size-default\">\u017delim izvedeti ve\u010d\n<\/h2>\t\t\t\t<\/div>\n\t\t\t\t<\/div>\n\t\t\t\t<div class=\"elementor-element elementor-element-68a11db elementor-widget elementor-widget-spacer\" data-id=\"68a11db\" data-element_type=\"widget\" data-e-type=\"widget\" data-widget_type=\"spacer.default\">\n\t\t\t\t<div class=\"elementor-widget-container\">\n\t\t\t\t\t\t\t<div class=\"elementor-spacer\">\n\t\t\t<div class=\"elementor-spacer-inner\"><\/div>\n\t\t<\/div>\n\t\t\t\t\t\t<\/div>\n\t\t\t\t<\/div>\n\t\t\t\t<div class=\"elementor-element elementor-element-a384de3 eael-wpforms-labels-yes eael-wpforms-form-button-custom elementor-widget elementor-widget-eael-wpforms\" data-id=\"a384de3\" data-element_type=\"widget\" data-e-type=\"widget\" data-widget_type=\"eael-wpforms.default\">\n\t\t\t\t<div class=\"elementor-widget-container\">\n\t\t\t\t\t            <div class=\"eael-contact-form eael-wpforms eael-wpforms-align-center\">\n                                <div class=\"wpforms-container products_ct_form\" id=\"wpforms-99452\"><form id=\"wpforms-form-99452\" class=\"wpforms-validate wpforms-form wpforms-ajax-form\" data-formid=\"99452\" method=\"post\" enctype=\"multipart\/form-data\" action=\"\/de\/wp-json\/wp\/v2\/pages\/99277\" data-token=\"7e320a55ccee3aff9eaf6ec6410d8215\" data-token-time=\"1778333513\"><div class=\"wpforms-head-container\"><\/div><noscript class=\"wpforms-error-noscript\">Bitte aktiviere JavaScript in deinem Browser, um dieses Formular fertigzustellen.<\/noscript><div class=\"wpforms-field-container\"><div id=\"wpforms-99452-field_16-container\" class=\"wpforms-field wpforms-field-text\" data-field-id=\"16\"><label class=\"wpforms-field-label\" for=\"wpforms-99452-field_16\">Ime in priimek <span class=\"wpforms-required-label\">*<\/span><\/label><input type=\"text\" id=\"wpforms-99452-field_16\" class=\"wpforms-field-medium wpforms-field-required\" name=\"wpforms[fields][16]\" required><\/div><div id=\"wpforms-99452-field_6-container\" class=\"wpforms-field wpforms-field-text\" data-field-id=\"6\"><label class=\"wpforms-field-label\" for=\"wpforms-99452-field_6\">Po\u0161tna \u0161tevilka in kraj <span class=\"wpforms-required-label\">*<\/span><\/label><input type=\"text\" id=\"wpforms-99452-field_6\" class=\"wpforms-field-medium wpforms-field-required\" name=\"wpforms[fields][6]\" required><\/div><div id=\"wpforms-99452-field_9-container\" class=\"wpforms-field wpforms-field-email\" data-field-id=\"9\"><label class=\"wpforms-field-label\" for=\"wpforms-99452-field_9\">Email <span class=\"wpforms-required-label\">*<\/span><\/label><input type=\"email\" id=\"wpforms-99452-field_9\" class=\"wpforms-field-medium wpforms-field-required\" name=\"wpforms[fields][9]\" spellcheck=\"false\" required><\/div><div id=\"wpforms-99452-field_7-container\" class=\"wpforms-field wpforms-field-text\" data-field-id=\"7\"><label class=\"wpforms-field-label\" for=\"wpforms-99452-field_7\">Telefon <span class=\"wpforms-required-label\">*<\/span><\/label><input type=\"text\" id=\"wpforms-99452-field_7\" class=\"wpforms-field-medium wpforms-field-required\" name=\"wpforms[fields][7]\" required><\/div><div id=\"wpforms-99452-field_27-container\" class=\"wpforms-field wpforms-field-checkbox\" data-field-id=\"27\"><label class=\"wpforms-field-label\">\u017delim izvedeti ve\u010d <span class=\"wpforms-required-label\">*<\/span><\/label><ul id=\"wpforms-99452-field_27\" class=\"wpforms-field-required\"><li class=\"choice-1 depth-1\"><input type=\"checkbox\" id=\"wpforms-99452-field_27_1\" name=\"wpforms[fields][27][]\" value=\"\u017delim izvedeti ve\u010d o mo\u017enosti pridobitve GRATIS klimatske naprave Daikin ob nakupu izbranih toplotnih \u010drpalk DAIKIN ALTHERMA. (Veljavnost do 28.3.2025)\" required ><label class=\"wpforms-field-label-inline\" for=\"wpforms-99452-field_27_1\">\u017delim izvedeti ve\u010d o mo\u017enosti pridobitve GRATIS klimatske naprave Daikin ob nakupu izbranih toplotnih \u010drpalk DAIKIN ALTHERMA. (Veljavnost do 28.3.2025)<\/label><\/li><\/ul><\/div><div id=\"wpforms-99452-field_20-container\" class=\"wpforms-field wpforms-field-textarea\" data-field-id=\"20\"><label class=\"wpforms-field-label\" for=\"wpforms-99452-field_20\">Sporo\u010dilo<\/label><textarea id=\"wpforms-99452-field_20\" class=\"wpforms-field-medium\" name=\"wpforms[fields][20]\" ><\/textarea><\/div><div id=\"wpforms-99452-field_11-container\" class=\"wpforms-field wpforms-field-gdpr-checkbox gdpr_agreement_form\" data-field-id=\"11\"><label class=\"wpforms-field-label\">Sogla\u0161am <span class=\"wpforms-required-label\">*<\/span><\/label><ul id=\"wpforms-99452-field_11\" class=\"wpforms-field-required\"><li class=\"choice-1\"><input type=\"checkbox\" id=\"wpforms-99452-field_11_1\" name=\"wpforms[fields][11][]\" value=\"S klikom na okence boste podali soglasje za namene obdelave va\u0161ih osebnih podatkov, ki so navedeni na spodnji povezavi.\" required ><label class=\"wpforms-field-label-inline\" for=\"wpforms-99452-field_11_1\">S klikom na okence boste podali soglasje za namene obdelave va\u0161ih osebnih podatkov, ki so navedeni na spodnji povezavi.<\/label><\/li><\/ul><div class=\"wpforms-field-description\"><a href=\"https:\/\/www.seltron.si\/politika-zasebnosti\/\" target=\"_blank\" style=\"text-decoration:underline;\">Politika zasebnosti<\/a><\/div><\/div><div id=\"wpforms-99452-field_28-container\" class=\"wpforms-field wpforms-field-checkbox\" data-field-id=\"28\"><label class=\"wpforms-field-label wpforms-label-hide\">Ozna\u010devalna polja (kopija)<\/label><ul id=\"wpforms-99452-field_28\"><li class=\"choice-1 depth-1\"><input type=\"checkbox\" id=\"wpforms-99452-field_28_1\" name=\"wpforms[fields][28][]\" value=\"Strinjam se, da podjetje Seltron d.o.o. uporabi moj elektronski naslov in telefonsko \u0161tevilko za obve\u0161\u010danje o novostih, storitvah in prodajnih akcijah. Privolitev lahko kadarkoli prekli\u010dete.\"  ><label class=\"wpforms-field-label-inline\" for=\"wpforms-99452-field_28_1\">Strinjam se, da podjetje Seltron d.o.o. uporabi moj elektronski naslov in telefonsko \u0161tevilko za obve\u0161\u010danje o novostih, storitvah in prodajnih akcijah. Privolitev lahko kadarkoli prekli\u010dete.<\/label><\/li><\/ul><\/div><\/div><!-- .wpforms-field-container --><div class=\"wpforms-recaptcha-container wpforms-is-recaptcha wpforms-is-recaptcha-type-v3\" ><input type=\"hidden\" name=\"wpforms[recaptcha]\" value=\"\"><\/div><div class=\"wpforms-submit-container\" ><input type=\"hidden\" name=\"wpforms[id]\" value=\"99452\"><input type=\"hidden\" name=\"page_title\" value=\"\"><input type=\"hidden\" name=\"page_url\" value=\"https:\/\/www.seltron.si\/de\/wp-json\/wp\/v2\/pages\/99277\"><input type=\"hidden\" name=\"url_referer\" value=\"\"><button type=\"submit\" name=\"wpforms[submit]\" id=\"wpforms-submit-99452\" class=\"wpforms-submit submit_form_seltron\" data-alt-text=\"Po\u0161iljam...\" data-submit-text=\"Po\u0161lji\" aria-live=\"assertive\" value=\"wpforms-submit\">Po\u0161lji<\/button><img decoding=\"async\" src=\"https:\/\/www.seltron.si\/wp-content\/plugins\/wpforms\/assets\/images\/submit-spin.svg\" class=\"wpforms-submit-spinner\" style=\"display: none;\" width=\"26\" height=\"26\" alt=\"Wird geladen\"><\/div><\/form><\/div>  <!-- .wpforms-container -->            <\/div>\n\t\t\t\t<\/div>\n\t\t\t\t<\/div>\n\t\t\t\t<div class=\"elementor-element elementor-element-5a6cba3 elementor-widget elementor-widget-spacer\" data-id=\"5a6cba3\" data-element_type=\"widget\" data-e-type=\"widget\" data-widget_type=\"spacer.default\">\n\t\t\t\t<div class=\"elementor-widget-container\">\n\t\t\t\t\t\t\t<div class=\"elementor-spacer\">\n\t\t\t<div class=\"elementor-spacer-inner\"><\/div>\n\t\t<\/div>\n\t\t\t\t\t\t<\/div>\n\t\t\t\t<\/div>\n\t\t\t\t\t<\/div>\n\t\t<\/div>\n\t\t\t\t\t<\/div>\n\t\t<\/section>\n\t\t\t\t<\/div>\n\t\t","protected":false},"excerpt":{"rendered":"<p>Ne zamudite te prilo\u017enosti! GRATIS klimatska naprava \u017delite izvedeti ve\u010d o tem, kako lahko pridobite GRATIS klimatsko napravo Daikin ob nakupu izbranih toplotnih \u010drpalk DAIKIN ALTHERMA? Izpolnite spodnji obrazec in na\u0161 svetovalec vas bo v kratkem kontaktiral ter vam podal vse potrebne informacije. \u23f3 Pohitite! Akcijska ponudba je \u010dasovno omejena do 28.3.2025! \u23f3 00DNI 00UR [&hellip;]<\/p>\n","protected":false},"author":2,"featured_media":99272,"parent":0,"menu_order":0,"comment_status":"closed","ping_status":"closed","template":"","meta":{"_acf_changed":false,"footnotes":""},"class_list":["post-99277","page","type-page","status-publish","has-post-thumbnail","hentry"],"blocksy_meta":[],"acf":[],"_links":{"self":[{"href":"https:\/\/www.seltron.si\/de\/wp-json\/wp\/v2\/pages\/99277","targetHints":{"allow":["GET"]}}],"collection":[{"href":"https:\/\/www.seltron.si\/de\/wp-json\/wp\/v2\/pages"}],"about":[{"href":"https:\/\/www.seltron.si\/de\/wp-json\/wp\/v2\/types\/page"}],"author":[{"embeddable":true,"href":"https:\/\/www.seltron.si\/de\/wp-json\/wp\/v2\/users\/2"}],"replies":[{"embeddable":true,"href":"https:\/\/www.seltron.si\/de\/wp-json\/wp\/v2\/comments?post=99277"}],"version-history":[{"count":2,"href":"https:\/\/www.seltron.si\/de\/wp-json\/wp\/v2\/pages\/99277\/revisions"}],"predecessor-version":[{"id":99469,"href":"https:\/\/www.seltron.si\/de\/wp-json\/wp\/v2\/pages\/99277\/revisions\/99469"}],"wp:featuredmedia":[{"embeddable":true,"href":"https:\/\/www.seltron.si\/de\/wp-json\/wp\/v2\/media\/99272"}],"wp:attachment":[{"href":"https:\/\/www.seltron.si\/de\/wp-json\/wp\/v2\/media?parent=99277"}],"curies":[{"name":"wp","href":"https:\/\/api.w.org\/{rel}","templated":true}]}}