{"id":12295,"date":"2020-01-15T14:12:58","date_gmt":"2020-01-15T14:12:58","guid":{"rendered":"https:\/\/www.seltron.si\/\/?post_type=product&#038;p=12295"},"modified":"2025-01-07T11:32:14","modified_gmt":"2025-01-07T11:32:14","slug":"warmespeicher-aus","status":"publish","type":"product","link":"https:\/\/www.seltron.si\/de\/katalog-izdelkov\/ogrevanje\/zalogovniki\/zalogovnik-toplote-zo\/","title":{"rendered":"W\u00e4rmespeicher ZO"},"content":{"rendered":"<p>Ein W\u00e4rmespeicher (Pufferspeicher) ist ein Zwischenelement einer Zentralheizungsanlage und wird in modernen Heizungsanlagen eingesetzt. Er dient dazu, die \u00fcbersch\u00fcssig erzeugte W\u00e4rmeenergie zu speichern.<\/p>","protected":false},"excerpt":{"rendered":"<p><span style=\"vertical-align: inherit;\"><span style=\"vertical-align: inherit;\">Ein W\u00e4rmespeicher (Pufferspeicher) ist ein Zwischenelement einer Zentralheizungsanlage und wird in modernen Heizungsanlagen eingesetzt. Er dient dazu, die \u00fcbersch\u00fcssig erzeugte W\u00e4rmeenergie zu speichern.<\/span><\/span><\/p>","protected":false},"featured_media":23910,"template":"","meta":{"_acf_changed":false},"product_brand":[],"product_cat":[73],"product_tag":[652,653],"class_list":{"0":"post-12295","1":"product","2":"type-product","3":"status-publish","4":"has-post-thumbnail","6":"product_cat-zalogovniki","7":"product_tag-zalogovnik-toplote","8":"product_tag-zalogovnik-toplote-zo","9":"pa_kategorije-zalogovniki","11":"first","12":"instock","13":"featured","14":"taxable","15":"shipping-taxable","16":"purchasable","17":"product-type-variable"},"acf":[],"_links":{"self":[{"href":"https:\/\/www.seltron.si\/de\/wp-json\/wp\/v2\/product\/12295","targetHints":{"allow":["GET"]}}],"collection":[{"href":"https:\/\/www.seltron.si\/de\/wp-json\/wp\/v2\/product"}],"about":[{"href":"https:\/\/www.seltron.si\/de\/wp-json\/wp\/v2\/types\/product"}],"version-history":[{"count":1,"href":"https:\/\/www.seltron.si\/de\/wp-json\/wp\/v2\/product\/12295\/revisions"}],"predecessor-version":[{"id":98496,"href":"https:\/\/www.seltron.si\/de\/wp-json\/wp\/v2\/product\/12295\/revisions\/98496"}],"wp:featuredmedia":[{"embeddable":true,"href":"https:\/\/www.seltron.si\/de\/wp-json\/wp\/v2\/media\/23910"}],"wp:attachment":[{"href":"https:\/\/www.seltron.si\/de\/wp-json\/wp\/v2\/media?parent=12295"}],"wp:term":[{"taxonomy":"product_brand","embeddable":true,"href":"https:\/\/www.seltron.si\/de\/wp-json\/wp\/v2\/product_brand?post=12295"},{"taxonomy":"product_cat","embeddable":true,"href":"https:\/\/www.seltron.si\/de\/wp-json\/wp\/v2\/product_cat?post=12295"},{"taxonomy":"product_tag","embeddable":true,"href":"https:\/\/www.seltron.si\/de\/wp-json\/wp\/v2\/product_tag?post=12295"}],"curies":[{"name":"wp","href":"https:\/\/api.w.org\/{rel}","templated":true}]}}