{"id":13583,"date":"2020-01-22T08:56:44","date_gmt":"2020-01-22T08:56:44","guid":{"rendered":"https:\/\/www.seltron.si\/\/?post_type=product&#038;p=13583"},"modified":"2025-01-07T11:32:17","modified_gmt":"2025-01-07T11:32:17","slug":"pellet-ofen-idro-point","status":"publish","type":"product","link":"https:\/\/www.seltron.si\/de\/katalog-izdelkov\/ogrevanje\/kamini-za-ogrevanje\/kamini-na-pelete\/kaminska-pec-na-pelete-idro-point\/","title":{"rendered":"Idro-Point-Pelletofen, Wasser"},"content":{"rendered":"<p style=\"background: white; margin: 0cm 0cm 15.6pt; text-align: left;\">Der Pelletofen EDILKAMIN Idro Point wird als W\u00e4rmequelle in verschiedenen Heizsystemen eingesetzt. Kleinere Geb\u00e4ude k\u00f6nnen mit Heizk\u00f6rpern oder Fu\u00dfbodenheizungen beheizt werden und je nach gew\u00e4hltem hydraulischen Anschluss kann mit dem Holzofen Warmwasser erzeugt werden.<\/p>","protected":false},"excerpt":{"rendered":"<p style=\"background: white; margin: 0cm 0cm 15.6pt 0cm;\">Der Pelletofen EDILKAMIN Idro Point wird als W\u00e4rmequelle in verschiedenen Heizsystemen eingesetzt. Kleinere Geb\u00e4ude k\u00f6nnen mit Heizk\u00f6rpern oder Fu\u00dfbodenheizungen beheizt werden und je nach gew\u00e4hltem hydraulischen Anschluss kann mit dem Holzofen Warmwasser erzeugt werden.<\/p>","protected":false},"featured_media":23525,"template":"","meta":{"_acf_changed":false},"product_brand":[],"product_cat":[69,378],"product_tag":[592,594,589,590,591,593],"class_list":{"0":"post-13583","1":"product","2":"type-product","3":"status-publish","4":"has-post-thumbnail","6":"product_cat-kamini-za-ogrevanje","7":"product_cat-kamini-na-pelete","8":"product_tag-edilkamin","9":"product_tag-edilkamin-kamini","10":"product_tag-kamin","11":"product_tag-kaminska-pec","12":"product_tag-kaminske-peci","13":"product_tag-seltron-kamini","14":"pa_kategorije-kamini","16":"first","17":"instock","18":"taxable","19":"shipping-taxable","20":"purchasable","21":"product-type-variable"},"acf":[],"_links":{"self":[{"href":"https:\/\/www.seltron.si\/de\/wp-json\/wp\/v2\/product\/13583","targetHints":{"allow":["GET"]}}],"collection":[{"href":"https:\/\/www.seltron.si\/de\/wp-json\/wp\/v2\/product"}],"about":[{"href":"https:\/\/www.seltron.si\/de\/wp-json\/wp\/v2\/types\/product"}],"version-history":[{"count":1,"href":"https:\/\/www.seltron.si\/de\/wp-json\/wp\/v2\/product\/13583\/revisions"}],"predecessor-version":[{"id":99007,"href":"https:\/\/www.seltron.si\/de\/wp-json\/wp\/v2\/product\/13583\/revisions\/99007"}],"wp:featuredmedia":[{"embeddable":true,"href":"https:\/\/www.seltron.si\/de\/wp-json\/wp\/v2\/media\/23525"}],"wp:attachment":[{"href":"https:\/\/www.seltron.si\/de\/wp-json\/wp\/v2\/media?parent=13583"}],"wp:term":[{"taxonomy":"product_brand","embeddable":true,"href":"https:\/\/www.seltron.si\/de\/wp-json\/wp\/v2\/product_brand?post=13583"},{"taxonomy":"product_cat","embeddable":true,"href":"https:\/\/www.seltron.si\/de\/wp-json\/wp\/v2\/product_cat?post=13583"},{"taxonomy":"product_tag","embeddable":true,"href":"https:\/\/www.seltron.si\/de\/wp-json\/wp\/v2\/product_tag?post=13583"}],"curies":[{"name":"wp","href":"https:\/\/api.w.org\/{rel}","templated":true}]}}