{"id":13615,"date":"2020-01-22T09:05:00","date_gmt":"2020-01-22T09:05:00","guid":{"rendered":"https:\/\/www.seltron.si\/\/?post_type=product&#038;p=13615"},"modified":"2025-01-07T11:32:18","modified_gmt":"2025-01-07T11:32:18","slug":"pelletofen-cherie-up-h-wasser","status":"publish","type":"product","link":"https:\/\/www.seltron.si\/de\/katalog-izdelkov\/ogrevanje\/kamini-za-ogrevanje\/kamini-na-pelete\/kaminska-pec-na-pelete-cherie-up-h-vodna\/","title":{"rendered":"Cherie Up H Pelletofen, Wasser"},"content":{"rendered":"<p style=\"background: white; margin: 0cm 0cm 15.6pt; text-align: left;\">Kaminsko pe\u010d na pelete EDILKAMIN Cherie Up H uporabljamo kot vir toplote v razli\u010dnih ogrevalnih sistemih. Manj\u0161e objekte lahko s kaminsko pe\u010djo, glede na izbrano hidravli\u010dno vezavo, ogrevamo z radiatorji ali talnim ogrevanjem in pripravljamo toplo sanitarno vodo.<\/p>","protected":false},"excerpt":{"rendered":"<p style=\"background: white; margin: 0cm 0cm 15.6pt 0cm;\">Der Pelletofen EDILKAMIN Cherie Up H wird als W\u00e4rmequelle in verschiedenen Heizsystemen eingesetzt. Kleinere Geb\u00e4ude k\u00f6nnen mit Heizk\u00f6rpern oder Fu\u00dfbodenheizungen beheizt werden und je nach gew\u00e4hltem hydraulischen Anschluss kann mit dem Kaminofen Warmwasser erzeugt werden.<\/p>","protected":false},"featured_media":23523,"template":"","meta":{"_acf_changed":false},"product_brand":[],"product_cat":[69,378],"product_tag":[592,594,589,590,591,582,593],"class_list":{"0":"post-13615","1":"product","2":"type-product","3":"status-publish","4":"has-post-thumbnail","6":"product_cat-kamini-za-ogrevanje","7":"product_cat-kamini-na-pelete","8":"product_tag-edilkamin","9":"product_tag-edilkamin-kamini","10":"product_tag-kamin","11":"product_tag-kaminska-pec","12":"product_tag-kaminske-peci","13":"product_tag-seltron","14":"product_tag-seltron-kamini","15":"pa_kategorije-kamini","17":"first","18":"instock","19":"taxable","20":"shipping-taxable","21":"purchasable","22":"product-type-variable"},"acf":[],"_links":{"self":[{"href":"https:\/\/www.seltron.si\/de\/wp-json\/wp\/v2\/product\/13615","targetHints":{"allow":["GET"]}}],"collection":[{"href":"https:\/\/www.seltron.si\/de\/wp-json\/wp\/v2\/product"}],"about":[{"href":"https:\/\/www.seltron.si\/de\/wp-json\/wp\/v2\/types\/product"}],"version-history":[{"count":1,"href":"https:\/\/www.seltron.si\/de\/wp-json\/wp\/v2\/product\/13615\/revisions"}],"predecessor-version":[{"id":99009,"href":"https:\/\/www.seltron.si\/de\/wp-json\/wp\/v2\/product\/13615\/revisions\/99009"}],"wp:featuredmedia":[{"embeddable":true,"href":"https:\/\/www.seltron.si\/de\/wp-json\/wp\/v2\/media\/23523"}],"wp:attachment":[{"href":"https:\/\/www.seltron.si\/de\/wp-json\/wp\/v2\/media?parent=13615"}],"wp:term":[{"taxonomy":"product_brand","embeddable":true,"href":"https:\/\/www.seltron.si\/de\/wp-json\/wp\/v2\/product_brand?post=13615"},{"taxonomy":"product_cat","embeddable":true,"href":"https:\/\/www.seltron.si\/de\/wp-json\/wp\/v2\/product_cat?post=13615"},{"taxonomy":"product_tag","embeddable":true,"href":"https:\/\/www.seltron.si\/de\/wp-json\/wp\/v2\/product_tag?post=13615"}],"curies":[{"name":"wp","href":"https:\/\/api.w.org\/{rel}","templated":true}]}}