{"id":13649,"date":"2020-01-22T09:17:20","date_gmt":"2020-01-22T09:17:20","guid":{"rendered":"https:\/\/www.seltron.si\/\/?post_type=product&#038;p=13649"},"modified":"2025-01-07T11:32:19","modified_gmt":"2025-01-07T11:32:19","slug":"flamma-cs-wasserscheitholzofen","status":"publish","type":"product","link":"https:\/\/www.seltron.si\/de\/katalog-izdelkov\/ogrevanje\/kamini-za-ogrevanje\/kamini-na-polena\/kaminska-pec-na-polena-flamma-cs-vodna\/","title":{"rendered":"Flamma CS Kaminofen, Wasser"},"content":{"rendered":"<p>Kaminsko pe\u010d na polena EDILKAMIN Flamma\/CS uporabljamo kot vir toplote v razli\u010dnih ogrevalnih sistemih. Manj\u0161e objekte lahko s kaminsko pe\u010djo, glede na izbrano hidravli\u010dno vezavo, ogrevamo z radiatorji ali s talnim ogrevanjem ter pripravljamo toplo sanitarno vodo.<\/p>","protected":false},"excerpt":{"rendered":"<p>Der Kaminofen EDILKAMIN Flamma\/CS wird als W\u00e4rmequelle in verschiedenen Heizsystemen eingesetzt. Kleinere Geb\u00e4ude k\u00f6nnen mit Heizk\u00f6rpern oder einer Fu\u00dfbodenheizung beheizt werden, und je nach gew\u00e4hltem hydraulischen Anschluss kann mit einem Holzofen Warmwasser erzeugt werden.<\/p>","protected":false},"featured_media":23543,"template":"","meta":{"_acf_changed":false},"product_brand":[],"product_cat":[69,379],"product_tag":[592,595,594,589,596,590,591,597],"class_list":{"0":"post-13649","1":"product","2":"type-product","3":"status-publish","4":"has-post-thumbnail","6":"product_cat-kamini-za-ogrevanje","7":"product_cat-kamini-na-polena","8":"product_tag-edilkamin","9":"product_tag-edilkamin-kamin","10":"product_tag-edilkamin-kamini","11":"product_tag-kamin","12":"product_tag-kamini","13":"product_tag-kaminska-pec","14":"product_tag-kaminske-peci","15":"product_tag-seltron-kamin","16":"pa_kategorije-kamini","18":"first","19":"instock","20":"featured","21":"taxable","22":"shipping-taxable","23":"purchasable","24":"product-type-variable"},"acf":[],"_links":{"self":[{"href":"https:\/\/www.seltron.si\/de\/wp-json\/wp\/v2\/product\/13649","targetHints":{"allow":["GET"]}}],"collection":[{"href":"https:\/\/www.seltron.si\/de\/wp-json\/wp\/v2\/product"}],"about":[{"href":"https:\/\/www.seltron.si\/de\/wp-json\/wp\/v2\/types\/product"}],"version-history":[{"count":1,"href":"https:\/\/www.seltron.si\/de\/wp-json\/wp\/v2\/product\/13649\/revisions"}],"predecessor-version":[{"id":99015,"href":"https:\/\/www.seltron.si\/de\/wp-json\/wp\/v2\/product\/13649\/revisions\/99015"}],"wp:featuredmedia":[{"embeddable":true,"href":"https:\/\/www.seltron.si\/de\/wp-json\/wp\/v2\/media\/23543"}],"wp:attachment":[{"href":"https:\/\/www.seltron.si\/de\/wp-json\/wp\/v2\/media?parent=13649"}],"wp:term":[{"taxonomy":"product_brand","embeddable":true,"href":"https:\/\/www.seltron.si\/de\/wp-json\/wp\/v2\/product_brand?post=13649"},{"taxonomy":"product_cat","embeddable":true,"href":"https:\/\/www.seltron.si\/de\/wp-json\/wp\/v2\/product_cat?post=13649"},{"taxonomy":"product_tag","embeddable":true,"href":"https:\/\/www.seltron.si\/de\/wp-json\/wp\/v2\/product_tag?post=13649"}],"curies":[{"name":"wp","href":"https:\/\/api.w.org\/{rel}","templated":true}]}}