{"id":13654,"date":"2020-01-22T09:18:53","date_gmt":"2020-01-22T09:18:53","guid":{"rendered":"https:\/\/www.seltron.si\/\/?post_type=product&#038;p=13654"},"modified":"2025-01-07T11:32:19","modified_gmt":"2025-01-07T11:32:19","slug":"falun-ii-aqua-wasser-scheitholzofen","status":"publish","type":"product","link":"https:\/\/www.seltron.si\/de\/katalog-izdelkov\/ogrevanje\/kamini-za-ogrevanje\/kamini-na-polena\/kaminska-pec-na-polena-falun-ii-aqua-vodna\/","title":{"rendered":"Kaminofen Falun II Aqua, Wasser"},"content":{"rendered":"<p>Der Kaminofen THORMA Falun II Aqua wird als W\u00e4rmequelle in verschiedenen Heizsystemen eingesetzt. Kleinere Geb\u00e4ude k\u00f6nnen mit Heizk\u00f6rpern oder einer Fu\u00dfbodenheizung beheizt werden und je nach gew\u00e4hltem hydraulischen Anschluss kann mit dem Holzofen Warmwasser erzeugt werden.<\/p>","protected":false},"excerpt":{"rendered":"<p>Der Kaminofen THORMA Falun II Aqua wird als W\u00e4rmequelle in verschiedenen Heizsystemen eingesetzt. Kleinere Geb\u00e4ude k\u00f6nnen mit Heizk\u00f6rpern oder einer Fu\u00dfbodenheizung beheizt werden und je nach gew\u00e4hltem hydraulischen Anschluss kann mit dem Holzofen Warmwasser erzeugt werden.<\/p>","protected":false},"featured_media":16413,"template":"","meta":{"_acf_changed":false},"product_brand":[],"product_cat":[69,379],"product_tag":[592,595,594,589,596,590,591,597],"class_list":{"0":"post-13654","1":"product","2":"type-product","3":"status-publish","4":"has-post-thumbnail","6":"product_cat-kamini-za-ogrevanje","7":"product_cat-kamini-na-polena","8":"product_tag-edilkamin","9":"product_tag-edilkamin-kamin","10":"product_tag-edilkamin-kamini","11":"product_tag-kamin","12":"product_tag-kamini","13":"product_tag-kaminska-pec","14":"product_tag-kaminske-peci","15":"product_tag-seltron-kamin","16":"pa_kategorije-kamini","18":"first","19":"instock","20":"taxable","21":"shipping-taxable","22":"purchasable","23":"product-type-simple"},"acf":[],"_links":{"self":[{"href":"https:\/\/www.seltron.si\/de\/wp-json\/wp\/v2\/product\/13654","targetHints":{"allow":["GET"]}}],"collection":[{"href":"https:\/\/www.seltron.si\/de\/wp-json\/wp\/v2\/product"}],"about":[{"href":"https:\/\/www.seltron.si\/de\/wp-json\/wp\/v2\/types\/product"}],"version-history":[{"count":1,"href":"https:\/\/www.seltron.si\/de\/wp-json\/wp\/v2\/product\/13654\/revisions"}],"predecessor-version":[{"id":99016,"href":"https:\/\/www.seltron.si\/de\/wp-json\/wp\/v2\/product\/13654\/revisions\/99016"}],"wp:featuredmedia":[{"embeddable":true,"href":"https:\/\/www.seltron.si\/de\/wp-json\/wp\/v2\/media\/16413"}],"wp:attachment":[{"href":"https:\/\/www.seltron.si\/de\/wp-json\/wp\/v2\/media?parent=13654"}],"wp:term":[{"taxonomy":"product_brand","embeddable":true,"href":"https:\/\/www.seltron.si\/de\/wp-json\/wp\/v2\/product_brand?post=13654"},{"taxonomy":"product_cat","embeddable":true,"href":"https:\/\/www.seltron.si\/de\/wp-json\/wp\/v2\/product_cat?post=13654"},{"taxonomy":"product_tag","embeddable":true,"href":"https:\/\/www.seltron.si\/de\/wp-json\/wp\/v2\/product_tag?post=13654"}],"curies":[{"name":"wp","href":"https:\/\/api.w.org\/{rel}","templated":true}]}}