{"id":13669,"date":"2020-01-22T09:22:51","date_gmt":"2020-01-22T09:22:51","guid":{"rendered":"https:\/\/www.seltron.si\/\/?post_type=product&#038;p=13669"},"modified":"2025-01-07T11:32:20","modified_gmt":"2025-01-07T11:32:20","slug":"andorra-exklusiver-holzbeheizter-ofen","status":"publish","type":"product","link":"https:\/\/www.seltron.si\/de\/katalog-izdelkov\/ogrevanje\/kamini-za-ogrevanje\/kaminske-peci-na-polena-zracne\/kaminska-pec-na-polena-andorra-exclusive-zracna\/","title":{"rendered":"Andorra Exklusiv Holzofen, Luft"},"content":{"rendered":"<p>Kaminsko pe\u010d na polena THORMA Andorra Exclusive lahko uporabljamo kot toplotni vir za zra\u010dno ogrevanje stanovanj ali ve\u010djih bivalnih prostorov.<\/p>","protected":false},"excerpt":{"rendered":"<p>Der Kaminofen THORMA Andorra Exclusive kann als W\u00e4rmequelle f\u00fcr die Luftheizung in Wohnungen oder gr\u00f6\u00dferen Wohnr\u00e4umen eingesetzt werden.<\/p>","protected":false},"featured_media":23550,"template":"","meta":{"_acf_changed":false},"product_brand":[],"product_cat":[69,381],"product_tag":[592,595,594,589,596,590,591,597,598,599],"class_list":{"0":"post-13669","1":"product","2":"type-product","3":"status-publish","4":"has-post-thumbnail","6":"product_cat-kamini-za-ogrevanje","7":"product_cat-kaminske-peci-na-polena-zracne","8":"product_tag-edilkamin","9":"product_tag-edilkamin-kamin","10":"product_tag-edilkamin-kamini","11":"product_tag-kamin","12":"product_tag-kamini","13":"product_tag-kaminska-pec","14":"product_tag-kaminske-peci","15":"product_tag-seltron-kamin","16":"product_tag-thorma-kamin","17":"product_tag-thorma-kamini","18":"pa_kategorije-kamini","20":"first","21":"instock","22":"taxable","23":"shipping-taxable","24":"purchasable","25":"product-type-variable"},"acf":[],"_links":{"self":[{"href":"https:\/\/www.seltron.si\/de\/wp-json\/wp\/v2\/product\/13669","targetHints":{"allow":["GET"]}}],"collection":[{"href":"https:\/\/www.seltron.si\/de\/wp-json\/wp\/v2\/product"}],"about":[{"href":"https:\/\/www.seltron.si\/de\/wp-json\/wp\/v2\/types\/product"}],"version-history":[{"count":1,"href":"https:\/\/www.seltron.si\/de\/wp-json\/wp\/v2\/product\/13669\/revisions"}],"predecessor-version":[{"id":99019,"href":"https:\/\/www.seltron.si\/de\/wp-json\/wp\/v2\/product\/13669\/revisions\/99019"}],"wp:featuredmedia":[{"embeddable":true,"href":"https:\/\/www.seltron.si\/de\/wp-json\/wp\/v2\/media\/23550"}],"wp:attachment":[{"href":"https:\/\/www.seltron.si\/de\/wp-json\/wp\/v2\/media?parent=13669"}],"wp:term":[{"taxonomy":"product_brand","embeddable":true,"href":"https:\/\/www.seltron.si\/de\/wp-json\/wp\/v2\/product_brand?post=13669"},{"taxonomy":"product_cat","embeddable":true,"href":"https:\/\/www.seltron.si\/de\/wp-json\/wp\/v2\/product_cat?post=13669"},{"taxonomy":"product_tag","embeddable":true,"href":"https:\/\/www.seltron.si\/de\/wp-json\/wp\/v2\/product_tag?post=13669"}],"curies":[{"name":"wp","href":"https:\/\/api.w.org\/{rel}","templated":true}]}}