{"id":13702,"date":"2020-01-22T09:52:51","date_gmt":"2020-01-22T09:52:51","guid":{"rendered":"https:\/\/www.seltron.si\/\/?post_type=product&#038;p=13702"},"modified":"2025-01-07T11:32:20","modified_gmt":"2025-01-07T11:32:20","slug":"sprint-kaminholzeinsatz","status":"publish","type":"product","link":"https:\/\/www.seltron.si\/de\/katalog-izdelkov\/ogrevanje\/kamini-za-ogrevanje\/kaminski-vlozki-na-polena-zracni\/kaminski-vlozek-na-polena-sprint-zracni\/","title":{"rendered":"Sprint-Kamineinsatz, Luft"},"content":{"rendered":"<p>Die EDILKAMIN Sprint Kamineins\u00e4tze k\u00f6nnen als W\u00e4rmequelle f\u00fcr die Warmluftheizung eines oder mehrerer Wohnr\u00e4ume genutzt werden.<\/p>","protected":false},"excerpt":{"rendered":"<p>Die EDILKAMIN Sprint Kamineins\u00e4tze k\u00f6nnen als W\u00e4rmequelle f\u00fcr die Warmluftheizung eines oder mehrerer Wohnr\u00e4ume genutzt werden.<\/p>","protected":false},"featured_media":23560,"template":"","meta":{"_acf_changed":false},"product_brand":[],"product_cat":[69,383],"product_tag":[592,595,594,589,596,590,591,400,597,598,599],"class_list":{"0":"post-13702","1":"product","2":"type-product","3":"status-publish","4":"has-post-thumbnail","6":"product_cat-kamini-za-ogrevanje","7":"product_cat-kaminski-vlozki-na-polena-zracni","8":"product_tag-edilkamin","9":"product_tag-edilkamin-kamin","10":"product_tag-edilkamin-kamini","11":"product_tag-kamin","12":"product_tag-kamini","13":"product_tag-kaminska-pec","14":"product_tag-kaminske-peci","15":"product_tag-moc-14-kw","16":"product_tag-seltron-kamin","17":"product_tag-thorma-kamin","18":"product_tag-thorma-kamini","19":"pa_kategorije-kamini","21":"first","22":"instock","23":"taxable","24":"shipping-taxable","25":"purchasable","26":"product-type-simple"},"acf":[],"_links":{"self":[{"href":"https:\/\/www.seltron.si\/de\/wp-json\/wp\/v2\/product\/13702","targetHints":{"allow":["GET"]}}],"collection":[{"href":"https:\/\/www.seltron.si\/de\/wp-json\/wp\/v2\/product"}],"about":[{"href":"https:\/\/www.seltron.si\/de\/wp-json\/wp\/v2\/types\/product"}],"version-history":[{"count":1,"href":"https:\/\/www.seltron.si\/de\/wp-json\/wp\/v2\/product\/13702\/revisions"}],"predecessor-version":[{"id":99025,"href":"https:\/\/www.seltron.si\/de\/wp-json\/wp\/v2\/product\/13702\/revisions\/99025"}],"wp:featuredmedia":[{"embeddable":true,"href":"https:\/\/www.seltron.si\/de\/wp-json\/wp\/v2\/media\/23560"}],"wp:attachment":[{"href":"https:\/\/www.seltron.si\/de\/wp-json\/wp\/v2\/media?parent=13702"}],"wp:term":[{"taxonomy":"product_brand","embeddable":true,"href":"https:\/\/www.seltron.si\/de\/wp-json\/wp\/v2\/product_brand?post=13702"},{"taxonomy":"product_cat","embeddable":true,"href":"https:\/\/www.seltron.si\/de\/wp-json\/wp\/v2\/product_cat?post=13702"},{"taxonomy":"product_tag","embeddable":true,"href":"https:\/\/www.seltron.si\/de\/wp-json\/wp\/v2\/product_tag?post=13702"}],"curies":[{"name":"wp","href":"https:\/\/api.w.org\/{rel}","templated":true}]}}