{"id":14667,"date":"2020-01-26T11:53:50","date_gmt":"2020-01-26T11:53:50","guid":{"rendered":"https:\/\/www.seltron.si\/\/?post_type=product&#038;p=14667"},"modified":"2025-01-07T11:32:24","modified_gmt":"2025-01-07T11:32:24","slug":"daikin-emura-klimagerat","status":"publish","type":"product","link":"https:\/\/www.seltron.si\/de\/katalog-izdelkov\/ogrevanje\/klimatizacija\/klimatske-naprave-izdelki\/klimatska-naprava-daikin-emura\/","title":{"rendered":"Daikin Emura Klimager\u00e4t"},"content":{"rendered":"","protected":false},"excerpt":{"rendered":"<p>Entdecken Sie ein Klimager\u00e4t, das unvergleichliche Eleganz mit innovativer Technologie kombiniert, um h\u00f6chsten Komfort und Luftreinheit zu gew\u00e4hrleisten. Das Daikin Emura Klimager\u00e4t f\u00fcgt sich nahtlos in jedes Interieur ein und bietet zudem einen ultraleisen Betriebsmodus, der f\u00fcr Ruhe und Frieden in Ihrem Zuhause sorgt.<\/p>\n<p>Eleganz, die Ihren Raum erg\u00e4nzt - W\u00e4hlen Sie zwischen Schwarz oder Wei\u00df matt und Silber gl\u00e4nzend, um Ihren pers\u00f6nlichen Stil und Ihre Inneneinrichtung zu unterstreichen. Sowohl das Innenger\u00e4t als auch die Fernbedienung sind in einem eleganten Design gehalten, das sich unauff\u00e4llig in Ihren Wohnraum integrieren l\u00e4sst.<\/p>\n<p>Engagement f\u00fcr saubere Luft - Daikin Emura-Klimager\u00e4te sind mit fortschrittlichen Luftreinigungstechnologien ausgestattet, darunter die Flash-Streamer-Technologie, ein Titan-Apatit-Filter und ein Silberfilter. Diese leistungsstarke Filterkombination sorgt daf\u00fcr, dass Ihr Zuhause frei von Viren, Allergenen und Ger\u00fcchen bleibt, und bietet so ein gesundes Lebensumfeld f\u00fcr Sie und Ihre Lieben.<\/p>\n<p>Intelligente und intuitive Steuerung - Steuern Sie Ihr Klimager\u00e4t ganz einfach \u00fcber die Onecta App, mit der Sie die Einstellungen bequem vom Sofa aus oder sogar von au\u00dferhalb des Hauses vornehmen k\u00f6nnen. Mit der zus\u00e4tzlichen Funktionalit\u00e4t der Sprachsteuerung \u00fcber Google Assistant und Amazon Alexa k\u00f6nnen Sie Ihre Wohnumgebung freih\u00e4ndig anpassen.<\/p>\n<p>Nahezu ger\u00e4uschloser Betrieb - Dank eines speziell entwickelten Ventilators, der den Luftstrom optimiert, arbeitet das Emura-Klimager\u00e4t nahezu ger\u00e4uschlos. Genie\u00dfen Sie k\u00fchle oder warme Luft ohne st\u00f6rende Ger\u00e4usche, damit Sie schlafen oder sich auf Ihre Arbeit konzentrieren k\u00f6nnen.<\/p>\n<p>Das Emura-Klimager\u00e4t ist die perfekte Kombination aus Stil, Komfort und Technologie. Mit sauberer Luft, elegantem Design, das sich in Ihr Zuhause einf\u00fcgt, intelligenter Steuerung und nahezu ger\u00e4uschlosem Betrieb bringt es ein unschlagbares Erlebnis in jedes Zuhause. Entscheiden Sie sich f\u00fcr fortschrittliche Technologie und ein Design, das f\u00fcr sich selbst spricht.<\/p>","protected":false},"featured_media":96378,"template":"","meta":{"_acf_changed":false},"product_brand":[],"product_cat":[133,55],"product_tag":[677,674,676,675,400],"class_list":{"0":"post-14667","1":"product","2":"type-product","3":"status-publish","4":"has-post-thumbnail","6":"product_cat-klimatizacija","7":"product_cat-klimatske-naprave-izdelki","8":"product_tag-klimatska-naprava","9":"product_tag-klimatska-naprava-daikin","10":"product_tag-klimatska-naprava-daikin-emura","11":"product_tag-klimatske-naprave-daikin","12":"product_tag-moc-14-kw","13":"pa_kategorije-klimatske-naprave","15":"first","16":"instock","17":"taxable","18":"shipping-taxable","19":"purchasable","20":"product-type-variable"},"acf":[],"_links":{"self":[{"href":"https:\/\/www.seltron.si\/de\/wp-json\/wp\/v2\/product\/14667","targetHints":{"allow":["GET"]}}],"collection":[{"href":"https:\/\/www.seltron.si\/de\/wp-json\/wp\/v2\/product"}],"about":[{"href":"https:\/\/www.seltron.si\/de\/wp-json\/wp\/v2\/types\/product"}],"version-history":[{"count":1,"href":"https:\/\/www.seltron.si\/de\/wp-json\/wp\/v2\/product\/14667\/revisions"}],"predecessor-version":[{"id":99033,"href":"https:\/\/www.seltron.si\/de\/wp-json\/wp\/v2\/product\/14667\/revisions\/99033"}],"wp:featuredmedia":[{"embeddable":true,"href":"https:\/\/www.seltron.si\/de\/wp-json\/wp\/v2\/media\/96378"}],"wp:attachment":[{"href":"https:\/\/www.seltron.si\/de\/wp-json\/wp\/v2\/media?parent=14667"}],"wp:term":[{"taxonomy":"product_brand","embeddable":true,"href":"https:\/\/www.seltron.si\/de\/wp-json\/wp\/v2\/product_brand?post=14667"},{"taxonomy":"product_cat","embeddable":true,"href":"https:\/\/www.seltron.si\/de\/wp-json\/wp\/v2\/product_cat?post=14667"},{"taxonomy":"product_tag","embeddable":true,"href":"https:\/\/www.seltron.si\/de\/wp-json\/wp\/v2\/product_tag?post=14667"}],"curies":[{"name":"wp","href":"https:\/\/api.w.org\/{rel}","templated":true}]}}