{"id":14718,"date":"2020-01-26T13:50:45","date_gmt":"2020-01-26T13:50:45","guid":{"rendered":"https:\/\/www.seltron.si\/\/?post_type=product&#038;p=14718"},"modified":"2025-01-07T11:32:24","modified_gmt":"2025-01-07T11:32:24","slug":"daikin-comfora-klimagerat","status":"publish","type":"product","link":"https:\/\/www.seltron.si\/de\/katalog-izdelkov\/ogrevanje\/klimatizacija\/klimatske-naprave-izdelki\/klimatska-naprava-daikin-comfora\/","title":{"rendered":"Daikin Comfora Klimager\u00e4t"},"content":{"rendered":"","protected":false},"excerpt":{"rendered":"<p>Das Comfora-Klimager\u00e4t verf\u00fcgt \u00fcber eine \u00e4u\u00dferst kompakte Inneneinheit, die problemlos in jeden Raum Ihres Hauses passt. Mit der Option, \u00fcber der T\u00fcr installiert zu werden, sorgt Comfora daf\u00fcr, dass Ihr Wohnraum immer angenehm und k\u00fchl bleibt, ohne die \u00c4sthetik zu beeintr\u00e4chtigen oder wertvollen Platz zu beanspruchen.<\/p>\n<p>Der in Europa entworfene und gebaute Comfora spiegelt die Raffinesse und den Anspruch der europ\u00e4ischen Innenarchitektur wider. Mit seinem eleganten Design f\u00fcgt sich der Comfora nahtlos in jede Umgebung ein, verleiht ihr einen Hauch von Luxus und sorgt daf\u00fcr, dass Ihr Raum nicht nur gut aussieht, sondern auch daf\u00fcr, dass Sie sich gut f\u00fchlen.<\/p>\n<p>Die Gesundheit und das Wohlbefinden Ihrer Familie haben f\u00fcr uns oberste Priorit\u00e4t. Deshalb ist Comfora mit einem fortschrittlichen Luftfiltersystem ausgestattet, das einen Allergenentfernungsfilter, einen Luftreinigungsfilter und einen Titan-Apatit-Desodorierungsfilter umfasst. Zusammen sorgen diese Filter daf\u00fcr, dass die Luft in Ihrer Wohnung nicht nur frisch, sondern auch frei von Allergenen und unangenehmen Ger\u00fcchen ist.<\/p>\n<p>Die Verwaltung Ihres Comfore war noch nie so einfach. Mit der Onecta-App k\u00f6nnen Sie Ihr Klimager\u00e4t von \u00fcberall aus steuern - sei es \u00fcber Ihr Smartphone oder mit Sprachbefehlen \u00fcber Google Assistant und Amazon Alexa. Genie\u00dfen Sie die volle Kontrolle \u00fcber Ihren Wohnkomfort mit einem intuitiven und intelligenten Steuerungssystem.<\/p>\n<p>Halten Sie Ihr Zuhause angenehm k\u00fchl, sauber und komfortabel mit Comforo - einem Klimager\u00e4t, das europ\u00e4ische Qualit\u00e4t, fortschrittliche Technologie und modernstes Design vereint.<\/p>","protected":false},"featured_media":96286,"template":"","meta":{"_acf_changed":false},"product_brand":[],"product_cat":[133,55],"product_tag":[674,673,675,400],"class_list":{"0":"post-14718","1":"product","2":"type-product","3":"status-publish","4":"has-post-thumbnail","6":"product_cat-klimatizacija","7":"product_cat-klimatske-naprave-izdelki","8":"product_tag-klimatska-naprava-daikin","9":"product_tag-klimatska-naprava-daikin-comfora","10":"product_tag-klimatske-naprave-daikin","11":"product_tag-moc-14-kw","12":"pa_kategorije-klimatske-naprave","14":"first","15":"instock","16":"taxable","17":"shipping-taxable","18":"purchasable","19":"product-type-variable"},"acf":[],"_links":{"self":[{"href":"https:\/\/www.seltron.si\/de\/wp-json\/wp\/v2\/product\/14718","targetHints":{"allow":["GET"]}}],"collection":[{"href":"https:\/\/www.seltron.si\/de\/wp-json\/wp\/v2\/product"}],"about":[{"href":"https:\/\/www.seltron.si\/de\/wp-json\/wp\/v2\/types\/product"}],"version-history":[{"count":1,"href":"https:\/\/www.seltron.si\/de\/wp-json\/wp\/v2\/product\/14718\/revisions"}],"predecessor-version":[{"id":99035,"href":"https:\/\/www.seltron.si\/de\/wp-json\/wp\/v2\/product\/14718\/revisions\/99035"}],"wp:featuredmedia":[{"embeddable":true,"href":"https:\/\/www.seltron.si\/de\/wp-json\/wp\/v2\/media\/96286"}],"wp:attachment":[{"href":"https:\/\/www.seltron.si\/de\/wp-json\/wp\/v2\/media?parent=14718"}],"wp:term":[{"taxonomy":"product_brand","embeddable":true,"href":"https:\/\/www.seltron.si\/de\/wp-json\/wp\/v2\/product_brand?post=14718"},{"taxonomy":"product_cat","embeddable":true,"href":"https:\/\/www.seltron.si\/de\/wp-json\/wp\/v2\/product_cat?post=14718"},{"taxonomy":"product_tag","embeddable":true,"href":"https:\/\/www.seltron.si\/de\/wp-json\/wp\/v2\/product_tag?post=14718"}],"curies":[{"name":"wp","href":"https:\/\/api.w.org\/{rel}","templated":true}]}}