{"id":14733,"date":"2020-01-26T14:05:26","date_gmt":"2020-01-26T14:05:26","guid":{"rendered":"https:\/\/www.seltron.si\/\/?post_type=product&#038;p=14733"},"modified":"2025-01-07T11:32:24","modified_gmt":"2025-01-07T11:32:24","slug":"daikin-sensria-klimagerat","status":"publish","type":"product","link":"https:\/\/www.seltron.si\/de\/katalog-izdelkov\/ogrevanje\/klimatizacija\/klimatske-naprave-izdelki\/klimatska-naprava-daikin-sensria\/","title":{"rendered":"Daikin Sensira Klimager\u00e4t"},"content":{"rendered":"","protected":false},"excerpt":{"rendered":"<p>Entdecken Sie die perfekte L\u00f6sung f\u00fcr Ihr Zuhause mit Daikin Sensira, einem Klimager\u00e4t, das Effizienz, Innovation und Erschwinglichkeit vereint. Dieses kompakte wei\u00dfe Ger\u00e4t f\u00fcgt sich nahtlos in jeden Raum ein und l\u00e4sst sich problemlos installieren, ohne dass Sie Kompromisse bei \u00c4sthetik oder Leistung eingehen m\u00fcssen. Sensira wurde entwickelt, um Ihnen das Beste von Daikin zu bieten: hervorragende Qualit\u00e4t und fortschrittliche Funktionalit\u00e4t zu einem attraktiven Preis.<\/p>\n<p>Genie\u00dfen Sie die intelligente Steuerung Ihrer Klimaanlage, egal wo Sie sind. Mit der Onecta App k\u00f6nnen Sie Ihre Sensira mit ein paar Fingertipps auf Ihrem Smartphone einrichten, einstellen und steuern. F\u00fcr noch mehr Komfort unterst\u00fctzt Sensira die Sprachsteuerung \u00fcber Google Assistant und Amazon Alexa. So k\u00f6nnen Sie die Temperatur in Ihrem Zuhause mit einem einfachen Befehl einstellen.<\/p>\n<p>Mit Daikin Sensira holen Sie sich Komfort in Ihr Zuhause, der sich leicht an Ihren Lebensstil anpassen l\u00e4sst, ohne dass Sie auf Leistung oder Wirtschaftlichkeit verzichten m\u00fcssen.<\/p>","protected":false},"featured_media":96365,"template":"","meta":{"_acf_changed":false},"product_brand":[],"product_cat":[133,55],"product_tag":[677,674,680,678,675],"class_list":{"0":"post-14733","1":"product","2":"type-product","3":"status-publish","4":"has-post-thumbnail","6":"product_cat-klimatizacija","7":"product_cat-klimatske-naprave-izdelki","8":"product_tag-klimatska-naprava","9":"product_tag-klimatska-naprava-daikin","10":"product_tag-klimatska-naprava-daikin-sensira","11":"product_tag-klimatske-naprave","12":"product_tag-klimatske-naprave-daikin","13":"pa_kategorije-klimatske-naprave","15":"first","16":"instock","17":"taxable","18":"shipping-taxable","19":"purchasable","20":"product-type-variable"},"acf":[],"_links":{"self":[{"href":"https:\/\/www.seltron.si\/de\/wp-json\/wp\/v2\/product\/14733","targetHints":{"allow":["GET"]}}],"collection":[{"href":"https:\/\/www.seltron.si\/de\/wp-json\/wp\/v2\/product"}],"about":[{"href":"https:\/\/www.seltron.si\/de\/wp-json\/wp\/v2\/types\/product"}],"version-history":[{"count":1,"href":"https:\/\/www.seltron.si\/de\/wp-json\/wp\/v2\/product\/14733\/revisions"}],"predecessor-version":[{"id":99036,"href":"https:\/\/www.seltron.si\/de\/wp-json\/wp\/v2\/product\/14733\/revisions\/99036"}],"wp:featuredmedia":[{"embeddable":true,"href":"https:\/\/www.seltron.si\/de\/wp-json\/wp\/v2\/media\/96365"}],"wp:attachment":[{"href":"https:\/\/www.seltron.si\/de\/wp-json\/wp\/v2\/media?parent=14733"}],"wp:term":[{"taxonomy":"product_brand","embeddable":true,"href":"https:\/\/www.seltron.si\/de\/wp-json\/wp\/v2\/product_brand?post=14733"},{"taxonomy":"product_cat","embeddable":true,"href":"https:\/\/www.seltron.si\/de\/wp-json\/wp\/v2\/product_cat?post=14733"},{"taxonomy":"product_tag","embeddable":true,"href":"https:\/\/www.seltron.si\/de\/wp-json\/wp\/v2\/product_tag?post=14733"}],"curies":[{"name":"wp","href":"https:\/\/api.w.org\/{rel}","templated":true}]}}