{"id":14860,"date":"2020-01-27T08:43:15","date_gmt":"2020-01-27T08:43:15","guid":{"rendered":"https:\/\/www.seltron.si\/\/?post_type=product&#038;p=14860"},"modified":"2025-01-07T11:32:24","modified_gmt":"2025-01-07T11:32:24","slug":"flurstucksverwalter-ttpo","status":"publish","type":"product","link":"https:\/\/www.seltron.si\/de\/katalog-izdelkov\/ogrevanje\/grelna-telesa\/talno-ogrevanje\/talna-plosca-taker-ttpo\/","title":{"rendered":"Taker TTPO Bodenplatte"},"content":{"rendered":"<p>Taker TTPO wird f\u00fcr Fu\u00dfbodenheizungen verwendet und ist f\u00fcr den Einbau in alle Arten von Nassestrichen geeignet. Das Paneel besteht aus expandiertem Polystyrol und einer Netzfolie, die verhindert, dass die Befestigungsclips aus dem Paneel fallen, und die Feuchtigkeit absorbiert. Der Abstand zwischen den Rohren richtet sich nach dem Heiz- oder K\u00fchlbedarf.<\/p>","protected":false},"excerpt":{"rendered":"<p>Taker TTPO wird f\u00fcr Fu\u00dfbodenheizungen verwendet und ist f\u00fcr den Einbau in alle Arten von Nassestrichen geeignet. Das Paneel besteht aus expandiertem Polystyrol und einer Netzfolie, die verhindert, dass die Befestigungsclips aus dem Paneel fallen, und die Feuchtigkeit absorbiert. Der Abstand zwischen den Rohren richtet sich nach dem Heiz- oder K\u00fchlbedarf.<\/p>","protected":false},"featured_media":23962,"template":"","meta":{"_acf_changed":false},"product_brand":[],"product_cat":[559,848],"product_tag":[670,671,669],"class_list":{"0":"post-14860","1":"product","2":"type-product","3":"status-publish","4":"has-post-thumbnail","6":"product_cat-talno-ogrevanje","7":"product_cat-grelna-telesa","8":"product_tag-talna-plosca","9":"product_tag-talna-plosca-taker","10":"product_tag-talna-plosca-taker-ttpo","11":"pa_kategorije-ploskovno-ogrevanje-hlajenje","13":"first","14":"instock","15":"taxable","16":"shipping-taxable","17":"purchasable","18":"product-type-simple"},"acf":[],"_links":{"self":[{"href":"https:\/\/www.seltron.si\/de\/wp-json\/wp\/v2\/product\/14860","targetHints":{"allow":["GET"]}}],"collection":[{"href":"https:\/\/www.seltron.si\/de\/wp-json\/wp\/v2\/product"}],"about":[{"href":"https:\/\/www.seltron.si\/de\/wp-json\/wp\/v2\/types\/product"}],"version-history":[{"count":1,"href":"https:\/\/www.seltron.si\/de\/wp-json\/wp\/v2\/product\/14860\/revisions"}],"predecessor-version":[{"id":99038,"href":"https:\/\/www.seltron.si\/de\/wp-json\/wp\/v2\/product\/14860\/revisions\/99038"}],"wp:featuredmedia":[{"embeddable":true,"href":"https:\/\/www.seltron.si\/de\/wp-json\/wp\/v2\/media\/23962"}],"wp:attachment":[{"href":"https:\/\/www.seltron.si\/de\/wp-json\/wp\/v2\/media?parent=14860"}],"wp:term":[{"taxonomy":"product_brand","embeddable":true,"href":"https:\/\/www.seltron.si\/de\/wp-json\/wp\/v2\/product_brand?post=14860"},{"taxonomy":"product_cat","embeddable":true,"href":"https:\/\/www.seltron.si\/de\/wp-json\/wp\/v2\/product_cat?post=14860"},{"taxonomy":"product_tag","embeddable":true,"href":"https:\/\/www.seltron.si\/de\/wp-json\/wp\/v2\/product_tag?post=14860"}],"curies":[{"name":"wp","href":"https:\/\/api.w.org\/{rel}","templated":true}]}}