{"id":14948,"date":"2020-01-27T10:56:47","date_gmt":"2020-01-27T10:56:47","guid":{"rendered":"https:\/\/www.seltron.si\/\/?post_type=product&#038;p=14948"},"modified":"2025-01-07T11:32:24","modified_gmt":"2025-01-07T11:32:24","slug":"fusbodenheizung-rohr-pert-al-pert","status":"publish","type":"product","link":"https:\/\/www.seltron.si\/de\/katalog-izdelkov\/ogrevanje\/grelna-telesa\/talno-ogrevanje\/cev-za-talno-ogrevanje-pert-al-pert\/","title":{"rendered":"PE-RT\/AL\/PE-RT Fu\u00dfbodenheizungsrohr"},"content":{"rendered":"<p>PE-RT\/AL\/PE-RT-Fu\u00dfbodenheizungsrohre werden f\u00fcr Fu\u00dfbodenheizungen oder Wand- und Deckenheizungen\/-k\u00fchlungen verwendet. Das Rohr ist aufgrund seiner Zusammensetzung sehr flexibel und bietet gleichzeitig eine hohe Best\u00e4ndigkeit gegen Druck und mechanische Beanspruchung.<\/p>","protected":false},"excerpt":{"rendered":"<p>PE-RT\/AL\/PE-RT-Fu\u00dfbodenheizungsrohre werden f\u00fcr Fu\u00dfbodenheizungen oder Wand- und Deckenheizungen\/-k\u00fchlungen verwendet. Das Rohr ist aufgrund seiner Zusammensetzung sehr flexibel und bietet gleichzeitig eine hohe Best\u00e4ndigkeit gegen Druck und mechanische Beanspruchung.<\/p>","protected":false},"featured_media":30129,"template":"","meta":{"_acf_changed":false},"product_brand":[],"product_cat":[848,559],"product_tag":[655,658,657],"class_list":{"0":"post-14948","1":"product","2":"type-product","3":"status-publish","4":"has-post-thumbnail","6":"product_cat-grelna-telesa","7":"product_cat-talno-ogrevanje","8":"product_tag-cev-za-talno-ogrevanje","9":"product_tag-cev-za-talno-ogrevanje-pert","10":"product_tag-cev-za-talno-ogrevanje-pert-al-pert","11":"pa_kategorije-ploskovno-ogrevanje-hlajenje","13":"first","14":"instock","15":"taxable","16":"shipping-taxable","17":"purchasable","18":"product-type-simple"},"acf":[],"_links":{"self":[{"href":"https:\/\/www.seltron.si\/de\/wp-json\/wp\/v2\/product\/14948","targetHints":{"allow":["GET"]}}],"collection":[{"href":"https:\/\/www.seltron.si\/de\/wp-json\/wp\/v2\/product"}],"about":[{"href":"https:\/\/www.seltron.si\/de\/wp-json\/wp\/v2\/types\/product"}],"version-history":[{"count":1,"href":"https:\/\/www.seltron.si\/de\/wp-json\/wp\/v2\/product\/14948\/revisions"}],"predecessor-version":[{"id":99040,"href":"https:\/\/www.seltron.si\/de\/wp-json\/wp\/v2\/product\/14948\/revisions\/99040"}],"wp:featuredmedia":[{"embeddable":true,"href":"https:\/\/www.seltron.si\/de\/wp-json\/wp\/v2\/media\/30129"}],"wp:attachment":[{"href":"https:\/\/www.seltron.si\/de\/wp-json\/wp\/v2\/media?parent=14948"}],"wp:term":[{"taxonomy":"product_brand","embeddable":true,"href":"https:\/\/www.seltron.si\/de\/wp-json\/wp\/v2\/product_brand?post=14948"},{"taxonomy":"product_cat","embeddable":true,"href":"https:\/\/www.seltron.si\/de\/wp-json\/wp\/v2\/product_cat?post=14948"},{"taxonomy":"product_tag","embeddable":true,"href":"https:\/\/www.seltron.si\/de\/wp-json\/wp\/v2\/product_tag?post=14948"}],"curies":[{"name":"wp","href":"https:\/\/api.w.org\/{rel}","templated":true}]}}