{"id":15220,"date":"2020-01-28T09:01:51","date_gmt":"2020-01-28T09:01:51","guid":{"rendered":"https:\/\/www.seltron.si\/\/?post_type=product&#038;p=15220"},"modified":"2025-01-07T11:32:28","modified_gmt":"2025-01-07T11:32:28","slug":"differenzialregler-sgc67hv","status":"publish","type":"product","link":"https:\/\/www.seltron.si\/de\/katalog-izdelkov\/ogrevanje\/reguliranje-ogrevanja\/diferencni-regulatorji\/diferencni-regulator-sgc67hv\/","title":{"rendered":"SGC67HV Differenzialregler"},"content":{"rendered":"<p>Die universellen Differenzialregler SGC sind f\u00fcr die Steuerung von Solaranlagen zur Warmwasserbereitung und zur Unterst\u00fctzung der Raumheizung konzipiert. Fortschrittliche Betriebsalgorithmen sorgen f\u00fcr eine optimale Nutzung der Solarenergie und erm\u00f6glichen die Steuerung von energiesparenden Umw\u00e4lzpumpen. SGC-Regler verf\u00fcgen \u00fcber voreingestellte hydraulische Schemata, die eine schnelle und einfache Einrichtung erm\u00f6glichen.<\/p>","protected":false},"excerpt":{"rendered":"<p>Die universellen Differenzialregler SGC sind f\u00fcr die Steuerung von Solaranlagen zur Warmwasserbereitung und zur Unterst\u00fctzung der Raumheizung konzipiert. Fortschrittliche Betriebsalgorithmen sorgen f\u00fcr eine optimale Nutzung der Solarenergie und erm\u00f6glichen die Steuerung von energiesparenden Umw\u00e4lzpumpen. SGC-Regler verf\u00fcgen \u00fcber voreingestellte hydraulische Schemata, die eine schnelle und einfache Einrichtung erm\u00f6glichen.<\/p>","protected":false},"featured_media":24050,"template":"","meta":{"_acf_changed":false},"product_brand":[],"product_cat":[523],"product_tag":[701],"class_list":{"0":"post-15220","1":"product","2":"type-product","3":"status-publish","4":"has-post-thumbnail","6":"product_cat-diferencni-regulatorji","7":"product_tag-diferencni-regulator-sgc67hv","8":"pa_kategorije-regulatorji-ogrevanja","10":"first","11":"instock","12":"taxable","13":"shipping-taxable","14":"purchasable","15":"product-type-simple"},"acf":[],"_links":{"self":[{"href":"https:\/\/www.seltron.si\/de\/wp-json\/wp\/v2\/product\/15220","targetHints":{"allow":["GET"]}}],"collection":[{"href":"https:\/\/www.seltron.si\/de\/wp-json\/wp\/v2\/product"}],"about":[{"href":"https:\/\/www.seltron.si\/de\/wp-json\/wp\/v2\/types\/product"}],"version-history":[{"count":1,"href":"https:\/\/www.seltron.si\/de\/wp-json\/wp\/v2\/product\/15220\/revisions"}],"predecessor-version":[{"id":99046,"href":"https:\/\/www.seltron.si\/de\/wp-json\/wp\/v2\/product\/15220\/revisions\/99046"}],"wp:featuredmedia":[{"embeddable":true,"href":"https:\/\/www.seltron.si\/de\/wp-json\/wp\/v2\/media\/24050"}],"wp:attachment":[{"href":"https:\/\/www.seltron.si\/de\/wp-json\/wp\/v2\/media?parent=15220"}],"wp:term":[{"taxonomy":"product_brand","embeddable":true,"href":"https:\/\/www.seltron.si\/de\/wp-json\/wp\/v2\/product_brand?post=15220"},{"taxonomy":"product_cat","embeddable":true,"href":"https:\/\/www.seltron.si\/de\/wp-json\/wp\/v2\/product_cat?post=15220"},{"taxonomy":"product_tag","embeddable":true,"href":"https:\/\/www.seltron.si\/de\/wp-json\/wp\/v2\/product_tag?post=15220"}],"curies":[{"name":"wp","href":"https:\/\/api.w.org\/{rel}","templated":true}]}}