{"id":15230,"date":"2020-01-28T09:04:21","date_gmt":"2020-01-28T09:04:21","guid":{"rendered":"https:\/\/www.seltron.si\/\/?post_type=product&#038;p=15230"},"modified":"2025-01-07T11:32:28","modified_gmt":"2025-01-07T11:32:28","slug":"wettergesteuerter-regler-wdc10b","status":"publish","type":"product","link":"https:\/\/www.seltron.si\/de\/katalog-izdelkov\/ogrevanje\/reguliranje-ogrevanja\/regulatorji-ogrevanja\/vremensko-vodeni-regulator-wdc10b\/","title":{"rendered":"Wettergesteuerter Regler WDC10B"},"content":{"rendered":"<p>Die witterungsgef\u00fchrten Regler WDC sind f\u00fcr die Regelung der Raumheizung und der Warmwasserbereitung in Einzelh\u00e4usern konzipiert. Sie erm\u00f6glichen die Regelung von einem oder zwei Heizkreisen, die Umschaltung zwischen W\u00e4rmequellen und die Absicherung des R\u00fccklaufs bei gef\u00fclltem Speicher. Sie werden f\u00fcr Heizungsanlagen mit einem oder zwei Heizkesseln, einer W\u00e4rmepumpe, einem W\u00e4rmespeicher und einer Solaranlage eingesetzt.<\/p>","protected":false},"excerpt":{"rendered":"<p>Die witterungsgef\u00fchrten Regler WDC sind f\u00fcr die Regelung der Raumheizung und der Warmwasserbereitung in Einzelh\u00e4usern konzipiert. Sie erm\u00f6glichen die Regelung von einem oder zwei Heizkreisen, die Umschaltung zwischen W\u00e4rmequellen und die Absicherung des R\u00fccklaufs bei gef\u00fclltem Speicher. Sie werden f\u00fcr Heizungsanlagen mit einem oder zwei Heizkesseln, einer W\u00e4rmepumpe, einem W\u00e4rmespeicher und einer Solaranlage eingesetzt.<\/p>","protected":false},"featured_media":23978,"template":"","meta":{"_acf_changed":false},"product_brand":[],"product_cat":[58],"product_tag":[689],"class_list":{"0":"post-15230","1":"product","2":"type-product","3":"status-publish","4":"has-post-thumbnail","6":"product_cat-regulatorji-ogrevanja","7":"product_tag-vremensko-vodeni-regulator-wdc10b","8":"pa_kategorije-regulatorji-ogrevanja","10":"first","11":"instock","12":"taxable","13":"shipping-taxable","14":"purchasable","15":"product-type-simple"},"acf":[],"_links":{"self":[{"href":"https:\/\/www.seltron.si\/de\/wp-json\/wp\/v2\/product\/15230","targetHints":{"allow":["GET"]}}],"collection":[{"href":"https:\/\/www.seltron.si\/de\/wp-json\/wp\/v2\/product"}],"about":[{"href":"https:\/\/www.seltron.si\/de\/wp-json\/wp\/v2\/types\/product"}],"version-history":[{"count":1,"href":"https:\/\/www.seltron.si\/de\/wp-json\/wp\/v2\/product\/15230\/revisions"}],"predecessor-version":[{"id":99047,"href":"https:\/\/www.seltron.si\/de\/wp-json\/wp\/v2\/product\/15230\/revisions\/99047"}],"wp:featuredmedia":[{"embeddable":true,"href":"https:\/\/www.seltron.si\/de\/wp-json\/wp\/v2\/media\/23978"}],"wp:attachment":[{"href":"https:\/\/www.seltron.si\/de\/wp-json\/wp\/v2\/media?parent=15230"}],"wp:term":[{"taxonomy":"product_brand","embeddable":true,"href":"https:\/\/www.seltron.si\/de\/wp-json\/wp\/v2\/product_brand?post=15230"},{"taxonomy":"product_cat","embeddable":true,"href":"https:\/\/www.seltron.si\/de\/wp-json\/wp\/v2\/product_cat?post=15230"},{"taxonomy":"product_tag","embeddable":true,"href":"https:\/\/www.seltron.si\/de\/wp-json\/wp\/v2\/product_tag?post=15230"}],"curies":[{"name":"wp","href":"https:\/\/api.w.org\/{rel}","templated":true}]}}