{"id":15764,"date":"2020-01-30T20:20:34","date_gmt":"2020-01-30T20:20:34","guid":{"rendered":"https:\/\/www.seltron.si\/\/?post_type=product&#038;p=15764"},"modified":"2025-01-07T11:32:29","modified_gmt":"2025-01-07T11:32:29","slug":"tauchtemperaturfuhler-tf-pt-stecker","status":"publish","type":"product","link":"https:\/\/www.seltron.si\/de\/katalog-izdelkov\/ogrevanje\/reguliranje-ogrevanja\/pribor\/potopno-temperaturno-tipalo-tf-pt-konektor\/","title":{"rendered":"Eintauchtemperaturf\u00fchler mit TF\/Pt-Anschluss"},"content":{"rendered":"<p>Der Tauchtemperaturf\u00fchler mit TF\/Pt-Anschluss geh\u00f6rt zum Zubeh\u00f6rprogramm f\u00fcr die Heizungsregler ACC, AHC, ACD20, AHD20 von Seltron und wird zur Temperaturmessung in Heizkesseln und Warmwasserbereitern eingesetzt. Der F\u00fchler wird in der Tauchspirale TH1 oder TH2 installiert.<\/p>","protected":false},"excerpt":{"rendered":"<p>Der Tauchtemperaturf\u00fchler mit TF\/Pt-Anschluss wird zur Temperaturmessung in Heizkesseln und Warmwasserbereitern eingesetzt.<\/p>","protected":false},"featured_media":25928,"template":"","meta":{"_acf_changed":false},"product_brand":[],"product_cat":[526],"product_tag":[735,736,734,737,740,742,739,741,744,743,738],"class_list":{"0":"post-15764","1":"product","2":"type-product","3":"status-publish","4":"has-post-thumbnail","6":"product_cat-pribor","7":"product_tag-potopno-temperaturno-tipalo-s-konektorjem","8":"product_tag-potopno-temperaturno-tipalo-s-konektorjem-tf-pt","9":"product_tag-potopno-tipalo-s-konektorjem","10":"product_tag-potopno-tipalo-s-konektorjem-tf-pt","11":"product_tag-temperaturna-tipala-s-konektorjem","12":"product_tag-temperaturna-tipala-s-konektorjem-seltron","13":"product_tag-temperaturno-tipalo-s-konektorjem","14":"product_tag-temperaturno-tipalo-s-konektorjem-seltron","15":"product_tag-tipala-s-konektorjem-seltron","16":"product_tag-tipalo-s-konektorjem-seltron","17":"product_tag-tipalo-s-konektorjem-tf-pt","18":"pa_kategorije-regulatorji-ogrevanja","20":"first","21":"instock","22":"taxable","23":"shipping-taxable","24":"purchasable","25":"product-type-simple"},"acf":[],"_links":{"self":[{"href":"https:\/\/www.seltron.si\/de\/wp-json\/wp\/v2\/product\/15764","targetHints":{"allow":["GET"]}}],"collection":[{"href":"https:\/\/www.seltron.si\/de\/wp-json\/wp\/v2\/product"}],"about":[{"href":"https:\/\/www.seltron.si\/de\/wp-json\/wp\/v2\/types\/product"}],"version-history":[{"count":1,"href":"https:\/\/www.seltron.si\/de\/wp-json\/wp\/v2\/product\/15764\/revisions"}],"predecessor-version":[{"id":99061,"href":"https:\/\/www.seltron.si\/de\/wp-json\/wp\/v2\/product\/15764\/revisions\/99061"}],"wp:featuredmedia":[{"embeddable":true,"href":"https:\/\/www.seltron.si\/de\/wp-json\/wp\/v2\/media\/25928"}],"wp:attachment":[{"href":"https:\/\/www.seltron.si\/de\/wp-json\/wp\/v2\/media?parent=15764"}],"wp:term":[{"taxonomy":"product_brand","embeddable":true,"href":"https:\/\/www.seltron.si\/de\/wp-json\/wp\/v2\/product_brand?post=15764"},{"taxonomy":"product_cat","embeddable":true,"href":"https:\/\/www.seltron.si\/de\/wp-json\/wp\/v2\/product_cat?post=15764"},{"taxonomy":"product_tag","embeddable":true,"href":"https:\/\/www.seltron.si\/de\/wp-json\/wp\/v2\/product_tag?post=15764"}],"curies":[{"name":"wp","href":"https:\/\/api.w.org\/{rel}","templated":true}]}}