{"id":15778,"date":"2020-01-30T20:33:53","date_gmt":"2020-01-30T20:33:53","guid":{"rendered":"https:\/\/www.seltron.si\/\/?post_type=product&#038;p=15778"},"modified":"2025-01-07T11:32:30","modified_gmt":"2025-01-07T11:32:30","slug":"raumtemperaturfuhler-ps10-pt","status":"publish","type":"product","link":"https:\/\/www.seltron.si\/de\/katalog-izdelkov\/ogrevanje\/reguliranje-ogrevanja\/pribor\/prostorsko-temperaturno-tipalo-ps10-pt\/","title":{"rendered":"Raumtemperaturf\u00fchler PS10\/Pt"},"content":{"rendered":"<p>Der Raumtemperaturf\u00fchler PS10\/Pt geh\u00f6rt zum Zubeh\u00f6rsortiment der Seltron-Heizungssteuerungen. Er misst die Temperatur des Raumes, in dem er installiert ist. Er wird \u00fcberall dort eingesetzt, wo die gew\u00fcnschte Temperatur nicht am Raumger\u00e4t ver\u00e4ndert werden soll oder darf.<\/p>","protected":false},"excerpt":{"rendered":"<p>Der Raumtemperaturf\u00fchler PS10\/Pt wird \u00fcberall dort eingesetzt, wo die gew\u00fcnschte Temperatur nicht am Raumger\u00e4t ver\u00e4ndert werden soll oder darf.<\/p>","protected":false},"featured_media":25951,"template":"","meta":{"_acf_changed":false},"product_brand":[],"product_cat":[526],"product_tag":[752,753,751,754,724,726,723,725,728,755,727],"class_list":{"0":"post-15778","1":"product","2":"type-product","3":"status-publish","4":"has-post-thumbnail","6":"product_cat-pribor","7":"product_tag-prostorsko-temperaturno-tipalo","8":"product_tag-prostorsko-temperaturno-tipalo-ps10-pt","9":"product_tag-prostorsko-tipalo","10":"product_tag-prostorsko-tipalo-ps10-pt","11":"product_tag-temperaturna-tipala","12":"product_tag-temperaturna-tipala-seltron","13":"product_tag-temperaturno-tipalo","14":"product_tag-temperaturno-tipalo-seltron","15":"product_tag-tipala-seltron","16":"product_tag-tipalo-ps10-pt","17":"product_tag-tipalo-seltron","18":"pa_kategorije-regulatorji-ogrevanja","20":"first","21":"instock","22":"taxable","23":"shipping-taxable","24":"purchasable","25":"product-type-simple"},"acf":[],"_links":{"self":[{"href":"https:\/\/www.seltron.si\/de\/wp-json\/wp\/v2\/product\/15778","targetHints":{"allow":["GET"]}}],"collection":[{"href":"https:\/\/www.seltron.si\/de\/wp-json\/wp\/v2\/product"}],"about":[{"href":"https:\/\/www.seltron.si\/de\/wp-json\/wp\/v2\/types\/product"}],"version-history":[{"count":1,"href":"https:\/\/www.seltron.si\/de\/wp-json\/wp\/v2\/product\/15778\/revisions"}],"predecessor-version":[{"id":99063,"href":"https:\/\/www.seltron.si\/de\/wp-json\/wp\/v2\/product\/15778\/revisions\/99063"}],"wp:featuredmedia":[{"embeddable":true,"href":"https:\/\/www.seltron.si\/de\/wp-json\/wp\/v2\/media\/25951"}],"wp:attachment":[{"href":"https:\/\/www.seltron.si\/de\/wp-json\/wp\/v2\/media?parent=15778"}],"wp:term":[{"taxonomy":"product_brand","embeddable":true,"href":"https:\/\/www.seltron.si\/de\/wp-json\/wp\/v2\/product_brand?post=15778"},{"taxonomy":"product_cat","embeddable":true,"href":"https:\/\/www.seltron.si\/de\/wp-json\/wp\/v2\/product_cat?post=15778"},{"taxonomy":"product_tag","embeddable":true,"href":"https:\/\/www.seltron.si\/de\/wp-json\/wp\/v2\/product_tag?post=15778"}],"curies":[{"name":"wp","href":"https:\/\/api.w.org\/{rel}","templated":true}]}}