{"id":25805,"date":"2020-04-20T10:27:31","date_gmt":"2020-04-20T10:27:31","guid":{"rendered":"https:\/\/www.seltron.si\/?post_type=product&#038;p=25805"},"modified":"2025-01-07T11:32:32","modified_gmt":"2025-01-07T11:32:32","slug":"rcd2-digitales-raumgerat","status":"publish","type":"product","link":"https:\/\/www.seltron.si\/de\/katalog-izdelkov\/ogrevanje\/reguliranje-ogrevanja\/sobne-enote\/digitalna-sobna-enota-rcd2\/","title":{"rendered":"RCD2 Digitales Raumger\u00e4t"},"content":{"rendered":"<p>Mit dem digitalen Raumger\u00e4t RCD2 l\u00e4sst sich die Heizungsanlage einfach und bequem vom Wohnzimmer aus steuern. Es ist mit allen witterungsgef\u00fchrten Heizungsreglern von Seltron kompatibel.<br \/>\nF\u00fcr eine \u00fcbersichtliche Anzeige der Daten ist das Raumger\u00e4t RCD2 mit einem gro\u00dfen, hintergrundbeleuchteten LCD-Display ausgestattet, dessen Hintergrundbeleuchtung automatisch an die Raumbeleuchtung angepasst wird.<\/p>","protected":false},"excerpt":{"rendered":"<p>Mit dem digitalen Raumger\u00e4t RCD2 k\u00f6nnen Sie Ihre Heizungsanlage einfach und bequem vom Wohnzimmer aus steuern. Es ist mit den Heizungsreglern von Seltron kompatibel.<\/p>","protected":false},"featured_media":25814,"template":"elementor_theme","meta":{"_acf_changed":false},"product_brand":[],"product_cat":[704],"product_tag":[710,714,716,712,711,715,717,713,706,708,707,709],"class_list":{"0":"post-25805","1":"product","2":"type-product","3":"status-publish","4":"has-post-thumbnail","6":"product_cat-sobne-enote","7":"product_tag-digitalna-sobna-enota","8":"product_tag-digitalna-sobna-enota-rcd","9":"product_tag-digitalna-sobna-enota-rcd2","10":"product_tag-digitalna-sobna-enota-seltron","11":"product_tag-digitalne-sobne-enote","12":"product_tag-digitalne-sobne-enote-rcd","13":"product_tag-digitalne-sobne-enote-rcd2","14":"product_tag-digitalne-sobne-enote-seltron","15":"product_tag-sobna-enota","16":"product_tag-sobna-enota-seltron","17":"product_tag-sobne-enote","18":"product_tag-sobne-enote-seltron","19":"pa_kategorije-regulatorji-ogrevanja","21":"first","22":"instock","23":"taxable","24":"shipping-taxable","25":"purchasable","26":"product-type-simple"},"acf":[],"_links":{"self":[{"href":"https:\/\/www.seltron.si\/de\/wp-json\/wp\/v2\/product\/25805","targetHints":{"allow":["GET"]}}],"collection":[{"href":"https:\/\/www.seltron.si\/de\/wp-json\/wp\/v2\/product"}],"about":[{"href":"https:\/\/www.seltron.si\/de\/wp-json\/wp\/v2\/types\/product"}],"version-history":[{"count":1,"href":"https:\/\/www.seltron.si\/de\/wp-json\/wp\/v2\/product\/25805\/revisions"}],"predecessor-version":[{"id":98529,"href":"https:\/\/www.seltron.si\/de\/wp-json\/wp\/v2\/product\/25805\/revisions\/98529"}],"wp:featuredmedia":[{"embeddable":true,"href":"https:\/\/www.seltron.si\/de\/wp-json\/wp\/v2\/media\/25814"}],"wp:attachment":[{"href":"https:\/\/www.seltron.si\/de\/wp-json\/wp\/v2\/media?parent=25805"}],"wp:term":[{"taxonomy":"product_brand","embeddable":true,"href":"https:\/\/www.seltron.si\/de\/wp-json\/wp\/v2\/product_brand?post=25805"},{"taxonomy":"product_cat","embeddable":true,"href":"https:\/\/www.seltron.si\/de\/wp-json\/wp\/v2\/product_cat?post=25805"},{"taxonomy":"product_tag","embeddable":true,"href":"https:\/\/www.seltron.si\/de\/wp-json\/wp\/v2\/product_tag?post=25805"}],"curies":[{"name":"wp","href":"https:\/\/api.w.org\/{rel}","templated":true}]}}