{"id":26909,"date":"2020-05-06T15:06:46","date_gmt":"2020-05-06T15:06:46","guid":{"rendered":"https:\/\/www.seltron.si\/?post_type=product&#038;p=26909"},"modified":"2025-01-07T11:32:33","modified_gmt":"2025-01-07T11:32:33","slug":"vogelnoot-t6-typ-11-vm-heizkorper","status":"publish","type":"product","link":"https:\/\/www.seltron.si\/de\/katalog-izdelkov\/ogrevanje\/grelna-telesa\/radatorji\/radiatorji-t6\/radiatorji-vogelnoot-t6-tip-11-vm\/","title":{"rendered":"Vogel&amp;Noot T6 Typ 11 VM Heizk\u00f6rper"},"content":{"rendered":"<p>Radiatorji Vogel&amp;Noot T6 tip 11 VM\u00a0imajo sredinski priklju\u010dek in visoko grelno zmogljivost. Standarden polo\u017eaj priklju\u010dka omogo\u010da kasnej\u0161o izbiro in zamenjavo radiatorjev. Radiator je tovarni\u0161ko pripravljen za povezavo. Komponente kot so termostatski ventil, odto\u010dni \u010dep, slepi \u010dep in odzra\u010devalna pipa, zgornji pokrov, so tovarni\u0161ko dodani radiatorju v posebnem paketu.<\/p>","protected":false},"excerpt":{"rendered":"<p>Vogel&amp;Noot T6 Typ 11 VM Einzelheizk\u00f6rper mit Mittelanschluss und hoher Heizleistung. Auswahl an interpretierbaren Modellen, Wattleistungen und Balken.<\/p>","protected":false},"featured_media":26913,"template":"","meta":{"_acf_changed":false},"product_brand":[],"product_cat":[849,848,854],"product_tag":[],"class_list":{"0":"post-26909","1":"product","2":"type-product","3":"status-publish","4":"has-post-thumbnail","6":"product_cat-radatorji","7":"product_cat-grelna-telesa","8":"product_cat-radiatorji-t6","10":"first","11":"instock","12":"taxable","13":"shipping-taxable","14":"purchasable","15":"product-type-variable"},"acf":[],"_links":{"self":[{"href":"https:\/\/www.seltron.si\/de\/wp-json\/wp\/v2\/product\/26909","targetHints":{"allow":["GET"]}}],"collection":[{"href":"https:\/\/www.seltron.si\/de\/wp-json\/wp\/v2\/product"}],"about":[{"href":"https:\/\/www.seltron.si\/de\/wp-json\/wp\/v2\/types\/product"}],"version-history":[{"count":1,"href":"https:\/\/www.seltron.si\/de\/wp-json\/wp\/v2\/product\/26909\/revisions"}],"predecessor-version":[{"id":97514,"href":"https:\/\/www.seltron.si\/de\/wp-json\/wp\/v2\/product\/26909\/revisions\/97514"}],"wp:featuredmedia":[{"embeddable":true,"href":"https:\/\/www.seltron.si\/de\/wp-json\/wp\/v2\/media\/26913"}],"wp:attachment":[{"href":"https:\/\/www.seltron.si\/de\/wp-json\/wp\/v2\/media?parent=26909"}],"wp:term":[{"taxonomy":"product_brand","embeddable":true,"href":"https:\/\/www.seltron.si\/de\/wp-json\/wp\/v2\/product_brand?post=26909"},{"taxonomy":"product_cat","embeddable":true,"href":"https:\/\/www.seltron.si\/de\/wp-json\/wp\/v2\/product_cat?post=26909"},{"taxonomy":"product_tag","embeddable":true,"href":"https:\/\/www.seltron.si\/de\/wp-json\/wp\/v2\/product_tag?post=26909"}],"curies":[{"name":"wp","href":"https:\/\/api.w.org\/{rel}","templated":true}]}}