{"id":26936,"date":"2020-05-06T19:58:03","date_gmt":"2020-05-06T19:58:03","guid":{"rendered":"https:\/\/www.seltron.si\/?post_type=product&#038;p=26936"},"modified":"2025-01-07T11:32:34","modified_gmt":"2025-01-07T11:32:34","slug":"vogelnoot-t6-typ-33-vm-heizkorper","status":"publish","type":"product","link":"https:\/\/www.seltron.si\/de\/katalog-izdelkov\/ogrevanje\/grelna-telesa\/radatorji\/radiatorji-t6\/radiatorji-vogelnoot-t6-tip-33-vm\/","title":{"rendered":"Vogel&amp;Noot T6 Typ 33 VM Heizk\u00f6rper"},"content":{"rendered":"<p>Radiatorji Vogel&amp;Noot T6 tip 33 VM imajo sredinski priklju\u010dek in visoko grelno zmogljivost. Standarden polo\u017eaj priklju\u010dka omogo\u010da kasnej\u0161o izbiro in zamenjavo radiatorjev. Radiator je tovarni\u0161ko pripravljen za povezavo. Komponente kot so termostatski ventil, odto\u010dni \u010dep, slepi \u010dep in odzra\u010devalna pipa, zgornji pokrov, so tovarni\u0161ko dodani radiatorju v posebnem paketu.<\/p>","protected":false},"excerpt":{"rendered":"<p>Vogel&amp;Noot T6 33 VM Heizk\u00f6rper mit Zentralanschluss und hoher Heizleistung. Eine Reihe von interpretierbaren Modellen, Leistung und bar.<\/p>","protected":false},"featured_media":26913,"template":"","meta":{"_acf_changed":false},"product_brand":[],"product_cat":[849,848,854],"product_tag":[],"class_list":{"0":"post-26936","1":"product","2":"type-product","3":"status-publish","4":"has-post-thumbnail","6":"product_cat-radatorji","7":"product_cat-grelna-telesa","8":"product_cat-radiatorji-t6","10":"first","11":"instock","12":"taxable","13":"shipping-taxable","14":"purchasable","15":"product-type-variable"},"acf":[],"_links":{"self":[{"href":"https:\/\/www.seltron.si\/de\/wp-json\/wp\/v2\/product\/26936","targetHints":{"allow":["GET"]}}],"collection":[{"href":"https:\/\/www.seltron.si\/de\/wp-json\/wp\/v2\/product"}],"about":[{"href":"https:\/\/www.seltron.si\/de\/wp-json\/wp\/v2\/types\/product"}],"version-history":[{"count":1,"href":"https:\/\/www.seltron.si\/de\/wp-json\/wp\/v2\/product\/26936\/revisions"}],"predecessor-version":[{"id":97520,"href":"https:\/\/www.seltron.si\/de\/wp-json\/wp\/v2\/product\/26936\/revisions\/97520"}],"wp:featuredmedia":[{"embeddable":true,"href":"https:\/\/www.seltron.si\/de\/wp-json\/wp\/v2\/media\/26913"}],"wp:attachment":[{"href":"https:\/\/www.seltron.si\/de\/wp-json\/wp\/v2\/media?parent=26936"}],"wp:term":[{"taxonomy":"product_brand","embeddable":true,"href":"https:\/\/www.seltron.si\/de\/wp-json\/wp\/v2\/product_brand?post=26936"},{"taxonomy":"product_cat","embeddable":true,"href":"https:\/\/www.seltron.si\/de\/wp-json\/wp\/v2\/product_cat?post=26936"},{"taxonomy":"product_tag","embeddable":true,"href":"https:\/\/www.seltron.si\/de\/wp-json\/wp\/v2\/product_tag?post=26936"}],"curies":[{"name":"wp","href":"https:\/\/api.w.org\/{rel}","templated":true}]}}