{"id":27083,"date":"2020-05-11T10:38:05","date_gmt":"2020-05-11T10:38:05","guid":{"rendered":"https:\/\/www.seltron.si\/?post_type=product&#038;p=27083"},"modified":"2025-01-07T11:32:34","modified_gmt":"2025-01-07T11:32:34","slug":"daikin-altherma-3-h-ht-wandmontierte-warmepumpe","status":"publish","type":"product","link":"https:\/\/www.seltron.si\/de\/katalog-izdelkov\/ogrevanje\/toplotne-crpalke\/toplotne-crpalke-za-novogradnje\/toplotna-crpalka-daikin-altherma-3-h-ht-stenska\/","title":{"rendered":"Daikin Altherma 3 H HT wandmontierte W\u00e4rmepumpe"},"content":{"rendered":"<p>Die wandmontierte Luft\/Wasser-W\u00e4rmepumpe Daikin Altherma 3 H HT ist das kompakteste Ger\u00e4t,<br \/>\nin Kombination mit einem separaten Heizkessel f\u00fcr die Warmwasserbereitung. Optional k\u00f6nnen Sie ein Ger\u00e4t mit K\u00fchlfunktion w\u00e4hlen. Es eignet sich sowohl f\u00fcr Neubauten als auch f\u00fcr Anpassungen, da es eine Wasseraustrittstemperatur von bis zu 70\u00b0 bietet.<br \/>\nAuschecken <a class=\"underline-link\" href=\"https:\/\/selizobrazevanja.com\/wp-content\/uploads\/2020\/05\/ECPSL19-794_V03_LR.pdf\" target=\"_blank\" rel=\"noopener noreferrer\">Brosch\u00fcre f\u00fcr W\u00e4rmepumpen<\/a> Daikin Altherma 3 H HT.<\/p>\n<p><a href=\"https:\/\/www.ekosklad.si\/\" target=\"_blank\" rel=\"noopener noreferrer\"><img decoding=\"async\" src=\"https:\/\/www.seltron.si\/wp-content\/uploads\/2020\/05\/eko-sklad-subvencije.svg\" alt=\"Zusch\u00fcsse aus dem \u00d6kofonds\" width=\"120px\" \/><\/a><\/p>","protected":false},"excerpt":{"rendered":"<p>Die wandmontierte Luft\/Wasser-W\u00e4rmepumpe Daikin Altherma 3 H HT ist das kompakteste Ger\u00e4t, das f\u00fcr Neubauten und Anpassungen mit einer Wassertemperatur von bis zu 70\u00b0 geeignet ist.<\/p>","protected":false},"featured_media":27095,"template":"","meta":{"_acf_changed":false},"product_brand":[],"product_cat":[66,74,75],"product_tag":[820,821,817,819,580,816,818,575,851],"class_list":{"0":"post-27083","1":"product","2":"type-product","3":"status-publish","4":"has-post-thumbnail","6":"product_cat-toplotne-crpalke","7":"product_cat-toplotne-crpalke-za-novogradnje","8":"product_cat-toplotne-crpalke-za-obnove","9":"product_tag-3-h-ht","10":"product_tag-3h-ht","11":"product_tag-altherma-3-h-ht","12":"product_tag-altherma-3h-ht","13":"product_tag-daikin-altherma","14":"product_tag-daikin-altherma-3-h-ht","15":"product_tag-daikin-altherma-3h-ht","16":"product_tag-toplotna-crpalka-daikin-altherma","17":"product_tag-toplotna-crpalka-daikin-altherma-3-h-ht-stenska","18":"pa_kategorije-toplotne-crpalke","20":"first","21":"instock","22":"taxable","23":"shipping-taxable","24":"purchasable","25":"product-type-simple"},"acf":[],"_links":{"self":[{"href":"https:\/\/www.seltron.si\/de\/wp-json\/wp\/v2\/product\/27083","targetHints":{"allow":["GET"]}}],"collection":[{"href":"https:\/\/www.seltron.si\/de\/wp-json\/wp\/v2\/product"}],"about":[{"href":"https:\/\/www.seltron.si\/de\/wp-json\/wp\/v2\/types\/product"}],"version-history":[{"count":1,"href":"https:\/\/www.seltron.si\/de\/wp-json\/wp\/v2\/product\/27083\/revisions"}],"predecessor-version":[{"id":99067,"href":"https:\/\/www.seltron.si\/de\/wp-json\/wp\/v2\/product\/27083\/revisions\/99067"}],"wp:featuredmedia":[{"embeddable":true,"href":"https:\/\/www.seltron.si\/de\/wp-json\/wp\/v2\/media\/27095"}],"wp:attachment":[{"href":"https:\/\/www.seltron.si\/de\/wp-json\/wp\/v2\/media?parent=27083"}],"wp:term":[{"taxonomy":"product_brand","embeddable":true,"href":"https:\/\/www.seltron.si\/de\/wp-json\/wp\/v2\/product_brand?post=27083"},{"taxonomy":"product_cat","embeddable":true,"href":"https:\/\/www.seltron.si\/de\/wp-json\/wp\/v2\/product_cat?post=27083"},{"taxonomy":"product_tag","embeddable":true,"href":"https:\/\/www.seltron.si\/de\/wp-json\/wp\/v2\/product_tag?post=27083"}],"curies":[{"name":"wp","href":"https:\/\/api.w.org\/{rel}","templated":true}]}}