{"id":28275,"date":"2020-05-14T19:07:40","date_gmt":"2020-05-14T19:07:40","guid":{"rendered":"https:\/\/www.seltron.si\/?post_type=product&#038;p=28275"},"modified":"2025-01-07T11:32:38","modified_gmt":"2025-01-07T11:32:38","slug":"vogelnoot-t6-typ-22-pm-plan-heizkorper","status":"publish","type":"product","link":"https:\/\/www.seltron.si\/de\/katalog-izdelkov\/ogrevanje\/grelna-telesa\/radatorji\/radiatorji-t6\/radiatorji-vogelnoot-t6-tip-22-pm-plan\/","title":{"rendered":"Vogel&amp;Noot T6 Typ 22 PM PLAN Heizk\u00f6rper"},"content":{"rendered":"<p>Vogel&amp;Noot T6 Typ 22 PM PLAN, Doppelheizk\u00f6rper mit zwei Konvektionsplatten, haben einen zentralen Anschluss und eine hohe Heizleistung. Die Standardposition des Anschlusses erm\u00f6glicht die Auswahl und den Austausch der Heizk\u00f6rper zu einem sp\u00e4teren Zeitpunkt. Der Heizk\u00f6rper ist werkseitig anschlussfertig. Komponenten wie Thermostatventil, Entleerungsstopfen, Blindstopfen und Entl\u00fcftungshahn, obere Abdeckung werden werkseitig mit dem Heizk\u00f6rper in einem separaten Paket geliefert.<\/p>","protected":false},"excerpt":{"rendered":"<p>Vogel&amp;Noot T6 Typ 22 PM PLAN Einzelheizk\u00f6rper mit Mittelanschluss und hoher Heizleistung. Auswahl an verf\u00fcgbaren Modellen, Heizleistungen und Balken.<\/p>","protected":false},"featured_media":28256,"template":"","meta":{"_acf_changed":false},"product_brand":[],"product_cat":[849,848,854],"product_tag":[],"class_list":{"0":"post-28275","1":"product","2":"type-product","3":"status-publish","4":"has-post-thumbnail","6":"product_cat-radatorji","7":"product_cat-grelna-telesa","8":"product_cat-radiatorji-t6","10":"first","11":"instock","12":"taxable","13":"shipping-taxable","14":"purchasable","15":"product-type-variable"},"acf":[],"_links":{"self":[{"href":"https:\/\/www.seltron.si\/de\/wp-json\/wp\/v2\/product\/28275","targetHints":{"allow":["GET"]}}],"collection":[{"href":"https:\/\/www.seltron.si\/de\/wp-json\/wp\/v2\/product"}],"about":[{"href":"https:\/\/www.seltron.si\/de\/wp-json\/wp\/v2\/types\/product"}],"version-history":[{"count":1,"href":"https:\/\/www.seltron.si\/de\/wp-json\/wp\/v2\/product\/28275\/revisions"}],"predecessor-version":[{"id":97517,"href":"https:\/\/www.seltron.si\/de\/wp-json\/wp\/v2\/product\/28275\/revisions\/97517"}],"wp:featuredmedia":[{"embeddable":true,"href":"https:\/\/www.seltron.si\/de\/wp-json\/wp\/v2\/media\/28256"}],"wp:attachment":[{"href":"https:\/\/www.seltron.si\/de\/wp-json\/wp\/v2\/media?parent=28275"}],"wp:term":[{"taxonomy":"product_brand","embeddable":true,"href":"https:\/\/www.seltron.si\/de\/wp-json\/wp\/v2\/product_brand?post=28275"},{"taxonomy":"product_cat","embeddable":true,"href":"https:\/\/www.seltron.si\/de\/wp-json\/wp\/v2\/product_cat?post=28275"},{"taxonomy":"product_tag","embeddable":true,"href":"https:\/\/www.seltron.si\/de\/wp-json\/wp\/v2\/product_tag?post=28275"}],"curies":[{"name":"wp","href":"https:\/\/api.w.org\/{rel}","templated":true}]}}