{"id":4112,"date":"2019-11-19T10:13:33","date_gmt":"2019-11-19T10:13:33","guid":{"rendered":"https:\/\/www.seltron.si\/\/?post_type=product&#038;p=4112"},"modified":"2025-01-07T11:32:11","modified_gmt":"2025-01-07T11:32:11","slug":"daikin-altherma-3-kompakt-warmepumpe","status":"publish","type":"product","link":"https:\/\/www.seltron.si\/de\/katalog-izdelkov\/ogrevanje\/toplotne-crpalke\/toplotne-crpalke-za-novogradnje\/toplotna-crpalka-daikin-altherma-3-compact\/","title":{"rendered":"Daikin Altherma 3 Kompakt-W\u00e4rmepumpe"},"content":{"rendered":"<p>Die W\u00e4rmepumpe DAIKIN Altherma 3 Compact heizt bivalent. \u00dcber einen W\u00e4rmetauscher kann Solarenergie oder eine andere zus\u00e4tzliche W\u00e4rmequelle in das W\u00e4rmepumpen-Heizsystem integriert werden. Die erzeugte Energie wird in einem integrierten 300 oder 500 l W\u00e4rmespeicher gespeichert. Sie eignet sich sowohl f\u00fcr Neubauten als auch f\u00fcr die Nachr\u00fcstung \u00e4lterer Heizungsanlagen, die eine Heizwasser-Vorlauftemperatur von bis zu 65 \u00b0C ben\u00f6tigen.<\/p>","protected":false},"excerpt":{"rendered":"<p>Die W\u00e4rmepumpe DAIKIN Altherma 3 Compact heizt bivalent. \u00dcber einen W\u00e4rmetauscher kann Solarenergie oder eine andere zus\u00e4tzliche W\u00e4rmequelle in das W\u00e4rmepumpen-Heizsystem integriert werden. Die erzeugte Energie wird in einem integrierten 300 oder 500 l W\u00e4rmespeicher gespeichert. Sie eignet sich sowohl f\u00fcr Neubauten als auch f\u00fcr die Nachr\u00fcstung \u00e4lterer Heizungsanlagen, die eine Heizwasser-Vorlauftemperatur von bis zu 65 \u00b0C ben\u00f6tigen.<\/p>","protected":false},"featured_media":15379,"template":"","meta":{"_acf_changed":false},"product_brand":[],"product_cat":[66,74,75],"product_tag":[579,580,581,582,572,573,575,577,583,164,574,576,578,584],"class_list":{"0":"post-4112","1":"product","2":"type-product","3":"status-publish","4":"has-post-thumbnail","6":"product_cat-toplotne-crpalke","7":"product_cat-toplotne-crpalke-za-novogradnje","8":"product_cat-toplotne-crpalke-za-obnove","9":"product_tag-daikin","10":"product_tag-daikin-altherma","11":"product_tag-daikin-altherma-3","12":"product_tag-seltron","13":"product_tag-toplotna-crpalka","14":"product_tag-toplotna-crpalka-daikin","15":"product_tag-toplotna-crpalka-daikin-altherma","16":"product_tag-toplotna-crpalka-daikin-altherma-3","17":"product_tag-toplotna-crpalka-seltron","18":"product_tag-toplotne-crpalke","19":"product_tag-toplotne-crpalke-daikin","20":"product_tag-toplotne-crpalke-daikin-altherma","21":"product_tag-toplotne-crpalke-daikin-altherma-3","22":"product_tag-toplotne-crpalke-seltron","23":"pa_kategorije-toplotne-crpalke","25":"first","26":"instock","27":"featured","28":"taxable","29":"shipping-taxable","30":"purchasable","31":"product-type-variable"},"acf":[],"_links":{"self":[{"href":"https:\/\/www.seltron.si\/de\/wp-json\/wp\/v2\/product\/4112","targetHints":{"allow":["GET"]}}],"collection":[{"href":"https:\/\/www.seltron.si\/de\/wp-json\/wp\/v2\/product"}],"about":[{"href":"https:\/\/www.seltron.si\/de\/wp-json\/wp\/v2\/types\/product"}],"version-history":[{"count":1,"href":"https:\/\/www.seltron.si\/de\/wp-json\/wp\/v2\/product\/4112\/revisions"}],"predecessor-version":[{"id":98992,"href":"https:\/\/www.seltron.si\/de\/wp-json\/wp\/v2\/product\/4112\/revisions\/98992"}],"wp:featuredmedia":[{"embeddable":true,"href":"https:\/\/www.seltron.si\/de\/wp-json\/wp\/v2\/media\/15379"}],"wp:attachment":[{"href":"https:\/\/www.seltron.si\/de\/wp-json\/wp\/v2\/media?parent=4112"}],"wp:term":[{"taxonomy":"product_brand","embeddable":true,"href":"https:\/\/www.seltron.si\/de\/wp-json\/wp\/v2\/product_brand?post=4112"},{"taxonomy":"product_cat","embeddable":true,"href":"https:\/\/www.seltron.si\/de\/wp-json\/wp\/v2\/product_cat?post=4112"},{"taxonomy":"product_tag","embeddable":true,"href":"https:\/\/www.seltron.si\/de\/wp-json\/wp\/v2\/product_tag?post=4112"}],"curies":[{"name":"wp","href":"https:\/\/api.w.org\/{rel}","templated":true}]}}