{"id":4264,"date":"2019-11-19T13:27:46","date_gmt":"2019-11-19T13:27:46","guid":{"rendered":"https:\/\/www.seltron.si\/\/?post_type=product&#038;p=4264"},"modified":"2025-01-07T11:32:12","modified_gmt":"2025-01-07T11:32:12","slug":"daikin-altherma-ht-warmepumpe","status":"publish","type":"product","link":"https:\/\/www.seltron.si\/de\/katalog-izdelkov\/ogrevanje\/toplotne-crpalke\/toplotne-crpalke-za-novogradnje\/toplotna-crpalka-daikin-altherma-ht\/","title":{"rendered":"Daikin Altherma HT W\u00e4rmepumpe"},"content":{"rendered":"<p>Die DAIKIN Altherma HT ist eine Hochtemperatur-W\u00e4rmepumpe, die die vorhandene Luftenergie optimal nutzt. Sie eignet sich f\u00fcr die Anpassung \u00e4lterer Heizk\u00f6rperheizungen oder f\u00fcr Heizungsanlagen, die eine Heizwasser-Vorlauftemperatur von bis zu 80 \u00b0C ben\u00f6tigen.<\/p>","protected":false},"excerpt":{"rendered":"<p>Die DAIKIN Altherma HT ist eine Hochtemperatur-W\u00e4rmepumpe, die die vorhandene Luftenergie optimal nutzt. Sie eignet sich f\u00fcr die Anpassung \u00e4lterer Heizk\u00f6rperheizungen oder f\u00fcr Heizungsanlagen, die eine Heizwasser-Vorlauftemperatur von bis zu 80 \u00b0C ben\u00f6tigen.<\/p>","protected":false},"featured_media":23488,"template":"","meta":{"_acf_changed":false},"product_brand":[],"product_cat":[66,74],"product_tag":[579,580,581,582,572,573,575,577,583,164,574,576,578,584],"class_list":{"0":"post-4264","1":"product","2":"type-product","3":"status-publish","4":"has-post-thumbnail","6":"product_cat-toplotne-crpalke","7":"product_cat-toplotne-crpalke-za-novogradnje","8":"product_tag-daikin","9":"product_tag-daikin-altherma","10":"product_tag-daikin-altherma-3","11":"product_tag-seltron","12":"product_tag-toplotna-crpalka","13":"product_tag-toplotna-crpalka-daikin","14":"product_tag-toplotna-crpalka-daikin-altherma","15":"product_tag-toplotna-crpalka-daikin-altherma-3","16":"product_tag-toplotna-crpalka-seltron","17":"product_tag-toplotne-crpalke","18":"product_tag-toplotne-crpalke-daikin","19":"product_tag-toplotne-crpalke-daikin-altherma","20":"product_tag-toplotne-crpalke-daikin-altherma-3","21":"product_tag-toplotne-crpalke-seltron","22":"pa_kategorije-toplotne-crpalke","24":"first","25":"instock","26":"featured","27":"taxable","28":"shipping-taxable","29":"purchasable","30":"product-type-variable"},"acf":[],"_links":{"self":[{"href":"https:\/\/www.seltron.si\/de\/wp-json\/wp\/v2\/product\/4264","targetHints":{"allow":["GET"]}}],"collection":[{"href":"https:\/\/www.seltron.si\/de\/wp-json\/wp\/v2\/product"}],"about":[{"href":"https:\/\/www.seltron.si\/de\/wp-json\/wp\/v2\/types\/product"}],"version-history":[{"count":1,"href":"https:\/\/www.seltron.si\/de\/wp-json\/wp\/v2\/product\/4264\/revisions"}],"predecessor-version":[{"id":98993,"href":"https:\/\/www.seltron.si\/de\/wp-json\/wp\/v2\/product\/4264\/revisions\/98993"}],"wp:featuredmedia":[{"embeddable":true,"href":"https:\/\/www.seltron.si\/de\/wp-json\/wp\/v2\/media\/23488"}],"wp:attachment":[{"href":"https:\/\/www.seltron.si\/de\/wp-json\/wp\/v2\/media?parent=4264"}],"wp:term":[{"taxonomy":"product_brand","embeddable":true,"href":"https:\/\/www.seltron.si\/de\/wp-json\/wp\/v2\/product_brand?post=4264"},{"taxonomy":"product_cat","embeddable":true,"href":"https:\/\/www.seltron.si\/de\/wp-json\/wp\/v2\/product_cat?post=4264"},{"taxonomy":"product_tag","embeddable":true,"href":"https:\/\/www.seltron.si\/de\/wp-json\/wp\/v2\/product_tag?post=4264"}],"curies":[{"name":"wp","href":"https:\/\/api.w.org\/{rel}","templated":true}]}}