{"id":4750,"date":"2019-11-25T12:55:50","date_gmt":"2019-11-25T12:55:50","guid":{"rendered":"https:\/\/www.seltron.si\/\/?post_type=product&#038;p=4750"},"modified":"2025-01-07T11:32:12","modified_gmt":"2025-01-07T11:32:12","slug":"ts-flachkollektoren","status":"publish","type":"product","link":"https:\/\/www.seltron.si\/de\/katalog-izdelkov\/ogrevanje\/solarni-sistemi\/ploskovni-kolektorji-ts\/","title":{"rendered":"TS Flachkollektoren"},"content":{"rendered":"<p>Flachkollektoren haben die l\u00e4ngste Tradition in der Nutzung der Sonnenenergie und haben in letzter Zeit bedeutende technologische Fortschritte gemacht. Ein Sonnenkollektor erm\u00f6glicht die Umwandlung von Sonnenenergie in W\u00e4rme, die f\u00fcr eine Vielzahl von Zwecken genutzt werden kann. In der Regel wird die erzeugte W\u00e4rme zur Erw\u00e4rmung von Brauchwasser, zur Heizungsunterst\u00fctzung oder zur Erw\u00e4rmung von Wasser in Schwimmb\u00e4dern genutzt. Der Vorteil des TS-Kollektors ist seine Bauweise, die eine universelle Installation erm\u00f6glicht.<\/p>","protected":false},"excerpt":{"rendered":"<p>Flachkollektoren haben die l\u00e4ngste Tradition in der Nutzung der Sonnenenergie und haben in letzter Zeit bedeutende technologische Fortschritte gemacht. Ein Sonnenkollektor erm\u00f6glicht die Umwandlung von Sonnenenergie in W\u00e4rme, die f\u00fcr eine Vielzahl von Zwecken genutzt werden kann. In der Regel wird die erzeugte W\u00e4rme zur Erw\u00e4rmung von Brauchwasser, zur Heizungsunterst\u00fctzung oder zur Erw\u00e4rmung von Wasser in Schwimmb\u00e4dern genutzt. Der Vorteil des TS-Kollektors ist seine Bauweise, die eine universelle Installation erm\u00f6glicht.<\/p>","protected":false},"featured_media":23892,"template":"","meta":{"_acf_changed":false},"product_brand":[],"product_cat":[71],"product_tag":[538,536,535,534,537],"class_list":{"0":"post-4750","1":"product","2":"type-product","3":"status-publish","4":"has-post-thumbnail","6":"product_cat-solarni-sistemi","7":"product_tag-ogrevanje-vode-s-kolektorji","8":"product_tag-ploskovni-kolektorji","9":"product_tag-solarni-kolektorji","10":"product_tag-soncni-kolektorji","11":"product_tag-sprejemniki-soncne-energije","12":"pa_kategorije-solarni-sistemi","14":"first","15":"instock","16":"taxable","17":"shipping-taxable","18":"purchasable","19":"product-type-simple"},"acf":[],"_links":{"self":[{"href":"https:\/\/www.seltron.si\/de\/wp-json\/wp\/v2\/product\/4750","targetHints":{"allow":["GET"]}}],"collection":[{"href":"https:\/\/www.seltron.si\/de\/wp-json\/wp\/v2\/product"}],"about":[{"href":"https:\/\/www.seltron.si\/de\/wp-json\/wp\/v2\/types\/product"}],"version-history":[{"count":1,"href":"https:\/\/www.seltron.si\/de\/wp-json\/wp\/v2\/product\/4750\/revisions"}],"predecessor-version":[{"id":98998,"href":"https:\/\/www.seltron.si\/de\/wp-json\/wp\/v2\/product\/4750\/revisions\/98998"}],"wp:featuredmedia":[{"embeddable":true,"href":"https:\/\/www.seltron.si\/de\/wp-json\/wp\/v2\/media\/23892"}],"wp:attachment":[{"href":"https:\/\/www.seltron.si\/de\/wp-json\/wp\/v2\/media?parent=4750"}],"wp:term":[{"taxonomy":"product_brand","embeddable":true,"href":"https:\/\/www.seltron.si\/de\/wp-json\/wp\/v2\/product_brand?post=4750"},{"taxonomy":"product_cat","embeddable":true,"href":"https:\/\/www.seltron.si\/de\/wp-json\/wp\/v2\/product_cat?post=4750"},{"taxonomy":"product_tag","embeddable":true,"href":"https:\/\/www.seltron.si\/de\/wp-json\/wp\/v2\/product_tag?post=4750"}],"curies":[{"name":"wp","href":"https:\/\/api.w.org\/{rel}","templated":true}]}}