{"id":4756,"date":"2019-11-25T12:57:11","date_gmt":"2019-11-25T12:57:11","guid":{"rendered":"https:\/\/www.seltron.si\/\/?post_type=product&#038;p=4756"},"modified":"2025-01-07T11:32:13","modified_gmt":"2025-01-07T11:32:13","slug":"pelletkessel-seltron-pko","status":"publish","type":"product","link":"https:\/\/www.seltron.si\/de\/katalog-izdelkov\/ogrevanje\/kotli-na-biomaso\/peletni-kotli\/peletni-kotel-seltron-pko\/","title":{"rendered":"PKO-Pelletkessel"},"content":{"rendered":"<p>Heizen mit Pellets ist umweltfreundlich, erschwinglich und vom Komfort her mit der Verwendung fossiler Brennstoffe vergleichbar. Der PKO-Pelletkessel ist mit einem speziell entwickelten KPD-Regler ausgestattet. Der Regler \u00fcbernimmt die Funktion des Kesselschutzes und der Steuerung des Heizsystems. Der PKO-Pelletkessel eignet sich f\u00fcr die Beheizung einer breiten Palette von Geb\u00e4uden, unabh\u00e4ngig vom gew\u00e4hlten Heizsystem.<\/p>","protected":false},"excerpt":{"rendered":"<p>Heizen mit Pellets ist umweltfreundlich, erschwinglich und vom Komfort her mit der Verwendung fossiler Brennstoffe vergleichbar. Der PKO-Pelletkessel ist mit einem speziell entwickelten KPD-Regler ausgestattet. Der Regler \u00fcbernimmt die Funktion des Kesselschutzes und der Steuerung des Heizsystems. Der PKO-Pelletkessel eignet sich f\u00fcr die Beheizung einer breiten Palette von Geb\u00e4uden, unabh\u00e4ngig vom gew\u00e4hlten Heizsystem.<\/p>","protected":false},"featured_media":12108,"template":"","meta":{"_acf_changed":false},"product_brand":[],"product_cat":[257,258,65],"product_tag":[],"class_list":{"0":"post-4756","1":"product","2":"type-product","3":"status-publish","4":"has-post-thumbnail","6":"product_cat-kotli-na-biomaso","7":"product_cat-peletni-kotli","8":"product_cat-seltronhome","9":"pa_kategorije-kotli-na-biomaso","11":"first","12":"instock","13":"featured","14":"taxable","15":"shipping-taxable","16":"purchasable","17":"product-type-simple"},"acf":[],"_links":{"self":[{"href":"https:\/\/www.seltron.si\/de\/wp-json\/wp\/v2\/product\/4756","targetHints":{"allow":["GET"]}}],"collection":[{"href":"https:\/\/www.seltron.si\/de\/wp-json\/wp\/v2\/product"}],"about":[{"href":"https:\/\/www.seltron.si\/de\/wp-json\/wp\/v2\/types\/product"}],"version-history":[{"count":1,"href":"https:\/\/www.seltron.si\/de\/wp-json\/wp\/v2\/product\/4756\/revisions"}],"predecessor-version":[{"id":99000,"href":"https:\/\/www.seltron.si\/de\/wp-json\/wp\/v2\/product\/4756\/revisions\/99000"}],"wp:featuredmedia":[{"embeddable":true,"href":"https:\/\/www.seltron.si\/de\/wp-json\/wp\/v2\/media\/12108"}],"wp:attachment":[{"href":"https:\/\/www.seltron.si\/de\/wp-json\/wp\/v2\/media?parent=4756"}],"wp:term":[{"taxonomy":"product_brand","embeddable":true,"href":"https:\/\/www.seltron.si\/de\/wp-json\/wp\/v2\/product_brand?post=4756"},{"taxonomy":"product_cat","embeddable":true,"href":"https:\/\/www.seltron.si\/de\/wp-json\/wp\/v2\/product_cat?post=4756"},{"taxonomy":"product_tag","embeddable":true,"href":"https:\/\/www.seltron.si\/de\/wp-json\/wp\/v2\/product_tag?post=4756"}],"curies":[{"name":"wp","href":"https:\/\/api.w.org\/{rel}","templated":true}]}}