{"id":8295,"date":"2019-12-12T11:51:38","date_gmt":"2019-12-12T11:51:38","guid":{"rendered":"https:\/\/www.seltron.si\/\/?post_type=product&#038;p=8295"},"modified":"2025-01-07T11:32:13","modified_gmt":"2025-01-07T11:32:13","slug":"daikin-altherma-lt-kompakt-warmepumpe","status":"publish","type":"product","link":"https:\/\/www.seltron.si\/de\/katalog-izdelkov\/ogrevanje\/toplotne-crpalke\/toplotne-crpalke-za-novogradnje\/toplotna-crpalka-daikin-altherma-lt-compact\/","title":{"rendered":"Daikin Altherma LT Kompakt-W\u00e4rmepumpe"},"content":{"rendered":"<p>Die Altherma LT Compact erm\u00f6glicht das Heizen und K\u00fchlen von Geb\u00e4uden mit der M\u00f6glichkeit, eine Solaranlage zu integrieren. Der 300- oder 500-Liter-Speicher speichert die von der W\u00e4rmepumpe und der Solaranlage erzeugte Energie, die dann f\u00fcr die Raumheizung und die Warmwasserbereitung genutzt wird. Er ist f\u00fcr alle Arten von Niedertemperatur-W\u00e4rmesystemen geeignet, bei denen eine Heiztemperatur von bis zu 55 \u00b0C zum Heizen ausreicht.<\/p>","protected":false},"excerpt":{"rendered":"<p>Die Altherma LT Compact erm\u00f6glicht das Heizen und K\u00fchlen von Geb\u00e4uden mit der M\u00f6glichkeit, eine Solaranlage zu integrieren. Der 300- oder 500-Liter-Speicher speichert die von der W\u00e4rmepumpe und der Solaranlage erzeugte Energie, die dann f\u00fcr die Raumheizung und die Warmwasserbereitung genutzt wird. Er ist f\u00fcr alle Arten von Niedertemperatur-W\u00e4rmesystemen geeignet, bei denen eine Heiztemperatur von bis zu 55 \u00b0C zum Heizen ausreicht.<\/p>","protected":false},"featured_media":23420,"template":"","meta":{"_acf_changed":false},"product_brand":[],"product_cat":[66,74],"product_tag":[],"class_list":{"0":"post-8295","1":"product","2":"type-product","3":"status-publish","4":"has-post-thumbnail","6":"product_cat-toplotne-crpalke","7":"product_cat-toplotne-crpalke-za-novogradnje","8":"pa_kategorije-toplotne-crpalke","10":"first","11":"instock","12":"taxable","13":"shipping-taxable","14":"purchasable","15":"product-type-variable"},"acf":[],"_links":{"self":[{"href":"https:\/\/www.seltron.si\/de\/wp-json\/wp\/v2\/product\/8295","targetHints":{"allow":["GET"]}}],"collection":[{"href":"https:\/\/www.seltron.si\/de\/wp-json\/wp\/v2\/product"}],"about":[{"href":"https:\/\/www.seltron.si\/de\/wp-json\/wp\/v2\/types\/product"}],"version-history":[{"count":1,"href":"https:\/\/www.seltron.si\/de\/wp-json\/wp\/v2\/product\/8295\/revisions"}],"predecessor-version":[{"id":99002,"href":"https:\/\/www.seltron.si\/de\/wp-json\/wp\/v2\/product\/8295\/revisions\/99002"}],"wp:featuredmedia":[{"embeddable":true,"href":"https:\/\/www.seltron.si\/de\/wp-json\/wp\/v2\/media\/23420"}],"wp:attachment":[{"href":"https:\/\/www.seltron.si\/de\/wp-json\/wp\/v2\/media?parent=8295"}],"wp:term":[{"taxonomy":"product_brand","embeddable":true,"href":"https:\/\/www.seltron.si\/de\/wp-json\/wp\/v2\/product_brand?post=8295"},{"taxonomy":"product_cat","embeddable":true,"href":"https:\/\/www.seltron.si\/de\/wp-json\/wp\/v2\/product_cat?post=8295"},{"taxonomy":"product_tag","embeddable":true,"href":"https:\/\/www.seltron.si\/de\/wp-json\/wp\/v2\/product_tag?post=8295"}],"curies":[{"name":"wp","href":"https:\/\/api.w.org\/{rel}","templated":true}]}}