{"id":8880,"date":"2019-12-16T15:12:24","date_gmt":"2019-12-16T15:12:24","guid":{"rendered":"https:\/\/www.seltron.si\/\/?post_type=product&#038;p=8880"},"modified":"2025-01-07T11:32:14","modified_gmt":"2025-01-07T11:32:14","slug":"daikin-altherma-ht-warmepumpe-mit-sanitar-wassererhitzer","status":"publish","type":"product","link":"https:\/\/www.seltron.si\/de\/katalog-izdelkov\/ogrevanje\/toplotne-crpalke\/toplotne-crpalke-za-obnove\/toplotna-crpalka-daikin-altherma-ht-z-grelnikom-sanitarne-vode\/","title":{"rendered":"Daikin Altherma HT W\u00e4rmepumpe mit Warmwasserbereiter"},"content":{"rendered":"<p>Die DAIKIN Altherma HT ist eine Hochtemperatur-W\u00e4rmepumpe, die die vorhandene Luftenergie optimal nutzt. Sie eignet sich f\u00fcr die Nachr\u00fcstung \u00e4lterer Heizk\u00f6rperheizungen oder f\u00fcr Heizungsanlagen, die eine Heizwasseraustrittstemperatur von bis zu 80 \u00b0C ben\u00f6tigen. Zur optimalen Raumausnutzung wird die Pumpe auf einem 200 l oder 260 l Warmwasserbereiter installiert.<\/p>","protected":false},"excerpt":{"rendered":"<p>Die DAIKIN Altherma HT ist eine Hochtemperatur-W\u00e4rmepumpe, die die vorhandene Luftenergie optimal nutzt. Sie eignet sich f\u00fcr die Anpassung \u00e4lterer Heizk\u00f6rperheizungen oder f\u00fcr Heizungsanlagen, die eine Heizwasser-Vorlauftemperatur von bis zu 80 \u00b0C ben\u00f6tigen.<\/p>","protected":false},"featured_media":23410,"template":"","meta":{"_acf_changed":false},"product_brand":[],"product_cat":[66,75],"product_tag":[],"class_list":{"0":"post-8880","1":"product","2":"type-product","3":"status-publish","4":"has-post-thumbnail","6":"product_cat-toplotne-crpalke","7":"product_cat-toplotne-crpalke-za-obnove","8":"pa_kategorije-toplotne-crpalke","10":"first","11":"instock","12":"taxable","13":"shipping-taxable","14":"purchasable","15":"product-type-variable"},"acf":[],"_links":{"self":[{"href":"https:\/\/www.seltron.si\/de\/wp-json\/wp\/v2\/product\/8880","targetHints":{"allow":["GET"]}}],"collection":[{"href":"https:\/\/www.seltron.si\/de\/wp-json\/wp\/v2\/product"}],"about":[{"href":"https:\/\/www.seltron.si\/de\/wp-json\/wp\/v2\/types\/product"}],"version-history":[{"count":1,"href":"https:\/\/www.seltron.si\/de\/wp-json\/wp\/v2\/product\/8880\/revisions"}],"predecessor-version":[{"id":99003,"href":"https:\/\/www.seltron.si\/de\/wp-json\/wp\/v2\/product\/8880\/revisions\/99003"}],"wp:featuredmedia":[{"embeddable":true,"href":"https:\/\/www.seltron.si\/de\/wp-json\/wp\/v2\/media\/23410"}],"wp:attachment":[{"href":"https:\/\/www.seltron.si\/de\/wp-json\/wp\/v2\/media?parent=8880"}],"wp:term":[{"taxonomy":"product_brand","embeddable":true,"href":"https:\/\/www.seltron.si\/de\/wp-json\/wp\/v2\/product_brand?post=8880"},{"taxonomy":"product_cat","embeddable":true,"href":"https:\/\/www.seltron.si\/de\/wp-json\/wp\/v2\/product_cat?post=8880"},{"taxonomy":"product_tag","embeddable":true,"href":"https:\/\/www.seltron.si\/de\/wp-json\/wp\/v2\/product_tag?post=8880"}],"curies":[{"name":"wp","href":"https:\/\/api.w.org\/{rel}","templated":true}]}}