{"id":93357,"date":"2023-08-29T13:47:49","date_gmt":"2023-08-29T13:47:49","guid":{"rendered":"https:\/\/www.seltron.si\/?post_type=product&#038;p=93357"},"modified":"2026-02-06T08:08:56","modified_gmt":"2026-02-06T08:08:56","slug":"daikin-altherma-3-m-ht-wandmontierte-warmepumpe-2","status":"publish","type":"product","link":"https:\/\/www.seltron.si\/de\/katalog-izdelkov\/ogrevanje\/toplotne-crpalke\/toplotne-crpalke-za-novogradnje\/toplotna-crpalka-daikin-altherma-3-m-ht-stenska\/","title":{"rendered":"Daikin Altherma 3 H MT wandmontierte W\u00e4rmepumpe"},"content":{"rendered":"<p>Die wandmontierte Luft\/Wasser-W\u00e4rmepumpe Daikin Altherma 3 H MT ist das kompakteste Ger\u00e4t,<br \/>\nin Kombination mit einem separaten Kessel f\u00fcr die Warmwasserbereitung. Optional k\u00f6nnen Sie ein Ger\u00e4t mit K\u00fchlfunktion w\u00e4hlen. Es ist sowohl f\u00fcr Neubauten als auch f\u00fcr Umbauten geeignet, da es eine Wasseraustrittstemperatur von bis zu 65\u00b0 bietet.<\/p>\n<p><a href=\"https:\/\/www.ekosklad.si\/\" target=\"_blank\" rel=\"noopener noreferrer\"><img decoding=\"async\" src=\"https:\/\/www.seltron.si\/wp-content\/uploads\/2020\/05\/eko-sklad-subvencije.svg\" alt=\"Zusch\u00fcsse aus dem \u00d6kofonds\" width=\"120px\" \/><\/a><\/p>","protected":false},"excerpt":{"rendered":"<p>Die wandmontierte Luft\/Wasser-W\u00e4rmepumpe Daikin Altherma 3 H MT ist das kompakteste Ger\u00e4t, geeignet f\u00fcr Neubauten und Anpassungen mit einer Wassertemperatur von bis zu 65\u00b0.<\/p>\n<p><a href=\"https:\/\/www.ekosklad.si\/\" target=\"_blank\" rel=\"noopener noreferrer\"><img decoding=\"async\" src=\"https:\/\/www.seltron.si\/wp-content\/uploads\/2020\/05\/eko-sklad-subvencije.svg\" alt=\"Zusch\u00fcsse aus dem \u00d6kofonds\" width=\"120px\" \/><\/a><\/p>","protected":false},"featured_media":93359,"template":"","meta":{"_acf_changed":false},"product_brand":[],"product_cat":[66,74,75],"product_tag":[],"class_list":{"0":"post-93357","1":"product","2":"type-product","3":"status-publish","4":"has-post-thumbnail","6":"product_cat-toplotne-crpalke","7":"product_cat-toplotne-crpalke-za-novogradnje","8":"product_cat-toplotne-crpalke-za-obnove","10":"first","11":"instock","12":"taxable","13":"shipping-taxable","14":"purchasable","15":"product-type-simple"},"acf":[],"_links":{"self":[{"href":"https:\/\/www.seltron.si\/de\/wp-json\/wp\/v2\/product\/93357","targetHints":{"allow":["GET"]}}],"collection":[{"href":"https:\/\/www.seltron.si\/de\/wp-json\/wp\/v2\/product"}],"about":[{"href":"https:\/\/www.seltron.si\/de\/wp-json\/wp\/v2\/types\/product"}],"version-history":[{"count":3,"href":"https:\/\/www.seltron.si\/de\/wp-json\/wp\/v2\/product\/93357\/revisions"}],"predecessor-version":[{"id":102504,"href":"https:\/\/www.seltron.si\/de\/wp-json\/wp\/v2\/product\/93357\/revisions\/102504"}],"wp:featuredmedia":[{"embeddable":true,"href":"https:\/\/www.seltron.si\/de\/wp-json\/wp\/v2\/media\/93359"}],"wp:attachment":[{"href":"https:\/\/www.seltron.si\/de\/wp-json\/wp\/v2\/media?parent=93357"}],"wp:term":[{"taxonomy":"product_brand","embeddable":true,"href":"https:\/\/www.seltron.si\/de\/wp-json\/wp\/v2\/product_brand?post=93357"},{"taxonomy":"product_cat","embeddable":true,"href":"https:\/\/www.seltron.si\/de\/wp-json\/wp\/v2\/product_cat?post=93357"},{"taxonomy":"product_tag","embeddable":true,"href":"https:\/\/www.seltron.si\/de\/wp-json\/wp\/v2\/product_tag?post=93357"}],"curies":[{"name":"wp","href":"https:\/\/api.w.org\/{rel}","templated":true}]}}