{"id":96254,"date":"2024-03-21T13:13:10","date_gmt":"2024-03-21T13:13:10","guid":{"rendered":"https:\/\/www.seltron.si\/?post_type=product&#038;p=96254"},"modified":"2025-01-07T11:32:42","modified_gmt":"2025-01-07T11:32:42","slug":"tesy-air-care-dhf10cel-10l-luftentfeuchter","status":"publish","type":"product","link":"https:\/\/www.seltron.si\/de\/katalog-izdelkov\/ogrevanje\/klimatizacija\/razvlazevanje-prostorov\/razvlazevalnik-zraka-tesy-air-care-dhf10cel-10l\/","title":{"rendered":"TESY Luftentfeuchter, DHF10CEL, 10L"},"content":{"rendered":"","protected":false},"excerpt":{"rendered":"<p>Dieser moderne Luftentfeuchter ist ideal f\u00fcr den Einsatz in Badezimmern und anderen feuchten R\u00e4umen, da er die Bildung von Schimmel und Feuchtigkeit verhindert.<br \/>\nMit einer Abzugsleistung von bis zu 10 Litern Feuchtigkeit pro Tag und einem Luftstrom von 105 m\u00b3 pro Stunde sorgt er f\u00fcr eine optimale Raumfeuchtigkeit.<br \/>\nEr ist mit einer LED-Anzeige, einem Feuchtigkeitssensor, einem automatischen Schutz bei vollem Wassertank und einem 24-Stunden-Timer ausgestattet, was eine einfache Bedienung und Wartung gew\u00e4hrleistet.<br \/>\nMit einem niedrigen Ger\u00e4uschpegel von weniger als 46 dB(A) und einem praktischen Griff f\u00fcr den einfachen Transport ist dieser Luftentfeuchter die perfekte Wahl zur Verbesserung der Luftqualit\u00e4t in Ihrem Zuhause.<\/p>","protected":false},"featured_media":96257,"template":"","meta":{"_acf_changed":false},"product_brand":[],"product_cat":[133,961],"product_tag":[],"class_list":{"0":"post-96254","1":"product","2":"type-product","3":"status-publish","4":"has-post-thumbnail","6":"product_cat-klimatizacija","7":"product_cat-razvlazevanje-prostorov","9":"first","10":"instock","11":"taxable","12":"shipping-taxable","13":"purchasable","14":"product-type-simple"},"acf":[],"_links":{"self":[{"href":"https:\/\/www.seltron.si\/de\/wp-json\/wp\/v2\/product\/96254","targetHints":{"allow":["GET"]}}],"collection":[{"href":"https:\/\/www.seltron.si\/de\/wp-json\/wp\/v2\/product"}],"about":[{"href":"https:\/\/www.seltron.si\/de\/wp-json\/wp\/v2\/types\/product"}],"version-history":[{"count":1,"href":"https:\/\/www.seltron.si\/de\/wp-json\/wp\/v2\/product\/96254\/revisions"}],"predecessor-version":[{"id":98560,"href":"https:\/\/www.seltron.si\/de\/wp-json\/wp\/v2\/product\/96254\/revisions\/98560"}],"wp:featuredmedia":[{"embeddable":true,"href":"https:\/\/www.seltron.si\/de\/wp-json\/wp\/v2\/media\/96257"}],"wp:attachment":[{"href":"https:\/\/www.seltron.si\/de\/wp-json\/wp\/v2\/media?parent=96254"}],"wp:term":[{"taxonomy":"product_brand","embeddable":true,"href":"https:\/\/www.seltron.si\/de\/wp-json\/wp\/v2\/product_brand?post=96254"},{"taxonomy":"product_cat","embeddable":true,"href":"https:\/\/www.seltron.si\/de\/wp-json\/wp\/v2\/product_cat?post=96254"},{"taxonomy":"product_tag","embeddable":true,"href":"https:\/\/www.seltron.si\/de\/wp-json\/wp\/v2\/product_tag?post=96254"}],"curies":[{"name":"wp","href":"https:\/\/api.w.org\/{rel}","templated":true}]}}