{"id":96431,"date":"2024-04-03T12:20:03","date_gmt":"2024-04-03T12:20:03","guid":{"rendered":"https:\/\/www.seltron.si\/?post_type=product&#038;p=96431"},"modified":"2025-01-07T11:32:46","modified_gmt":"2025-01-07T11:32:46","slug":"daikin-perfera-freistehendes-klimagerat","status":"publish","type":"product","link":"https:\/\/www.seltron.si\/de\/katalog-izdelkov\/ogrevanje\/klimatizacija\/klimatske-naprave-izdelki\/klimatska-naprava-daikin-perfera-samostojeca\/","title":{"rendered":"Daikin Perfera freistehendes Klimager\u00e4t"},"content":{"rendered":"","protected":false},"excerpt":{"rendered":"<p>Das freistehende Daikin Perfera-Klimager\u00e4t ist f\u00fcr ganzj\u00e4hrigen Komfort ausgelegt.<\/p>\n<p>F\u00fcr Behaglichkeit auch an kalten Tagen sorgen der leistungsstarke Heizbetrieb, die Heizung plus und die Fu\u00dfbodenheizung.<\/p>\n<p>Der optimierte Luftstrom wird durch ein spezielles Design erreicht, das die Luft nach unten und oben str\u00f6men l\u00e4sst und so eine gleichm\u00e4\u00dfige Temperaturverteilung im Raum gew\u00e4hrleistet.<\/p>\n<p>Er ist mit der Flash-Streamer-Technologie ausgestattet, einem Titan-Apatit-Filter, der daf\u00fcr sorgt, dass Ihre Raumluft frei von Viren, Allergenen und unangenehmen Ger\u00fcchen ist.<\/p>\n<p>Intelligente Steuerung \u00fcber die Onecta-App, einschlie\u00dflich Sprachsteuerung \u00fcber Google Assistant und Amazon Alexa.<\/p>","protected":false},"featured_media":96437,"template":"","meta":{"_acf_changed":false},"product_brand":[],"product_cat":[133,55],"product_tag":[],"class_list":{"0":"post-96431","1":"product","2":"type-product","3":"status-publish","4":"has-post-thumbnail","6":"product_cat-klimatizacija","7":"product_cat-klimatske-naprave-izdelki","8":"pa_kategorije-klimatske-naprave","10":"first","11":"instock","12":"taxable","13":"shipping-taxable","14":"purchasable","15":"product-type-variable"},"acf":[],"_links":{"self":[{"href":"https:\/\/www.seltron.si\/de\/wp-json\/wp\/v2\/product\/96431","targetHints":{"allow":["GET"]}}],"collection":[{"href":"https:\/\/www.seltron.si\/de\/wp-json\/wp\/v2\/product"}],"about":[{"href":"https:\/\/www.seltron.si\/de\/wp-json\/wp\/v2\/types\/product"}],"version-history":[{"count":1,"href":"https:\/\/www.seltron.si\/de\/wp-json\/wp\/v2\/product\/96431\/revisions"}],"predecessor-version":[{"id":98557,"href":"https:\/\/www.seltron.si\/de\/wp-json\/wp\/v2\/product\/96431\/revisions\/98557"}],"wp:featuredmedia":[{"embeddable":true,"href":"https:\/\/www.seltron.si\/de\/wp-json\/wp\/v2\/media\/96437"}],"wp:attachment":[{"href":"https:\/\/www.seltron.si\/de\/wp-json\/wp\/v2\/media?parent=96431"}],"wp:term":[{"taxonomy":"product_brand","embeddable":true,"href":"https:\/\/www.seltron.si\/de\/wp-json\/wp\/v2\/product_brand?post=96431"},{"taxonomy":"product_cat","embeddable":true,"href":"https:\/\/www.seltron.si\/de\/wp-json\/wp\/v2\/product_cat?post=96431"},{"taxonomy":"product_tag","embeddable":true,"href":"https:\/\/www.seltron.si\/de\/wp-json\/wp\/v2\/product_tag?post=96431"}],"curies":[{"name":"wp","href":"https:\/\/api.w.org\/{rel}","templated":true}]}}