{"id":96568,"date":"2024-04-12T09:41:12","date_gmt":"2024-04-12T09:41:12","guid":{"rendered":"https:\/\/www.seltron.si\/?post_type=product&#038;p=96568"},"modified":"2025-01-07T11:32:46","modified_gmt":"2025-01-07T11:32:46","slug":"warmespeicher-kuhlen-oder-heizen-wandmontage-boden-weis","status":"publish","type":"product","link":"https:\/\/www.seltron.si\/de\/katalog-izdelkov\/ogrevanje\/zalogovniki\/zalogovnik-toplote-za-toplotne-crpalke-seltron\/","title":{"rendered":"Seltron-W\u00e4rmespeicher f\u00fcr W\u00e4rmepumpen"},"content":{"rendered":"","protected":false},"excerpt":{"rendered":"<p>Der W\u00e4rmespeicher ist eine der wichtigsten Komponenten einer W\u00e4rmepumpe, die dazu dient, W\u00e4rme zu speichern. Die gespeicherte W\u00e4rme wird dann je nach Bedarf der Heizungsanlage an verschiedene Verbraucher abgegeben. Durch den Speicher kann die W\u00e4rmepumpe effizienter, stabiler und flexibler arbeiten, was zu geringerem Verschlei\u00df, l\u00e4ngerer Lebensdauer der Anlage und geringerem Energieverbrauch f\u00fchrt.<\/p>","protected":false},"featured_media":96584,"template":"","meta":{"_acf_changed":false},"product_brand":[],"product_cat":[73],"product_tag":[],"class_list":{"0":"post-96568","1":"product","2":"type-product","3":"status-publish","4":"has-post-thumbnail","6":"product_cat-zalogovniki","8":"first","9":"instock","10":"taxable","11":"shipping-taxable","12":"purchasable","13":"product-type-variable"},"acf":[],"_links":{"self":[{"href":"https:\/\/www.seltron.si\/de\/wp-json\/wp\/v2\/product\/96568","targetHints":{"allow":["GET"]}}],"collection":[{"href":"https:\/\/www.seltron.si\/de\/wp-json\/wp\/v2\/product"}],"about":[{"href":"https:\/\/www.seltron.si\/de\/wp-json\/wp\/v2\/types\/product"}],"version-history":[{"count":2,"href":"https:\/\/www.seltron.si\/de\/wp-json\/wp\/v2\/product\/96568\/revisions"}],"predecessor-version":[{"id":98492,"href":"https:\/\/www.seltron.si\/de\/wp-json\/wp\/v2\/product\/96568\/revisions\/98492"}],"wp:featuredmedia":[{"embeddable":true,"href":"https:\/\/www.seltron.si\/de\/wp-json\/wp\/v2\/media\/96584"}],"wp:attachment":[{"href":"https:\/\/www.seltron.si\/de\/wp-json\/wp\/v2\/media?parent=96568"}],"wp:term":[{"taxonomy":"product_brand","embeddable":true,"href":"https:\/\/www.seltron.si\/de\/wp-json\/wp\/v2\/product_brand?post=96568"},{"taxonomy":"product_cat","embeddable":true,"href":"https:\/\/www.seltron.si\/de\/wp-json\/wp\/v2\/product_cat?post=96568"},{"taxonomy":"product_tag","embeddable":true,"href":"https:\/\/www.seltron.si\/de\/wp-json\/wp\/v2\/product_tag?post=96568"}],"curies":[{"name":"wp","href":"https:\/\/api.w.org\/{rel}","templated":true}]}}