{"id":97532,"date":"2024-08-13T13:39:35","date_gmt":"2024-08-13T13:39:35","guid":{"rendered":"https:\/\/www.seltron.si\/?post_type=product&#038;p=97532"},"modified":"2025-04-16T11:03:01","modified_gmt":"2025-04-16T11:03:01","slug":"daikin-altherma-3-m-monoblock-warmepumpe-4-6-8-kw","status":"publish","type":"product","link":"https:\/\/www.seltron.si\/de\/katalog-izdelkov\/ogrevanje\/toplotne-crpalke\/toplotne-crpalke-za-novogradnje\/toplotna-crpalka-daikin-altherma-3-m-monoblok-4-6-8-kw\/","title":{"rendered":"Daikin Altherma 3 M W\u00e4rmepumpe (Monoblock: 4-6-8 kW)"},"content":{"rendered":"","protected":false},"excerpt":{"rendered":"<p>Die Niedertemperatur-W\u00e4rmepumpen der Serie Altherma 3 M (Monoblock) von Daikin umfassen Modelle mit 4 kW, 6 kW und 8 kW.<br \/>\nDiese Ger\u00e4te sind speziell f\u00fcr den effizienten Betrieb bei niedrigeren Temperaturen ausgelegt und eignen sich daher ideal f\u00fcr moderne Niedrigenergieh\u00e4user, in denen \u00fcblicherweise Fu\u00dfbodenheizungen, Niedertemperaturheizk\u00f6rper oder Gebl\u00e4sekonvektoren verwendet werden.<br \/>\nDie Altherma 3 M-Serie kann Heizen, K\u00fchlen und Warmwasserbereitung mit hoher Effizienz auch in k\u00e4lteren Klimazonen gew\u00e4hrleisten.<\/p>","protected":false},"featured_media":97538,"template":"","meta":{"_acf_changed":false},"product_brand":[],"product_cat":[66,74],"product_tag":[],"class_list":{"0":"post-97532","1":"product","2":"type-product","3":"status-publish","4":"has-post-thumbnail","6":"product_cat-toplotne-crpalke","7":"product_cat-toplotne-crpalke-za-novogradnje","9":"first","10":"instock","11":"taxable","12":"shipping-taxable","13":"purchasable","14":"product-type-variable"},"acf":[],"_links":{"self":[{"href":"https:\/\/www.seltron.si\/de\/wp-json\/wp\/v2\/product\/97532","targetHints":{"allow":["GET"]}}],"collection":[{"href":"https:\/\/www.seltron.si\/de\/wp-json\/wp\/v2\/product"}],"about":[{"href":"https:\/\/www.seltron.si\/de\/wp-json\/wp\/v2\/types\/product"}],"version-history":[{"count":3,"href":"https:\/\/www.seltron.si\/de\/wp-json\/wp\/v2\/product\/97532\/revisions"}],"predecessor-version":[{"id":103797,"href":"https:\/\/www.seltron.si\/de\/wp-json\/wp\/v2\/product\/97532\/revisions\/103797"}],"wp:featuredmedia":[{"embeddable":true,"href":"https:\/\/www.seltron.si\/de\/wp-json\/wp\/v2\/media\/97538"}],"wp:attachment":[{"href":"https:\/\/www.seltron.si\/de\/wp-json\/wp\/v2\/media?parent=97532"}],"wp:term":[{"taxonomy":"product_brand","embeddable":true,"href":"https:\/\/www.seltron.si\/de\/wp-json\/wp\/v2\/product_brand?post=97532"},{"taxonomy":"product_cat","embeddable":true,"href":"https:\/\/www.seltron.si\/de\/wp-json\/wp\/v2\/product_cat?post=97532"},{"taxonomy":"product_tag","embeddable":true,"href":"https:\/\/www.seltron.si\/de\/wp-json\/wp\/v2\/product_tag?post=97532"}],"curies":[{"name":"wp","href":"https:\/\/api.w.org\/{rel}","templated":true}]}}