{"id":98490,"date":"2024-09-30T12:41:30","date_gmt":"2024-09-30T12:41:30","guid":{"rendered":"https:\/\/www.seltron.si\/?post_type=product&#038;p=98490"},"modified":"2025-01-07T11:32:46","modified_gmt":"2025-01-07T11:32:46","slug":"seltron-zo-50-box-mini-heat-store","status":"publish","type":"product","link":"https:\/\/www.seltron.si\/de\/katalog-izdelkov\/ogrevanje\/zalogovniki\/zalogovnik-toplote-seltron-zo-50-box-mini\/","title":{"rendered":"SELTRON ZO 50 BOX Mini-W\u00e4rmespeicher f\u00fcr W\u00e4rmepumpen"},"content":{"rendered":"","protected":false},"excerpt":{"rendered":"<p>Der Mini-W\u00e4rmespeicher ZO 50 BOX verbessert die Energieeffizienz und Stabilit\u00e4t des Heizsystems, senkt die Kosten und sorgt f\u00fcr eine optimale Nutzung der \u00fcbersch\u00fcssigen W\u00e4rme von W\u00e4rmepumpen.<\/p>","protected":false},"featured_media":98494,"template":"","meta":{"_acf_changed":false},"product_brand":[],"product_cat":[73],"product_tag":[],"class_list":{"0":"post-98490","1":"product","2":"type-product","3":"status-publish","4":"has-post-thumbnail","6":"product_cat-zalogovniki","8":"first","9":"instock","10":"taxable","11":"shipping-taxable","12":"purchasable","13":"product-type-simple"},"acf":[],"_links":{"self":[{"href":"https:\/\/www.seltron.si\/de\/wp-json\/wp\/v2\/product\/98490","targetHints":{"allow":["GET"]}}],"collection":[{"href":"https:\/\/www.seltron.si\/de\/wp-json\/wp\/v2\/product"}],"about":[{"href":"https:\/\/www.seltron.si\/de\/wp-json\/wp\/v2\/types\/product"}],"version-history":[{"count":2,"href":"https:\/\/www.seltron.si\/de\/wp-json\/wp\/v2\/product\/98490\/revisions"}],"predecessor-version":[{"id":98497,"href":"https:\/\/www.seltron.si\/de\/wp-json\/wp\/v2\/product\/98490\/revisions\/98497"}],"wp:featuredmedia":[{"embeddable":true,"href":"https:\/\/www.seltron.si\/de\/wp-json\/wp\/v2\/media\/98494"}],"wp:attachment":[{"href":"https:\/\/www.seltron.si\/de\/wp-json\/wp\/v2\/media?parent=98490"}],"wp:term":[{"taxonomy":"product_brand","embeddable":true,"href":"https:\/\/www.seltron.si\/de\/wp-json\/wp\/v2\/product_brand?post=98490"},{"taxonomy":"product_cat","embeddable":true,"href":"https:\/\/www.seltron.si\/de\/wp-json\/wp\/v2\/product_cat?post=98490"},{"taxonomy":"product_tag","embeddable":true,"href":"https:\/\/www.seltron.si\/de\/wp-json\/wp\/v2\/product_tag?post=98490"}],"curies":[{"name":"wp","href":"https:\/\/api.w.org\/{rel}","templated":true}]}}