{"id":103458,"date":"2026-03-24T11:15:16","date_gmt":"2026-03-24T11:15:16","guid":{"rendered":"https:\/\/www.seltron.si\/?page_id=103458"},"modified":"2026-03-25T12:57:21","modified_gmt":"2026-03-25T12:57:21","slug":"povprasevanje-uponor","status":"publish","type":"page","link":"https:\/\/www.seltron.si\/en\/povprasevanje-uponor\/","title":{"rendered":"Inquiry Uponor"},"content":{"rendered":"\t\t<div data-elementor-type=\"wp-page\" data-elementor-id=\"103458\" class=\"elementor elementor-103458\" data-elementor-post-type=\"page\">\n\t\t\t\t\t\t<section data-particle_enable=\"false\" data-particle-mobile-disabled=\"false\" class=\"elementor-section elementor-top-section elementor-element elementor-element-204ea25 elementor-section-boxed elementor-section-height-default elementor-section-height-default\" data-id=\"204ea25\" data-element_type=\"section\" data-e-type=\"section\" data-settings=\"{&quot;background_background&quot;:&quot;classic&quot;}\">\n\t\t\t\t\t\t\t<div class=\"elementor-background-overlay\"><\/div>\n\t\t\t\t\t\t\t<div class=\"elementor-container elementor-column-gap-no\">\n\t\t\t\t\t<div class=\"elementor-column elementor-col-100 elementor-top-column elementor-element elementor-element-2a6fbf2\" data-id=\"2a6fbf2\" data-element_type=\"column\" data-e-type=\"column\" data-settings=\"{&quot;background_background&quot;:&quot;classic&quot;}\">\n\t\t\t<div class=\"elementor-widget-wrap elementor-element-populated\">\n\t\t\t\t\t<div class=\"elementor-background-overlay\"><\/div>\n\t\t\t\t\t\t<div class=\"elementor-element elementor-element-3da8798 eael-wpforms-labels-yes eael-wpforms-form-button-custom elementor-widget elementor-widget-eael-wpforms\" data-id=\"3da8798\" data-element_type=\"widget\" data-e-type=\"widget\" data-widget_type=\"eael-wpforms.default\">\n\t\t\t\t<div class=\"elementor-widget-container\">\n\t\t\t\t\t            <div class=\"eael-contact-form eael-wpforms eael-wpforms-align-center\">\n                                <div class=\"wpforms-container \" id=\"wpforms-103446\"><form id=\"wpforms-form-103446\" class=\"wpforms-validate wpforms-form wpforms-ajax-form\" data-formid=\"103446\" method=\"post\" enctype=\"multipart\/form-data\" action=\"\/en\/wp-json\/wp\/v2\/pages\/103458\" data-token=\"a1ef45ce7cbf818b96a7e11efc60e6b9\" data-token-time=\"1777666406\"><noscript class=\"wpforms-error-noscript\">Please enable JavaScript in your browser to complete this form.<\/noscript><div class=\"wpforms-field-container\"><div id=\"wpforms-103446-field_2-container\" class=\"wpforms-field wpforms-field-name\" data-field-id=\"2\"><label class=\"wpforms-field-label\">Ime in priimek <span class=\"wpforms-required-label\">*<\/span><\/label><div class=\"wpforms-field-row wpforms-field-large\"><div class=\"wpforms-field-row-block wpforms-first wpforms-one-half\"><input type=\"text\" id=\"wpforms-103446-field_2\" class=\"wpforms-field-name-first wpforms-field-required\" name=\"wpforms[fields][2][first]\" required><label for=\"wpforms-103446-field_2\" class=\"wpforms-field-sublabel after\">First<\/label><\/div><div class=\"wpforms-field-row-block wpforms-one-half\"><input type=\"text\" id=\"wpforms-103446-field_2-last\" class=\"wpforms-field-name-last wpforms-field-required\" name=\"wpforms[fields][2][last]\" required><label for=\"wpforms-103446-field_2-last\" class=\"wpforms-field-sublabel after\">Last<\/label><\/div><\/div><\/div>\t\t<div id=\"wpforms-103446-field_4-container\"\n\t\t\tclass=\"wpforms-field wpforms-field-text\"\n\t\t\tdata-field-type=\"text\"\n\t\t\tdata-field-id=\"4\"\n\t\t\t>\n\t\t\t<label class=\"wpforms-field-label\" for=\"wpforms-103446-field_4\" >Podjetje Email priimek<\/label>\n\t\t\t<input type=\"text\" id=\"wpforms-103446-field_4\" class=\"wpforms-field-medium\" name=\"wpforms[fields][4]\" >\n\t\t<\/div>\n\t\t<div id=\"wpforms-103446-field_1-container\" class=\"wpforms-field wpforms-field-text\" data-field-id=\"1\"><label class=\"wpforms-field-label\" for=\"wpforms-103446-field_1\">Podjetje <span class=\"wpforms-required-label\">*<\/span><\/label><input type=\"text\" id=\"wpforms-103446-field_1\" class=\"wpforms-field-large wpforms-field-required\" name=\"wpforms[fields][1]\" required><\/div><div id=\"wpforms-103446-field_5-container\" class=\"wpforms-field wpforms-field-email\" data-field-id=\"5\"><label class=\"wpforms-field-label\" for=\"wpforms-103446-field_5\">Email <span class=\"wpforms-required-label\">*<\/span><\/label><input type=\"email\" id=\"wpforms-103446-field_5\" class=\"wpforms-field-large wpforms-field-required\" name=\"wpforms[fields][5]\" spellcheck=\"false\" required><\/div><div id=\"wpforms-103446-field_8-container\" class=\"wpforms-field wpforms-field-text\" data-field-id=\"8\"><label class=\"wpforms-field-label\" for=\"wpforms-103446-field_8\">Telefon <span class=\"wpforms-required-label\">*<\/span><\/label><input type=\"text\" id=\"wpforms-103446-field_8\" class=\"wpforms-field-large wpforms-field-required\" name=\"wpforms[fields][8]\" required><\/div><div id=\"wpforms-103446-field_3-container\" class=\"wpforms-field wpforms-field-textarea\" data-field-id=\"3\"><label class=\"wpforms-field-label\" for=\"wpforms-103446-field_3\">Povpra\u0161evanje <span class=\"wpforms-required-label\">*<\/span><\/label><textarea id=\"wpforms-103446-field_3\" class=\"wpforms-field-medium wpforms-field-required\" name=\"wpforms[fields][3]\" required><\/textarea><\/div><script>\n\t\t\t\t( function() {\n\t\t\t\t\tconst style = document.createElement( 'style' );\n\t\t\t\t\tstyle.appendChild( document.createTextNode( '#wpforms-103446-field_4-container { position: absolute !important; overflow: hidden !important; display: inline !important; height: 1px !important; width: 1px !important; z-index: -1000 !important; padding: 0 !important; } #wpforms-103446-field_4-container input { visibility: hidden; } #wpforms-conversational-form-page #wpforms-103446-field_4-container label { counter-increment: none; }' ) );\n\t\t\t\t\tdocument.head.appendChild( style );\n\t\t\t\t\tdocument.currentScript?.remove();\n\t\t\t\t} )();\n\t\t\t<\/script><\/div><!-- .wpforms-field-container --><div class=\"wpforms-submit-container\" ><input type=\"hidden\" name=\"wpforms[id]\" value=\"103446\"><input type=\"hidden\" name=\"page_title\" value=\"\"><input type=\"hidden\" name=\"page_url\" value=\"https:\/\/www.seltron.si\/en\/wp-json\/wp\/v2\/pages\/103458\"><input type=\"hidden\" name=\"url_referer\" value=\"\"><button type=\"submit\" name=\"wpforms[submit]\" id=\"wpforms-submit-103446\" class=\"wpforms-submit\" data-alt-text=\"Po\u0161iljam...\" data-submit-text=\"Oddaj povpra\u0161evanje\" aria-live=\"assertive\" value=\"wpforms-submit\">Oddaj povpra\u0161evanje<\/button><img decoding=\"async\" src=\"https:\/\/www.seltron.si\/wp-content\/plugins\/wpforms\/assets\/images\/submit-spin.svg\" class=\"wpforms-submit-spinner\" style=\"display: none;\" width=\"26\" height=\"26\" alt=\"Loading\"><\/div><\/form><\/div>  <!-- .wpforms-container -->            <\/div>\n\t\t\t\t<\/div>\n\t\t\t\t<\/div>\n\t\t\t\t\t<\/div>\n\t\t<\/div>\n\t\t\t\t\t<\/div>\n\t\t<\/section>\n\t\t\t\t<\/div>\n\t\t","protected":false},"excerpt":{"rendered":"<p>\u010ce \u017eelite izpolniti ta obrazec, v brskalniku omogo\u010dite JavaScript.Ime in priimek *ImePriimekPodjetje *Email *Telefon *Povpra\u0161evanje * Oddaj povpra\u0161evanje<\/p>","protected":false},"author":2,"featured_media":0,"parent":0,"menu_order":0,"comment_status":"closed","ping_status":"closed","template":"elementor_canvas","meta":{"_acf_changed":false,"footnotes":""},"class_list":["post-103458","page","type-page","status-publish","hentry"],"blocksy_meta":[],"acf":[],"_links":{"self":[{"href":"https:\/\/www.seltron.si\/en\/wp-json\/wp\/v2\/pages\/103458","targetHints":{"allow":["GET"]}}],"collection":[{"href":"https:\/\/www.seltron.si\/en\/wp-json\/wp\/v2\/pages"}],"about":[{"href":"https:\/\/www.seltron.si\/en\/wp-json\/wp\/v2\/types\/page"}],"author":[{"embeddable":true,"href":"https:\/\/www.seltron.si\/en\/wp-json\/wp\/v2\/users\/2"}],"replies":[{"embeddable":true,"href":"https:\/\/www.seltron.si\/en\/wp-json\/wp\/v2\/comments?post=103458"}],"version-history":[{"count":157,"href":"https:\/\/www.seltron.si\/en\/wp-json\/wp\/v2\/pages\/103458\/revisions"}],"predecessor-version":[{"id":103691,"href":"https:\/\/www.seltron.si\/en\/wp-json\/wp\/v2\/pages\/103458\/revisions\/103691"}],"wp:attachment":[{"href":"https:\/\/www.seltron.si\/en\/wp-json\/wp\/v2\/media?parent=103458"}],"curies":[{"name":"wp","href":"https:\/\/api.w.org\/{rel}","templated":true}]}}