{"id":262,"date":"2019-09-30T11:55:11","date_gmt":"2019-09-30T11:55:11","guid":{"rendered":"https:\/\/www.seltron.si\/\/?page_id=262"},"modified":"2022-06-24T16:22:57","modified_gmt":"2022-06-24T16:22:57","slug":"company","status":"publish","type":"page","link":"https:\/\/www.seltron.si\/en\/podjetje\/","title":{"rendered":"Company"},"content":{"rendered":"<div data-elementor-type=\"wp-page\" data-elementor-id=\"262\" class=\"elementor elementor-262\" data-elementor-post-type=\"page\">\n\t\t\t\t\t\t<section data-particle_enable=\"false\" data-particle-mobile-disabled=\"false\" class=\"elementor-section elementor-top-section elementor-element elementor-element-e31f5ad elementor-section-height-min-height elementor-section-items-bottom ct-section-stretched elementor-section-full_width elementor-section-content-middle elementor-section-height-default\" data-id=\"e31f5ad\" data-element_type=\"section\" data-e-type=\"section\" data-settings=\"{&quot;background_background&quot;:&quot;classic&quot;}\">\n\t\t\t\t\t\t\t<div class=\"elementor-background-overlay\"><\/div>\n\t\t\t\t\t\t\t<div class=\"elementor-container elementor-column-gap-default\">\n\t\t\t\t\t<div class=\"elementor-column elementor-col-100 elementor-top-column elementor-element elementor-element-9c86f7d\" data-id=\"9c86f7d\" data-element_type=\"column\" data-e-type=\"column\">\n\t\t\t<div class=\"elementor-widget-wrap\">\n\t\t\t\t\t\t\t<\/div>\n\t\t<\/div>\n\t\t\t\t\t<\/div>\n\t\t<\/section>\n\t\t\t\t<section data-particle_enable=\"false\" data-particle-mobile-disabled=\"false\" class=\"elementor-section elementor-top-section elementor-element elementor-element-d85347f elementor-section-boxed elementor-section-height-default elementor-section-height-default\" data-id=\"d85347f\" data-element_type=\"section\" data-e-type=\"section\" data-settings=\"{&quot;background_background&quot;:&quot;classic&quot;}\">\n\t\t\t\t\t\t<div class=\"elementor-container elementor-column-gap-no\">\n\t\t\t\t\t<div class=\"elementor-column elementor-col-100 elementor-top-column elementor-element elementor-element-2f9998b\" data-id=\"2f9998b\" data-element_type=\"column\" data-e-type=\"column\">\n\t\t\t<div class=\"elementor-widget-wrap elementor-element-populated\">\n\t\t\t\t\t\t<div class=\"elementor-element elementor-element-73fc2a7 elementor-widget elementor-widget-heading\" data-id=\"73fc2a7\" data-element_type=\"widget\" data-e-type=\"widget\" data-widget_type=\"heading.default\">\n\t\t\t\t<div class=\"elementor-widget-container\">\n\t\t\t\t\t<h2 class=\"elementor-heading-title elementor-size-default\">A company with tradition<\/h2>\t\t\t\t<\/div>\n\t\t\t\t<\/div>\n\t\t\t\t<div class=\"elementor-element elementor-element-fa6d237 elementor-widget elementor-widget-heading\" data-id=\"fa6d237\" data-element_type=\"widget\" data-e-type=\"widget\" data-widget_type=\"heading.default\">\n\t\t\t\t<div class=\"elementor-widget-container\">\n\t\t\t\t\t<h3 class=\"elementor-heading-title elementor-size-default\">Founded 1990<\/h3>\t\t\t\t<\/div>\n\t\t\t\t<\/div>\n\t\t\t\t<div class=\"elementor-element elementor-element-63312ca elementor-widget-divider--view-line elementor-invisible elementor-widget elementor-widget-divider\" data-id=\"63312ca\" data-element_type=\"widget\" data-e-type=\"widget\" data-settings=\"{&quot;_animation&quot;:&quot;fadeInUp&quot;}\" data-widget_type=\"divider.default\">\n\t\t\t\t<div class=\"elementor-widget-container\">\n\t\t\t\t\t\t\t<div class=\"elementor-divider\">\n\t\t\t<span class=\"elementor-divider-separator\">\n\t\t\t\t\t\t<\/span>\n\t\t<\/div>\n\t\t\t\t\t\t<\/div>\n\t\t\t\t<\/div>\n\t\t\t\t<div class=\"elementor-element elementor-element-62700ef5 elementor-widget elementor-widget-text-editor\" data-id=\"62700ef5\" data-element_type=\"widget\" data-e-type=\"widget\" data-widget_type=\"text-editor.default\">\n\t\t\t\t<div class=\"elementor-widget-container\">\n\t\t\t\t\t\t\t\t\t<p>In 1990, we made a commitment in our company mission to help people save energy by heating their homes in an environmentally friendly way.<br \/>Over the years, we have been combining our own experience with modern technologies to build a stable, modern technology company that enables us to develop and produce high quality products of varying complexity.\u00a0<\/p>\t\t\t\t\t\t\t\t<\/div>\n\t\t\t\t<\/div>\n\t\t\t\t\t<\/div>\n\t\t<\/div>\n\t\t\t\t\t<\/div>\n\t\t<\/section>\n\t\t\t\t<section data-particle_enable=\"false\" data-particle-mobile-disabled=\"false\" class=\"elementor-section elementor-top-section elementor-element elementor-element-16fcefe7 elementor-section-boxed elementor-section-height-default elementor-section-height-default\" data-id=\"16fcefe7\" data-element_type=\"section\" data-e-type=\"section\" data-settings=\"{&quot;background_background&quot;:&quot;classic&quot;}\">\n\t\t\t\t\t\t\t<div class=\"elementor-background-overlay\"><\/div>\n\t\t\t\t\t\t\t<div class=\"elementor-container elementor-column-gap-default\">\n\t\t\t\t\t<div class=\"elementor-column elementor-col-100 elementor-top-column elementor-element elementor-element-427ea51\" data-id=\"427ea51\" data-element_type=\"column\" data-e-type=\"column\">\n\t\t\t<div class=\"elementor-widget-wrap elementor-element-populated\">\n\t\t\t\t\t\t<div class=\"elementor-element elementor-element-b0c0789 elementor-widget elementor-widget-heading\" data-id=\"b0c0789\" data-element_type=\"widget\" data-e-type=\"widget\" data-widget_type=\"heading.default\">\n\t\t\t\t<div class=\"elementor-widget-container\">\n\t\t\t\t\t<h2 class=\"elementor-heading-title elementor-size-default\">In-house development and production<\/h2>\t\t\t\t<\/div>\n\t\t\t\t<\/div>\n\t\t\t\t<div class=\"elementor-element elementor-element-c893aad elementor-widget elementor-widget-heading\" data-id=\"c893aad\" data-element_type=\"widget\" data-e-type=\"widget\" data-widget_type=\"heading.default\">\n\t\t\t\t<div class=\"elementor-widget-container\">\n\t\t\t\t\t<h3 class=\"elementor-heading-title elementor-size-default\">Years of development and technical improvements<\/h3>\t\t\t\t<\/div>\n\t\t\t\t<\/div>\n\t\t\t\t<div class=\"elementor-element elementor-element-dc5f9ca elementor-widget-divider--view-line elementor-invisible elementor-widget elementor-widget-divider\" data-id=\"dc5f9ca\" data-element_type=\"widget\" data-e-type=\"widget\" data-settings=\"{&quot;_animation&quot;:&quot;fadeInUp&quot;}\" data-widget_type=\"divider.default\">\n\t\t\t\t<div class=\"elementor-widget-container\">\n\t\t\t\t\t\t\t<div class=\"elementor-divider\">\n\t\t\t<span class=\"elementor-divider-separator\">\n\t\t\t\t\t\t<\/span>\n\t\t<\/div>\n\t\t\t\t\t\t<\/div>\n\t\t\t\t<\/div>\n\t\t\t\t<div class=\"elementor-element elementor-element-31e70b8 elementor-widget elementor-widget-text-editor\" data-id=\"31e70b8\" data-element_type=\"widget\" data-e-type=\"widget\" data-widget_type=\"text-editor.default\">\n\t\t\t\t<div class=\"elementor-widget-container\">\n\t\t\t\t\t\t\t\t\t<p>SELTRON is today a modern technology company, combining state-of-the-art technology with years of experience. It offers innovative, advanced and economical heating solutions that are recognised both in Slovenia and in Europe. The company continuously invests in the development and upgrading of its own production of control technology and expands its product range with various products that ensure savings for users and environmental protection by minimising energy consumption.\u00a0<\/p>\t\t\t\t\t\t\t\t<\/div>\n\t\t\t\t<\/div>\n\t\t\t\t\t<\/div>\n\t\t<\/div>\n\t\t\t\t\t<\/div>\n\t\t<\/section>\n\t\t\t\t<section data-particle_enable=\"false\" data-particle-mobile-disabled=\"false\" class=\"elementor-section elementor-top-section elementor-element elementor-element-0659076 elementor-section-boxed elementor-section-height-default elementor-section-height-default\" data-id=\"0659076\" data-element_type=\"section\" data-e-type=\"section\" data-settings=\"{&quot;background_background&quot;:&quot;classic&quot;}\">\n\t\t\t\t\t\t<div class=\"elementor-container elementor-column-gap-default\">\n\t\t\t\t\t<div class=\"elementor-column elementor-col-100 elementor-top-column elementor-element elementor-element-8094266\" data-id=\"8094266\" data-element_type=\"column\" data-e-type=\"column\">\n\t\t\t<div class=\"elementor-widget-wrap elementor-element-populated\">\n\t\t\t\t\t\t<div class=\"elementor-element elementor-element-f4ec67f elementor-widget elementor-widget-ucaddon_image_card_carousel\" data-id=\"f4ec67f\" data-element_type=\"widget\" data-e-type=\"widget\" data-widget_type=\"ucaddon_image_card_carousel.default\">\n\t\t\t\t<div class=\"elementor-widget-container\">\n\t\t\t\t\t\n<!-- start Image Card Carousel -->\n\t\t<link id='font-awesome-css' href='https:\/\/www.seltron.si\/wp-content\/plugins\/unlimited-elements-for-elementor-premium\/assets_libraries\/font-awesome6\/fontawesome-all.min.css' type='text\/css' rel='stylesheet' >\n\t\t<link id='font-awesome-4-shim-css' href='https:\/\/www.seltron.si\/wp-content\/plugins\/unlimited-elements-for-elementor-premium\/assets_libraries\/font-awesome6\/fontawesome-v4-shims.min.css' type='text\/css' rel='stylesheet' >\n\t\t<link id='owl-carousel-css' href='https:\/\/www.seltron.si\/wp-content\/plugins\/unlimited-elements-for-elementor-premium\/assets_libraries\/owl-carousel-new\/assets\/owl.carousel.css' type='text\/css' rel='stylesheet' >\n\n<style>\/* widget: Image Card Carousel *\/\n\n#uc_image_card_carousel_elementor_f4ec67f{\n  min-height:1px;\n}\n\n#uc_image_card_carousel_elementor_f4ec67f .owl-dots {\noverflow:hidden;\ndisplay:block !important;\ntext-align:center;\n}\n\n#uc_image_card_carousel_elementor_f4ec67f .owl-dot {\nborder-radius:50%;\ndisplay:inline-block;\n}\n\n#uc_image_card_carousel_elementor_f4ec67f .owl-nav .owl-prev{\n    position:absolute;\n    display:inline-block;\n    text-align:center;\n}\n#uc_image_card_carousel_elementor_f4ec67f .owl-nav .owl-next{\n  position:absolute;\n  display:inline-block;\n  text-align:center;\n}\n\n#uc_image_card_carousel_elementor_f4ec67f .owl-nav .owl-prev:after{\n    content: \"\u2190\";\n}\n#uc_image_card_carousel_elementor_f4ec67f .owl-nav .owl-next:after{\n    content: \"\u2192\";\n}\n\n\n.uc_dark_carousel *{\n\tmargin:0;\n\tpadding:0;\n\t-webkit-box-sizing: border-box;\n\t-moz-box-sizing: border-box;\n\tbox-sizing: border-box;\n}\n\n.uc_dark_carousel .uc_dark_carousel_box\n{\n\tmargin:0 auto;\n}\n\n#uc_image_card_carousel_elementor_f4ec67f .uc_dark_carousel_container_holder\n{\n\tfont-size:14px;\n\toverflow:hidden;\n\tposition:relative;\n\twidth:100%;\n}\n\n.uc_dark_carousel .uc_dark_carousel_content h2\n{\n\tfont-size:21px;\n}\n\n#uc_image_card_carousel_elementor_f4ec67f .uc_dark_carousel_content\n{\n  display:flex;\n  flex-direction:column;\n}\n\n#uc_image_card_carousel_elementor_f4ec67f .ue-content-bottom\n{\n  margin-top:auto;\n}\n\n#uc_image_card_carousel_elementor_f4ec67f  .uc_dark_carousel_placeholder\n{\n  position:relative;\n}\n\n\n#uc_image_card_carousel_elementor_f4ec67f  .uc_dark_carousel_placeholder img\n{\n\twidth:100%;\n}\n\n#uc_image_card_carousel_elementor_f4ec67f .uc_dark_carousel_content .uc_more_btn {\n\tdisplay:inline-block;\n}\n\n#uc_image_card_carousel_elementor_f4ec67f .centered .ue-item{\n\tborder: 3px solid yellow;\n}\n\n\n.ue-item-badge\n{\n  font-size:11px;\n}\n\n#uc_image_card_carousel_elementor_f4ec67f .ue-item-badge\n{\n  position:absolute;\n  right:10px;\n  top:10px;\n}\n\n<\/style>\n\n<div class=\"uc_dark_carousel\" style=\"direction:ltr;\" >\n   <div class=\"uc_dark_carousel_box owl-carousel\" id=\"uc_image_card_carousel_elementor_f4ec67f\" >\n      <div class=\"ue-item-holder\">\n<div class=\"uc_dark_carousel_container_holder ue-item\" >\n  \n  <div class=\"uc_dark_carousel_placeholder\">\n    <a href=\"#\" ><img decoding=\"async\" src=\"https:\/\/www.seltron.si\/wp-content\/uploads\/2022\/04\/Standar-ISO90001.jpg\" alt=\"Standard ISO90001\"><\/a>\n      \n    \t\n    \n  <\/div>\n  \n    <div class=\"uc_dark_carousel_content\" style=\"\">\n    \n        <a href=\"#\" >    <h2>Certificate of Operational Excellence<\/h2>\n    <\/a>        \n    <p>Since 2015, we have been ISO 9001 certified for excellence in our business operations.<\/p>    \n        <div class=\"ue-content-bottom\"><a class=\"uc_more_btn\" href=\"#\" ><\/a><\/div>\n      <\/div>\n    <\/div>\n<\/div>\n<div class=\"ue-item-holder\">\n<div class=\"uc_dark_carousel_container_holder ue-item\" >\n  \n  <div class=\"uc_dark_carousel_placeholder\">\n    <a href=\"#\" ><img decoding=\"async\" src=\"https:\/\/www.seltron.si\/wp-content\/uploads\/2022\/04\/podravsko-podjetje-leta-2017.jpg\" alt=\"Podravje company of the year 2017\"><\/a>\n      \n    \t\n    \n  <\/div>\n  \n    <div class=\"uc_dark_carousel_content\" style=\"\">\n    \n        <a href=\"#\" >    <h2>Best Employer of the Year 2017<\/h2>\n    <\/a>        \n    <p>The best employer of the Podravje region organised by Ve\u010der.<\/p>    \n        <div class=\"ue-content-bottom\"><a class=\"uc_more_btn\" href=\"#\" ><\/a><\/div>\n      <\/div>\n    <\/div>\n<\/div>\n<div class=\"ue-item-holder\">\n<div class=\"uc_dark_carousel_container_holder ue-item\" >\n  \n  <div class=\"uc_dark_carousel_placeholder\">\n    <a href=\"#\" ><img decoding=\"async\" src=\"https:\/\/www.seltron.si\/wp-content\/uploads\/2022\/04\/Odlicnost.jpg\" alt=\"Excellence\"><\/a>\n      \n    \t\n    \n  <\/div>\n  \n    <div class=\"uc_dark_carousel_content\" style=\"\">\n    \n        <a href=\"#\" >    <h2>Platinum rating of excellence<\/h2>\n    <\/a>        \n    <p>SELTRON d.o.o. is one of the recipients of the platinum rating excellence, which is achieved by only 1.5 % Slovenian companies, according to internationally recognised standards.<\/p>    \n        <div class=\"ue-content-bottom\"><a class=\"uc_more_btn\" href=\"#\" ><\/a><\/div>\n      <\/div>\n    <\/div>\n<\/div>\n<div class=\"ue-item-holder\">\n<div class=\"uc_dark_carousel_container_holder ue-item\" >\n  \n  <div class=\"uc_dark_carousel_placeholder\">\n    <a href=\"#\" ><img decoding=\"async\" src=\"https:\/\/www.seltron.si\/wp-content\/uploads\/2022\/04\/Seltron-zgradba-1-scaled.jpg\" alt=\"Seltron building\"><\/a>\n      \n    \t\n    \n  <\/div>\n  \n    <div class=\"uc_dark_carousel_content\" style=\"\">\n    \n        <a href=\"#\" >    <h2>Exporter of the Year 2019<\/h2>\n    <\/a>        \n    <p>In 2019, we were awarded the Exporter of the Year Award by Spirit Slovenia for our outstanding achievements in the field of export.<\/p>    \n        <div class=\"ue-content-bottom\"><a class=\"uc_more_btn\" href=\"#\" ><\/a><\/div>\n      <\/div>\n    <\/div>\n<\/div>\n<div class=\"ue-item-holder\">\n<div class=\"uc_dark_carousel_container_holder ue-item\" >\n  \n  <div class=\"uc_dark_carousel_placeholder\">\n    <a href=\"#\" ><img decoding=\"async\" src=\"https:\/\/www.seltron.si\/wp-content\/uploads\/2022\/04\/Podjetnik-leta-2020.jpg\" alt=\"Entrepreneur of the Year 2020\"><\/a>\n      \n    \t\n    \n  <\/div>\n  \n    <div class=\"uc_dark_carousel_content\" style=\"\">\n    \n        <a href=\"#\" >    <h2>Role model and Entrepreneur of the Year 2020<\/h2>\n    <\/a>        \n    <p>We were awarded the Entrepreneur of the Year and Entrepreneur of the Year 20202 at the Entrepreneur of the Year Awards.<\/p>    \n        <div class=\"ue-content-bottom\"><a class=\"uc_more_btn\" href=\"#\" ><\/a><\/div>\n      <\/div>\n    <\/div>\n<\/div>\n\n   <\/div>\n<\/div>\n<!-- end Image Card Carousel -->\t\t\t\t<\/div>\n\t\t\t\t<\/div>\n\t\t\t\t\t<\/div>\n\t\t<\/div>\n\t\t\t\t\t<\/div>\n\t\t<\/section>\n\t\t\t\t<section data-particle_enable=\"false\" data-particle-mobile-disabled=\"false\" class=\"elementor-section elementor-top-section elementor-element elementor-element-1eb64103 elementor-section-boxed elementor-section-height-default elementor-section-height-default\" data-id=\"1eb64103\" data-element_type=\"section\" data-e-type=\"section\" data-settings=\"{&quot;background_background&quot;:&quot;classic&quot;}\">\n\t\t\t\t\t\t\t<div class=\"elementor-background-overlay\"><\/div>\n\t\t\t\t\t\t\t<div class=\"elementor-container elementor-column-gap-default\">\n\t\t\t\t\t<div class=\"elementor-column elementor-col-50 elementor-top-column elementor-element elementor-element-482bf7e9\" data-id=\"482bf7e9\" data-element_type=\"column\" data-e-type=\"column\">\n\t\t\t<div class=\"elementor-widget-wrap elementor-element-populated\">\n\t\t\t\t\t\t<div class=\"elementor-element elementor-element-1890133 elementor-widget elementor-widget-heading\" data-id=\"1890133\" data-element_type=\"widget\" data-e-type=\"widget\" data-widget_type=\"heading.default\">\n\t\t\t\t<div class=\"elementor-widget-container\">\n\t\t\t\t\t<h2 class=\"elementor-heading-title elementor-size-default\">Sales to businesses and end customers<\/h2>\t\t\t\t<\/div>\n\t\t\t\t<\/div>\n\t\t\t\t<div class=\"elementor-element elementor-element-dd6a1f7 elementor-widget elementor-widget-heading\" data-id=\"dd6a1f7\" data-element_type=\"widget\" data-e-type=\"widget\" data-widget_type=\"heading.default\">\n\t\t\t\t<div class=\"elementor-widget-container\">\n\t\t\t\t\t<h3 class=\"elementor-heading-title elementor-size-default\">A comprehensive range of heating, cooling and home installation materials<\/h3>\t\t\t\t<\/div>\n\t\t\t\t<\/div>\n\t\t\t\t<div class=\"elementor-element elementor-element-00a5306 elementor-widget-divider--view-line elementor-invisible elementor-widget elementor-widget-divider\" data-id=\"00a5306\" data-element_type=\"widget\" data-e-type=\"widget\" data-settings=\"{&quot;_animation&quot;:&quot;fadeInUp&quot;}\" data-widget_type=\"divider.default\">\n\t\t\t\t<div class=\"elementor-widget-container\">\n\t\t\t\t\t\t\t<div class=\"elementor-divider\">\n\t\t\t<span class=\"elementor-divider-separator\">\n\t\t\t\t\t\t<\/span>\n\t\t<\/div>\n\t\t\t\t\t\t<\/div>\n\t\t\t\t<\/div>\n\t\t\t\t<div class=\"elementor-element elementor-element-ea32afd elementor-widget elementor-widget-text-editor\" data-id=\"ea32afd\" data-element_type=\"widget\" data-e-type=\"widget\" data-widget_type=\"text-editor.default\">\n\t\t\t\t<div class=\"elementor-widget-container\">\n\t\t\t\t\t\t\t\t\t<p>We are a total solutions provider in the field of:<\/p><ul><li>heating control,<\/li><li>heating techniques,<\/li><li>air conditioning,<\/li><li>installation materials for boiler rooms,<\/li><li>plumbing supplies for water supply.<\/li><\/ul>\t\t\t\t\t\t\t\t<\/div>\n\t\t\t\t<\/div>\n\t\t\t\t\t<\/div>\n\t\t<\/div>\n\t\t\t\t<div class=\"elementor-column elementor-col-50 elementor-top-column elementor-element elementor-element-9de8e78 elementor-hidden-mobile\" data-id=\"9de8e78\" data-element_type=\"column\" data-e-type=\"column\">\n\t\t\t<div class=\"elementor-widget-wrap elementor-element-populated\">\n\t\t\t\t\t\t<div class=\"elementor-element elementor-element-da41946 elementor-hidden-mobile elementor-widget elementor-widget-image\" data-id=\"da41946\" data-element_type=\"widget\" data-e-type=\"widget\" data-widget_type=\"image.default\">\n\t\t\t\t<div class=\"elementor-widget-container\">\n\t\t\t\t\t\t\t\t\t\t\t\t\t\t\t<img fetchpriority=\"high\" decoding=\"async\" width=\"977\" height=\"608\" src=\"https:\/\/www.seltron.si\/wp-content\/uploads\/2022\/05\/Seltron-ponudba.jpg\" class=\"attachment-large size-large wp-image-82286\" alt=\"\" srcset=\"https:\/\/www.seltron.si\/wp-content\/uploads\/2022\/05\/Seltron-ponudba.jpg 977w, https:\/\/www.seltron.si\/wp-content\/uploads\/2022\/05\/Seltron-ponudba-500x311.jpg 500w, https:\/\/www.seltron.si\/wp-content\/uploads\/2022\/05\/Seltron-ponudba-800x498.jpg 800w, https:\/\/www.seltron.si\/wp-content\/uploads\/2022\/05\/Seltron-ponudba-300x187.jpg 300w, https:\/\/www.seltron.si\/wp-content\/uploads\/2022\/05\/Seltron-ponudba-768x478.jpg 768w\" sizes=\"(max-width: 977px) 100vw, 977px\" \/>\t\t\t\t\t\t\t\t\t\t\t\t\t\t\t<\/div>\n\t\t\t\t<\/div>\n\t\t\t\t\t<\/div>\n\t\t<\/div>\n\t\t\t\t\t<\/div>\n\t\t<\/section>\n\t\t\t\t<\/div>","protected":false},"excerpt":{"rendered":"<p>Podjetje s tradicijo Ustanovljeno 1990 Leta 1990 smo se v poslanstvu podjetja zavezali, da bomo pomagali ljudem var\u010devati z energijo pri ogrevanju prostorov na okolju prijazen na\u010din.Vsa ta leta zdru\u017eujemo lastne izku\u0161nje s sodobnimi tehnologijami in s tem gradimo stabilno moderno tehnolo\u0161ko podjetje, ki omogo\u010da kakovosten lasten razvoj in proizvodnjo razli\u010dno zahtevnih izdelkov.\u00a0 Lasten razvoj [&hellip;]<\/p>\n","protected":false},"author":2,"featured_media":11740,"parent":0,"menu_order":0,"comment_status":"closed","ping_status":"closed","template":"elementor_header_footer","meta":{"_acf_changed":false,"footnotes":""},"class_list":["post-262","page","type-page","status-publish","has-post-thumbnail","hentry"],"blocksy_meta":{"styles_descriptor":{"styles":{"desktop":"","tablet":"","mobile":""},"google_fonts":[],"version":6}},"acf":[],"_links":{"self":[{"href":"https:\/\/www.seltron.si\/en\/wp-json\/wp\/v2\/pages\/262","targetHints":{"allow":["GET"]}}],"collection":[{"href":"https:\/\/www.seltron.si\/en\/wp-json\/wp\/v2\/pages"}],"about":[{"href":"https:\/\/www.seltron.si\/en\/wp-json\/wp\/v2\/types\/page"}],"author":[{"embeddable":true,"href":"https:\/\/www.seltron.si\/en\/wp-json\/wp\/v2\/users\/2"}],"replies":[{"embeddable":true,"href":"https:\/\/www.seltron.si\/en\/wp-json\/wp\/v2\/comments?post=262"}],"version-history":[{"count":0,"href":"https:\/\/www.seltron.si\/en\/wp-json\/wp\/v2\/pages\/262\/revisions"}],"wp:featuredmedia":[{"embeddable":true,"href":"https:\/\/www.seltron.si\/en\/wp-json\/wp\/v2\/media\/11740"}],"wp:attachment":[{"href":"https:\/\/www.seltron.si\/en\/wp-json\/wp\/v2\/media?parent=262"}],"curies":[{"name":"wp","href":"https:\/\/api.w.org\/{rel}","templated":true}]}}