{"id":5298,"date":"2019-11-28T18:23:05","date_gmt":"2019-11-28T18:23:05","guid":{"rendered":"https:\/\/www.seltron.si\/\/?page_id=5298"},"modified":"2025-08-01T08:10:25","modified_gmt":"2025-08-01T08:10:25","slug":"condensing-gas-boiler-and-heat-pump","status":"publish","type":"page","link":"https:\/\/www.seltron.si\/en\/pec-na-plin-kondenzacijski-plinski-kotel\/kondenzacijski-plinski-kotel-in-toplotna-crpalka\/","title":{"rendered":"Gas condensing boiler with heat pump"},"content":{"rendered":"<div data-elementor-type=\"wp-page\" data-elementor-id=\"5298\" class=\"elementor elementor-5298\" data-elementor-post-type=\"page\">\n\t\t\t\t\t\t<section data-particle_enable=\"false\" data-particle-mobile-disabled=\"false\" class=\"elementor-section elementor-top-section elementor-element elementor-element-2d62d7dd elementor-section-boxed elementor-section-height-default elementor-section-height-default\" data-id=\"2d62d7dd\" data-element_type=\"section\" data-e-type=\"section\">\n\t\t\t\t\t\t<div class=\"elementor-container elementor-column-gap-no\">\n\t\t\t\t\t<div class=\"elementor-column elementor-col-100 elementor-top-column elementor-element elementor-element-45634a34\" data-id=\"45634a34\" data-element_type=\"column\" data-e-type=\"column\">\n\t\t\t<div class=\"elementor-widget-wrap elementor-element-populated\">\n\t\t\t\t\t\t<div class=\"elementor-element elementor-element-7c10aee elementor-align-left elementor-hidden-mobile elementor-widget elementor-widget-global elementor-global-83323 elementor-widget-breadcrumbs\" data-id=\"7c10aee\" data-element_type=\"widget\" data-e-type=\"widget\" data-widget_type=\"breadcrumbs.default\">\n\t\t\t\t<div class=\"elementor-widget-container\">\n\t\t\t\t\t<nav aria-label=\"breadcrumbs\" class=\"rank-math-breadcrumb\"><p><span class=\"last\">Home<\/span><\/p><\/nav>\t\t\t\t<\/div>\n\t\t\t\t<\/div>\n\t\t\t\t\t<\/div>\n\t\t<\/div>\n\t\t\t\t\t<\/div>\n\t\t<\/section>\n\t\t\t\t<section data-particle_enable=\"false\" data-particle-mobile-disabled=\"false\" class=\"elementor-section elementor-top-section elementor-element elementor-element-5af81c7 elementor-section-full_width elementor-section-height-min-height elementor-section-items-bottom ct-section-stretched elementor-section-height-default elementor-invisible\" data-id=\"5af81c7\" data-element_type=\"section\" data-e-type=\"section\" data-settings=\"{&quot;background_background&quot;:&quot;classic&quot;,&quot;animation&quot;:&quot;fadeInUp&quot;}\">\n\t\t\t\t\t\t<div class=\"elementor-container elementor-column-gap-no\">\n\t\t\t\t\t<div class=\"elementor-column elementor-col-100 elementor-top-column elementor-element elementor-element-e0a57c4 elementor-invisible\" data-id=\"e0a57c4\" data-element_type=\"column\" data-e-type=\"column\" data-settings=\"{&quot;animation&quot;:&quot;fadeInUp&quot;,&quot;background_background&quot;:&quot;classic&quot;}\">\n\t\t\t<div class=\"elementor-widget-wrap\">\n\t\t\t\t\t\t\t<\/div>\n\t\t<\/div>\n\t\t\t\t\t<\/div>\n\t\t<\/section>\n\t\t\t\t<section data-particle_enable=\"false\" data-particle-mobile-disabled=\"false\" class=\"elementor-section elementor-top-section elementor-element elementor-element-712a208 ct-section-stretched elementor-section-full_width elementor-section-height-default elementor-section-height-default\" data-id=\"712a208\" data-element_type=\"section\" data-e-type=\"section\" data-settings=\"{&quot;background_background&quot;:&quot;classic&quot;}\">\n\t\t\t\t\t\t<div class=\"elementor-container elementor-column-gap-no\">\n\t\t\t\t\t<div class=\"elementor-column elementor-col-100 elementor-top-column elementor-element elementor-element-9a457b2\" data-id=\"9a457b2\" data-element_type=\"column\" data-e-type=\"column\" data-settings=\"{&quot;background_background&quot;:&quot;classic&quot;}\">\n\t\t\t<div class=\"elementor-widget-wrap elementor-element-populated\">\n\t\t\t\t\t\t<section data-particle_enable=\"false\" data-particle-mobile-disabled=\"false\" class=\"elementor-section elementor-inner-section elementor-element elementor-element-8280dec elementor-section-boxed elementor-section-height-default elementor-section-height-default\" data-id=\"8280dec\" data-element_type=\"section\" data-e-type=\"section\" data-settings=\"{&quot;background_background&quot;:&quot;classic&quot;}\">\n\t\t\t\t\t\t<div class=\"elementor-container elementor-column-gap-no\">\n\t\t\t\t\t<div class=\"elementor-column elementor-col-50 elementor-inner-column elementor-element elementor-element-7c4fc37\" data-id=\"7c4fc37\" data-element_type=\"column\" data-e-type=\"column\" data-settings=\"{&quot;background_background&quot;:&quot;classic&quot;}\">\n\t\t\t<div class=\"elementor-widget-wrap elementor-element-populated\">\n\t\t\t\t\t\t<div class=\"elementor-element elementor-element-09899ac elementor-widget elementor-widget-heading\" data-id=\"09899ac\" data-element_type=\"widget\" data-e-type=\"widget\" data-widget_type=\"heading.default\">\n\t\t\t\t<div class=\"elementor-widget-container\">\n\t\t\t\t\t<h1 class=\"elementor-heading-title elementor-size-default\">Condensing gas boiler and heat pump<\/h1>\t\t\t\t<\/div>\n\t\t\t\t<\/div>\n\t\t\t\t<div class=\"elementor-element elementor-element-a77245f elementor-widget elementor-widget-heading\" data-id=\"a77245f\" data-element_type=\"widget\" data-e-type=\"widget\" data-widget_type=\"heading.default\">\n\t\t\t\t<div class=\"elementor-widget-container\">\n\t\t\t\t\t<h3 class=\"elementor-heading-title elementor-size-default\">Daikin Altherma Hybrid gas systems<\/h3>\t\t\t\t<\/div>\n\t\t\t\t<\/div>\n\t\t\t\t<div class=\"elementor-element elementor-element-539fb49 elementor-widget-divider--view-line elementor-widget elementor-widget-divider\" data-id=\"539fb49\" data-element_type=\"widget\" data-e-type=\"widget\" data-widget_type=\"divider.default\">\n\t\t\t\t<div class=\"elementor-widget-container\">\n\t\t\t\t\t\t\t<div class=\"elementor-divider\">\n\t\t\t<span class=\"elementor-divider-separator\">\n\t\t\t\t\t\t<\/span>\n\t\t<\/div>\n\t\t\t\t\t\t<\/div>\n\t\t\t\t<\/div>\n\t\t\t\t<div class=\"elementor-element elementor-element-c002a2b elementor-widget elementor-widget-text-editor\" data-id=\"c002a2b\" data-element_type=\"widget\" data-e-type=\"widget\" data-widget_type=\"text-editor.default\">\n\t\t\t\t<div class=\"elementor-widget-container\">\n\t\t\t\t\t\t\t\t\t<p>Hybrid alone<strong>\u00a0Choice during operation<\/strong> heat pump only, condensing gas boiler only or a combination of both. If the ambient temperatures are such that the heat pump can operate economically, the building shall be heated by the heat pump. In conditions of extremely low temperatures, which are unfavourable for the operation of the heat pump, a gas condensing boiler shall be used. If the heat pump needs a little extra help to reach the required temperatures, both heating sources shall be operated.<\/p>\t\t\t\t\t\t\t\t<\/div>\n\t\t\t\t<\/div>\n\t\t\t\t\t<\/div>\n\t\t<\/div>\n\t\t\t\t<div class=\"elementor-column elementor-col-50 elementor-inner-column elementor-element elementor-element-4232183\" data-id=\"4232183\" data-element_type=\"column\" data-e-type=\"column\" data-settings=\"{&quot;background_background&quot;:&quot;classic&quot;}\">\n\t\t\t<div class=\"elementor-widget-wrap elementor-element-populated\">\n\t\t\t\t\t\t<div class=\"elementor-element elementor-element-5d5047f elementor-widget elementor-widget-video\" data-id=\"5d5047f\" data-element_type=\"widget\" data-e-type=\"widget\" data-settings=\"{&quot;youtube_url&quot;:&quot;https:\\\/\\\/www.youtube.com\\\/watch?v=-ajDdbF5Cis&quot;,&quot;loop&quot;:&quot;yes&quot;,&quot;video_type&quot;:&quot;youtube&quot;}\" data-widget_type=\"video.default\">\n\t\t\t\t<div class=\"elementor-widget-container\">\n\t\t\t\t\t\t\t<div class=\"elementor-wrapper elementor-open-inline\">\n\t\t\t<div class=\"elementor-video\"><\/div>\t\t<\/div>\n\t\t\t\t\t\t<\/div>\n\t\t\t\t<\/div>\n\t\t\t\t\t<\/div>\n\t\t<\/div>\n\t\t\t\t\t<\/div>\n\t\t<\/section>\n\t\t\t\t<section data-particle_enable=\"false\" data-particle-mobile-disabled=\"false\" class=\"elementor-section elementor-inner-section elementor-element elementor-element-10f4bb7 elementor-section-boxed elementor-section-height-default elementor-section-height-default\" data-id=\"10f4bb7\" data-element_type=\"section\" data-e-type=\"section\" data-settings=\"{&quot;background_background&quot;:&quot;classic&quot;}\">\n\t\t\t\t\t\t<div class=\"elementor-container elementor-column-gap-no\">\n\t\t\t\t\t<div class=\"elementor-column elementor-col-50 elementor-inner-column elementor-element elementor-element-dd4b2d9\" data-id=\"dd4b2d9\" data-element_type=\"column\" data-e-type=\"column\" data-settings=\"{&quot;background_background&quot;:&quot;classic&quot;}\">\n\t\t\t<div class=\"elementor-widget-wrap elementor-element-populated\">\n\t\t\t\t\t\t<div class=\"elementor-element elementor-element-b4f81a2 elementor-widget elementor-widget-heading\" data-id=\"b4f81a2\" data-element_type=\"widget\" data-e-type=\"widget\" data-widget_type=\"heading.default\">\n\t\t\t\t<div class=\"elementor-widget-container\">\n\t\t\t\t\t<h2 class=\"elementor-heading-title elementor-size-default\">Two merged into one<\/h2>\t\t\t\t<\/div>\n\t\t\t\t<\/div>\n\t\t\t\t<div class=\"elementor-element elementor-element-dc83c81 elementor-widget elementor-widget-heading\" data-id=\"dc83c81\" data-element_type=\"widget\" data-e-type=\"widget\" data-widget_type=\"heading.default\">\n\t\t\t\t<div class=\"elementor-widget-container\">\n\t\t\t\t\t<h3 class=\"elementor-heading-title elementor-size-default\">Condensing gas boiler and heat pump combined into an unbeatable duo<\/h3>\t\t\t\t<\/div>\n\t\t\t\t<\/div>\n\t\t\t\t<div class=\"elementor-element elementor-element-634e1ec elementor-widget-divider--view-line elementor-widget elementor-widget-divider\" data-id=\"634e1ec\" data-element_type=\"widget\" data-e-type=\"widget\" data-widget_type=\"divider.default\">\n\t\t\t\t<div class=\"elementor-widget-container\">\n\t\t\t\t\t\t\t<div class=\"elementor-divider\">\n\t\t\t<span class=\"elementor-divider-separator\">\n\t\t\t\t\t\t<\/span>\n\t\t<\/div>\n\t\t\t\t\t\t<\/div>\n\t\t\t\t<\/div>\n\t\t\t\t<div class=\"elementor-element elementor-element-8305aca elementor-widget elementor-widget-text-editor\" data-id=\"8305aca\" data-element_type=\"widget\" data-e-type=\"widget\" data-widget_type=\"text-editor.default\">\n\t\t\t\t<div class=\"elementor-widget-container\">\n\t\t\t\t\t\t\t\t\t<p>Combining a condensing gas boiler and a heat pump into a hybrid wall-mounted unit is <strong>an outstanding solution<\/strong>, so<strong> in the field of heat pumps<\/strong>, as <strong>in the field of gas boilers<\/strong>. It is suitable for both new buildings and renovations. It can be used for low-temperature underfloor heating, wall heating, high-temperature radiator heating or a combination of these. <span style=\"text-decoration: underline; color: #00ccff;\"><a style=\"color: #00ccff; text-decoration: underline;\" href=\"https:\/\/www.seltron.si\/en\/product\/hybrid-heat-pump-daikin-altherma\/\" target=\"_blank\" rel=\"noopener\">Daikin Altherma Hybrid<\/a><\/span> combines two heat sources (gas and air heat) and always chooses the most economical and efficient one, depending on the outside temperature and the heat needs of the building. An existing gas furnace can be easily replaced with a Hybrid Heat Pump at no extra cost, without the need for any special adaptations to the installation, as both versions have the same dimensions. Read more <a href=\"https:\/\/www.daikin.si\/sl_sl\/druzine-izdelkov\/tehnologija-hibridne-toplotne-crpalke.html\" target=\"_blank\" rel=\"noopener\"><span style=\"text-decoration: underline;\"><span style=\"color: #00ccff; text-decoration: underline;\">Daikin website.<\/span><\/span><\/a><\/p>\t\t\t\t\t\t\t\t<\/div>\n\t\t\t\t<\/div>\n\t\t\t\t\t<\/div>\n\t\t<\/div>\n\t\t\t\t<div class=\"elementor-column elementor-col-50 elementor-inner-column elementor-element elementor-element-16e8c5b\" data-id=\"16e8c5b\" data-element_type=\"column\" data-e-type=\"column\" data-settings=\"{&quot;background_background&quot;:&quot;classic&quot;}\">\n\t\t\t<div class=\"elementor-widget-wrap elementor-element-populated\">\n\t\t\t\t\t\t<div class=\"elementor-element elementor-element-b15fb40 elementor-widget elementor-widget-image\" data-id=\"b15fb40\" data-element_type=\"widget\" data-e-type=\"widget\" data-widget_type=\"image.default\">\n\t\t\t\t<div class=\"elementor-widget-container\">\n\t\t\t\t\t\t\t\t\t\t\t\t\t\t\t<img fetchpriority=\"high\" decoding=\"async\" width=\"1024\" height=\"1024\" src=\"https:\/\/www.seltron.si\/wp-content\/uploads\/2019\/11\/hibrid2.png\" class=\"attachment-large size-large wp-image-12925\" alt=\"\" srcset=\"https:\/\/www.seltron.si\/wp-content\/uploads\/2019\/11\/hibrid2.png 1024w, https:\/\/www.seltron.si\/wp-content\/uploads\/2019\/11\/hibrid2-500x500.png 500w, https:\/\/www.seltron.si\/wp-content\/uploads\/2019\/11\/hibrid2-100x100.png 100w, https:\/\/www.seltron.si\/wp-content\/uploads\/2019\/11\/hibrid2-800x800.png 800w, https:\/\/www.seltron.si\/wp-content\/uploads\/2019\/11\/hibrid2-300x300.png 300w, https:\/\/www.seltron.si\/wp-content\/uploads\/2019\/11\/hibrid2-80x80.png 80w, https:\/\/www.seltron.si\/wp-content\/uploads\/2019\/11\/hibrid2-768x768.png 768w\" sizes=\"(max-width: 1024px) 100vw, 1024px\" \/>\t\t\t\t\t\t\t\t\t\t\t\t\t\t\t<\/div>\n\t\t\t\t<\/div>\n\t\t\t\t\t<\/div>\n\t\t<\/div>\n\t\t\t\t\t<\/div>\n\t\t<\/section>\n\t\t\t\t\t<\/div>\n\t\t<\/div>\n\t\t\t\t\t<\/div>\n\t\t<\/section>\n\t\t\t\t<section data-particle_enable=\"false\" data-particle-mobile-disabled=\"false\" class=\"elementor-section elementor-top-section elementor-element elementor-element-35aa7218 ct-section-stretched elementor-section-boxed elementor-section-height-default elementor-section-height-default\" data-id=\"35aa7218\" data-element_type=\"section\" data-e-type=\"section\" data-settings=\"{&quot;background_background&quot;:&quot;classic&quot;}\">\n\t\t\t\t\t\t<div class=\"elementor-container elementor-column-gap-default\">\n\t\t\t\t\t<div class=\"elementor-column elementor-col-50 elementor-top-column elementor-element elementor-element-43544cbf\" data-id=\"43544cbf\" data-element_type=\"column\" data-e-type=\"column\">\n\t\t\t<div class=\"elementor-widget-wrap elementor-element-populated\">\n\t\t\t\t\t\t<div class=\"elementor-element elementor-element-26113189 elementor-widget elementor-widget-heading\" data-id=\"26113189\" data-element_type=\"widget\" data-e-type=\"widget\" data-widget_type=\"heading.default\">\n\t\t\t\t<div class=\"elementor-widget-container\">\n\t\t\t\t\t<h3 class=\"elementor-heading-title elementor-size-default\">You can get an ECO Fund grant for your investment in a condensing gas boiler<\/h3>\t\t\t\t<\/div>\n\t\t\t\t<\/div>\n\t\t\t\t<div class=\"elementor-element elementor-element-5c0db79d elementor-widget-divider--view-line elementor-widget elementor-widget-divider\" data-id=\"5c0db79d\" data-element_type=\"widget\" data-e-type=\"widget\" data-widget_type=\"divider.default\">\n\t\t\t\t<div class=\"elementor-widget-container\">\n\t\t\t\t\t\t\t<div class=\"elementor-divider\">\n\t\t\t<span class=\"elementor-divider-separator\">\n\t\t\t\t\t\t<\/span>\n\t\t<\/div>\n\t\t\t\t\t\t<\/div>\n\t\t\t\t<\/div>\n\t\t\t\t<div class=\"elementor-element elementor-element-3044645 elementor-widget elementor-widget-text-editor\" data-id=\"3044645\" data-element_type=\"widget\" data-e-type=\"widget\" data-widget_type=\"text-editor.default\">\n\t\t\t\t<div class=\"elementor-widget-container\">\n\t\t\t\t\t\t\t\t\t<p>Heat pump heating is one of the renewable sources for which the government offers grants and low-cost loans. The installation of a heat pump for central space heating is eligible for <strong>grants<\/strong><a href=\"https:\/\/www.ekosklad.si\/prebivalstvo\/pridobite-spodbudo\/seznam-spodbud\/toplotne-crpalke\/toplotne-crpalke-subvencija-2\" target=\"_blank\" rel=\"noopener\"><span style=\"text-decoration: underline;\"><span style=\"color: #00ccff; text-decoration: underline;\"> ECO Fund<\/span><\/span><\/a> up to 50 % of the eligible investment costs<\/p>\t\t\t\t\t\t\t\t<\/div>\n\t\t\t\t<\/div>\n\t\t\t\t\t<\/div>\n\t\t<\/div>\n\t\t\t\t<div class=\"elementor-column elementor-col-50 elementor-top-column elementor-element elementor-element-4ff08c81\" data-id=\"4ff08c81\" data-element_type=\"column\" data-e-type=\"column\">\n\t\t\t<div class=\"elementor-widget-wrap elementor-element-populated\">\n\t\t\t\t\t\t<div class=\"elementor-element elementor-element-77ad6df0 elementor-widget elementor-widget-image\" data-id=\"77ad6df0\" data-element_type=\"widget\" data-e-type=\"widget\" data-widget_type=\"image.default\">\n\t\t\t\t<div class=\"elementor-widget-container\">\n\t\t\t\t\t\t\t\t\t\t\t\t\t\t\t<img decoding=\"async\" width=\"225\" height=\"225\" src=\"https:\/\/www.seltron.si\/wp-content\/uploads\/2020\/03\/Eko-sklad.jpg\" class=\"attachment-large size-large wp-image-25442\" alt=\"\" srcset=\"https:\/\/www.seltron.si\/wp-content\/uploads\/2020\/03\/Eko-sklad.jpg 225w, https:\/\/www.seltron.si\/wp-content\/uploads\/2020\/03\/Eko-sklad-100x100.jpg 100w, https:\/\/www.seltron.si\/wp-content\/uploads\/2020\/03\/Eko-sklad-80x80.jpg 80w\" sizes=\"(max-width: 225px) 100vw, 225px\" \/>\t\t\t\t\t\t\t\t\t\t\t\t\t\t\t<\/div>\n\t\t\t\t<\/div>\n\t\t\t\t\t<\/div>\n\t\t<\/div>\n\t\t\t\t\t<\/div>\n\t\t<\/section>\n\t\t\t\t<section data-particle_enable=\"false\" data-particle-mobile-disabled=\"false\" class=\"elementor-section elementor-top-section elementor-element elementor-element-c045a65 ct-section-stretched animated-slow elementor-section-boxed elementor-section-height-default elementor-section-height-default\" data-id=\"c045a65\" data-element_type=\"section\" data-e-type=\"section\" data-settings=\"{&quot;background_background&quot;:&quot;classic&quot;,&quot;animation&quot;:&quot;none&quot;,&quot;animation_delay&quot;:100}\">\n\t\t\t\t\t\t\t<div class=\"elementor-background-overlay\"><\/div>\n\t\t\t\t\t\t\t<div class=\"elementor-container elementor-column-gap-default\">\n\t\t\t\t\t<div class=\"elementor-column elementor-col-100 elementor-top-column elementor-element elementor-element-4d11c9ab\" data-id=\"4d11c9ab\" data-element_type=\"column\" data-e-type=\"column\">\n\t\t\t<div class=\"elementor-widget-wrap elementor-element-populated\">\n\t\t\t\t\t\t<div class=\"elementor-element elementor-element-7eb71979 elementor-widget elementor-widget-heading\" data-id=\"7eb71979\" data-element_type=\"widget\" data-e-type=\"widget\" data-widget_type=\"heading.default\">\n\t\t\t\t<div class=\"elementor-widget-container\">\n\t\t\t\t\t<h2 class=\"elementor-heading-title elementor-size-default\">Choice of gas boilers<\/h2>\t\t\t\t<\/div>\n\t\t\t\t<\/div>\n\t\t\t\t<div class=\"elementor-element elementor-element-b186fea elementor-widget elementor-widget-eael-post-list\" data-id=\"b186fea\" data-element_type=\"widget\" data-e-type=\"widget\" data-widget_type=\"eael-post-list.default\">\n\t\t\t\t<div class=\"elementor-widget-container\">\n\t\t\t\t\t<div class=\"eael-post-list-container default layout-default\"><div class=\"eael-post-list-header\"><\/div><div class=\"eael-post-list-wrap\"><div class=\"eael-post-list-posts-wrap eael-post-appender eael-post-appender-b186fea\"><div class=\"eael-post-list-post\"><div class=\"eael-post-list-thumbnail\"><a href=\"https:\/\/www.seltron.si\/en\/katalog-izdelkov\/ogrevanje\/plinski-kotli\/plinski-kondenzacijski-kotli\/plinski-kondenzacijski-kotel-altherma-3-c-gas\/\">\n                            <img decoding=\"async\" src=\"https:\/\/www.seltron.si\/wp-content\/uploads\/2020\/01\/plinski_kondenzacijski_kotel_daikin_altherma_3_c_gas.jpg\" alt=\"Daikin Altherma 3 C Gas Condensing Boiler\">\n                        <\/a><\/div><div class=\"eael-post-list-content\"><h2 class=\"eael-post-list-title\"><a href=\"https:\/\/www.seltron.si\/en\/katalog-izdelkov\/ogrevanje\/plinski-kotli\/plinski-kondenzacijski-kotli\/plinski-kondenzacijski-kotel-altherma-3-c-gas\/\">Altherma 3 C Gas condensing boiler<\/a><\/h2><p>Looking for an economical, yet proven solution for your heating system? If...<\/p><a href=\"https:\/\/www.seltron.si\/en\/katalog-izdelkov\/ogrevanje\/plinski-kotli\/plinski-kondenzacijski-kotli\/plinski-kondenzacijski-kotel-altherma-3-c-gas\/\" class=\"eael-post-elements-readmore-btn\">Per product<\/a><\/div><\/div><\/div><\/div>\n\t\t<\/div><div data-nonce=\"8dfe18262e\" class=\"post-list-pagination\" data-widget-id=\"b186fea\" data-widget=\"b186fea\" data-page-id=\"5298\" data-class=\"Essential_Addons_Elementor\\Pro\\Elements\\Post_List\" data-args=\"orderby=date&amp;order=desc&amp;ignore_sticky_posts=1&amp;post_status=publish&amp;posts_per_page=6&amp;offset=0&amp;post_type=product&amp;tax_query%5B0%5D%5Btaxonomy%5D=product_cat&amp;tax_query%5B0%5D%5Bfield%5D=term_id&amp;tax_query%5B0%5D%5Bterms%5D%5B0%5D=136&amp;tax_query%5Brelation%5D=AND\" data-settings=\"eael_post_list_post_feature_image=yes&amp;eael_post_list_post_meta=&amp;eael_post_list_post_title=yes&amp;eael_post_list_post_excerpt=yes&amp;eael_post_list_post_excerpt_length=12&amp;eael_post_list_featured_area=&amp;eael_post_list_pagination=navigation&amp;eael_post_list_layout_type=default&amp;eael_post_list_post_cat=&amp;eael_post_list_title_tag=h2&amp;eael_show_read_more_button=yes&amp;eael_post_list_read_more_text=Na+izdelek&amp;eael_post_list_excerpt_expanison_indicator=...&amp;eael_post_featured_image_size=large\" data-page=\"1\" data-scroll-on-pagination=\"0\" data-scroll-offset=\"100\" data-template=\"{&quot;dir&quot;:&quot;pro&quot;,&quot;file_name&quot;:&quot;default.php&quot;,&quot;name&quot;:&quot;Post-List&quot;}\">\n            <button class=\"btn btn-prev-post\" id=\"post-nav-prev-b186fea\" disabled=\"true\" aria-label=\"previous\"><i aria-hidden=\"true\" class=\"fas fa-angle-left\"><\/i><\/button><button class=\"btn btn-next-post\" id=\"post-nav-next-b186fea\" aria-label=\"next\"><i aria-hidden=\"true\" class=\"fas fa-angle-right\"><\/i><\/button>\n        <\/div>\t\t\t\t<\/div>\n\t\t\t\t<\/div>\n\t\t\t\t\t<\/div>\n\t\t<\/div>\n\t\t\t\t\t<\/div>\n\t\t<\/section>\n\t\t\t\t<section data-particle_enable=\"false\" data-particle-mobile-disabled=\"false\" class=\"elementor-section elementor-top-section elementor-element elementor-element-60b4d324 ct-section-stretched elementor-section-full_width animated-slow elementor-section-height-min-height elementor-section-content-middle elementor-section-height-default elementor-section-items-middle elementor-invisible\" data-id=\"60b4d324\" data-element_type=\"section\" data-e-type=\"section\" data-settings=\"{&quot;background_background&quot;:&quot;classic&quot;,&quot;animation&quot;:&quot;fadeInDown&quot;,&quot;animation_delay&quot;:100}\">\n\t\t\t\t\t\t<div class=\"elementor-container elementor-column-gap-no\">\n\t\t\t\t\t<div class=\"elementor-column elementor-col-100 elementor-top-column elementor-element elementor-element-26428a9c\" data-id=\"26428a9c\" data-element_type=\"column\" data-e-type=\"column\">\n\t\t\t<div class=\"elementor-widget-wrap elementor-element-populated\">\n\t\t\t\t\t\t<div class=\"elementor-element elementor-element-dff9cec content-align-cta-center elementor-widget elementor-widget-eael-cta-box\" data-id=\"dff9cec\" data-element_type=\"widget\" data-e-type=\"widget\" data-widget_type=\"eael-cta-box.default\">\n\t\t\t\t<div class=\"elementor-widget-container\">\n\t\t\t\t\t\t\t<div class=\"eael-call-to-action cta-basic bg-lite cta-preset-1\">\n        <h4 class=\"sub-title\">We will give you a free quote for your heating or cooling system.<\/h4><h2 class=\"title eael-cta-heading\">Want a quote<\/h2><p><a href=\"https:\/\/www.seltron.si\/wp-content\/uploads\/2020\/05\/aplikacija_Kelvin_Page_01_Image_0001.jpg\"><img decoding=\"async\" class=\"alignnone  wp-image-26667\" src=\"https:\/\/www.seltron.si\/wp-content\/uploads\/2020\/05\/aplikacija_Kelvin_Page_01_Image_0001-300x158.jpg\" alt=\"Kelvin app\" width=\"448\" height=\"236\" srcset=\"https:\/\/www.seltron.si\/wp-content\/uploads\/2020\/05\/aplikacija_Kelvin_Page_01_Image_0001-300x158.jpg 300w, https:\/\/www.seltron.si\/wp-content\/uploads\/2020\/05\/aplikacija_Kelvin_Page_01_Image_0001-500x264.jpg 500w, https:\/\/www.seltron.si\/wp-content\/uploads\/2020\/05\/aplikacija_Kelvin_Page_01_Image_0001-800x422.jpg 800w, https:\/\/www.seltron.si\/wp-content\/uploads\/2020\/05\/aplikacija_Kelvin_Page_01_Image_0001-1030x543.jpg 1030w, https:\/\/www.seltron.si\/wp-content\/uploads\/2020\/05\/aplikacija_Kelvin_Page_01_Image_0001-768x405.jpg 768w, https:\/\/www.seltron.si\/wp-content\/uploads\/2020\/05\/aplikacija_Kelvin_Page_01_Image_0001-1536x810.jpg 1536w, https:\/\/www.seltron.si\/wp-content\/uploads\/2020\/05\/aplikacija_Kelvin_Page_01_Image_0001.jpg 2026w\" sizes=\"(max-width: 448px) 100vw, 448px\" \/><\/a><\/p><a href=\"https:\/\/www.seltron.si\/en\/general-inquiry\/\" class=\"cta-button cta-preset-1\">Send us an enquiry<\/a><a href=\"https:\/\/www.seltron.si\/en\/product-category\/heating\/\" class=\"cta-button cta-secondary-button effect-2\">Product Catalogue<\/a>\t<\/div>\n\t\t\t\t\t\t\t\t<\/div>\n\t\t\t\t<\/div>\n\t\t\t\t\t<\/div>\n\t\t<\/div>\n\t\t\t\t\t<\/div>\n\t\t<\/section>\n\t\t\t\t<\/div>","protected":false},"excerpt":{"rendered":"<p>Domov Kondenzacijski plinski kotel in toplotna \u010drpalka Hibridni plinski sistemi Daikin Altherma Hybrid Hibrid sam\u00a0izbira med delovanjem samo toplotne \u010drpalke, samo kondenzacijskega plinskega\u00a0 kotla ali kombinacije obeh. V primeru, da so temperature okolja tak\u0161ne, ki omogo\u010dajo var\u010dno delovanje toplotne \u010drpalke, se objekt ogreva s toplotno \u010drpalko. V pogojih izredno nizkih temperatur, neugodnih za delovanje toplotne [&hellip;]<\/p>\n","protected":false},"author":2,"featured_media":0,"parent":5125,"menu_order":3,"comment_status":"closed","ping_status":"closed","template":"elementor_header_footer","meta":{"_acf_changed":false,"footnotes":""},"class_list":["post-5298","page","type-page","status-publish","hentry"],"blocksy_meta":{"styles_descriptor":{"styles":{"desktop":"","tablet":"","mobile":""},"google_fonts":[],"version":6}},"acf":[],"_links":{"self":[{"href":"https:\/\/www.seltron.si\/en\/wp-json\/wp\/v2\/pages\/5298","targetHints":{"allow":["GET"]}}],"collection":[{"href":"https:\/\/www.seltron.si\/en\/wp-json\/wp\/v2\/pages"}],"about":[{"href":"https:\/\/www.seltron.si\/en\/wp-json\/wp\/v2\/types\/page"}],"author":[{"embeddable":true,"href":"https:\/\/www.seltron.si\/en\/wp-json\/wp\/v2\/users\/2"}],"replies":[{"embeddable":true,"href":"https:\/\/www.seltron.si\/en\/wp-json\/wp\/v2\/comments?post=5298"}],"version-history":[{"count":3,"href":"https:\/\/www.seltron.si\/en\/wp-json\/wp\/v2\/pages\/5298\/revisions"}],"predecessor-version":[{"id":100875,"href":"https:\/\/www.seltron.si\/en\/wp-json\/wp\/v2\/pages\/5298\/revisions\/100875"}],"up":[{"embeddable":true,"href":"https:\/\/www.seltron.si\/en\/wp-json\/wp\/v2\/pages\/5125"}],"wp:attachment":[{"href":"https:\/\/www.seltron.si\/en\/wp-json\/wp\/v2\/media?parent=5298"}],"curies":[{"name":"wp","href":"https:\/\/api.w.org\/{rel}","templated":true}]}}