{"id":9082,"date":"2019-12-18T11:12:04","date_gmt":"2019-12-18T11:12:04","guid":{"rendered":"https:\/\/www.seltron.si\/\/?page_id=9082"},"modified":"2022-06-23T11:50:44","modified_gmt":"2022-06-23T11:50:44","slug":"oil-condensing-boiler","status":"publish","type":"page","link":"https:\/\/www.seltron.si\/en\/seltron-varcno-ogrevanje-in-hlajenje\/pec-na-olje\/oljni-kondenzacijski-kotel\/","title":{"rendered":"Oil condensing boilers"},"content":{"rendered":"<div data-elementor-type=\"wp-page\" data-elementor-id=\"9082\" class=\"elementor elementor-9082\" data-elementor-post-type=\"page\">\n\t\t\t\t\t\t<section data-particle_enable=\"false\" data-particle-mobile-disabled=\"false\" class=\"elementor-section elementor-top-section elementor-element elementor-element-7d556fec elementor-section-boxed elementor-section-height-default elementor-section-height-default\" data-id=\"7d556fec\" data-element_type=\"section\" data-e-type=\"section\">\n\t\t\t\t\t\t<div class=\"elementor-container elementor-column-gap-default\">\n\t\t\t\t\t<div class=\"elementor-column elementor-col-100 elementor-top-column elementor-element elementor-element-50f2d8a3\" data-id=\"50f2d8a3\" data-element_type=\"column\" data-e-type=\"column\">\n\t\t\t<div class=\"elementor-widget-wrap elementor-element-populated\">\n\t\t\t\t\t\t<div class=\"elementor-element elementor-element-e29340b elementor-align-left elementor-hidden-mobile elementor-widget elementor-widget-global elementor-global-83323 elementor-widget-breadcrumbs\" data-id=\"e29340b\" data-element_type=\"widget\" data-e-type=\"widget\" data-widget_type=\"breadcrumbs.default\">\n\t\t\t\t<div class=\"elementor-widget-container\">\n\t\t\t\t\t<nav aria-label=\"breadcrumbs\" class=\"rank-math-breadcrumb\"><p><span class=\"last\">Home<\/span><\/p><\/nav>\t\t\t\t<\/div>\n\t\t\t\t<\/div>\n\t\t\t\t\t<\/div>\n\t\t<\/div>\n\t\t\t\t\t<\/div>\n\t\t<\/section>\n\t\t\t\t<section data-particle_enable=\"false\" data-particle-mobile-disabled=\"false\" class=\"elementor-section elementor-top-section elementor-element elementor-element-e63df4a elementor-section-height-min-height elementor-section-full_width elementor-section-items-bottom animated-slow elementor-section-height-default elementor-invisible\" data-id=\"e63df4a\" data-element_type=\"section\" data-e-type=\"section\" data-settings=\"{&quot;background_background&quot;:&quot;classic&quot;,&quot;animation&quot;:&quot;fadeIn&quot;}\">\n\t\t\t\t\t\t<div class=\"elementor-container elementor-column-gap-no\">\n\t\t\t\t\t<div class=\"elementor-column elementor-col-100 elementor-top-column elementor-element elementor-element-2bf19e0\" data-id=\"2bf19e0\" data-element_type=\"column\" data-e-type=\"column\">\n\t\t\t<div class=\"elementor-widget-wrap\">\n\t\t\t\t\t\t\t<\/div>\n\t\t<\/div>\n\t\t\t\t\t<\/div>\n\t\t<\/section>\n\t\t\t\t<section data-particle_enable=\"false\" data-particle-mobile-disabled=\"false\" class=\"elementor-section elementor-top-section elementor-element elementor-element-54d3960 elementor-section-boxed elementor-section-height-default elementor-section-height-default\" data-id=\"54d3960\" data-element_type=\"section\" data-e-type=\"section\" data-settings=\"{&quot;background_background&quot;:&quot;classic&quot;}\">\n\t\t\t\t\t\t<div class=\"elementor-container elementor-column-gap-no\">\n\t\t\t\t\t<div class=\"elementor-column elementor-col-50 elementor-top-column elementor-element elementor-element-7565a58\" data-id=\"7565a58\" data-element_type=\"column\" data-e-type=\"column\" data-settings=\"{&quot;background_background&quot;:&quot;classic&quot;}\">\n\t\t\t<div class=\"elementor-widget-wrap elementor-element-populated\">\n\t\t\t\t\t\t<div class=\"elementor-element elementor-element-2f53628 elementor-widget elementor-widget-heading\" data-id=\"2f53628\" data-element_type=\"widget\" data-e-type=\"widget\" data-widget_type=\"heading.default\">\n\t\t\t\t<div class=\"elementor-widget-container\">\n\t\t\t\t\t<h1 class=\"elementor-heading-title elementor-size-default\">Oil condensing boilers<\/h1>\t\t\t\t<\/div>\n\t\t\t\t<\/div>\n\t\t\t\t<div class=\"elementor-element elementor-element-8802400 elementor-widget elementor-widget-heading\" data-id=\"8802400\" data-element_type=\"widget\" data-e-type=\"widget\" data-widget_type=\"heading.default\">\n\t\t\t\t<div class=\"elementor-widget-container\">\n\t\t\t\t\t<h3 class=\"elementor-heading-title elementor-size-default\">Replacement of an existing, dilapidated furnace<\/h3>\t\t\t\t<\/div>\n\t\t\t\t<\/div>\n\t\t\t\t<div class=\"elementor-element elementor-element-63a7401 elementor-widget-divider--view-line elementor-widget elementor-widget-divider\" data-id=\"63a7401\" data-element_type=\"widget\" data-e-type=\"widget\" data-widget_type=\"divider.default\">\n\t\t\t\t<div class=\"elementor-widget-container\">\n\t\t\t\t\t\t\t<div class=\"elementor-divider\">\n\t\t\t<span class=\"elementor-divider-separator\">\n\t\t\t\t\t\t<\/span>\n\t\t<\/div>\n\t\t\t\t\t\t<\/div>\n\t\t\t\t<\/div>\n\t\t\t\t<div class=\"elementor-element elementor-element-704072e elementor-widget elementor-widget-text-editor\" data-id=\"704072e\" data-element_type=\"widget\" data-e-type=\"widget\" data-widget_type=\"text-editor.default\">\n\t\t\t\t<div class=\"elementor-widget-container\">\n\t\t\t\t\t\t\t\t\t<p>An oil-fired condensing boiler is a great replacement for an old oil stove or any other energy source. There is still a high proportion of outdated oil stoves in Slovenian homes with low efficiency. There is also still a fairly high proportion of combi boilers where the efficiency is also questionable and generally does not exceed 75 %. It is precisely in such cases that replacing an old less efficient boiler with a new one can be a very rational decision.<\/p>\t\t\t\t\t\t\t\t<\/div>\n\t\t\t\t<\/div>\n\t\t\t\t\t<\/div>\n\t\t<\/div>\n\t\t\t\t<div class=\"elementor-column elementor-col-50 elementor-top-column elementor-element elementor-element-2c99a21\" data-id=\"2c99a21\" data-element_type=\"column\" data-e-type=\"column\" data-settings=\"{&quot;background_background&quot;:&quot;classic&quot;}\">\n\t\t\t<div class=\"elementor-widget-wrap elementor-element-populated\">\n\t\t\t\t\t\t<div class=\"elementor-element elementor-element-9f40a0e elementor-invisible elementor-widget elementor-widget-image\" data-id=\"9f40a0e\" data-element_type=\"widget\" data-e-type=\"widget\" data-settings=\"{&quot;_animation&quot;:&quot;fadeInRight&quot;}\" data-widget_type=\"image.default\">\n\t\t\t\t<div class=\"elementor-widget-container\">\n\t\t\t\t\t\t\t\t\t\t\t\t\t\t\t<img fetchpriority=\"high\" decoding=\"async\" width=\"715\" height=\"489\" src=\"https:\/\/www.seltron.si\/wp-content\/uploads\/2020\/03\/Ogrevanje-z-oljem.jpg\" class=\"attachment-large size-large wp-image-21480\" alt=\"Heating with Oil\" srcset=\"https:\/\/www.seltron.si\/wp-content\/uploads\/2020\/03\/Ogrevanje-z-oljem.jpg 715w, https:\/\/www.seltron.si\/wp-content\/uploads\/2020\/03\/Ogrevanje-z-oljem-500x342.jpg 500w, https:\/\/www.seltron.si\/wp-content\/uploads\/2020\/03\/Ogrevanje-z-oljem-300x205.jpg 300w\" sizes=\"(max-width: 715px) 100vw, 715px\" \/>\t\t\t\t\t\t\t\t\t\t\t\t\t\t\t<\/div>\n\t\t\t\t<\/div>\n\t\t\t\t\t<\/div>\n\t\t<\/div>\n\t\t\t\t\t<\/div>\n\t\t<\/section>\n\t\t\t\t<section data-particle_enable=\"false\" data-particle-mobile-disabled=\"false\" class=\"elementor-section elementor-top-section elementor-element elementor-element-4bfdfdd elementor-section-boxed elementor-section-height-default elementor-section-height-default\" data-id=\"4bfdfdd\" data-element_type=\"section\" data-e-type=\"section\" data-settings=\"{&quot;background_background&quot;:&quot;classic&quot;}\">\n\t\t\t\t\t\t<div class=\"elementor-container elementor-column-gap-default\">\n\t\t\t\t\t<div class=\"elementor-column elementor-col-50 elementor-top-column elementor-element elementor-element-25743a1 elementor-invisible\" data-id=\"25743a1\" data-element_type=\"column\" data-e-type=\"column\" data-settings=\"{&quot;background_background&quot;:&quot;classic&quot;,&quot;animation&quot;:&quot;fadeInLeft&quot;}\">\n\t\t\t<div class=\"elementor-widget-wrap elementor-element-populated\">\n\t\t\t\t\t\t<div class=\"elementor-element elementor-element-7b97d6b elementor-widget elementor-widget-image\" data-id=\"7b97d6b\" data-element_type=\"widget\" data-e-type=\"widget\" data-widget_type=\"image.default\">\n\t\t\t\t<div class=\"elementor-widget-container\">\n\t\t\t\t\t\t\t\t\t\t\t\t\t\t\t<img decoding=\"async\" width=\"900\" height=\"800\" src=\"https:\/\/www.seltron.si\/wp-content\/uploads\/2022\/03\/SeltronHome-1.jpg\" class=\"attachment-large size-large wp-image-67822\" alt=\"Oil condensing boilers\" srcset=\"https:\/\/www.seltron.si\/wp-content\/uploads\/2022\/03\/SeltronHome-1.jpg 900w, https:\/\/www.seltron.si\/wp-content\/uploads\/2022\/03\/SeltronHome-1-500x444.jpg 500w, https:\/\/www.seltron.si\/wp-content\/uploads\/2022\/03\/SeltronHome-1-800x711.jpg 800w, https:\/\/www.seltron.si\/wp-content\/uploads\/2022\/03\/SeltronHome-1-300x267.jpg 300w, https:\/\/www.seltron.si\/wp-content\/uploads\/2022\/03\/SeltronHome-1-768x683.jpg 768w\" sizes=\"(max-width: 900px) 100vw, 900px\" \/>\t\t\t\t\t\t\t\t\t\t\t\t\t\t\t<\/div>\n\t\t\t\t<\/div>\n\t\t\t\t\t<\/div>\n\t\t<\/div>\n\t\t\t\t<div class=\"elementor-column elementor-col-50 elementor-top-column elementor-element elementor-element-636cace\" data-id=\"636cace\" data-element_type=\"column\" data-e-type=\"column\" data-settings=\"{&quot;background_background&quot;:&quot;classic&quot;}\">\n\t\t\t<div class=\"elementor-widget-wrap elementor-element-populated\">\n\t\t\t\t\t\t<div class=\"elementor-element elementor-element-c0e0966 elementor-widget elementor-widget-heading\" data-id=\"c0e0966\" data-element_type=\"widget\" data-e-type=\"widget\" data-widget_type=\"heading.default\">\n\t\t\t\t<div class=\"elementor-widget-container\">\n\t\t\t\t\t<h2 class=\"elementor-heading-title elementor-size-default\">Modern heating management<\/h2>\t\t\t\t<\/div>\n\t\t\t\t<\/div>\n\t\t\t\t<div class=\"elementor-element elementor-element-f6bd2ee elementor-widget elementor-widget-heading\" data-id=\"f6bd2ee\" data-element_type=\"widget\" data-e-type=\"widget\" data-widget_type=\"heading.default\">\n\t\t\t\t<div class=\"elementor-widget-container\">\n\t\t\t\t\t<h3 class=\"elementor-heading-title elementor-size-default\">Heating with an oil condensing boiler enables modern heating management<\/h3>\t\t\t\t<\/div>\n\t\t\t\t<\/div>\n\t\t\t\t<div class=\"elementor-element elementor-element-91eaa1e elementor-widget-divider--view-line elementor-widget elementor-widget-divider\" data-id=\"91eaa1e\" data-element_type=\"widget\" data-e-type=\"widget\" data-widget_type=\"divider.default\">\n\t\t\t\t<div class=\"elementor-widget-container\">\n\t\t\t\t\t\t\t<div class=\"elementor-divider\">\n\t\t\t<span class=\"elementor-divider-separator\">\n\t\t\t\t\t\t<\/span>\n\t\t<\/div>\n\t\t\t\t\t\t<\/div>\n\t\t\t\t<\/div>\n\t\t\t\t<div class=\"elementor-element elementor-element-50d83ab elementor-widget elementor-widget-text-editor\" data-id=\"50d83ab\" data-element_type=\"widget\" data-e-type=\"widget\" data-widget_type=\"text-editor.default\">\n\t\t\t\t<div class=\"elementor-widget-container\">\n\t\t\t\t\t\t\t\t\t<p>A great boiler alone is not enough to make a heating system work well. To ensure that your heating system works economically and according to your needs, you need to upgrade it with a powerful heating controller. At Seltron, we have added the extremely powerful KXD20 controller to our modern oil condensing boiler, which combines the functionality of a boiler controller and a weather-controlled controller. The KXD controller ensures that the boiler operates correctly, regulates the two mixing circuits based on ambient and room temperature, and provides domestic hot water. By installing the optional GWD module and using the CLAUSIUS app, the heating can also be controlled and monitored remotely.<\/p>\t\t\t\t\t\t\t\t<\/div>\n\t\t\t\t<\/div>\n\t\t\t\t\t<\/div>\n\t\t<\/div>\n\t\t\t\t\t<\/div>\n\t\t<\/section>\n\t\t\t\t<section data-particle_enable=\"false\" data-particle-mobile-disabled=\"false\" class=\"elementor-section elementor-top-section elementor-element elementor-element-80a88cb elementor-section-boxed elementor-section-height-default elementor-section-height-default\" data-id=\"80a88cb\" data-element_type=\"section\" data-e-type=\"section\" data-settings=\"{&quot;background_background&quot;:&quot;classic&quot;}\">\n\t\t\t\t\t\t<div class=\"elementor-container elementor-column-gap-default\">\n\t\t\t\t\t<div class=\"elementor-column elementor-col-50 elementor-top-column elementor-element elementor-element-800733b\" data-id=\"800733b\" data-element_type=\"column\" data-e-type=\"column\" data-settings=\"{&quot;background_background&quot;:&quot;classic&quot;}\">\n\t\t\t<div class=\"elementor-widget-wrap elementor-element-populated\">\n\t\t\t\t\t\t<div class=\"elementor-element elementor-element-a13ed34 elementor-widget elementor-widget-heading\" data-id=\"a13ed34\" data-element_type=\"widget\" data-e-type=\"widget\" data-widget_type=\"heading.default\">\n\t\t\t\t<div class=\"elementor-widget-container\">\n\t\t\t\t\t<h2 class=\"elementor-heading-title elementor-size-default\">Replace your old boiler with a new one<\/h2>\t\t\t\t<\/div>\n\t\t\t\t<\/div>\n\t\t\t\t<div class=\"elementor-element elementor-element-61a7666 elementor-widget elementor-widget-heading\" data-id=\"61a7666\" data-element_type=\"widget\" data-e-type=\"widget\" data-widget_type=\"heading.default\">\n\t\t\t\t<div class=\"elementor-widget-container\">\n\t\t\t\t\t<h3 class=\"elementor-heading-title elementor-size-default\">and thus recoup your investment in the form of fuel in just a few years<\/h3>\t\t\t\t<\/div>\n\t\t\t\t<\/div>\n\t\t\t\t<div class=\"elementor-element elementor-element-4e274e0 elementor-widget-divider--view-line elementor-widget elementor-widget-divider\" data-id=\"4e274e0\" data-element_type=\"widget\" data-e-type=\"widget\" data-widget_type=\"divider.default\">\n\t\t\t\t<div class=\"elementor-widget-container\">\n\t\t\t\t\t\t\t<div class=\"elementor-divider\">\n\t\t\t<span class=\"elementor-divider-separator\">\n\t\t\t\t\t\t<\/span>\n\t\t<\/div>\n\t\t\t\t\t\t<\/div>\n\t\t\t\t<\/div>\n\t\t\t\t<div class=\"elementor-element elementor-element-8c2dbb5 elementor-widget elementor-widget-text-editor\" data-id=\"8c2dbb5\" data-element_type=\"widget\" data-e-type=\"widget\" data-widget_type=\"text-editor.default\">\n\t\t\t\t<div class=\"elementor-widget-container\">\n\t\t\t\t\t\t\t\t\t<p>The investment in the heating system is evaluated over the payback period in terms of savings. Although fuel oil prices are not as low as in previous years, they are stable in the longer term. Global production capacity is growing faster than demand.  In any case, heating with oil remains one of the most comfortable ways to heat. Add to this the replacement of an old, worn-out stove <a href=\"https:\/\/www.seltron.si\/en\/product\/oil-condensing-boiler-hc\/\" target=\"_blank\" rel=\"noopener\"><span style=\"text-decoration: underline;\"><span style=\"color: #00ccff; text-decoration: underline;\">with a new low-temperature or condensing oil boiler<\/span><\/span><\/a>, we will recoup our investment in a few years.<\/p>\t\t\t\t\t\t\t\t<\/div>\n\t\t\t\t<\/div>\n\t\t\t\t\t<\/div>\n\t\t<\/div>\n\t\t\t\t<div class=\"elementor-column elementor-col-50 elementor-top-column elementor-element elementor-element-ea966a8\" data-id=\"ea966a8\" data-element_type=\"column\" data-e-type=\"column\" data-settings=\"{&quot;background_background&quot;:&quot;classic&quot;}\">\n\t\t\t<div class=\"elementor-widget-wrap elementor-element-populated\">\n\t\t\t\t\t\t<div class=\"elementor-element elementor-element-1249a5b elementor-invisible elementor-widget elementor-widget-image\" data-id=\"1249a5b\" data-element_type=\"widget\" data-e-type=\"widget\" data-settings=\"{&quot;_animation&quot;:&quot;fadeInRight&quot;}\" data-widget_type=\"image.default\">\n\t\t\t\t<div class=\"elementor-widget-container\">\n\t\t\t\t\t\t\t\t\t\t\t\t\t\t\t<img decoding=\"async\" width=\"1688\" height=\"1125\" src=\"https:\/\/www.seltron.si\/wp-content\/uploads\/2019\/12\/Fotolia_40607606_M.jpg\" class=\"attachment-full size-full wp-image-12912\" alt=\"\" srcset=\"https:\/\/www.seltron.si\/wp-content\/uploads\/2019\/12\/Fotolia_40607606_M.jpg 1688w, https:\/\/www.seltron.si\/wp-content\/uploads\/2019\/12\/Fotolia_40607606_M-500x333.jpg 500w, https:\/\/www.seltron.si\/wp-content\/uploads\/2019\/12\/Fotolia_40607606_M-800x533.jpg 800w, https:\/\/www.seltron.si\/wp-content\/uploads\/2019\/12\/Fotolia_40607606_M-300x200.jpg 300w, https:\/\/www.seltron.si\/wp-content\/uploads\/2019\/12\/Fotolia_40607606_M-1030x686.jpg 1030w, https:\/\/www.seltron.si\/wp-content\/uploads\/2019\/12\/Fotolia_40607606_M-768x512.jpg 768w, https:\/\/www.seltron.si\/wp-content\/uploads\/2019\/12\/Fotolia_40607606_M-1536x1024.jpg 1536w\" sizes=\"(max-width: 1688px) 100vw, 1688px\" \/>\t\t\t\t\t\t\t\t\t\t\t\t\t\t\t<\/div>\n\t\t\t\t<\/div>\n\t\t\t\t\t<\/div>\n\t\t<\/div>\n\t\t\t\t\t<\/div>\n\t\t<\/section>\n\t\t\t\t<section data-particle_enable=\"false\" data-particle-mobile-disabled=\"false\" class=\"elementor-section elementor-top-section elementor-element elementor-element-1a2f0311 ct-section-stretched animated-slow elementor-section-boxed elementor-section-height-default elementor-section-height-default\" data-id=\"1a2f0311\" data-element_type=\"section\" data-e-type=\"section\" data-settings=\"{&quot;background_background&quot;:&quot;classic&quot;,&quot;animation&quot;:&quot;none&quot;,&quot;animation_delay&quot;:100}\">\n\t\t\t\t\t\t\t<div class=\"elementor-background-overlay\"><\/div>\n\t\t\t\t\t\t\t<div class=\"elementor-container elementor-column-gap-default\">\n\t\t\t\t\t<div class=\"elementor-column elementor-col-100 elementor-top-column elementor-element elementor-element-ecba496\" data-id=\"ecba496\" data-element_type=\"column\" data-e-type=\"column\">\n\t\t\t<div class=\"elementor-widget-wrap elementor-element-populated\">\n\t\t\t\t\t\t<div class=\"elementor-element elementor-element-5b83ea3b elementor-widget elementor-widget-heading\" data-id=\"5b83ea3b\" data-element_type=\"widget\" data-e-type=\"widget\" data-widget_type=\"heading.default\">\n\t\t\t\t<div class=\"elementor-widget-container\">\n\t\t\t\t\t<h2 class=\"elementor-heading-title elementor-size-default\">Selection of oil condensing boilers<\/h2>\t\t\t\t<\/div>\n\t\t\t\t<\/div>\n\t\t\t\t<div class=\"elementor-element elementor-element-2d4099b6 elementor-widget elementor-widget-eael-post-list\" data-id=\"2d4099b6\" data-element_type=\"widget\" data-e-type=\"widget\" data-widget_type=\"eael-post-list.default\">\n\t\t\t\t<div class=\"elementor-widget-container\">\n\t\t\t\t\t<div class=\"eael-post-list-container default layout-default\"><div class=\"eael-post-list-header\"><\/div><div class=\"eael-post-list-wrap\"><p class=\"no-posts-found\">No posts found!<\/p><\/div>\n\t\t<\/div><div data-nonce=\"96b6b91768\" class=\"post-list-pagination\" data-widget-id=\"2d4099b6\" data-widget=\"2d4099b6\" data-page-id=\"9082\" data-class=\"Essential_Addons_Elementor\\Pro\\Elements\\Post_List\" data-args=\"orderby=date&amp;order=desc&amp;ignore_sticky_posts=1&amp;post_status=publish&amp;posts_per_page=6&amp;offset=0&amp;post_type=product&amp;tax_query%5B0%5D%5Btaxonomy%5D=product_cat&amp;tax_query%5B0%5D%5Bfield%5D=term_id&amp;tax_query%5B0%5D%5Bterms%5D%5B0%5D=68&amp;tax_query%5Brelation%5D=AND\" data-settings=\"eael_post_list_post_feature_image=yes&amp;eael_post_list_post_meta=&amp;eael_post_list_post_title=yes&amp;eael_post_list_post_excerpt=yes&amp;eael_post_list_post_excerpt_length=12&amp;eael_post_list_featured_area=&amp;eael_post_list_pagination=navigation&amp;eael_post_list_layout_type=default&amp;eael_post_list_post_cat=&amp;eael_post_list_title_tag=h2&amp;eael_show_read_more_button=yes&amp;eael_post_list_read_more_text=Na+izdelek&amp;eael_post_list_excerpt_expanison_indicator=...&amp;eael_post_featured_image_size=large\" data-page=\"1\" data-scroll-on-pagination=\"0\" data-scroll-offset=\"100\" data-template=\"{&quot;dir&quot;:&quot;pro&quot;,&quot;file_name&quot;:&quot;default.php&quot;,&quot;name&quot;:&quot;Post-List&quot;}\">\n            <button class=\"btn btn-prev-post\" id=\"post-nav-prev-2d4099b6\" disabled=\"true\" aria-label=\"previous\"><i aria-hidden=\"true\" class=\"fas fa-angle-left\"><\/i><\/button><button class=\"btn btn-next-post\" id=\"post-nav-next-2d4099b6\" aria-label=\"next\"><i aria-hidden=\"true\" class=\"fas fa-angle-right\"><\/i><\/button>\n        <\/div>\t\t\t\t<\/div>\n\t\t\t\t<\/div>\n\t\t\t\t\t<\/div>\n\t\t<\/div>\n\t\t\t\t\t<\/div>\n\t\t<\/section>\n\t\t\t\t<section data-particle_enable=\"false\" data-particle-mobile-disabled=\"false\" class=\"elementor-section elementor-top-section elementor-element elementor-element-72f46893 ct-section-stretched elementor-section-full_width animated-slow elementor-section-height-min-height elementor-section-content-middle elementor-section-height-default elementor-section-items-middle elementor-invisible\" data-id=\"72f46893\" data-element_type=\"section\" data-e-type=\"section\" data-settings=\"{&quot;background_background&quot;:&quot;classic&quot;,&quot;animation&quot;:&quot;fadeInDown&quot;,&quot;animation_delay&quot;:100}\">\n\t\t\t\t\t\t<div class=\"elementor-container elementor-column-gap-no\">\n\t\t\t\t\t<div class=\"elementor-column elementor-col-100 elementor-top-column elementor-element elementor-element-432b25dd\" data-id=\"432b25dd\" data-element_type=\"column\" data-e-type=\"column\">\n\t\t\t<div class=\"elementor-widget-wrap elementor-element-populated\">\n\t\t\t\t\t\t<div class=\"elementor-element elementor-element-1f1aa186 content-align-cta-center elementor-widget elementor-widget-eael-cta-box\" data-id=\"1f1aa186\" data-element_type=\"widget\" data-e-type=\"widget\" data-widget_type=\"eael-cta-box.default\">\n\t\t\t\t<div class=\"elementor-widget-container\">\n\t\t\t\t\t\t\t<div class=\"eael-call-to-action cta-basic bg-lite cta-preset-1\">\n        <h4 class=\"sub-title\">We will give you a free quote for your heating or cooling system.<\/h4><h2 class=\"title eael-cta-heading\">Want a quote<\/h2><p><a href=\"https:\/\/www.seltron.si\/wp-content\/uploads\/2020\/05\/aplikacija_Kelvin_Page_01_Image_0001.jpg\"><img loading=\"lazy\" decoding=\"async\" class=\"alignnone  wp-image-26667\" src=\"https:\/\/www.seltron.si\/wp-content\/uploads\/2020\/05\/aplikacija_Kelvin_Page_01_Image_0001-300x158.jpg\" alt=\"Kelvin app\" width=\"448\" height=\"236\" srcset=\"https:\/\/www.seltron.si\/wp-content\/uploads\/2020\/05\/aplikacija_Kelvin_Page_01_Image_0001-300x158.jpg 300w, https:\/\/www.seltron.si\/wp-content\/uploads\/2020\/05\/aplikacija_Kelvin_Page_01_Image_0001-500x264.jpg 500w, https:\/\/www.seltron.si\/wp-content\/uploads\/2020\/05\/aplikacija_Kelvin_Page_01_Image_0001-800x422.jpg 800w, https:\/\/www.seltron.si\/wp-content\/uploads\/2020\/05\/aplikacija_Kelvin_Page_01_Image_0001-1030x543.jpg 1030w, https:\/\/www.seltron.si\/wp-content\/uploads\/2020\/05\/aplikacija_Kelvin_Page_01_Image_0001-768x405.jpg 768w, https:\/\/www.seltron.si\/wp-content\/uploads\/2020\/05\/aplikacija_Kelvin_Page_01_Image_0001-1536x810.jpg 1536w, https:\/\/www.seltron.si\/wp-content\/uploads\/2020\/05\/aplikacija_Kelvin_Page_01_Image_0001.jpg 2026w\" sizes=\"(max-width: 448px) 100vw, 448px\" \/><\/a><\/p><a href=\"https:\/\/www.seltron.si\/en\/general-inquiry\/\" class=\"cta-button cta-preset-1\">Send us an enquiry<\/a><a href=\"https:\/\/www.seltron.si\/en\/product-category\/heating\/\" class=\"cta-button cta-secondary-button effect-2\">Product Catalogue<\/a>\t<\/div>\n\t\t\t\t\t\t\t\t<\/div>\n\t\t\t\t<\/div>\n\t\t\t\t\t<\/div>\n\t\t<\/div>\n\t\t\t\t\t<\/div>\n\t\t<\/section>\n\t\t\t\t<\/div>","protected":false},"excerpt":{"rendered":"<p>Oljni kondenzacijski kotli Zamenjava obstoje\u010de dotrajane pe\u010di Oljni kondenzacijski kotel, je odli\u010dna zamenjava za staro pe\u010d na olje ali katerikoli drug energent. V slovenskih domovih je \u0161e vedno velik dele\u017e zastarelih pe\u010di na olje z nizko u\u010dinkovitostjo delovanja. Prav tako je \u0161e vedno dokaj velik dele\u017e kombiniranih kotlov, kjer je u\u010dinkovitost prav tako vpra\u0161ljiva in [&hellip;]<\/p>\n","protected":false},"author":2,"featured_media":0,"parent":9080,"menu_order":2,"comment_status":"closed","ping_status":"closed","template":"elementor_header_footer","meta":{"_acf_changed":false,"footnotes":""},"class_list":["post-9082","page","type-page","status-publish","hentry"],"blocksy_meta":{"styles_descriptor":{"styles":{"desktop":"","tablet":"","mobile":""},"google_fonts":[],"version":6}},"acf":[],"_links":{"self":[{"href":"https:\/\/www.seltron.si\/en\/wp-json\/wp\/v2\/pages\/9082","targetHints":{"allow":["GET"]}}],"collection":[{"href":"https:\/\/www.seltron.si\/en\/wp-json\/wp\/v2\/pages"}],"about":[{"href":"https:\/\/www.seltron.si\/en\/wp-json\/wp\/v2\/types\/page"}],"author":[{"embeddable":true,"href":"https:\/\/www.seltron.si\/en\/wp-json\/wp\/v2\/users\/2"}],"replies":[{"embeddable":true,"href":"https:\/\/www.seltron.si\/en\/wp-json\/wp\/v2\/comments?post=9082"}],"version-history":[{"count":0,"href":"https:\/\/www.seltron.si\/en\/wp-json\/wp\/v2\/pages\/9082\/revisions"}],"up":[{"embeddable":true,"href":"https:\/\/www.seltron.si\/en\/wp-json\/wp\/v2\/pages\/9080"}],"wp:attachment":[{"href":"https:\/\/www.seltron.si\/en\/wp-json\/wp\/v2\/media?parent=9082"}],"curies":[{"name":"wp","href":"https:\/\/api.w.org\/{rel}","templated":true}]}}