{"id":95865,"date":"2024-02-22T14:09:00","date_gmt":"2024-02-22T14:09:00","guid":{"rendered":"https:\/\/www.seltron.si\/?page_id=95865"},"modified":"2024-02-26T09:26:25","modified_gmt":"2024-02-26T09:26:25","slug":"special-offer-2","status":"publish","type":"page","link":"https:\/\/www.seltron.si\/en\/akcijska-ponudba\/","title":{"rendered":"Special offer"},"content":{"rendered":"<div data-elementor-type=\"wp-page\" data-elementor-id=\"95865\" class=\"elementor elementor-95865\" data-elementor-post-type=\"page\">\n\t\t\t\t\t\t<section data-particle_enable=\"false\" data-particle-mobile-disabled=\"false\" class=\"elementor-section elementor-top-section elementor-element elementor-element-7eeada94 elementor-section-boxed elementor-section-height-default elementor-section-height-default\" data-id=\"7eeada94\" data-element_type=\"section\" data-e-type=\"section\">\n\t\t\t\t\t\t<div class=\"elementor-container elementor-column-gap-default\">\n\t\t\t\t\t<div class=\"elementor-column elementor-col-100 elementor-top-column elementor-element elementor-element-4178619b\" data-id=\"4178619b\" data-element_type=\"column\" data-e-type=\"column\">\n\t\t\t<div class=\"elementor-widget-wrap elementor-element-populated\">\n\t\t\t\t\t\t<section data-particle_enable=\"false\" data-particle-mobile-disabled=\"false\" class=\"elementor-section elementor-inner-section elementor-element elementor-element-3a4dee8c elementor-section-full_width elementor-section-height-default elementor-section-height-default\" data-id=\"3a4dee8c\" data-element_type=\"section\" data-e-type=\"section\" data-settings=\"{&quot;background_background&quot;:&quot;classic&quot;}\">\n\t\t\t\t\t\t<div class=\"elementor-container elementor-column-gap-default\">\n\t\t\t\t\t<div class=\"elementor-column elementor-col-50 elementor-inner-column elementor-element elementor-element-1de24d7\" data-id=\"1de24d7\" data-element_type=\"column\" data-e-type=\"column\">\n\t\t\t<div class=\"elementor-widget-wrap elementor-element-populated\">\n\t\t\t\t\t\t<div class=\"elementor-element elementor-element-40bad627 elementor-widget elementor-widget-elementskit-heading\" data-id=\"40bad627\" data-element_type=\"widget\" data-e-type=\"widget\" data-widget_type=\"elementskit-heading.default\">\n\t\t\t\t<div class=\"elementor-widget-container\">\n\t\t\t\t\t<div class=\"ekit-wid-con\" ><div class=\"ekit-heading elementskit-section-title-wraper text_left   ekit_heading_tablet-   ekit_heading_mobile-\"><h3 class=\"elementskit-section-subtitle\">\n\t\t\t\t\t\tSpecial offer\n\t\t\t\t\t<\/h3><h2 class=\"ekit-heading--title elementskit-section-title\">DAIKIN Heat Pump KIT for Altherma 3 MT<\/h2>\t\t\t\t<div class='ekit-heading__description'>\n\t\t\t\t\t<p>To take part in the campaign, you must buy a Daikin Altherma 3 R MT or 3 H MT medium-temperature heat pump with a rated output of 10 kW or 12 kW.<\/p>\n<p>Customers who opt for a kit with any type of indoor wall unit will receive a DAIKIN SKLAD worth \u20ac500 plus VAT. And those who choose a kit with any indoor freestanding unit that includes a built-in boiler get a DAIKIN SKLAD of \u20ac650 plus VAT.<\/p>\n<p><strong>The sale will run until Thursday 28 March 2024<\/strong>, which is also the last day for placing orders.<\/p>\n\t\t\t\t<\/div>\n\t\t\t<\/div><\/div>\t\t\t\t<\/div>\n\t\t\t\t<\/div>\n\t\t\t\t<div class=\"elementor-element elementor-element-5b30fe27 elementor-align-left elementor-widget elementor-widget-elementskit-button\" data-id=\"5b30fe27\" data-element_type=\"widget\" data-e-type=\"widget\" data-widget_type=\"elementskit-button.default\">\n\t\t\t\t<div class=\"elementor-widget-container\">\n\t\t\t\t\t<div class=\"ekit-wid-con\" >\t\t<div class=\"ekit-btn-wraper\">\n\t\t\t\t\t\t\t<a href=\"https:\/\/www.seltron.si\/en\/product-catalogue\/heating\/heat-pumps\/heat-pump-daikin-altherma-3-m-ht-wall-2\/\" class=\"elementskit-btn  whitespace--normal\" id=\"\">\n\t\t\t\t\tDaikin Altherma 3 M HT - wall-mounted\t\t\t\t<\/a>\n\t\t\t\t\t<\/div>\n        <\/div>\t\t\t\t<\/div>\n\t\t\t\t<\/div>\n\t\t\t\t<div class=\"elementor-element elementor-element-d6ffc0d elementor-widget elementor-widget-spacer\" data-id=\"d6ffc0d\" data-element_type=\"widget\" data-e-type=\"widget\" data-widget_type=\"spacer.default\">\n\t\t\t\t<div class=\"elementor-widget-container\">\n\t\t\t\t\t\t\t<div class=\"elementor-spacer\">\n\t\t\t<div class=\"elementor-spacer-inner\"><\/div>\n\t\t<\/div>\n\t\t\t\t\t\t<\/div>\n\t\t\t\t<\/div>\n\t\t\t\t<div class=\"elementor-element elementor-element-379be16 elementor-align-left elementor-widget elementor-widget-elementskit-button\" data-id=\"379be16\" data-element_type=\"widget\" data-e-type=\"widget\" data-widget_type=\"elementskit-button.default\">\n\t\t\t\t<div class=\"elementor-widget-container\">\n\t\t\t\t\t<div class=\"ekit-wid-con\" >\t\t<div class=\"ekit-btn-wraper\">\n\t\t\t\t\t\t\t<a href=\"https:\/\/www.seltron.si\/en\/product-catalogue\/heating\/heat-pumps\/heat-pumps-for-renovations\/heat-pump-daikin-altherma-3-m-ht-integrated-2\/\" class=\"elementskit-btn  whitespace--normal\" id=\"\">\n\t\t\t\t\tDaikin Altherma 3 M HT - integrated\t\t\t\t<\/a>\n\t\t\t\t\t<\/div>\n        <\/div>\t\t\t\t<\/div>\n\t\t\t\t<\/div>\n\t\t\t\t\t<\/div>\n\t\t<\/div>\n\t\t\t\t<div class=\"elementor-column elementor-col-50 elementor-inner-column elementor-element elementor-element-5d61064\" data-id=\"5d61064\" data-element_type=\"column\" data-e-type=\"column\">\n\t\t\t<div class=\"elementor-widget-wrap elementor-element-populated\">\n\t\t\t\t\t\t<div class=\"elementor-element elementor-element-355aba3 elementor-widget elementor-widget-eael-image-comparison\" data-id=\"355aba3\" data-element_type=\"widget\" data-e-type=\"widget\" data-widget_type=\"eael-image-comparison.default\">\n\t\t\t\t<div class=\"elementor-widget-container\">\n\t\t\t\t\t<div class=\"eael-img-comp-wrapper\"><div id=\"eael-image-comparison-355aba3\" class=\"eael-img-comp-container twentytwenty-container\" data-offset=\"0.5\" data-orientation=\"horizontal\" data-before_label=\"Prej &lt;\" data-after_label=\"&gt; Potem\" data-overlay=\"yes\" data-onhover=\"no\" data-onclick=\"no\">\n\t\t\t<img decoding=\"async\" class=\"eael-before-img\" alt=\"Replacing an old boiler with a heat pump\" src=\"https:\/\/www.seltron.si\/wp-content\/uploads\/2023\/08\/menjava-starega-kotla-potem.webp\">\n\t\t\t<img decoding=\"async\" class=\"eael-after-img\" alt=\"Old boiler\" src=\"https:\/\/www.seltron.si\/wp-content\/uploads\/2023\/08\/menjava-starega-kotla-prej.webp\">\n        <\/div><\/div>\t\t\t\t<\/div>\n\t\t\t\t<\/div>\n\t\t\t\t<div class=\"elementor-element elementor-element-87087e6 elementor-view-default elementor-position-block-start elementor-mobile-position-block-start elementor-widget elementor-widget-icon-box\" data-id=\"87087e6\" data-element_type=\"widget\" data-e-type=\"widget\" data-widget_type=\"icon-box.default\">\n\t\t\t\t<div class=\"elementor-widget-container\">\n\t\t\t\t\t\t\t<div class=\"elementor-icon-box-wrapper\">\n\n\t\t\t\t\t\t<div class=\"elementor-icon-box-icon\">\n\t\t\t\t<span  class=\"elementor-icon\">\n\t\t\t\t<i aria-hidden=\"true\" class=\"fas fa-caret-right\"><\/i>\t\t\t\t<\/span>\n\t\t\t<\/div>\n\t\t\t\n\t\t\t\t\t\t<div class=\"elementor-icon-box-content\">\n\n\t\t\t\t\t\t\t\t\t<h3 class=\"elementor-icon-box-title\">\n\t\t\t\t\t\t<span  >\n\t\t\t\t\t\t\tBEFORE \/ AFTER\t\t\t\t\t\t<\/span>\n\t\t\t\t\t<\/h3>\n\t\t\t\t\n\t\t\t\t\t\t\t\t\t<p class=\"elementor-icon-box-description\">\n\t\t\t\t\t\tIn the picture above, slide the slider to the right to see the renovated heating system with a Daikin Altherma 3 H MT heat pump.\t\t\t\t\t<\/p>\n\t\t\t\t\n\t\t\t<\/div>\n\t\t\t\n\t\t<\/div>\n\t\t\t\t\t\t<\/div>\n\t\t\t\t<\/div>\n\t\t\t\t\t<\/div>\n\t\t<\/div>\n\t\t\t\t\t<\/div>\n\t\t<\/section>\n\t\t\t\t\t<\/div>\n\t\t<\/div>\n\t\t\t\t\t<\/div>\n\t\t<\/section>\n\t\t\t\t<\/div>","protected":false},"excerpt":{"rendered":"<p>Akcijska ponudba DAIKIN SKLAD za toplotne \u010drpalke Altherma 3 MT Za sodelovanje v akciji je potrebno kupiti srednjetemperaturno toplotno \u010drpalko znamke Daikin Altherma 3 R MT ali 3 H MT, z nazivno mo\u010djo 10 kW ali 12 kW. Kupci, ki se odlo\u010dijo za komplet s katerokoli vrsto notranje stenske enote, prejmejo DAIKIN SKLAD v vrednosti [&hellip;]<\/p>\n","protected":false},"author":2,"featured_media":95866,"parent":0,"menu_order":0,"comment_status":"closed","ping_status":"closed","template":"elementor_header_footer","meta":{"_acf_changed":false,"footnotes":""},"class_list":["post-95865","page","type-page","status-publish","has-post-thumbnail","hentry"],"blocksy_meta":[],"acf":[],"_links":{"self":[{"href":"https:\/\/www.seltron.si\/en\/wp-json\/wp\/v2\/pages\/95865","targetHints":{"allow":["GET"]}}],"collection":[{"href":"https:\/\/www.seltron.si\/en\/wp-json\/wp\/v2\/pages"}],"about":[{"href":"https:\/\/www.seltron.si\/en\/wp-json\/wp\/v2\/types\/page"}],"author":[{"embeddable":true,"href":"https:\/\/www.seltron.si\/en\/wp-json\/wp\/v2\/users\/2"}],"replies":[{"embeddable":true,"href":"https:\/\/www.seltron.si\/en\/wp-json\/wp\/v2\/comments?post=95865"}],"version-history":[{"count":0,"href":"https:\/\/www.seltron.si\/en\/wp-json\/wp\/v2\/pages\/95865\/revisions"}],"wp:featuredmedia":[{"embeddable":true,"href":"https:\/\/www.seltron.si\/en\/wp-json\/wp\/v2\/media\/95866"}],"wp:attachment":[{"href":"https:\/\/www.seltron.si\/en\/wp-json\/wp\/v2\/media?parent=95865"}],"curies":[{"name":"wp","href":"https:\/\/api.w.org\/{rel}","templated":true}]}}