{"id":13686,"date":"2020-01-22T09:38:10","date_gmt":"2020-01-22T09:38:10","guid":{"rendered":"https:\/\/www.seltron.si\/\/?post_type=product&#038;p=13686"},"modified":"2025-01-07T11:32:20","modified_gmt":"2025-01-07T11:32:20","slug":"fireplace-insert-for-logs-h2o-oceano-heating-with-water","status":"publish","type":"product","link":"https:\/\/www.seltron.si\/en\/katalog-izdelkov\/ogrevanje\/kamini-za-ogrevanje\/kaminski-vlozki-na-polena-vodni\/kaminski-vlozek-na-polena-h2o-oceano-vodni\/","title":{"rendered":"H2O Oceano log insert, water"},"content":{"rendered":"<p>Kaminski vlo\u017eek na polena H2O oceano uporabljamo kot vir toplote v razli\u010dnih ogrevalnih sistemih. Manj\u0161e objekte lahko s kaminsko pe\u010djo, glede na izbrano hidravli\u010dno vezavo, ogrevamo z radiatorji ali talnim ogrevanjem in pripravljamo toplo sanitarno vodo.<\/p>","protected":false},"excerpt":{"rendered":"<p>H2Oceano log fire inserts are used as a heat source in various heating systems. Smaller buildings can be heated with radiators or underfloor heating and hot water can be produced with a wood-burning stove, depending on the hydraulic connection chosen.<\/p>","protected":false},"featured_media":23556,"template":"","meta":{"_acf_changed":false},"product_brand":[],"product_cat":[69,382],"product_tag":[592,595,594,589,596,590,591,597,598,599],"class_list":{"0":"post-13686","1":"product","2":"type-product","3":"status-publish","4":"has-post-thumbnail","6":"product_cat-kamini-za-ogrevanje","7":"product_cat-kaminski-vlozki-na-polena-vodni","8":"product_tag-edilkamin","9":"product_tag-edilkamin-kamin","10":"product_tag-edilkamin-kamini","11":"product_tag-kamin","12":"product_tag-kamini","13":"product_tag-kaminska-pec","14":"product_tag-kaminske-peci","15":"product_tag-seltron-kamin","16":"product_tag-thorma-kamin","17":"product_tag-thorma-kamini","18":"pa_kategorije-kamini","20":"first","21":"instock","22":"taxable","23":"shipping-taxable","24":"purchasable","25":"product-type-simple"},"acf":[],"_links":{"self":[{"href":"https:\/\/www.seltron.si\/en\/wp-json\/wp\/v2\/product\/13686","targetHints":{"allow":["GET"]}}],"collection":[{"href":"https:\/\/www.seltron.si\/en\/wp-json\/wp\/v2\/product"}],"about":[{"href":"https:\/\/www.seltron.si\/en\/wp-json\/wp\/v2\/types\/product"}],"version-history":[{"count":1,"href":"https:\/\/www.seltron.si\/en\/wp-json\/wp\/v2\/product\/13686\/revisions"}],"predecessor-version":[{"id":99022,"href":"https:\/\/www.seltron.si\/en\/wp-json\/wp\/v2\/product\/13686\/revisions\/99022"}],"wp:featuredmedia":[{"embeddable":true,"href":"https:\/\/www.seltron.si\/en\/wp-json\/wp\/v2\/media\/23556"}],"wp:attachment":[{"href":"https:\/\/www.seltron.si\/en\/wp-json\/wp\/v2\/media?parent=13686"}],"wp:term":[{"taxonomy":"product_brand","embeddable":true,"href":"https:\/\/www.seltron.si\/en\/wp-json\/wp\/v2\/product_brand?post=13686"},{"taxonomy":"product_cat","embeddable":true,"href":"https:\/\/www.seltron.si\/en\/wp-json\/wp\/v2\/product_cat?post=13686"},{"taxonomy":"product_tag","embeddable":true,"href":"https:\/\/www.seltron.si\/en\/wp-json\/wp\/v2\/product_tag?post=13686"}],"curies":[{"name":"wp","href":"https:\/\/api.w.org\/{rel}","templated":true}]}}